{"id":1692,"date":"2021-09-02T22:50:23","date_gmt":"2021-09-02T22:50:23","guid":{"rendered":"http:\/\/www.rula.disabilityrightsca.org\/vi\/?page_id=1692"},"modified":"2022-04-22T18:18:46","modified_gmt":"2022-04-22T18:18:46","slug":"8-10-are-there-other-requirements-if-the-regional-center-puts-me-in-an-imd","status":"publish","type":"page","link":"https:\/\/rula.disabilityrightsca.org\/vi\/rula-book\/chapter-8-how-to-stay-out-of-an-institution\/8-10-are-there-other-requirements-if-the-regional-center-puts-me-in-an-imd\/","title":{"rendered":"(8.10) C\u00f3 c\u00e1c y\u00eau c\u1ea7u kh\u00e1c trong tr\u01b0\u1eddng h\u1ee3p trung t\u00e2m khu v\u1ef1c \u0111\u01b0a t\u00f4i v\u00e0o IMD kh\u00f4ng?"},"content":{"rendered":"\n<p>C\u00f3. Nh\u00e2n vi\u00ean IMD ph\u1ea3i gi\u00fap qu\u00fd v\u1ecb chuy\u1ec3n v\u1ec1 n\u01a1i qu\u00fd v\u1ecb s\u1ed1ng tr\u01b0\u1edbc \u0111\u00f3, ho\u1eb7c m\u1ed9t n\u01a1i kh\u00e1c trong c\u1ed9ng \u0111\u1ed3ng, trong c\u00e1c khung th\u1eddi gian. <span class=\"footnote_referrer\"><a role=\"button\" tabindex=\"0\" onclick=\"footnote_moveToReference_1692_1('footnote_plugin_reference_1692_1_1');\" onkeypress=\"footnote_moveToReference_1692_1('footnote_plugin_reference_1692_1_1');\" ><sup id=\"footnote_plugin_tooltip_1692_1_1\" class=\"footnote_plugin_tooltip_text\">[1]<\/sup><\/a><span id=\"footnote_plugin_tooltip_text_1692_1_1\" class=\"footnote_tooltip\">M\u1ee5c 4648(a)(9)(C)(v)(V).<\/span><\/span><script type=\"text\/javascript\"> jQuery('#footnote_plugin_tooltip_1692_1_1').tooltip({ tip: '#footnote_plugin_tooltip_text_1692_1_1', tipClass: 'footnote_tooltip', effect: 'fade', predelay: 0, fadeInSpeed: 200, delay: 400, fadeOutSpeed: 200, position: 'top center', relative: true, offset: [-7, 0], });<\/script> DDS ph\u1ea3i gi\u00e1m s\u00e1t vi\u1ec7c s\u1eafp x\u1ebfp \u1edf IMD v\u00e0 qu\u00e1 tr\u00ecnh chuy\u1ec3n v\u1ec1 c\u1ed9ng \u0111\u1ed3ng. <span class=\"footnote_referrer\"><a role=\"button\" tabindex=\"0\" onclick=\"footnote_moveToReference_1692_1('footnote_plugin_reference_1692_1_2');\" onkeypress=\"footnote_moveToReference_1692_1('footnote_plugin_reference_1692_1_2');\" ><sup id=\"footnote_plugin_tooltip_1692_1_2\" class=\"footnote_plugin_tooltip_text\">[2]<\/sup><\/a><span id=\"footnote_plugin_tooltip_text_1692_1_2\" class=\"footnote_tooltip\">M\u1ee5c 4648(a)(9)(C)(vi).<\/span><\/span><script type=\"text\/javascript\"> jQuery('#footnote_plugin_tooltip_1692_1_2').tooltip({ tip: '#footnote_plugin_tooltip_text_1692_1_2', tipClass: 'footnote_tooltip', effect: 'fade', predelay: 0, fadeInSpeed: 200, delay: 400, fadeOutSpeed: 200, position: 'top center', relative: true, offset: [-7, 0], });<\/script> Trung t\u00e2m khu v\u1ef1c ph\u1ea3i b\u00e1o cho Ng\u01b0\u1eddi B\u1ea3o V\u1ec7 Quy\u1ec1n Th\u00e2n Ch\u1ee7 (Clients\u2019 Rights Advocate, CRA) t\u1ea1i \u0111\u1ecba ph\u01b0\u01a1ng c\u1ee7a qu\u00fd v\u1ecb khi qu\u00fd v\u1ecb \u0111\u01b0\u1ee3c nh\u1eadn v\u00e0o IMD v\u00e0 cung c\u1ea5p cho CRA m\u1ed9t b\u1ea3n sao \u0111\u00e1nh gi\u00e1 to\u00e0n di\u1ec7n c\u1ee7a qu\u00fd v\u1ecb v\u00e0 ng\u00e0y h\u1ecdp IPP v\u1edbi th\u00f4ng b\u00e1o trong 7 ng\u00e0y. <span class=\"footnote_referrer\"><a role=\"button\" tabindex=\"0\" onclick=\"footnote_moveToReference_1692_1('footnote_plugin_reference_1692_1_3');\" onkeypress=\"footnote_moveToReference_1692_1('footnote_plugin_reference_1692_1_3');\" ><sup id=\"footnote_plugin_tooltip_1692_1_3\" class=\"footnote_plugin_tooltip_text\">[3]<\/sup><\/a><span id=\"footnote_plugin_tooltip_text_1692_1_3\" class=\"footnote_tooltip\">M\u1ee5c 4648(a)(9)(C)(vii).<\/span><\/span><script type=\"text\/javascript\"> jQuery('#footnote_plugin_tooltip_1692_1_3').tooltip({ tip: '#footnote_plugin_tooltip_text_1692_1_3', tipClass: 'footnote_tooltip', effect: 'fade', predelay: 0, fadeInSpeed: 200, delay: 400, fadeOutSpeed: 200, position: 'top center', relative: true, offset: [-7, 0], });<\/script> CRA l\u00e0 nh\u00e2n vi\u00ean t\u1eeb Disability Rights California. N\u1ebfu c\u00f3 ng\u01b0\u1eddi kh\u00e1c ngo\u00e0i trung t\u00e2m khu v\u1ef1c \u0111\u01b0a qu\u00fd v\u1ecb v\u00e0o IMD, IMD n\u00e0y ph\u1ea3i b\u00e1o cho trung t\u00e2m khu v\u1ef1c trong v\u00f2ng 5 ng\u00e0y. Trung t\u00e2m khu v\u1ef1c ph\u1ea3i th\u1ef1c hi\u1ec7n \u0111\u00e1nh gi\u00e1 to\u00e0n di\u1ec7n v\u1ec1 qu\u00fd v\u1ecb trong v\u00f2ng 30 ng\u00e0y. <span class=\"footnote_referrer\"><a role=\"button\" tabindex=\"0\" onclick=\"footnote_moveToReference_1692_1('footnote_plugin_reference_1692_1_4');\" onkeypress=\"footnote_moveToReference_1692_1('footnote_plugin_reference_1692_1_4');\" ><sup id=\"footnote_plugin_tooltip_1692_1_4\" class=\"footnote_plugin_tooltip_text\">[4]<\/sup><\/a><span id=\"footnote_plugin_tooltip_text_1692_1_4\" class=\"footnote_tooltip\">M\u1ee5c 4648(a)(9)(C)(viii).<\/span><\/span><script type=\"text\/javascript\"> jQuery('#footnote_plugin_tooltip_1692_1_4').tooltip({ tip: '#footnote_plugin_tooltip_text_1692_1_4', tipClass: 'footnote_tooltip', effect: 'fade', predelay: 0, fadeInSpeed: 200, delay: 400, fadeOutSpeed: 200, position: 'top center', relative: true, offset: [-7, 0], });<\/script><\/p>\n\n\n\n<p>Vi\u1ec7c chuy\u1ec3n qu\u00fd v\u1ecb v\u00e0o c\u1ed9ng \u0111\u1ed3ng ph\u1ea3i d\u1ef1a tr\u00ean c\u00e1c m\u1ee5c \u0111\u00edch trong IPP v\u00e0 nhu c\u1ea7u c\u00e1 nh\u00e2n c\u1ee7a qu\u00fd v\u1ecb. Qu\u00fd v\u1ecb s\u1ebd chuy\u1ec3n v\u00e0o m\u00f4i tr\u01b0\u1eddng \u00edt h\u1ea1n ch\u1ebf nh\u1ea5t, b\u1ea3o v\u1ec7 quy\u1ec1n v\u00e0 l\u1ef1a ch\u1ecdn c\u1ee7a qu\u00fd v\u1ecb. <span class=\"footnote_referrer\"><a role=\"button\" tabindex=\"0\" onclick=\"footnote_moveToReference_1692_1('footnote_plugin_reference_1692_1_5');\" onkeypress=\"footnote_moveToReference_1692_1('footnote_plugin_reference_1692_1_5');\" ><sup id=\"footnote_plugin_tooltip_1692_1_5\" class=\"footnote_plugin_tooltip_text\">[5]<\/sup><\/a><span id=\"footnote_plugin_tooltip_text_1692_1_5\" class=\"footnote_tooltip\">M\u1ee5c 4648(a)(9)(D).<\/span><\/span><script type=\"text\/javascript\"> jQuery('#footnote_plugin_tooltip_1692_1_5').tooltip({ tip: '#footnote_plugin_tooltip_text_1692_1_5', tipClass: 'footnote_tooltip', effect: 'fade', predelay: 0, fadeInSpeed: 200, delay: 400, fadeOutSpeed: 200, position: 'top center', relative: true, offset: [-7, 0], });<\/script> Khi qu\u00fd v\u1ecb \u1edf IMD, qu\u00fd v\u1ecb c\u00f3 t\u1ea5t c\u1ea3 c\u00e1c quy\u1ec1n theo \u0110\u1ea1o Lu\u1eadt Lanterman, c\u00e1c quy\u1ec1n n\u00e0y ph\u1ea3i \u0111\u01b0\u1ee3c th\u00f4ng c\u00e1o t\u1ea1i IMD b\u1eb1ng ng\u00f4n t\u1eeb \u0111\u01a1n gi\u1ea3n v\u00e0 tranh \u1ea3nh. <span class=\"footnote_referrer\"><a role=\"button\" tabindex=\"0\" onclick=\"footnote_moveToReference_1692_1('footnote_plugin_reference_1692_1_6');\" onkeypress=\"footnote_moveToReference_1692_1('footnote_plugin_reference_1692_1_6');\" ><sup id=\"footnote_plugin_tooltip_1692_1_6\" class=\"footnote_plugin_tooltip_text\">[6]<\/sup><\/a><span id=\"footnote_plugin_tooltip_text_1692_1_6\" class=\"footnote_tooltip\">M\u1ee5c 4648(a)(9)(E).<\/span><\/span><script type=\"text\/javascript\"> jQuery('#footnote_plugin_tooltip_1692_1_6').tooltip({ tip: '#footnote_plugin_tooltip_text_1692_1_6', tipClass: 'footnote_tooltip', effect: 'fade', predelay: 0, fadeInSpeed: 200, delay: 400, fadeOutSpeed: 200, position: 'top center', relative: true, offset: [-7, 0], });<\/script><\/p>\n\n\n\n<p>V\u00ec IMD l\u00e0 m\u1ed9t m\u00f4i tr\u01b0\u1eddng r\u1ea5t h\u1ea1n ch\u1ebf, vui l\u00f2ng g\u1ecdi \u0111\u1ebfn Disability Rights California \u0111\u1ec3 \u0111\u01b0\u1ee3c tr\u1ee3 gi\u00fap nh\u1eb1m tr\u00e1nh ph\u1ea3i v\u00e0o ho\u1eb7c r\u1eddi kh\u1ecfi IMD.<\/p>\n<div class=\"speaker-mute footnotes_reference_container\"> <div class=\"footnote_container_prepare\"><p><span role=\"button\" tabindex=\"0\" class=\"footnote_reference_container_label pointer\" onclick=\"footnote_expand_collapse_reference_container_1692_1();\">&#x202F;<\/span><span role=\"button\" tabindex=\"0\" class=\"footnote_reference_container_collapse_button\" style=\"display: none;\" onclick=\"footnote_expand_collapse_reference_container_1692_1();\">[<a id=\"footnote_reference_container_collapse_button_1692_1\">+<\/a>]<\/span><\/p><\/div> <div id=\"footnote_references_container_1692_1\" style=\"\"><table class=\"footnotes_table footnote-reference-container\"><caption class=\"accessibility\">References<\/caption> <tbody> \r\n\r\n<tr class=\"footnotes_plugin_reference_row\"> <th scope=\"row\" class=\"footnote_plugin_index_combi pointer\"  onclick=\"footnote_moveToAnchor_1692_1('footnote_plugin_tooltip_1692_1_1');\"><a id=\"footnote_plugin_reference_1692_1_1\" class=\"footnote_backlink\"><span class=\"footnote_index_arrow\">&#8593;<\/span>1<\/a><\/th> <td class=\"footnote_plugin_text\">M\u1ee5c 4648(a)(9)(C)(v)(V).<\/td><\/tr>\r\n\r\n<tr class=\"footnotes_plugin_reference_row\"> <th scope=\"row\" class=\"footnote_plugin_index_combi pointer\"  onclick=\"footnote_moveToAnchor_1692_1('footnote_plugin_tooltip_1692_1_2');\"><a id=\"footnote_plugin_reference_1692_1_2\" class=\"footnote_backlink\"><span class=\"footnote_index_arrow\">&#8593;<\/span>2<\/a><\/th> <td class=\"footnote_plugin_text\">M\u1ee5c 4648(a)(9)(C)(vi).<\/td><\/tr>\r\n\r\n<tr class=\"footnotes_plugin_reference_row\"> <th scope=\"row\" class=\"footnote_plugin_index_combi pointer\"  onclick=\"footnote_moveToAnchor_1692_1('footnote_plugin_tooltip_1692_1_3');\"><a id=\"footnote_plugin_reference_1692_1_3\" class=\"footnote_backlink\"><span class=\"footnote_index_arrow\">&#8593;<\/span>3<\/a><\/th> <td class=\"footnote_plugin_text\">M\u1ee5c 4648(a)(9)(C)(vii).<\/td><\/tr>\r\n\r\n<tr class=\"footnotes_plugin_reference_row\"> <th scope=\"row\" class=\"footnote_plugin_index_combi pointer\"  onclick=\"footnote_moveToAnchor_1692_1('footnote_plugin_tooltip_1692_1_4');\"><a id=\"footnote_plugin_reference_1692_1_4\" class=\"footnote_backlink\"><span class=\"footnote_index_arrow\">&#8593;<\/span>4<\/a><\/th> <td class=\"footnote_plugin_text\">M\u1ee5c 4648(a)(9)(C)(viii).<\/td><\/tr>\r\n\r\n<tr class=\"footnotes_plugin_reference_row\"> <th scope=\"row\" class=\"footnote_plugin_index_combi pointer\"  onclick=\"footnote_moveToAnchor_1692_1('footnote_plugin_tooltip_1692_1_5');\"><a id=\"footnote_plugin_reference_1692_1_5\" class=\"footnote_backlink\"><span class=\"footnote_index_arrow\">&#8593;<\/span>5<\/a><\/th> <td class=\"footnote_plugin_text\">M\u1ee5c 4648(a)(9)(D).<\/td><\/tr>\r\n\r\n<tr class=\"footnotes_plugin_reference_row\"> <th scope=\"row\" class=\"footnote_plugin_index_combi pointer\"  onclick=\"footnote_moveToAnchor_1692_1('footnote_plugin_tooltip_1692_1_6');\"><a id=\"footnote_plugin_reference_1692_1_6\" class=\"footnote_backlink\"><span class=\"footnote_index_arrow\">&#8593;<\/span>6<\/a><\/th> <td class=\"footnote_plugin_text\">M\u1ee5c 4648(a)(9)(E).<\/td><\/tr>\r\n\r\n <\/tbody> <\/table> <\/div><\/div><script type=\"text\/javascript\"> function footnote_expand_reference_container_1692_1() { jQuery('#footnote_references_container_1692_1').show(); jQuery('#footnote_reference_container_collapse_button_1692_1').text('\u2212'); } function footnote_collapse_reference_container_1692_1() { jQuery('#footnote_references_container_1692_1').hide(); jQuery('#footnote_reference_container_collapse_button_1692_1').text('+'); } function footnote_expand_collapse_reference_container_1692_1() { if (jQuery('#footnote_references_container_1692_1').is(':hidden')) { footnote_expand_reference_container_1692_1(); } else { footnote_collapse_reference_container_1692_1(); } } function footnote_moveToReference_1692_1(p_str_TargetID) { footnote_expand_reference_container_1692_1(); var l_obj_Target = jQuery('#' + p_str_TargetID); if (l_obj_Target.length) { jQuery( 'html, body' ).delay( 0 ); jQuery('html, body').animate({ scrollTop: l_obj_Target.offset().top - window.innerHeight * 0.2 }, 380); } } function footnote_moveToAnchor_1692_1(p_str_TargetID) { footnote_expand_reference_container_1692_1(); var l_obj_Target = jQuery('#' + p_str_TargetID); if (l_obj_Target.length) { jQuery( 'html, body' ).delay( 0 ); jQuery('html, body').animate({ scrollTop: l_obj_Target.offset().top - window.innerHeight * 0.2 }, 380); } }<\/script>","protected":false},"excerpt":{"rendered":"<p>C\u00f3. Nh\u00e2n vi\u00ean IMD ph\u1ea3i gi\u00fap qu\u00fd v\u1ecb chuy\u1ec3n v\u1ec1 n\u01a1i qu\u00fd v\u1ecb s\u1ed1ng tr\u01b0\u1edbc \u0111\u00f3, ho\u1eb7c m\u1ed9t n\u01a1i kh\u00e1c trong c\u1ed9ng \u0111\u1ed3ng, trong c\u00e1c&hellip;<\/p>\n","protected":false},"author":1,"featured_media":0,"parent":1650,"menu_order":10,"comment_status":"closed","ping_status":"closed","template":"","meta":{"footnotes":""},"class_list":["post-1692","page","type-page","status-publish","hentry"],"_links":{"self":[{"href":"https:\/\/rula.disabilityrightsca.org\/vi\/wp-json\/wp\/v2\/pages\/1692","targetHints":{"allow":["GET"]}}],"collection":[{"href":"https:\/\/rula.disabilityrightsca.org\/vi\/wp-json\/wp\/v2\/pages"}],"about":[{"href":"https:\/\/rula.disabilityrightsca.org\/vi\/wp-json\/wp\/v2\/types\/page"}],"author":[{"embeddable":true,"href":"https:\/\/rula.disabilityrightsca.org\/vi\/wp-json\/wp\/v2\/users\/1"}],"replies":[{"embeddable":true,"href":"https:\/\/rula.disabilityrightsca.org\/vi\/wp-json\/wp\/v2\/comments?post=1692"}],"version-history":[{"count":3,"href":"https:\/\/rula.disabilityrightsca.org\/vi\/wp-json\/wp\/v2\/pages\/1692\/revisions"}],"predecessor-version":[{"id":3140,"href":"https:\/\/rula.disabilityrightsca.org\/vi\/wp-json\/wp\/v2\/pages\/1692\/revisions\/3140"}],"up":[{"embeddable":true,"href":"https:\/\/rula.disabilityrightsca.org\/vi\/wp-json\/wp\/v2\/pages\/1650"}],"wp:attachment":[{"href":"https:\/\/rula.disabilityrightsca.org\/vi\/wp-json\/wp\/v2\/media?parent=1692"}],"curies":[{"name":"wp","href":"https:\/\/api.w.org\/{rel}","templated":true}]}}