{"id":1681,"date":"2021-09-02T22:45:49","date_gmt":"2021-09-02T22:45:49","guid":{"rendered":"http:\/\/www.rula.disabilityrightsca.org\/vi\/?page_id=1681"},"modified":"2022-06-23T23:04:56","modified_gmt":"2022-06-23T23:04:56","slug":"8-9-what-are-the-restrictions-and-time-limitations-for-an-imd","status":"publish","type":"page","link":"https:\/\/rula.disabilityrightsca.org\/vi\/rula-book\/chapter-8-how-to-stay-out-of-an-institution\/8-9-what-are-the-restrictions-and-time-limitations-for-an-imd\/","title":{"rendered":"(8.9)  C\u00e1c h\u1ea1n ch\u1ebf v\u00e0 gi\u1edbi h\u1ea1n th\u1eddi gian \u0111\u1ed1i v\u1edbi IMD l\u00e0 g\u00ec?"},"content":{"rendered":"\n<p>Tr\u01b0\u1edbc khi s\u1eafp x\u1ebfp qu\u00fd v\u1ecb v\u00e0o IMD, trung t\u00e2m khu v\u1ef1c ph\u1ea3i ho\u00e0n th\u00e0nh \u0111\u00e1nh gi\u00e1. \u0110\u00e1nh gi\u00e1 n\u00e0y ph\u1ea3i gi\u1ea3i th\u00edch t\u1ea5t c\u1ea3 s\u1ef1 h\u1ed7 tr\u1ee3 c\u1ed9ng \u0111\u1ed3ng m\u00e0 trung t\u00e2m khu v\u1ef1c \u0111\u00e3 c\u00e2n nh\u1eafc, bao g\u1ed3m: <span class=\"footnote_referrer\"><a role=\"button\" tabindex=\"0\" onclick=\"footnote_moveToReference_1681_1('footnote_plugin_reference_1681_1_1');\" onkeypress=\"footnote_moveToReference_1681_1('footnote_plugin_reference_1681_1_1');\" ><sup id=\"footnote_plugin_tooltip_1681_1_1\" class=\"footnote_plugin_tooltip_text\">[1]<\/sup><\/a><span id=\"footnote_plugin_tooltip_text_1681_1_1\" class=\"footnote_tooltip\">M\u1ee5c 4648(a)(9)(C)(iii)(j).<\/span><\/span><script type=\"text\/javascript\"> jQuery('#footnote_plugin_tooltip_1681_1_1').tooltip({ tip: '#footnote_plugin_tooltip_text_1681_1_1', tipClass: 'footnote_tooltip', effect: 'fade', predelay: 0, fadeInSpeed: 200, delay: 400, fadeOutSpeed: 200, position: 'top center', relative: true, offset: [-7, 0], });<\/script><\/p>\n\n\n\n<ul class=\"wp-block-list\"><li>\u0110i\u1ec1u ch\u1ec9nh m\u1ee9c ph\u00ed,<\/li><li>D\u1ecbch v\u1ee5 b\u1ed5 sung,<\/li><li>D\u1ecbch v\u1ee5 kh\u1ea9n c\u1ea5p v\u00e0 can thi\u1ec7p kh\u1ee7ng ho\u1ea3ng,<\/li><li>Nh\u00e0 cho c\u00e1c tr\u01b0\u1eddng h\u1ee3p kh\u1ee7ng ho\u1ea3ng trong c\u1ed9ng \u0111\u1ed3ng (CCH), v\u00e0<\/li><li>Gi\u1ea3i th\u00edch l\u00fd do nh\u1eefng d\u1ecbch v\u1ee5 \u0111\u00f3 kh\u00f4ng th\u1ec3 \u0111\u00e1p \u1ee9ng nhu c\u1ea7u c\u1ee7a qu\u00fd v\u1ecb.<\/li><\/ul>\n\n\n\n<p>Tr\u01b0\u1edbc khi s\u1eafp x\u1ebfp qu\u00fd v\u1ecb v\u00e0o IMD, gi\u00e1m \u0111\u1ed1c trung t\u00e2m khu v\u1ef1c ph\u1ea3i x\u00e1c nh\u1eadn r\u1eb1ng kh\u00f4ng c\u00f3 l\u1ef1a ch\u1ecdn n\u00e0o t\u1ea1i c\u1ed9ng \u0111\u1ed3ng c\u00f3 th\u1ec3 \u0111\u00e1p \u1ee9ng nhu c\u1ea7u c\u1ee7a qu\u00fd v\u1ecb. <span class=\"footnote_referrer\"><a role=\"button\" tabindex=\"0\" onclick=\"footnote_moveToReference_1681_1('footnote_plugin_reference_1681_1_2');\" onkeypress=\"footnote_moveToReference_1681_1('footnote_plugin_reference_1681_1_2');\" ><sup id=\"footnote_plugin_tooltip_1681_1_2\" class=\"footnote_plugin_tooltip_text\">[2]<\/sup><\/a><span id=\"footnote_plugin_tooltip_text_1681_1_2\" class=\"footnote_tooltip\">M\u1ee5c 4648(a)(9)(C)(iii)(II).<\/span><\/span><script type=\"text\/javascript\"> jQuery('#footnote_plugin_tooltip_1681_1_2').tooltip({ tip: '#footnote_plugin_tooltip_text_1681_1_2', tipClass: 'footnote_tooltip', effect: 'fade', predelay: 0, fadeInSpeed: 200, delay: 400, fadeOutSpeed: 200, position: 'top center', relative: true, offset: [-7, 0], });<\/script><\/p>\n\n\n\n<p>Tr\u01b0\u1edbc khi s\u1eafp x\u1ebfp qu\u00fd v\u1ecb v\u00e0o IMD, gi\u00e1m \u0111\u1ed1c trung t\u00e2m khu v\u1ef1c ph\u1ea3i x\u00e1c nh\u1eadn r\u1eb1ng kh\u00f4ng c\u00f3 l\u1ef1a ch\u1ecdn n\u00e0o t\u1ea1i c\u1ed9ng \u0111\u1ed3ng c\u00f3 th\u1ec3 \u0111\u00e1p \u1ee9ng nhu c\u1ea7u c\u1ee7a qu\u00fd v\u1ecb. <span class=\"footnote_referrer\"><a role=\"button\" tabindex=\"0\" onclick=\"footnote_moveToReference_1681_1('footnote_plugin_reference_1681_1_3');\" onkeypress=\"footnote_moveToReference_1681_1('footnote_plugin_reference_1681_1_3');\" ><sup id=\"footnote_plugin_tooltip_1681_1_3\" class=\"footnote_plugin_tooltip_text\">[3]<\/sup><\/a><span id=\"footnote_plugin_tooltip_text_1681_1_3\" class=\"footnote_tooltip\">M\u1ee5c 4648(a)(9)(C)(iii)(II).<\/span><\/span><script type=\"text\/javascript\"> jQuery('#footnote_plugin_tooltip_1681_1_3').tooltip({ tip: '#footnote_plugin_tooltip_text_1681_1_3', tipClass: 'footnote_tooltip', effect: 'fade', predelay: 0, fadeInSpeed: 200, delay: 400, fadeOutSpeed: 200, position: 'top center', relative: true, offset: [-7, 0], });<\/script><\/p>\n\n\n\n<ul class=\"wp-block-list\"><li>Ho\u00e0n th\u00e0nh gi\u1ea5y t\u1edd \u0111\u1ec3 h\u1ed7 tr\u1ee3 cho \u0111\u01a1n ki\u1ebfn ngh\u1ecb t\u1ea1m gi\u1eef theo B\u1ed9 Lu\u1eadt Ph\u00fac L\u1ee3i v\u00e0 \u0110\u1ecbnh Ch\u1ebf m\u1ee5c 6500. <span class=\"footnote_referrer\"><a role=\"button\" tabindex=\"0\" onclick=\"footnote_moveToReference_1681_1('footnote_plugin_reference_1681_1_4');\" onkeypress=\"footnote_moveToReference_1681_1('footnote_plugin_reference_1681_1_4');\" ><sup id=\"footnote_plugin_tooltip_1681_1_4\" class=\"footnote_plugin_tooltip_text\">[4]<\/sup><\/a><span id=\"footnote_plugin_tooltip_text_1681_1_4\" class=\"footnote_tooltip\">M\u1ee5c 4648(a)(9)(C)(v)(j)(ia).<\/span><\/span><script type=\"text\/javascript\"> jQuery('#footnote_plugin_tooltip_1681_1_4').tooltip({ tip: '#footnote_plugin_tooltip_text_1681_1_4', tipClass: 'footnote_tooltip', effect: 'fade', predelay: 0, fadeInSpeed: 200, delay: 400, fadeOutSpeed: 200, position: 'top center', relative: true, offset: [-7, 0], });<\/script><\/li><li>Ho\u00e0n th\u00e0nh \u0111\u00e1nh gi\u00e1 to\u00e0n di\u1ec7n nh\u1eb1m x\u00e1c \u0111\u1ecbnh c\u00e1c d\u1ecbch v\u1ee5 v\u00e0 s\u1ef1 h\u1ed7 tr\u1ee3 qu\u00fd v\u1ecb c\u1ea7n \u0111\u1ec3 \u1ed5n \u0111\u1ecbnh kh\u1ee7ng ho\u1ea3ng v\u00e0 l\u1ecbch bi\u1ec3u \u0111\u1ec3 ph\u00e1t tri\u1ec3n c\u00e1c d\u1ecbch v\u1ee5 v\u00e0 s\u1ef1 h\u1ed7 tr\u1ee3 gi\u00fap qu\u00fd v\u1ecb chuy\u1ec3n v\u1ec1 c\u1ed9ng \u0111\u1ed3ng. <span class=\"footnote_referrer\"><a role=\"button\" tabindex=\"0\" onclick=\"footnote_moveToReference_1681_1('footnote_plugin_reference_1681_1_5');\" onkeypress=\"footnote_moveToReference_1681_1('footnote_plugin_reference_1681_1_5');\" ><sup id=\"footnote_plugin_tooltip_1681_1_5\" class=\"footnote_plugin_tooltip_text\">[5]<\/sup><\/a><span id=\"footnote_plugin_tooltip_text_1681_1_5\" class=\"footnote_tooltip\">M\u1ee5c 4648(a)(9)(C)(v)(j)(ib).<\/span><\/span><script type=\"text\/javascript\"> jQuery('#footnote_plugin_tooltip_1681_1_5').tooltip({ tip: '#footnote_plugin_tooltip_text_1681_1_5', tipClass: 'footnote_tooltip', effect: 'fade', predelay: 0, fadeInSpeed: 200, delay: 400, fadeOutSpeed: 200, position: 'top center', relative: true, offset: [-7, 0], });<\/script> Trung t\u00e2m khu v\u1ef1c ph\u1ea3i \u0111\u1ec7 tr\u00ecnh c\u00e1c n\u1ed9i dung n\u00e0y l\u00ean t\u00f2a ngay l\u1eadp t\u1ee9c.\u00a0<\/li><li>T\u1ed5 ch\u1ee9c cu\u1ed9c h\u1ecdp IPP trong v\u00f2ng 30 ng\u00e0y k\u1ec3 t\u1eeb khi qu\u00fd v\u1ecb \u0111\u01b0\u1ee3c nh\u1eadn v\u00e0o c\u01a1 s\u1edf nh\u1eb1m x\u00e1c \u0111\u1ecbnh c\u00e1c d\u1ecbch v\u1ee5 v\u00e0 s\u1ef1 h\u1ed7 tr\u1ee3 qu\u00fd v\u1ecb c\u1ea7n \u0111\u1ec3 \u1ed5n \u0111\u1ecbnh kh\u1ee7ng ho\u1ea3ng v\u00e0 ph\u00e1t tri\u1ec3n k\u1ebf ho\u1ea1ch chuy\u1ec3n qu\u00fd v\u1ecb v\u1ec1 c\u1ed9ng \u0111\u1ed3ng. <span class=\"footnote_referrer\"><a role=\"button\" tabindex=\"0\" onclick=\"footnote_moveToReference_1681_1('footnote_plugin_reference_1681_1_6');\" onkeypress=\"footnote_moveToReference_1681_1('footnote_plugin_reference_1681_1_6');\" ><sup id=\"footnote_plugin_tooltip_1681_1_6\" class=\"footnote_plugin_tooltip_text\">[6]<\/sup><\/a><span id=\"footnote_plugin_tooltip_text_1681_1_6\" class=\"footnote_tooltip\">M\u1ee5c 4648(a)(9)(C)(v)(j)(ib).<\/span><\/span><script type=\"text\/javascript\"> jQuery('#footnote_plugin_tooltip_1681_1_6').tooltip({ tip: '#footnote_plugin_tooltip_text_1681_1_6', tipClass: 'footnote_tooltip', effect: 'fade', predelay: 0, fadeInSpeed: 200, delay: 400, fadeOutSpeed: 200, position: 'top center', relative: true, offset: [-7, 0], });<\/script><\/li><\/ul>\n\n\n\n<p>N\u1ebfu qu\u00fd v\u1ecb kh\u00f4ng th\u1ec3 chuy\u1ec3n v\u1ec1 c\u1ed9ng \u0111\u1ed3ng trong v\u00f2ng 90 ng\u00e0y k\u1ec3 t\u1eeb khi \u0111\u01b0\u1ee3c nh\u1eadn v\u00e0o c\u01a1 s\u1edf, trung t\u00e2m khu v\u1ef1c ph\u1ea3i t\u1ed5 ch\u1ee9c cu\u1ed9c h\u1ecdp IPP \u0111\u1ec3 th\u1ea3o lu\u1eadn vi\u1ec7c chuy\u1ec3n v\u1ec1 c\u1ed9ng \u0111\u1ed3ng v\u00e0 qu\u00fd v\u1ecb c\u00f3 c\u00f2n c\u1ea7n \u1ed5n \u0111\u1ecbnh kh\u1ee7ng ho\u1ea3ng kh\u00f4ng. <span class=\"footnote_referrer\"><a role=\"button\" tabindex=\"0\" onclick=\"footnote_moveToReference_1681_1('footnote_plugin_reference_1681_1_7');\" onkeypress=\"footnote_moveToReference_1681_1('footnote_plugin_reference_1681_1_7');\" ><sup id=\"footnote_plugin_tooltip_1681_1_7\" class=\"footnote_plugin_tooltip_text\">[7]<\/sup><\/a><span id=\"footnote_plugin_tooltip_text_1681_1_7\" class=\"footnote_tooltip\">M\u1ee5c 4648(a)(9)(C)(v)(II).<\/span><\/span><script type=\"text\/javascript\"> jQuery('#footnote_plugin_tooltip_1681_1_7').tooltip({ tip: '#footnote_plugin_tooltip_text_1681_1_7', tipClass: 'footnote_tooltip', effect: 'fade', predelay: 0, fadeInSpeed: 200, delay: 400, fadeOutSpeed: 200, position: 'top center', relative: true, offset: [-7, 0], });<\/script><\/p>\n\n\n\n<p>Qu\u00fd v\u1ecb kh\u00f4ng th\u1ec3 \u1edf IMD qu\u00e1 6 th\u00e1ng, tr\u1eeb khi tr\u01b0\u1edbc th\u00e1ng th\u1ee9 6:<span class=\"footnote_referrer\"><a role=\"button\" tabindex=\"0\" onclick=\"footnote_moveToReference_1681_1('footnote_plugin_reference_1681_1_8');\" onkeypress=\"footnote_moveToReference_1681_1('footnote_plugin_reference_1681_1_8');\" ><sup id=\"footnote_plugin_tooltip_1681_1_8\" class=\"footnote_plugin_tooltip_text\">[8]<\/sup><\/a><span id=\"footnote_plugin_tooltip_text_1681_1_8\" class=\"footnote_tooltip\">M\u1ee5c 4648(a)(9)(C)(v)(III).<\/span><\/span><script type=\"text\/javascript\"> jQuery('#footnote_plugin_tooltip_1681_1_8').tooltip({ tip: '#footnote_plugin_tooltip_text_1681_1_8', tipClass: 'footnote_tooltip', effect: 'fade', predelay: 0, fadeInSpeed: 200, delay: 400, fadeOutSpeed: 200, position: 'top center', relative: true, offset: [-7, 0], });<\/script><\/p>\n\n\n\n<ul class=\"wp-block-list\"><li>Trung t\u00e2m khu v\u1ef1c \u0111\u00e3 ti\u1ebfn h\u00e0nh m\u1ed9t \u0111\u00e1nh gi\u00e1 to\u00e0n di\u1ec7n kh\u00e1c d\u1ef1a tr\u00ean th\u00f4ng tin hi\u1ec7n t\u1ea1i cho th\u1ea5y qu\u00fd v\u1ecb v\u1eabn \u0111ang g\u1eb7p kh\u1ee7ng ho\u1ea3ng c\u1ea5p t\u00ednh, v\u00e0 <span class=\"footnote_referrer\"><a role=\"button\" tabindex=\"0\" onclick=\"footnote_moveToReference_1681_1('footnote_plugin_reference_1681_1_9');\" onkeypress=\"footnote_moveToReference_1681_1('footnote_plugin_reference_1681_1_9');\" ><sup id=\"footnote_plugin_tooltip_1681_1_9\" class=\"footnote_plugin_tooltip_text\">[9]<\/sup><\/a><span id=\"footnote_plugin_tooltip_text_1681_1_9\" class=\"footnote_tooltip\">M\u1ee5c 4648(a)(9)(C)(v)(III)(ia).<\/span><\/span><script type=\"text\/javascript\"> jQuery('#footnote_plugin_tooltip_1681_1_9').tooltip({ tip: '#footnote_plugin_tooltip_text_1681_1_9', tipClass: 'footnote_tooltip', effect: 'fade', predelay: 0, fadeInSpeed: 200, delay: 400, fadeOutSpeed: 200, position: 'top center', relative: true, offset: [-7, 0], });<\/script><\/li><li>Nh\u00f3m IPP \u0111\u00e3 ph\u00e1t tri\u1ec3n m\u1ed9t k\u1ebf ho\u1ea1ch x\u00e1c \u0111\u1ecbnh c\u00e1c d\u1ecbch v\u1ee5 v\u00e0 s\u1ef1 h\u1ed7 tr\u1ee3 c\u1ee5 th\u1ec3 qu\u00fd v\u1ecb c\u1ea7n \u0111\u1ec3 chuy\u1ec3n v\u1ec1 c\u1ed9ng \u0111\u1ed3ng, v\u00e0 k\u1ebf ho\u1ea1ch n\u00e0y bao g\u1ed3m l\u1ecbch bi\u1ec3u cho vi\u1ec7c nh\u1eadn ho\u1eb7c ph\u00e1t tri\u1ec3n nh\u1eefng d\u1ecbch v\u1ee5 v\u00e0 s\u1ef1 h\u1ed7 tr\u1ee3 \u0111\u00f3, v\u00e0 <span class=\"footnote_referrer\"><a role=\"button\" tabindex=\"0\" onclick=\"footnote_moveToReference_1681_1('footnote_plugin_reference_1681_1_10');\" onkeypress=\"footnote_moveToReference_1681_1('footnote_plugin_reference_1681_1_10');\" ><sup id=\"footnote_plugin_tooltip_1681_1_10\" class=\"footnote_plugin_tooltip_text\">[10]<\/sup><\/a><span id=\"footnote_plugin_tooltip_text_1681_1_10\" class=\"footnote_tooltip\">M\u1ee5c 4648(a)(9)(C)(v)(III)(ib).<\/span><\/span><script type=\"text\/javascript\"> jQuery('#footnote_plugin_tooltip_1681_1_10').tooltip({ tip: '#footnote_plugin_tooltip_text_1681_1_10', tipClass: 'footnote_tooltip', effect: 'fade', predelay: 0, fadeInSpeed: 200, delay: 400, fadeOutSpeed: 200, position: 'top center', relative: true, offset: [-7, 0], });<\/script><\/li><li>T\u00f2a ra l\u1ec7nh t\u1ea1m gi\u1eef \u0111\u00e3 x\u00e9t l\u1ea1i v\u00e0 gia h\u1ea1n l\u1ec7nh t\u1ea1m gi\u1eef. <span class=\"footnote_referrer\"><a role=\"button\" tabindex=\"0\" onclick=\"footnote_moveToReference_1681_1('footnote_plugin_reference_1681_1_11');\" onkeypress=\"footnote_moveToReference_1681_1('footnote_plugin_reference_1681_1_11');\" ><sup id=\"footnote_plugin_tooltip_1681_1_11\" class=\"footnote_plugin_tooltip_text\">[11]<\/sup><\/a><span id=\"footnote_plugin_tooltip_text_1681_1_11\" class=\"footnote_tooltip\">M\u1ee5c 4648(a)(9)(C)(v)(III)(ic).<\/span><\/span><script type=\"text\/javascript\"> jQuery('#footnote_plugin_tooltip_1681_1_11').tooltip({ tip: '#footnote_plugin_tooltip_text_1681_1_11', tipClass: 'footnote_tooltip', effect: 'fade', predelay: 0, fadeInSpeed: 200, delay: 400, fadeOutSpeed: 200, position: 'top center', relative: true, offset: [-7, 0], });<\/script><\/li><\/ul>\n\n\n\n<p>Qu\u00fd v\u1ecb kh\u00f4ng th\u1ec3 \u1edf t\u1ea1i IMD qu\u00e1 m\u1ed9t n\u0103m tr\u1eeb khi:<\/p>\n\n\n\n<ul class=\"wp-block-list\"><li>Trung t\u00e2m khu v\u1ef1c cho th\u1ea5y k\u1ebf ho\u1ea1ch chuy\u1ec3n qu\u00fd v\u1ecb v\u1ec1 c\u1ed9ng \u0111\u1ed3ng c\u00f3 ti\u1ebfn tri\u1ec3n \u0111\u00e1ng k\u1ec3 v\u00e0<\/li><li>C\u00e1c tr\u01b0\u1eddng h\u1ee3p \u0111\u1eb7c bi\u1ec7t ngo\u00e0i t\u1ea7m ki\u1ec3m so\u00e1t c\u1ee7a trung t\u00e2m khu v\u1ef1c ng\u0103n c\u1ea3n h\u1ecd nh\u1eadn c\u00e1c d\u1ecbch v\u1ee5 v\u00e0 s\u1ef1 h\u1ed7 tr\u1ee3 \u0111\u00f3 theo l\u1ecbch bi\u1ec3u trong k\u1ebf ho\u1ea1ch. <span class=\"footnote_referrer\"><a role=\"button\" tabindex=\"0\" onclick=\"footnote_moveToReference_1681_1('footnote_plugin_reference_1681_1_12');\" onkeypress=\"footnote_moveToReference_1681_1('footnote_plugin_reference_1681_1_12');\" ><sup id=\"footnote_plugin_tooltip_1681_1_12\" class=\"footnote_plugin_tooltip_text\">[12]<\/sup><\/a><span id=\"footnote_plugin_tooltip_text_1681_1_12\" class=\"footnote_tooltip\">M\u1ee5c 4648(a)(9)(C)(v)(IV)(ia).<\/span><\/span><script type=\"text\/javascript\"> jQuery('#footnote_plugin_tooltip_1681_1_12').tooltip({ tip: '#footnote_plugin_tooltip_text_1681_1_12', tipClass: 'footnote_tooltip', effect: 'fade', predelay: 0, fadeInSpeed: 200, delay: 400, fadeOutSpeed: 200, position: 'top center', relative: true, offset: [-7, 0], });<\/script><\/li><\/ul>\n\n\n\n<p>Trung t\u00e2m khu v\u1ef1c cho th\u1ea5y k\u1ebf ho\u1ea1ch chuy\u1ec3n qu\u00fd v\u1ecb v\u1ec1 c\u1ed9ng \u0111\u1ed3ng c\u00f3 ti\u1ebfn tri\u1ec3n \u0111\u00e1ng k\u1ec3 v\u00e0C\u00e1c tr\u01b0\u1eddng h\u1ee3p \u0111\u1eb7c bi\u1ec7t ngo\u00e0i t\u1ea7m ki\u1ec3m so\u00e1t c\u1ee7a trung t\u00e2m khu v\u1ef1c ng\u0103n c\u1ea3n h\u1ecd nh\u1eadn c\u00e1c d\u1ecbch v\u1ee5 v\u00e0 s\u1ef1 h\u1ed7 tr\u1ee3 \u0111\u00f3 theo l\u1ecbch bi\u1ec3u trong k\u1ebf ho\u1ea1ch. <span class=\"footnote_referrer\"><a role=\"button\" tabindex=\"0\" onclick=\"footnote_moveToReference_1681_1('footnote_plugin_reference_1681_1_13');\" onkeypress=\"footnote_moveToReference_1681_1('footnote_plugin_reference_1681_1_13');\" ><sup id=\"footnote_plugin_tooltip_1681_1_13\" class=\"footnote_plugin_tooltip_text\">[13]<\/sup><\/a><span id=\"footnote_plugin_tooltip_text_1681_1_13\" class=\"footnote_tooltip\">M\u1ee5c 4648(a)(9)(C)(v)(IV)(ia).<\/span><\/span><script type=\"text\/javascript\"> jQuery('#footnote_plugin_tooltip_1681_1_13').tooltip({ tip: '#footnote_plugin_tooltip_text_1681_1_13', tipClass: 'footnote_tooltip', effect: 'fade', predelay: 0, fadeInSpeed: 200, delay: 400, fadeOutSpeed: 200, position: 'top center', relative: true, offset: [-7, 0], });<\/script><\/p>\n<div class=\"speaker-mute footnotes_reference_container\"> <div class=\"footnote_container_prepare\"><p><span role=\"button\" tabindex=\"0\" class=\"footnote_reference_container_label pointer\" onclick=\"footnote_expand_collapse_reference_container_1681_1();\">&#x202F;<\/span><span role=\"button\" tabindex=\"0\" class=\"footnote_reference_container_collapse_button\" style=\"display: none;\" onclick=\"footnote_expand_collapse_reference_container_1681_1();\">[<a id=\"footnote_reference_container_collapse_button_1681_1\">+<\/a>]<\/span><\/p><\/div> <div id=\"footnote_references_container_1681_1\" style=\"\"><table class=\"footnotes_table footnote-reference-container\"><caption class=\"accessibility\">References<\/caption> <tbody> \r\n\r\n<tr class=\"footnotes_plugin_reference_row\"> <th scope=\"row\" class=\"footnote_plugin_index_combi pointer\"  onclick=\"footnote_moveToAnchor_1681_1('footnote_plugin_tooltip_1681_1_1');\"><a id=\"footnote_plugin_reference_1681_1_1\" class=\"footnote_backlink\"><span class=\"footnote_index_arrow\">&#8593;<\/span>1<\/a><\/th> <td class=\"footnote_plugin_text\">M\u1ee5c 4648(a)(9)(C)(iii)(j).<\/td><\/tr>\r\n\r\n<tr class=\"footnotes_plugin_reference_row\"> <th scope=\"row\" class=\"footnote_plugin_index_combi\" ><a id=\"footnote_plugin_reference_1681_1_2\" class=\"footnote_backlink\" onclick=\"footnote_moveToAnchor_1681_1('footnote_plugin_tooltip_1681_1_2');\"><span class=\"footnote_index_arrow\">&#8593;<\/span>2,<\/a> <a id=\"footnote_plugin_reference_1681_1_3\" class=\"footnote_backlink\" onclick=\"footnote_moveToAnchor_1681_1('footnote_plugin_tooltip_1681_1_3');\"><span class=\"footnote_index_arrow\">&#8593;<\/span>3<\/a><\/th> <td class=\"footnote_plugin_text\">M\u1ee5c 4648(a)(9)(C)(iii)(II).<\/td><\/tr>\r\n\r\n<tr class=\"footnotes_plugin_reference_row\"> <th scope=\"row\" class=\"footnote_plugin_index_combi pointer\"  onclick=\"footnote_moveToAnchor_1681_1('footnote_plugin_tooltip_1681_1_4');\"><a id=\"footnote_plugin_reference_1681_1_4\" class=\"footnote_backlink\"><span class=\"footnote_index_arrow\">&#8593;<\/span>4<\/a><\/th> <td class=\"footnote_plugin_text\">M\u1ee5c 4648(a)(9)(C)(v)(j)(ia).<\/td><\/tr>\r\n\r\n<tr class=\"footnotes_plugin_reference_row\"> <th scope=\"row\" class=\"footnote_plugin_index_combi\" ><a id=\"footnote_plugin_reference_1681_1_5\" class=\"footnote_backlink\" onclick=\"footnote_moveToAnchor_1681_1('footnote_plugin_tooltip_1681_1_5');\"><span class=\"footnote_index_arrow\">&#8593;<\/span>5,<\/a> <a id=\"footnote_plugin_reference_1681_1_6\" class=\"footnote_backlink\" onclick=\"footnote_moveToAnchor_1681_1('footnote_plugin_tooltip_1681_1_6');\"><span class=\"footnote_index_arrow\">&#8593;<\/span>6<\/a><\/th> <td class=\"footnote_plugin_text\">M\u1ee5c 4648(a)(9)(C)(v)(j)(ib).<\/td><\/tr>\r\n\r\n<tr class=\"footnotes_plugin_reference_row\"> <th scope=\"row\" class=\"footnote_plugin_index_combi pointer\"  onclick=\"footnote_moveToAnchor_1681_1('footnote_plugin_tooltip_1681_1_7');\"><a id=\"footnote_plugin_reference_1681_1_7\" class=\"footnote_backlink\"><span class=\"footnote_index_arrow\">&#8593;<\/span>7<\/a><\/th> <td class=\"footnote_plugin_text\">M\u1ee5c 4648(a)(9)(C)(v)(II).<\/td><\/tr>\r\n\r\n<tr class=\"footnotes_plugin_reference_row\"> <th scope=\"row\" class=\"footnote_plugin_index_combi pointer\"  onclick=\"footnote_moveToAnchor_1681_1('footnote_plugin_tooltip_1681_1_8');\"><a id=\"footnote_plugin_reference_1681_1_8\" class=\"footnote_backlink\"><span class=\"footnote_index_arrow\">&#8593;<\/span>8<\/a><\/th> <td class=\"footnote_plugin_text\">M\u1ee5c 4648(a)(9)(C)(v)(III).<\/td><\/tr>\r\n\r\n<tr class=\"footnotes_plugin_reference_row\"> <th scope=\"row\" class=\"footnote_plugin_index_combi pointer\"  onclick=\"footnote_moveToAnchor_1681_1('footnote_plugin_tooltip_1681_1_9');\"><a id=\"footnote_plugin_reference_1681_1_9\" class=\"footnote_backlink\"><span class=\"footnote_index_arrow\">&#8593;<\/span>9<\/a><\/th> <td class=\"footnote_plugin_text\">M\u1ee5c 4648(a)(9)(C)(v)(III)(ia).<\/td><\/tr>\r\n\r\n<tr class=\"footnotes_plugin_reference_row\"> <th scope=\"row\" class=\"footnote_plugin_index_combi pointer\"  onclick=\"footnote_moveToAnchor_1681_1('footnote_plugin_tooltip_1681_1_10');\"><a id=\"footnote_plugin_reference_1681_1_10\" class=\"footnote_backlink\"><span class=\"footnote_index_arrow\">&#8593;<\/span>10<\/a><\/th> <td class=\"footnote_plugin_text\">M\u1ee5c 4648(a)(9)(C)(v)(III)(ib).<\/td><\/tr>\r\n\r\n<tr class=\"footnotes_plugin_reference_row\"> <th scope=\"row\" class=\"footnote_plugin_index_combi pointer\"  onclick=\"footnote_moveToAnchor_1681_1('footnote_plugin_tooltip_1681_1_11');\"><a id=\"footnote_plugin_reference_1681_1_11\" class=\"footnote_backlink\"><span class=\"footnote_index_arrow\">&#8593;<\/span>11<\/a><\/th> <td class=\"footnote_plugin_text\">M\u1ee5c 4648(a)(9)(C)(v)(III)(ic).<\/td><\/tr>\r\n\r\n<tr class=\"footnotes_plugin_reference_row\"> <th scope=\"row\" class=\"footnote_plugin_index_combi\" ><a id=\"footnote_plugin_reference_1681_1_12\" class=\"footnote_backlink\" onclick=\"footnote_moveToAnchor_1681_1('footnote_plugin_tooltip_1681_1_12');\"><span class=\"footnote_index_arrow\">&#8593;<\/span>12,<\/a> <a id=\"footnote_plugin_reference_1681_1_13\" class=\"footnote_backlink\" onclick=\"footnote_moveToAnchor_1681_1('footnote_plugin_tooltip_1681_1_13');\"><span class=\"footnote_index_arrow\">&#8593;<\/span>13<\/a><\/th> <td class=\"footnote_plugin_text\">M\u1ee5c 4648(a)(9)(C)(v)(IV)(ia).<\/td><\/tr>\r\n\r\n <\/tbody> <\/table> <\/div><\/div><script type=\"text\/javascript\"> function footnote_expand_reference_container_1681_1() { jQuery('#footnote_references_container_1681_1').show(); jQuery('#footnote_reference_container_collapse_button_1681_1').text('\u2212'); } function footnote_collapse_reference_container_1681_1() { jQuery('#footnote_references_container_1681_1').hide(); jQuery('#footnote_reference_container_collapse_button_1681_1').text('+'); } function footnote_expand_collapse_reference_container_1681_1() { if (jQuery('#footnote_references_container_1681_1').is(':hidden')) { footnote_expand_reference_container_1681_1(); } else { footnote_collapse_reference_container_1681_1(); } } function footnote_moveToReference_1681_1(p_str_TargetID) { footnote_expand_reference_container_1681_1(); var l_obj_Target = jQuery('#' + p_str_TargetID); if (l_obj_Target.length) { jQuery( 'html, body' ).delay( 0 ); jQuery('html, body').animate({ scrollTop: l_obj_Target.offset().top - window.innerHeight * 0.2 }, 380); } } function footnote_moveToAnchor_1681_1(p_str_TargetID) { footnote_expand_reference_container_1681_1(); var l_obj_Target = jQuery('#' + p_str_TargetID); if (l_obj_Target.length) { jQuery( 'html, body' ).delay( 0 ); jQuery('html, body').animate({ scrollTop: l_obj_Target.offset().top - window.innerHeight * 0.2 }, 380); } }<\/script>","protected":false},"excerpt":{"rendered":"<p>Tr\u01b0\u1edbc khi s\u1eafp x\u1ebfp qu\u00fd v\u1ecb v\u00e0o IMD, trung t\u00e2m khu v\u1ef1c ph\u1ea3i ho\u00e0n th\u00e0nh \u0111\u00e1nh gi\u00e1. \u0110\u00e1nh gi\u00e1 n\u00e0y ph\u1ea3i gi\u1ea3i th\u00edch t\u1ea5t c\u1ea3&hellip;<\/p>\n","protected":false},"author":1,"featured_media":0,"parent":1650,"menu_order":9,"comment_status":"closed","ping_status":"closed","template":"","meta":{"footnotes":""},"class_list":["post-1681","page","type-page","status-publish","hentry"],"_links":{"self":[{"href":"https:\/\/rula.disabilityrightsca.org\/vi\/wp-json\/wp\/v2\/pages\/1681","targetHints":{"allow":["GET"]}}],"collection":[{"href":"https:\/\/rula.disabilityrightsca.org\/vi\/wp-json\/wp\/v2\/pages"}],"about":[{"href":"https:\/\/rula.disabilityrightsca.org\/vi\/wp-json\/wp\/v2\/types\/page"}],"author":[{"embeddable":true,"href":"https:\/\/rula.disabilityrightsca.org\/vi\/wp-json\/wp\/v2\/users\/1"}],"replies":[{"embeddable":true,"href":"https:\/\/rula.disabilityrightsca.org\/vi\/wp-json\/wp\/v2\/comments?post=1681"}],"version-history":[{"count":6,"href":"https:\/\/rula.disabilityrightsca.org\/vi\/wp-json\/wp\/v2\/pages\/1681\/revisions"}],"predecessor-version":[{"id":3433,"href":"https:\/\/rula.disabilityrightsca.org\/vi\/wp-json\/wp\/v2\/pages\/1681\/revisions\/3433"}],"up":[{"embeddable":true,"href":"https:\/\/rula.disabilityrightsca.org\/vi\/wp-json\/wp\/v2\/pages\/1650"}],"wp:attachment":[{"href":"https:\/\/rula.disabilityrightsca.org\/vi\/wp-json\/wp\/v2\/media?parent=1681"}],"curies":[{"name":"wp","href":"https:\/\/api.w.org\/{rel}","templated":true}]}}