{"id":1679,"date":"2021-09-02T22:40:17","date_gmt":"2021-09-02T22:40:17","guid":{"rendered":"http:\/\/www.rula.disabilityrightsca.org\/vi\/?page_id=1679"},"modified":"2022-04-22T18:16:19","modified_gmt":"2022-04-22T18:16:19","slug":"8-8-can-my-regional-center-place-me-in-an-imd","status":"publish","type":"page","link":"https:\/\/rula.disabilityrightsca.org\/vi\/rula-book\/chapter-8-how-to-stay-out-of-an-institution\/8-8-can-my-regional-center-place-me-in-an-imd\/","title":{"rendered":"(8.8) Trung t\u00e2m khu v\u1ef1c c\u00f3 th\u1ec3 s\u1eafp x\u1ebfp t\u00f4i v\u00e0o IMD kh\u00f4ng?"},"content":{"rendered":"\n<p>C\u00f3, nh\u01b0ng \u0110\u1ea1o Lu\u1eadt Lanterman quy \u0111\u1ecbnh c\u00e1c trung t\u00e2m khu v\u1ef1c ch\u1ec9 c\u00f3 th\u1ec3 l\u00e0m nh\u01b0 v\u1eady n\u1ebfu qu\u00fd v\u1ecb \u0111ang g\u1eb7p kh\u1ee7ng ho\u1ea3ng c\u1ea5p t\u00ednh v\u00e0 theo c\u00e1c \u0111i\u1ec1u ki\u1ec7n nh\u1ea5t \u0111\u1ecbnh. <a href=\"https:\/\/www.dds.ca.gov\/services\/crisis-safety-net-services\/institutions-for-mental-disease\/\">Trang web c\u1ee7a DDS<\/a>&nbsp;gi\u1ea3i th\u00edch IMD l\u00e0 c\u00e1c c\u01a1 s\u1edf r\u1ea5t h\u1ea1n ch\u1ebf, kh\u00f4ng th\u01b0\u1eddng cung c\u1ea5p c\u00e1c d\u1ecbch v\u1ee5 th\u00edch h\u1ee3p cho nh\u1eefng ng\u01b0\u1eddi b\u1ecb khuy\u1ebft t\u1eadt v\u1ec1 ph\u00e1t tri\u1ec3n \u0111\u1ed3ng th\u1eddi khuy\u1ebft t\u1eadt v\u1ec1 t\u00e2m th\u1ea7n. V\u00ec l\u00fd do n\u00e0y, lu\u1eadt hi\u1ec7n t\u1ea1i \u0111\u1eb7t ra nh\u1eefng h\u1ea1n ch\u1ebf v\u00e0 gi\u1edbi h\u1ea1n th\u1eddi gian kh\u1eaft khe \u0111\u1ed1i v\u1edbi vi\u1ec7c trung t\u00e2m khu v\u1ef1c s\u1eed d\u1ee5ng c\u00e1c d\u1ecbch v\u1ee5 n\u1ed9i tr\u00fa IMD cho ng\u01b0\u1eddi b\u1ecb khuy\u1ebft t\u1eadt v\u1ec1 ph\u00e1t tri\u1ec3n. <span class=\"footnote_referrer\"><a role=\"button\" tabindex=\"0\" onclick=\"footnote_moveToReference_1679_1('footnote_plugin_reference_1679_1_1');\" onkeypress=\"footnote_moveToReference_1679_1('footnote_plugin_reference_1679_1_1');\" ><sup id=\"footnote_plugin_tooltip_1679_1_1\" class=\"footnote_plugin_tooltip_text\">[1]<\/sup><\/a><span id=\"footnote_plugin_tooltip_text_1679_1_1\" class=\"footnote_tooltip\">M\u1ee5c 4648(a)(9)(C).<\/span><\/span><script type=\"text\/javascript\"> jQuery('#footnote_plugin_tooltip_1679_1_1').tooltip({ tip: '#footnote_plugin_tooltip_text_1679_1_1', tipClass: 'footnote_tooltip', effect: 'fade', predelay: 0, fadeInSpeed: 200, delay: 400, fadeOutSpeed: 200, position: 'top center', relative: true, offset: [-7, 0], });<\/script><\/p>\n<div class=\"speaker-mute footnotes_reference_container\"> <div class=\"footnote_container_prepare\"><p><span role=\"button\" tabindex=\"0\" class=\"footnote_reference_container_label pointer\" onclick=\"footnote_expand_collapse_reference_container_1679_1();\">&#x202F;<\/span><span role=\"button\" tabindex=\"0\" class=\"footnote_reference_container_collapse_button\" style=\"display: none;\" onclick=\"footnote_expand_collapse_reference_container_1679_1();\">[<a id=\"footnote_reference_container_collapse_button_1679_1\">+<\/a>]<\/span><\/p><\/div> <div id=\"footnote_references_container_1679_1\" style=\"\"><table class=\"footnotes_table footnote-reference-container\"><caption class=\"accessibility\">References<\/caption> <tbody> \r\n\r\n<tr class=\"footnotes_plugin_reference_row\"> <th scope=\"row\" class=\"footnote_plugin_index_combi pointer\"  onclick=\"footnote_moveToAnchor_1679_1('footnote_plugin_tooltip_1679_1_1');\"><a id=\"footnote_plugin_reference_1679_1_1\" class=\"footnote_backlink\"><span class=\"footnote_index_arrow\">&#8593;<\/span>1<\/a><\/th> <td class=\"footnote_plugin_text\">M\u1ee5c 4648(a)(9)(C).<\/td><\/tr>\r\n\r\n <\/tbody> <\/table> <\/div><\/div><script type=\"text\/javascript\"> function footnote_expand_reference_container_1679_1() { jQuery('#footnote_references_container_1679_1').show(); jQuery('#footnote_reference_container_collapse_button_1679_1').text('\u2212'); } function footnote_collapse_reference_container_1679_1() { jQuery('#footnote_references_container_1679_1').hide(); jQuery('#footnote_reference_container_collapse_button_1679_1').text('+'); } function footnote_expand_collapse_reference_container_1679_1() { if (jQuery('#footnote_references_container_1679_1').is(':hidden')) { footnote_expand_reference_container_1679_1(); } else { footnote_collapse_reference_container_1679_1(); } } function footnote_moveToReference_1679_1(p_str_TargetID) { footnote_expand_reference_container_1679_1(); var l_obj_Target = jQuery('#' + p_str_TargetID); if (l_obj_Target.length) { jQuery( 'html, body' ).delay( 0 ); jQuery('html, body').animate({ scrollTop: l_obj_Target.offset().top - window.innerHeight * 0.2 }, 380); } } function footnote_moveToAnchor_1679_1(p_str_TargetID) { footnote_expand_reference_container_1679_1(); var l_obj_Target = jQuery('#' + p_str_TargetID); if (l_obj_Target.length) { jQuery( 'html, body' ).delay( 0 ); jQuery('html, body').animate({ scrollTop: l_obj_Target.offset().top - window.innerHeight * 0.2 }, 380); } }<\/script>","protected":false},"excerpt":{"rendered":"<p>C\u00f3, nh\u01b0ng \u0110\u1ea1o Lu\u1eadt Lanterman quy \u0111\u1ecbnh c\u00e1c trung t\u00e2m khu v\u1ef1c ch\u1ec9 c\u00f3 th\u1ec3 l\u00e0m nh\u01b0 v\u1eady n\u1ebfu qu\u00fd v\u1ecb \u0111ang g\u1eb7p kh\u1ee7ng ho\u1ea3ng&hellip;<\/p>\n","protected":false},"author":1,"featured_media":0,"parent":1650,"menu_order":8,"comment_status":"closed","ping_status":"closed","template":"","meta":{"footnotes":""},"class_list":["post-1679","page","type-page","status-publish","hentry"],"_links":{"self":[{"href":"https:\/\/rula.disabilityrightsca.org\/vi\/wp-json\/wp\/v2\/pages\/1679","targetHints":{"allow":["GET"]}}],"collection":[{"href":"https:\/\/rula.disabilityrightsca.org\/vi\/wp-json\/wp\/v2\/pages"}],"about":[{"href":"https:\/\/rula.disabilityrightsca.org\/vi\/wp-json\/wp\/v2\/types\/page"}],"author":[{"embeddable":true,"href":"https:\/\/rula.disabilityrightsca.org\/vi\/wp-json\/wp\/v2\/users\/1"}],"replies":[{"embeddable":true,"href":"https:\/\/rula.disabilityrightsca.org\/vi\/wp-json\/wp\/v2\/comments?post=1679"}],"version-history":[{"count":3,"href":"https:\/\/rula.disabilityrightsca.org\/vi\/wp-json\/wp\/v2\/pages\/1679\/revisions"}],"predecessor-version":[{"id":3165,"href":"https:\/\/rula.disabilityrightsca.org\/vi\/wp-json\/wp\/v2\/pages\/1679\/revisions\/3165"}],"up":[{"embeddable":true,"href":"https:\/\/rula.disabilityrightsca.org\/vi\/wp-json\/wp\/v2\/pages\/1650"}],"wp:attachment":[{"href":"https:\/\/rula.disabilityrightsca.org\/vi\/wp-json\/wp\/v2\/media?parent=1679"}],"curies":[{"name":"wp","href":"https:\/\/api.w.org\/{rel}","templated":true}]}}