{"id":1677,"date":"2021-09-02T22:38:59","date_gmt":"2021-09-02T22:38:59","guid":{"rendered":"http:\/\/www.rula.disabilityrightsca.org\/vi\/?page_id=1677"},"modified":"2022-04-22T18:16:02","modified_gmt":"2022-04-22T18:16:02","slug":"8-7-what-are-institutions-for-mental-disease-imds","status":"publish","type":"page","link":"https:\/\/rula.disabilityrightsca.org\/vi\/rula-book\/chapter-8-how-to-stay-out-of-an-institution\/8-7-what-are-institutions-for-mental-disease-imds\/","title":{"rendered":"(8.7) C\u01a1 S\u1edf N\u1ed9i Tr\u00fa cho B\u1ec7nh T\u00e2m Th\u1ea7n (Institutions for Mental Disease, IMD) l\u00e0 g\u00ec?"},"content":{"rendered":"\n<p>IMD l\u00e0 c\u00e1c c\u01a1 s\u1edf c\u00f3 t\u1eeb 16 gi\u01b0\u1eddng tr\u1edf l\u00ean, t\u1ea1i \u0111\u00e2y m\u1ecdi ng\u01b0\u1eddi \u0111\u01b0\u1ee3c ch\u1ea9n \u0111o\u00e1n, \u0111i\u1ec1u tr\u1ecb v\u00e0 ch\u0103m s\u00f3c (bao g\u1ed3m ch\u0103m s\u00f3c y t\u1ebf v\u00e0 \u0111i\u1ec1u d\u01b0\u1ee1ng) cho t\u00ecnh tr\u1ea1ng khuy\u1ebft t\u1eadt v\u1ec1 s\u1ee9c kh\u1ecfe t\u00e2m th\u1ea7n. <span class=\"footnote_referrer\"><a role=\"button\" tabindex=\"0\" onclick=\"footnote_moveToReference_1677_1('footnote_plugin_reference_1677_1_1');\" onkeypress=\"footnote_moveToReference_1677_1('footnote_plugin_reference_1677_1_1');\" ><sup id=\"footnote_plugin_tooltip_1677_1_1\" class=\"footnote_plugin_tooltip_text\">[1]<\/sup><\/a><span id=\"footnote_plugin_tooltip_text_1677_1_1\" class=\"footnote_tooltip\">Ti\u00eau \u0110\u1ec1 42 B\u1ed9 Lu\u1eadt C\u00e1c Quy \u0110\u1ecbnh Li\u00ean Bang M\u1ee5c 435.1010.<\/span><\/span><script type=\"text\/javascript\"> jQuery('#footnote_plugin_tooltip_1677_1_1').tooltip({ tip: '#footnote_plugin_tooltip_text_1677_1_1', tipClass: 'footnote_tooltip', effect: 'fade', predelay: 0, fadeInSpeed: 200, delay: 400, fadeOutSpeed: 200, position: 'top center', relative: true, offset: [-7, 0], });<\/script> T\u1ea1i California, IMD c\u00f3 th\u1ec3 l\u00e0 b\u1ec7nh vi\u1ec7n t\u00e2m th\u1ea7n, c\u01a1 s\u1edf s\u1ee9c kh\u1ecfe t\u00e2m th\u1ea7n (psychiatric health facilities, PHF), c\u01a1 s\u1edf \u0111i\u1ec1u d\u01b0\u1ee1ng chuy\u00ean m\u00f4n c\u00f3 c\u00e1c ch\u01b0\u01a1ng tr\u00ecnh \u0111i\u1ec1u tr\u1ecb \u0111\u1eb7c bi\u1ec7t (skilled nursing facilities with special treatment programs , SNF-STP), trung t\u00e2m ph\u1ee5c h\u1ed3i ch\u1ee9c n\u0103ng s\u1ee9c kh\u1ecfe t\u00e2m th\u1ea7n (mental health rehabilitation centers, MHRC), ho\u1eb7c b\u1ec7nh vi\u1ec7n c\u1ee7a ti\u1ec3u bang.<\/p>\n\n\n\n<p>IMD l\u00e0 c\u00e1c c\u01a1 s\u1edf c\u00f3 t\u1eeb 16 gi\u01b0\u1eddng tr\u1edf l\u00ean, t\u1ea1i \u0111\u00e2y m\u1ecdi ng\u01b0\u1eddi \u0111\u01b0\u1ee3c ch\u1ea9n \u0111o\u00e1n, \u0111i\u1ec1u tr\u1ecb v\u00e0 ch\u0103m s\u00f3c (bao g\u1ed3m ch\u0103m s\u00f3c y t\u1ebf v\u00e0 \u0111i\u1ec1u d\u01b0\u1ee1ng) cho t\u00ecnh tr\u1ea1ng khuy\u1ebft t\u1eadt v\u1ec1 s\u1ee9c kh\u1ecfe t\u00e2m th\u1ea7n. <span class=\"footnote_referrer\"><a role=\"button\" tabindex=\"0\" onclick=\"footnote_moveToReference_1677_1('footnote_plugin_reference_1677_1_2');\" onkeypress=\"footnote_moveToReference_1677_1('footnote_plugin_reference_1677_1_2');\" ><sup id=\"footnote_plugin_tooltip_1677_1_2\" class=\"footnote_plugin_tooltip_text\">[2]<\/sup><\/a><span id=\"footnote_plugin_tooltip_text_1677_1_2\" class=\"footnote_tooltip\">Ti\u00eau \u0110\u1ec1 42 B\u1ed9 Lu\u1eadt C\u00e1c Quy \u0110\u1ecbnh Li\u00ean Bang M\u1ee5c 435.1010.<\/span><\/span><script type=\"text\/javascript\"> jQuery('#footnote_plugin_tooltip_1677_1_2').tooltip({ tip: '#footnote_plugin_tooltip_text_1677_1_2', tipClass: 'footnote_tooltip', effect: 'fade', predelay: 0, fadeInSpeed: 200, delay: 400, fadeOutSpeed: 200, position: 'top center', relative: true, offset: [-7, 0], });<\/script> T\u1ea1i California, IMD c\u00f3 th\u1ec3 l\u00e0 b\u1ec7nh vi\u1ec7n t\u00e2m th\u1ea7n, c\u01a1 s\u1edf s\u1ee9c kh\u1ecfe t\u00e2m th\u1ea7n (psychiatric health facilities, PHF), c\u01a1 s\u1edf \u0111i\u1ec1u d\u01b0\u1ee1ng chuy\u00ean m\u00f4n c\u00f3 c\u00e1c ch\u01b0\u01a1ng tr\u00ecnh \u0111i\u1ec1u tr\u1ecb \u0111\u1eb7c bi\u1ec7t (skilled nursing facilities with special treatment programs , SNF-STP), trung t\u00e2m ph\u1ee5c h\u1ed3i ch\u1ee9c n\u0103ng s\u1ee9c kh\u1ecfe t\u00e2m th\u1ea7n (mental health rehabilitation centers, MHRC), ho\u1eb7c b\u1ec7nh vi\u1ec7n c\u1ee7a ti\u1ec3u bang.<\/p>\n<div class=\"speaker-mute footnotes_reference_container\"> <div class=\"footnote_container_prepare\"><p><span role=\"button\" tabindex=\"0\" class=\"footnote_reference_container_label pointer\" onclick=\"footnote_expand_collapse_reference_container_1677_1();\">&#x202F;<\/span><span role=\"button\" tabindex=\"0\" class=\"footnote_reference_container_collapse_button\" style=\"display: none;\" onclick=\"footnote_expand_collapse_reference_container_1677_1();\">[<a id=\"footnote_reference_container_collapse_button_1677_1\">+<\/a>]<\/span><\/p><\/div> <div id=\"footnote_references_container_1677_1\" style=\"\"><table class=\"footnotes_table footnote-reference-container\"><caption class=\"accessibility\">References<\/caption> <tbody> \r\n\r\n<tr class=\"footnotes_plugin_reference_row\"> <th scope=\"row\" class=\"footnote_plugin_index_combi\" ><a id=\"footnote_plugin_reference_1677_1_1\" class=\"footnote_backlink\" onclick=\"footnote_moveToAnchor_1677_1('footnote_plugin_tooltip_1677_1_1');\"><span class=\"footnote_index_arrow\">&#8593;<\/span>1,<\/a> <a id=\"footnote_plugin_reference_1677_1_2\" class=\"footnote_backlink\" onclick=\"footnote_moveToAnchor_1677_1('footnote_plugin_tooltip_1677_1_2');\"><span class=\"footnote_index_arrow\">&#8593;<\/span>2<\/a><\/th> <td class=\"footnote_plugin_text\">Ti\u00eau \u0110\u1ec1 42 B\u1ed9 Lu\u1eadt C\u00e1c Quy \u0110\u1ecbnh Li\u00ean Bang M\u1ee5c 435.1010.<\/td><\/tr>\r\n\r\n <\/tbody> <\/table> <\/div><\/div><script type=\"text\/javascript\"> function footnote_expand_reference_container_1677_1() { jQuery('#footnote_references_container_1677_1').show(); jQuery('#footnote_reference_container_collapse_button_1677_1').text('\u2212'); } function footnote_collapse_reference_container_1677_1() { jQuery('#footnote_references_container_1677_1').hide(); jQuery('#footnote_reference_container_collapse_button_1677_1').text('+'); } function footnote_expand_collapse_reference_container_1677_1() { if (jQuery('#footnote_references_container_1677_1').is(':hidden')) { footnote_expand_reference_container_1677_1(); } else { footnote_collapse_reference_container_1677_1(); } } function footnote_moveToReference_1677_1(p_str_TargetID) { footnote_expand_reference_container_1677_1(); var l_obj_Target = jQuery('#' + p_str_TargetID); if (l_obj_Target.length) { jQuery( 'html, body' ).delay( 0 ); jQuery('html, body').animate({ scrollTop: l_obj_Target.offset().top - window.innerHeight * 0.2 }, 380); } } function footnote_moveToAnchor_1677_1(p_str_TargetID) { footnote_expand_reference_container_1677_1(); var l_obj_Target = jQuery('#' + p_str_TargetID); if (l_obj_Target.length) { jQuery( 'html, body' ).delay( 0 ); jQuery('html, body').animate({ scrollTop: l_obj_Target.offset().top - window.innerHeight * 0.2 }, 380); } }<\/script>","protected":false},"excerpt":{"rendered":"<p>IMD l\u00e0 c\u00e1c c\u01a1 s\u1edf c\u00f3 t\u1eeb 16 gi\u01b0\u1eddng tr\u1edf l\u00ean, t\u1ea1i \u0111\u00e2y m\u1ecdi ng\u01b0\u1eddi \u0111\u01b0\u1ee3c ch\u1ea9n \u0111o\u00e1n, \u0111i\u1ec1u tr\u1ecb v\u00e0 ch\u0103m s\u00f3c (bao g\u1ed3m&hellip;<\/p>\n","protected":false},"author":1,"featured_media":0,"parent":1650,"menu_order":7,"comment_status":"closed","ping_status":"closed","template":"","meta":{"footnotes":""},"class_list":["post-1677","page","type-page","status-publish","hentry"],"_links":{"self":[{"href":"https:\/\/rula.disabilityrightsca.org\/vi\/wp-json\/wp\/v2\/pages\/1677","targetHints":{"allow":["GET"]}}],"collection":[{"href":"https:\/\/rula.disabilityrightsca.org\/vi\/wp-json\/wp\/v2\/pages"}],"about":[{"href":"https:\/\/rula.disabilityrightsca.org\/vi\/wp-json\/wp\/v2\/types\/page"}],"author":[{"embeddable":true,"href":"https:\/\/rula.disabilityrightsca.org\/vi\/wp-json\/wp\/v2\/users\/1"}],"replies":[{"embeddable":true,"href":"https:\/\/rula.disabilityrightsca.org\/vi\/wp-json\/wp\/v2\/comments?post=1677"}],"version-history":[{"count":2,"href":"https:\/\/rula.disabilityrightsca.org\/vi\/wp-json\/wp\/v2\/pages\/1677\/revisions"}],"predecessor-version":[{"id":3136,"href":"https:\/\/rula.disabilityrightsca.org\/vi\/wp-json\/wp\/v2\/pages\/1677\/revisions\/3136"}],"up":[{"embeddable":true,"href":"https:\/\/rula.disabilityrightsca.org\/vi\/wp-json\/wp\/v2\/pages\/1650"}],"wp:attachment":[{"href":"https:\/\/rula.disabilityrightsca.org\/vi\/wp-json\/wp\/v2\/media?parent=1677"}],"curies":[{"name":"wp","href":"https:\/\/api.w.org\/{rel}","templated":true}]}}