{"id":1675,"date":"2021-09-02T22:36:54","date_gmt":"2021-09-02T22:36:54","guid":{"rendered":"http:\/\/www.rula.disabilityrightsca.org\/vi\/?page_id=1675"},"modified":"2022-04-22T18:15:50","modified_gmt":"2022-04-22T18:15:50","slug":"8-6-can-my-regional-center-place-me-in-an-acute-crisis-unit","status":"publish","type":"page","link":"https:\/\/rula.disabilityrightsca.org\/vi\/rula-book\/chapter-8-how-to-stay-out-of-an-institution\/8-6-can-my-regional-center-place-me-in-an-acute-crisis-unit\/","title":{"rendered":"(8.6) Trung t\u00e2m khu v\u1ef1c c\u00f3 th\u1ec3 s\u1eafp x\u1ebfp t\u00f4i v\u00e0o C\u01a1 S\u1edf Can Thi\u1ec7p Kh\u1ee7ng Ho\u1ea3ng C\u1ea5p T\u00ednh kh\u00f4ng?"},"content":{"rendered":"\n<p>C\u00f3, trong tr\u01b0\u1eddng h\u1ee3p kh\u00f4ng c\u00f3 c\u00e1c s\u1eafp x\u1ebfp trong c\u1ed9ng \u0111\u1ed3ng, c\u00e1c d\u1ecbch v\u1ee5 v\u00e0 s\u1ef1 h\u1ed7 tr\u1ee3 c\u00f3 th\u1ec3 \u0111\u00e1p \u1ee9ng nhu c\u1ea7u can thi\u1ec7p kh\u1ee7ng ho\u1ea3ng c\u1ee7a qu\u00fd v\u1ecb. Trung t\u00e2m khu v\u1ef1c ph\u1ea3i gi\u1edbi thi\u1ec7u qu\u00fd v\u1ecb th\u1ef1c hi\u1ec7n \u0111\u00e1nh gi\u00e1 4418.7 tr\u01b0\u1edbc khi qu\u00fd v\u1ecb c\u00f3 th\u1ec3 \u0111\u01b0\u1ee3c nh\u1eadn v\u00e0o C\u01a1 S\u1edf Can Thi\u1ec7p Kh\u1ee7ng Ho\u1ea3ng C\u1ea5p T\u00ednh. Xem&nbsp;<a href=\"https:\/\/rula.disabilityrightsca.org\/vi\/rula-book\/chapter-8-how-to-stay-out-of-an-institution\/8-13-what-happens-if-i-am-having-problems-living-in-the-community\/\">c\u00e2u h\u1ecfi 13<\/a>&nbsp;\u0111\u1ec3 bi\u1ebft th\u00f4ng tin v\u1ec1 \u0111\u00e1nh gi\u00e1 4418.7.<\/p>\n","protected":false},"excerpt":{"rendered":"<p>C\u00f3, trong tr\u01b0\u1eddng h\u1ee3p kh\u00f4ng c\u00f3 c\u00e1c s\u1eafp x\u1ebfp trong c\u1ed9ng \u0111\u1ed3ng, c\u00e1c d\u1ecbch v\u1ee5 v\u00e0 s\u1ef1 h\u1ed7 tr\u1ee3 c\u00f3 th\u1ec3 \u0111\u00e1p \u1ee9ng nhu c\u1ea7u&hellip;<\/p>\n","protected":false},"author":1,"featured_media":0,"parent":1650,"menu_order":6,"comment_status":"closed","ping_status":"closed","template":"","meta":{"footnotes":""},"class_list":["post-1675","page","type-page","status-publish","hentry"],"_links":{"self":[{"href":"https:\/\/rula.disabilityrightsca.org\/vi\/wp-json\/wp\/v2\/pages\/1675","targetHints":{"allow":["GET"]}}],"collection":[{"href":"https:\/\/rula.disabilityrightsca.org\/vi\/wp-json\/wp\/v2\/pages"}],"about":[{"href":"https:\/\/rula.disabilityrightsca.org\/vi\/wp-json\/wp\/v2\/types\/page"}],"author":[{"embeddable":true,"href":"https:\/\/rula.disabilityrightsca.org\/vi\/wp-json\/wp\/v2\/users\/1"}],"replies":[{"embeddable":true,"href":"https:\/\/rula.disabilityrightsca.org\/vi\/wp-json\/wp\/v2\/comments?post=1675"}],"version-history":[{"count":4,"href":"https:\/\/rula.disabilityrightsca.org\/vi\/wp-json\/wp\/v2\/pages\/1675\/revisions"}],"predecessor-version":[{"id":3164,"href":"https:\/\/rula.disabilityrightsca.org\/vi\/wp-json\/wp\/v2\/pages\/1675\/revisions\/3164"}],"up":[{"embeddable":true,"href":"https:\/\/rula.disabilityrightsca.org\/vi\/wp-json\/wp\/v2\/pages\/1650"}],"wp:attachment":[{"href":"https:\/\/rula.disabilityrightsca.org\/vi\/wp-json\/wp\/v2\/media?parent=1675"}],"curies":[{"name":"wp","href":"https:\/\/api.w.org\/{rel}","templated":true}]}}