{"id":1673,"date":"2021-09-02T22:35:27","date_gmt":"2021-09-02T22:35:27","guid":{"rendered":"http:\/\/www.rula.disabilityrightsca.org\/vi\/?page_id=1673"},"modified":"2022-04-22T18:15:37","modified_gmt":"2022-04-22T18:15:37","slug":"8-5-what-are-acute-crisis-units","status":"publish","type":"page","link":"https:\/\/rula.disabilityrightsca.org\/vi\/rula-book\/chapter-8-how-to-stay-out-of-an-institution\/8-5-what-are-acute-crisis-units\/","title":{"rendered":"(8.5) C\u01a1 S\u1edf Can Thi\u1ec7p Kh\u1ee7ng Ho\u1ea3ng C\u1ea5p T\u00ednh l\u00e0 g\u00ec?"},"content":{"rendered":"\n<p>C\u01a1 S\u1edf Can Thi\u1ec7p Kh\u1ee7ng Ho\u1ea3ng C\u1ea5p T\u00ednh l\u00e0 c\u00e1c c\u01a1 s\u1edf do ti\u1ec3u bang \u0111i\u1ec1u h\u00e0nh, cung c\u1ea5p \u0111i\u1ec1u tr\u1ecb n\u1ed9i tr\u00fa ng\u1eafn h\u1ea1n cho nh\u1eefng ng\u01b0\u1eddi b\u1ecb khuy\u1ebft t\u1eadt v\u1ec1 ph\u00e1t tri\u1ec3n \u0111ang g\u1eb7p kh\u1ee7ng ho\u1ea3ng. \u0110\u00e2y c\u00f2n \u0111\u01b0\u1ee3c g\u1ecdi l\u00e0 c\u00e1c c\u01a1 s\u1edf STAR. STAR vi\u1ebft t\u1eaft cho Stabilization Training Assistance Reintegration (\u1ed4n \u0110\u1ecbnh \u0110\u00e0o T\u1ea1o Tr\u1ee3 Gi\u00fap T\u00e1i H\u00f2a Nh\u1eadp). M\u1ed7i nh\u00e0 ch\u1ec9 cho ph\u00e9p 5 ng\u01b0\u1eddi s\u1ed1ng. Nh\u1eefng nh\u00e0 n\u00e0y n\u1eb1m t\u1ea1i Porterville DC, Canyon Springs v\u00e0 c\u00e1c \u0111\u1ecba \u0111i\u1ec3m kh\u00e1c nh\u01b0ng c\u00f3 c\u00e1c d\u1ecbch v\u1ee5 kh\u00e1c nhau v\u00e0 tu\u00e2n th\u1ee7 c\u00e1c quy \u0111\u1ecbnh kh\u00e1c nhau. M\u1ed9t s\u1ed1 ng\u01b0\u1eddi nh\u1ea7m nh\u1eefng C\u01a1 S\u1edf n\u00e0y l\u00e0 DC. Tuy nhi\u00ean, nh\u1eefng c\u01a1 s\u1edf n\u00e0y l\u00e0 s\u1ef1 s\u1eafp x\u1ebfp ng\u1eafn h\u1ea1n v\u00e0 nh\u1eb1m \u0111\u1ec3 \u0111\u01b0a qu\u00fd v\u1ecb tr\u1edf l\u1ea1i c\u1ed9ng \u0111\u1ed3ng s\u1edbm nh\u1ea5t c\u00f3 th\u1ec3.<\/p>\n\n\n\n<p>C\u00f3 m\u1ed9t s\u1ed1 C\u01a1 S\u1edf Can Thi\u1ec7p Kh\u1ee7ng Ho\u1ea3ng C\u1ea5p T\u00ednh ph\u1ee5c v\u1ee5 mi\u1ec1n b\u1eafc, mi\u1ec1n nam v\u00e0 mi\u1ec1n trung c\u1ee7a California. M\u1ed9t s\u1ed1 c\u01a1 s\u1edf ph\u1ee5c v\u1ee5 tr\u1ebb em, m\u1ed9t s\u1ed1 c\u01a1 s\u1edf kh\u00e1c ch\u1ec9 ph\u1ee5c v\u1ee5 ng\u01b0\u1eddi l\u1edbn.<\/p>\n\n\n\n<p>Qu\u00fd v\u1ecb c\u00f3 th\u1ec3 s\u1ed1ng trong m\u1ed9t C\u01a1 S\u1edf Can Thi\u1ec7p Kh\u1ee7ng Ho\u1ea3ng C\u1ea5p T\u00ednh trong t\u1ed1i \u0111a 13 th\u00e1ng. Tuy nhi\u00ean, nh\u00f3m IPP c\u1ee7a qu\u00fd v\u1ecb ph\u1ea3i b\u1eaft \u0111\u1ea7u l\u1eadp k\u1ebf ho\u1ea1ch cho qu\u00fd v\u1ecb quay tr\u1edf l\u1ea1i c\u1ed9ng \u0111\u1ed3ng ngay khi qu\u00fd v\u1ecb \u0111\u1ebfn c\u01a1 s\u1edf n\u00e0y. &nbsp;<\/p>\n","protected":false},"excerpt":{"rendered":"<p>C\u01a1 S\u1edf Can Thi\u1ec7p Kh\u1ee7ng Ho\u1ea3ng C\u1ea5p T\u00ednh l\u00e0 c\u00e1c c\u01a1 s\u1edf do ti\u1ec3u bang \u0111i\u1ec1u h\u00e0nh, cung c\u1ea5p \u0111i\u1ec1u tr\u1ecb n\u1ed9i tr\u00fa ng\u1eafn h\u1ea1n&hellip;<\/p>\n","protected":false},"author":1,"featured_media":0,"parent":1650,"menu_order":5,"comment_status":"closed","ping_status":"closed","template":"","meta":{"footnotes":""},"class_list":["post-1673","page","type-page","status-publish","hentry"],"_links":{"self":[{"href":"https:\/\/rula.disabilityrightsca.org\/vi\/wp-json\/wp\/v2\/pages\/1673","targetHints":{"allow":["GET"]}}],"collection":[{"href":"https:\/\/rula.disabilityrightsca.org\/vi\/wp-json\/wp\/v2\/pages"}],"about":[{"href":"https:\/\/rula.disabilityrightsca.org\/vi\/wp-json\/wp\/v2\/types\/page"}],"author":[{"embeddable":true,"href":"https:\/\/rula.disabilityrightsca.org\/vi\/wp-json\/wp\/v2\/users\/1"}],"replies":[{"embeddable":true,"href":"https:\/\/rula.disabilityrightsca.org\/vi\/wp-json\/wp\/v2\/comments?post=1673"}],"version-history":[{"count":3,"href":"https:\/\/rula.disabilityrightsca.org\/vi\/wp-json\/wp\/v2\/pages\/1673\/revisions"}],"predecessor-version":[{"id":3163,"href":"https:\/\/rula.disabilityrightsca.org\/vi\/wp-json\/wp\/v2\/pages\/1673\/revisions\/3163"}],"up":[{"embeddable":true,"href":"https:\/\/rula.disabilityrightsca.org\/vi\/wp-json\/wp\/v2\/pages\/1650"}],"wp:attachment":[{"href":"https:\/\/rula.disabilityrightsca.org\/vi\/wp-json\/wp\/v2\/media?parent=1673"}],"curies":[{"name":"wp","href":"https:\/\/api.w.org\/{rel}","templated":true}]}}