{"id":1671,"date":"2021-09-02T22:34:14","date_gmt":"2021-09-02T22:34:14","guid":{"rendered":"http:\/\/www.rula.disabilityrightsca.org\/vi\/?page_id=1671"},"modified":"2022-04-22T18:15:26","modified_gmt":"2022-04-22T18:15:26","slug":"8-4-what-is-a-developmental-center","status":"publish","type":"page","link":"https:\/\/rula.disabilityrightsca.org\/vi\/rula-book\/chapter-8-how-to-stay-out-of-an-institution\/8-4-what-is-a-developmental-center\/","title":{"rendered":"(8.4) Trung t\u00e2m ph\u00e1t tri\u1ec3n l\u00e0 g\u00ec?"},"content":{"rendered":"\n<p>Trung t\u00e2m ph\u00e1t tri\u1ec3n (developmental center, DC) l\u00e0 c\u01a1 s\u1edf n\u1ed9i tr\u00fa c\u1ee7a ti\u1ec3u bang d\u00e0nh cho nh\u1eefng ng\u01b0\u1eddi b\u1ecb khuy\u1ebft t\u1eadt v\u1ec1 ph\u00e1t tri\u1ec3n. \u0110\u00e2y l\u00e0 m\u1ed9t m\u00f4i tr\u01b0\u1eddng s\u1ed1ng r\u1ea5t h\u1ea1n ch\u1ebf v\u00e0 t\u00e1ch bi\u1ec7t. Ch\u1ec9 c\u00f3 m\u1ed9t trung t\u00e2m ph\u00e1t tri\u1ec3n &#8211; Porterville &#8211; v\u1eabn \u0111ang ho\u1ea1t \u0111\u1ed9ng \u1edf California. C\u00f2n c\u00f3 m\u1ed9t c\u01a1 s\u1edf n\u1ed9i tr\u00fa do ti\u1ec3u bang \u0111i\u1ec1u h\u00e0nh, t\u01b0\u01a1ng t\u1ef1 v\u1edbi DC, l\u00e0 Canyon Springs. M\u1eb7c d\u00f9 m\u1ed9t s\u1ed1 ng\u01b0\u1eddi c\u01b0 tr\u00fa trong Porterville DC v\u00e0 Canyon Springs m\u1eafc m\u1ed9t s\u1ed1 khuy\u1ebft t\u1eadt nghi\u00eam tr\u1ecdng, nhi\u1ec1u ng\u01b0\u1eddi \u1edf DC&nbsp;<em>c\u00f3 th\u1ec3<\/em>&nbsp;s\u1ed1ng trong c\u1ed9ng \u0111\u1ed3ng n\u1ebfu h\u1ecd c\u00f3 c\u00e1c d\u1ecbch v\u1ee5 v\u00e0 s\u1ef1 h\u1ed7 tr\u1ee3 ph\u00f9 h\u1ee3p. Lu\u1eadt California \u0111\u00e3 thay \u0111\u1ed5i \u0111\u1ec3 \u0111\u00f3ng c\u00e1c DC v\u00e0 gi\u00fap m\u1ecdi ng\u01b0\u1eddi chuy\u1ec3n v\u00e0o s\u1ed1ng trong c\u1ed9ng \u0111\u1ed3ng v\u1edbi c\u00e1c d\u1ecbch v\u1ee5 v\u00e0 s\u1ef1 h\u1ed7 tr\u1ee3. Ng\u00e0y c\u00e0ng nhi\u1ec1u ti\u1ec3u bang \u0111\u00e3 th\u1ef1c hi\u1ec7n \u0111i\u1ec1u t\u01b0\u01a1ng t\u1ef1 v\u00e0 \u0111\u00f3ng c\u00e1c c\u01a1 s\u1edf n\u1ed9i tr\u00fa ti\u1ec3u bang quy m\u00f4 l\u1edbn.&nbsp;<\/p>\n","protected":false},"excerpt":{"rendered":"<p>Trung t\u00e2m ph\u00e1t tri\u1ec3n (developmental center, DC) l\u00e0 c\u01a1 s\u1edf n\u1ed9i tr\u00fa c\u1ee7a ti\u1ec3u bang d\u00e0nh cho nh\u1eefng ng\u01b0\u1eddi b\u1ecb khuy\u1ebft t\u1eadt v\u1ec1 ph\u00e1t tri\u1ec3n.&hellip;<\/p>\n","protected":false},"author":1,"featured_media":0,"parent":1650,"menu_order":4,"comment_status":"closed","ping_status":"closed","template":"","meta":{"footnotes":""},"class_list":["post-1671","page","type-page","status-publish","hentry"],"_links":{"self":[{"href":"https:\/\/rula.disabilityrightsca.org\/vi\/wp-json\/wp\/v2\/pages\/1671","targetHints":{"allow":["GET"]}}],"collection":[{"href":"https:\/\/rula.disabilityrightsca.org\/vi\/wp-json\/wp\/v2\/pages"}],"about":[{"href":"https:\/\/rula.disabilityrightsca.org\/vi\/wp-json\/wp\/v2\/types\/page"}],"author":[{"embeddable":true,"href":"https:\/\/rula.disabilityrightsca.org\/vi\/wp-json\/wp\/v2\/users\/1"}],"replies":[{"embeddable":true,"href":"https:\/\/rula.disabilityrightsca.org\/vi\/wp-json\/wp\/v2\/comments?post=1671"}],"version-history":[{"count":3,"href":"https:\/\/rula.disabilityrightsca.org\/vi\/wp-json\/wp\/v2\/pages\/1671\/revisions"}],"predecessor-version":[{"id":3162,"href":"https:\/\/rula.disabilityrightsca.org\/vi\/wp-json\/wp\/v2\/pages\/1671\/revisions\/3162"}],"up":[{"embeddable":true,"href":"https:\/\/rula.disabilityrightsca.org\/vi\/wp-json\/wp\/v2\/pages\/1650"}],"wp:attachment":[{"href":"https:\/\/rula.disabilityrightsca.org\/vi\/wp-json\/wp\/v2\/media?parent=1671"}],"curies":[{"name":"wp","href":"https:\/\/api.w.org\/{rel}","templated":true}]}}