{"id":1669,"date":"2021-09-02T22:32:18","date_gmt":"2021-09-02T22:32:18","guid":{"rendered":"http:\/\/www.rula.disabilityrightsca.org\/vi\/?page_id=1669"},"modified":"2022-04-22T18:14:56","modified_gmt":"2022-04-22T18:14:56","slug":"8-3-how-can-i-move-out-of-an-institution-and-into-the-community","status":"publish","type":"page","link":"https:\/\/rula.disabilityrightsca.org\/vi\/rula-book\/chapter-8-how-to-stay-out-of-an-institution\/8-3-how-can-i-move-out-of-an-institution-and-into-the-community\/","title":{"rendered":"(8.3) L\u00e0m th\u1ebf n\u00e0o \u0111\u1ec3 t\u00f4i c\u00f3 th\u1ec3 chuy\u1ec3n ra kh\u1ecfi c\u01a1 s\u1edf n\u1ed9i tr\u00fa v\u00e0 v\u00e0o c\u1ed9ng \u0111\u1ed3ng?"},"content":{"rendered":"\n<p>Qu\u00fd v\u1ecb ph\u1ea3i thay \u0111\u1ed5i IPP c\u1ee7a m\u00ecnh. Quy tr\u00ecnh IPP x\u00e1c \u0111\u1ecbnh c\u00e1c d\u1ecbch v\u1ee5 v\u00e0 s\u1ef1 h\u1ed7 tr\u1ee3 qu\u00fd v\u1ecb c\u1ea7n v\u00e0 cho ph\u00e9p qu\u00fd v\u1ecb x\u00e1c \u0111\u1ecbnh nh\u1eefng d\u1ecbch v\u1ee5 v\u00e0 s\u1ef1 h\u1ed7 tr\u1ee3 qu\u00fd v\u1ecb mu\u1ed1n. \u0110\u00e2y c\u0169ng l\u00e0 m\u1ed9t c\u00e1ch \u0111\u1ec3 \u0111\u1ea3m b\u1ea3o qu\u00fd v\u1ecb c\u00f3 th\u1ec3 h\u00f2a nh\u1eadp v\u00e0o c\u1ed9ng \u0111\u1ed3ng c\u1ee7a m\u00ecnh.&nbsp;<em>(H\u00e3y xem&nbsp;<\/em><a href=\"https:\/\/rula.disabilityrightsca.org\/vi\/rula-book\/chapter-4-individual-program-plans\/\"><em>Ch\u01b0\u01a1ng 4<\/em><\/a><em>&nbsp;v\u1ec1 quy tr\u00ecnh IPP v\u00e0&nbsp;<\/em><a href=\"https:\/\/rula.disabilityrightsca.org\/vi\/rula-book\/chapter-7-community-living-arrangements-for-adults\/\"><em>Ch\u01b0\u01a1ng 7<\/em><\/a><em>&nbsp;v\u1ec1 s\u1eafp x\u1ebfp ch\u1ed7 \u1edf.)<\/em><\/p>\n\n\n\n<p>N\u1ebfu qu\u00fd v\u1ecb s\u1ed1ng trong trung t\u00e2m ph\u00e1t tri\u1ec3n hay c\u01a1 s\u1edf n\u1ed9i tr\u00fa kh\u00e1c, qu\u00fd v\u1ecb ph\u1ea3i c\u00f3 m\u1ed9t \u0111\u00e1nh gi\u00e1 v\u00e0 IPP d\u1ef1a tr\u00ean nhu c\u1ea7u v\u00e0 mong mu\u1ed1n c\u1ee7a qu\u00fd v\u1ecb. H\u00e3y xem x\u00e9t nh\u1eefng \u0111i\u1ec1u \u0111ang ng\u0103n c\u1ea3n qu\u00fd v\u1ecb s\u1ed1ng trong c\u1ed9ng \u0111\u1ed3ng v\u00e0 nh\u1eefng \u0111i\u1ec1u qu\u00fd v\u1ecb c\u1ea7n \u0111\u1ec3 s\u1ed1ng trong c\u1ed9ng \u0111\u1ed3ng. \u0110\u00f4i khi, nh\u00e0 \u1edf, c\u00e1c d\u1ecbch v\u1ee5 v\u00e0 s\u1ef1 h\u1ed7 tr\u1ee3 kh\u00f4ng s\u1eb5n c\u00f3. Tuy nhi\u00ean, n\u1ebfu c\u00e1c d\u1ecbch v\u1ee5 v\u00e0 s\u1ef1 h\u1ed7 tr\u1ee3 qu\u00fd v\u1ecb c\u1ea7n \u0111\u1ec3 s\u1ed1ng trong c\u1ed9ng \u0111\u1ed3ng \u0111\u01b0\u1ee3c li\u1ec7t k\u00ea trong IPP, nh\u00f3m c\u1ee7a qu\u00fd v\u1ecb ph\u1ea3i t\u00ecm ho\u1eb7c ph\u00e1t tri\u1ec3n nh\u1eefng d\u1ecbch v\u1ee5 v\u00e0 s\u1ef1 h\u1ed7 tr\u1ee3 \u0111\u00f3 cho qu\u00fd v\u1ecb.<\/p>\n","protected":false},"excerpt":{"rendered":"<p>Qu\u00fd v\u1ecb ph\u1ea3i thay \u0111\u1ed5i IPP c\u1ee7a m\u00ecnh. Quy tr\u00ecnh IPP x\u00e1c \u0111\u1ecbnh c\u00e1c d\u1ecbch v\u1ee5 v\u00e0 s\u1ef1 h\u1ed7 tr\u1ee3 qu\u00fd v\u1ecb c\u1ea7n v\u00e0 cho&hellip;<\/p>\n","protected":false},"author":1,"featured_media":0,"parent":1650,"menu_order":3,"comment_status":"closed","ping_status":"closed","template":"","meta":{"footnotes":""},"class_list":["post-1669","page","type-page","status-publish","hentry"],"_links":{"self":[{"href":"https:\/\/rula.disabilityrightsca.org\/vi\/wp-json\/wp\/v2\/pages\/1669","targetHints":{"allow":["GET"]}}],"collection":[{"href":"https:\/\/rula.disabilityrightsca.org\/vi\/wp-json\/wp\/v2\/pages"}],"about":[{"href":"https:\/\/rula.disabilityrightsca.org\/vi\/wp-json\/wp\/v2\/types\/page"}],"author":[{"embeddable":true,"href":"https:\/\/rula.disabilityrightsca.org\/vi\/wp-json\/wp\/v2\/users\/1"}],"replies":[{"embeddable":true,"href":"https:\/\/rula.disabilityrightsca.org\/vi\/wp-json\/wp\/v2\/comments?post=1669"}],"version-history":[{"count":4,"href":"https:\/\/rula.disabilityrightsca.org\/vi\/wp-json\/wp\/v2\/pages\/1669\/revisions"}],"predecessor-version":[{"id":3161,"href":"https:\/\/rula.disabilityrightsca.org\/vi\/wp-json\/wp\/v2\/pages\/1669\/revisions\/3161"}],"up":[{"embeddable":true,"href":"https:\/\/rula.disabilityrightsca.org\/vi\/wp-json\/wp\/v2\/pages\/1650"}],"wp:attachment":[{"href":"https:\/\/rula.disabilityrightsca.org\/vi\/wp-json\/wp\/v2\/media?parent=1669"}],"curies":[{"name":"wp","href":"https:\/\/api.w.org\/{rel}","templated":true}]}}