{"id":1667,"date":"2021-09-02T22:30:41","date_gmt":"2021-09-02T22:30:41","guid":{"rendered":"http:\/\/www.rula.disabilityrightsca.org\/vi\/?page_id=1667"},"modified":"2022-04-22T18:14:42","modified_gmt":"2022-04-22T18:14:42","slug":"8-2-can-i-get-services-to-help-me-be-part-of-the-community","status":"publish","type":"page","link":"https:\/\/rula.disabilityrightsca.org\/vi\/rula-book\/chapter-8-how-to-stay-out-of-an-institution\/8-2-can-i-get-services-to-help-me-be-part-of-the-community\/","title":{"rendered":"(8.2) T\u00f4i c\u00f3 th\u1ec3 nh\u1eadn c\u00e1c d\u1ecbch v\u1ee5 \u0111\u1ec3 gi\u00fap b\u1ea3n th\u00e2n tham gia c\u1ed9ng \u0111\u1ed3ng kh\u00f4ng?"},"content":{"rendered":"\n<p>C\u00f3. M\u1ecdi ng\u01b0\u1eddi \u0111\u1ec1u c\u00f3 quy\u1ec1n \u0111\u01b0\u1ee3c s\u1ed1ng v\u00e0 nh\u1eadn c\u00e1c d\u1ecbch v\u1ee5 trong m\u00f4i tr\u01b0\u1eddng h\u00f2a nh\u1eadp nh\u1ea5t, \u00edt h\u1ea1n ch\u1ebf nh\u1ea5t d\u1ef1a tr\u00ean nhu c\u1ea7u v\u00e0 l\u1ef1a ch\u1ecdn c\u1ee7a h\u1ecd. <span class=\"footnote_referrer\"><a role=\"button\" tabindex=\"0\" onclick=\"footnote_moveToReference_1667_1('footnote_plugin_reference_1667_1_1');\" onkeypress=\"footnote_moveToReference_1667_1('footnote_plugin_reference_1667_1_1');\" ><sup id=\"footnote_plugin_tooltip_1667_1_1\" class=\"footnote_plugin_tooltip_text\">[1]<\/sup><\/a><span id=\"footnote_plugin_tooltip_text_1667_1_1\" class=\"footnote_tooltip\">C\u00e1c M\u1ee5c 4688 v\u00e0 4688.21.<\/span><\/span><script type=\"text\/javascript\"> jQuery('#footnote_plugin_tooltip_1667_1_1').tooltip({ tip: '#footnote_plugin_tooltip_text_1667_1_1', tipClass: 'footnote_tooltip', effect: 'fade', predelay: 0, fadeInSpeed: 200, delay: 400, fadeOutSpeed: 200, position: 'top center', relative: true, offset: [-7, 0], });<\/script>&nbsp;C\u00e1c d\u1ecbch v\u1ee5 h\u00f2a nh\u1eadp c\u1ed9ng \u0111\u1ed3ng c\u00f3 th\u1ec3 gi\u00fap qu\u00fd v\u1ecb tham gia c\u1ed9ng \u0111\u1ed3ng v\u00e0 s\u1ed1ng \u1edf n\u01a1i kh\u00e1c ngo\u00e0i c\u01a1 s\u1edf n\u1ed9i tr\u00fa. <span class=\"footnote_referrer\"><a role=\"button\" tabindex=\"0\" onclick=\"footnote_moveToReference_1667_1('footnote_plugin_reference_1667_1_2');\" onkeypress=\"footnote_moveToReference_1667_1('footnote_plugin_reference_1667_1_2');\" ><sup id=\"footnote_plugin_tooltip_1667_1_2\" class=\"footnote_plugin_tooltip_text\">[2]<\/sup><\/a><span id=\"footnote_plugin_tooltip_text_1667_1_2\" class=\"footnote_tooltip\">M\u1ee5c 4688.05.<\/span><\/span><script type=\"text\/javascript\"> jQuery('#footnote_plugin_tooltip_1667_1_2').tooltip({ tip: '#footnote_plugin_tooltip_text_1667_1_2', tipClass: 'footnote_tooltip', effect: 'fade', predelay: 0, fadeInSpeed: 200, delay: 400, fadeOutSpeed: 200, position: 'top center', relative: true, offset: [-7, 0], });<\/script><\/p>\n\n\n\n<p>Qu\u00fd v\u1ecb c\u00f3 th\u1ec3 nh\u1eadn c\u00e1c d\u1ecbch v\u1ee5 h\u00f2a nh\u1eadp c\u1ed9ng \u0111\u1ed3ng b\u1ea5t k\u1ec3 qu\u00fd v\u1ecb s\u1ed1ng \u1edf \u0111\u00e2u. V\u00ed d\u1ee5: n\u1ebfu qu\u00fd v\u1ecb s\u1ed1ng \u1edf nh\u00e0 t\u1eadp th\u1ec3 v\u1edbi nh\u1eefng ng\u01b0\u1eddi kh\u00e1c, c\u00e1c d\u1ecbch v\u1ee5 h\u00f2a nh\u1eadp c\u1ed9ng \u0111\u1ed3ng c\u00f3 th\u1ec3 gi\u00fap qu\u00fd v\u1ecb chuy\u1ec3n v\u00e0o m\u1ed9t m\u00f4i tr\u01b0\u1eddng h\u00f2a nh\u1eadp h\u01a1n. \u0110\u00e2y c\u00f3 th\u1ec3 l\u00e0 h\u1ed7 tr\u1ee3 \u0111\u1eddi s\u1ed1ng <span class=\"footnote_referrer\"><a role=\"button\" tabindex=\"0\" onclick=\"footnote_moveToReference_1667_1('footnote_plugin_reference_1667_1_3');\" onkeypress=\"footnote_moveToReference_1667_1('footnote_plugin_reference_1667_1_3');\" ><sup id=\"footnote_plugin_tooltip_1667_1_3\" class=\"footnote_plugin_tooltip_text\">[3]<\/sup><\/a><span id=\"footnote_plugin_tooltip_text_1667_1_3\" class=\"footnote_tooltip\">M\u1ee5c 4689.<\/span><\/span><script type=\"text\/javascript\"> jQuery('#footnote_plugin_tooltip_1667_1_3').tooltip({ tip: '#footnote_plugin_tooltip_text_1667_1_3', tipClass: 'footnote_tooltip', effect: 'fade', predelay: 0, fadeInSpeed: 200, delay: 400, fadeOutSpeed: 200, position: 'top center', relative: true, offset: [-7, 0], });<\/script>, nh\u00e0 gia \u0111\u00ecnh c\u01b0 tr\u00fa \u0111\u1ed9c l\u1eadp <span class=\"footnote_referrer\"><a role=\"button\" tabindex=\"0\" onclick=\"footnote_moveToReference_1667_1('footnote_plugin_reference_1667_1_4');\" onkeypress=\"footnote_moveToReference_1667_1('footnote_plugin_reference_1667_1_4');\" ><sup id=\"footnote_plugin_tooltip_1667_1_4\" class=\"footnote_plugin_tooltip_text\">[4]<\/sup><\/a><span id=\"footnote_plugin_tooltip_text_1667_1_4\" class=\"footnote_tooltip\">M\u1ee5c 4689.1.<\/span><\/span><script type=\"text\/javascript\"> jQuery('#footnote_plugin_tooltip_1667_1_4').tooltip({ tip: '#footnote_plugin_tooltip_text_1667_1_4', tipClass: 'footnote_tooltip', effect: 'fade', predelay: 0, fadeInSpeed: 200, delay: 400, fadeOutSpeed: 200, position: 'top center', relative: true, offset: [-7, 0], });<\/script> ho\u1eb7c s\u1ed1ng c\u00f9ng gia \u0111\u00ecnh qu\u00fd v\u1ecb.<\/p>\n\n\n\n<p>\u201cC\u00e1c d\u1ecbch v\u1ee5 h\u00e0nh vi c\u00f3 th\u1ec3 tr\u1ee3 gi\u00fap qu\u00fd v\u1ecb s\u1ed1ng trong c\u1ed9ng \u0111\u1ed3ng. M\u1ed9t s\u1ed1 ng\u01b0\u1eddi g\u1ecdi c\u00e1c d\u1ecbch v\u1ee5 h\u00e0nh vi l\u00e0 \u201cABA\u201d. ABA l\u00e0 Ph\u00e2n T\u00edch H\u00e0nh Vi \u1ee8ng D\u1ee5ng. Nh\u1eefng d\u1ecbch v\u1ee5 n\u00e0y c\u00f3 th\u1ec3 gi\u00fap qu\u00fd v\u1ecb h\u1ecdc \u0111\u01b0\u1ee3c c\u00e1c c\u00e1ch \u0111\u1ec3 s\u1ed1ng t\u1ed1t h\u01a1n t\u1ea1i n\u01a1i \u1edf hi\u1ec7n t\u1ea1i. C\u00e1c d\u1ecbch v\u1ee5 n\u00e0y c\u00f3 th\u1ec3 gi\u00fap qu\u00fd v\u1ecb s\u1ed1ng h\u00f2a h\u1ee3p h\u01a1n v\u1edbi nh\u1eefng ng\u01b0\u1eddi kh\u00e1c. C\u00e1c d\u1ecbch v\u1ee5 n\u00e0y c\u00f3 th\u1ec3 gi\u00fap qu\u00fd v\u1ecb h\u1ecdc \u0111\u01b0\u1ee3c nh\u1eefng h\u00e0nh vi m\u1edbi \u0111\u1ec3 s\u1ed1ng \u1edf m\u1ed9t n\u01a1i kh\u00e1c. N\u1ebfu qu\u00fd v\u1ecb quan t\u00e2m \u0111\u1ebfn c\u00e1c d\u1ecbch v\u1ee5 h\u00e0nh vi, h\u00e3y trao \u0111\u1ed5i v\u1edbi \u0111i\u1ec1u ph\u1ed1i vi\u00ean d\u1ecbch v\u1ee5 t\u1ea1i trung t\u00e2m khu v\u1ef1c c\u1ee7a qu\u00fd v\u1ecb. Ngo\u00e0i ra, h\u00e3y xem \u1ea5n ph\u1ea9m \u201cTi\u1ebfp C\u1eadn Li\u1ec7u Ph\u00e1p ABA\u201d c\u1ee7a Disability Rights California t\u1ea1i \u0111\u00e2y:&nbsp;<a rel=\"noreferrer noopener\" href=\"https:\/\/www.disabilityrightsca.org\/publications\/access-to-aba-therapy\" target=\"_blank\">https:\/\/www.disabilityrightsca.org\/publications\/access-to-aba-therapy<\/a><\/p>\n<div class=\"speaker-mute footnotes_reference_container\"> <div class=\"footnote_container_prepare\"><p><span role=\"button\" tabindex=\"0\" class=\"footnote_reference_container_label pointer\" onclick=\"footnote_expand_collapse_reference_container_1667_1();\">&#x202F;<\/span><span role=\"button\" tabindex=\"0\" class=\"footnote_reference_container_collapse_button\" style=\"display: none;\" onclick=\"footnote_expand_collapse_reference_container_1667_1();\">[<a id=\"footnote_reference_container_collapse_button_1667_1\">+<\/a>]<\/span><\/p><\/div> <div id=\"footnote_references_container_1667_1\" style=\"\"><table class=\"footnotes_table footnote-reference-container\"><caption class=\"accessibility\">References<\/caption> <tbody> \r\n\r\n<tr class=\"footnotes_plugin_reference_row\"> <th scope=\"row\" class=\"footnote_plugin_index_combi pointer\"  onclick=\"footnote_moveToAnchor_1667_1('footnote_plugin_tooltip_1667_1_1');\"><a id=\"footnote_plugin_reference_1667_1_1\" class=\"footnote_backlink\"><span class=\"footnote_index_arrow\">&#8593;<\/span>1<\/a><\/th> <td class=\"footnote_plugin_text\">C\u00e1c M\u1ee5c 4688 v\u00e0 4688.21.<\/td><\/tr>\r\n\r\n<tr class=\"footnotes_plugin_reference_row\"> <th scope=\"row\" class=\"footnote_plugin_index_combi pointer\"  onclick=\"footnote_moveToAnchor_1667_1('footnote_plugin_tooltip_1667_1_2');\"><a id=\"footnote_plugin_reference_1667_1_2\" class=\"footnote_backlink\"><span class=\"footnote_index_arrow\">&#8593;<\/span>2<\/a><\/th> <td class=\"footnote_plugin_text\">M\u1ee5c 4688.05.<\/td><\/tr>\r\n\r\n<tr class=\"footnotes_plugin_reference_row\"> <th scope=\"row\" class=\"footnote_plugin_index_combi pointer\"  onclick=\"footnote_moveToAnchor_1667_1('footnote_plugin_tooltip_1667_1_3');\"><a id=\"footnote_plugin_reference_1667_1_3\" class=\"footnote_backlink\"><span class=\"footnote_index_arrow\">&#8593;<\/span>3<\/a><\/th> <td class=\"footnote_plugin_text\">M\u1ee5c 4689.<\/td><\/tr>\r\n\r\n<tr class=\"footnotes_plugin_reference_row\"> <th scope=\"row\" class=\"footnote_plugin_index_combi pointer\"  onclick=\"footnote_moveToAnchor_1667_1('footnote_plugin_tooltip_1667_1_4');\"><a id=\"footnote_plugin_reference_1667_1_4\" class=\"footnote_backlink\"><span class=\"footnote_index_arrow\">&#8593;<\/span>4<\/a><\/th> <td class=\"footnote_plugin_text\">M\u1ee5c 4689.1.<\/td><\/tr>\r\n\r\n <\/tbody> <\/table> <\/div><\/div><script type=\"text\/javascript\"> function footnote_expand_reference_container_1667_1() { jQuery('#footnote_references_container_1667_1').show(); jQuery('#footnote_reference_container_collapse_button_1667_1').text('\u2212'); } function footnote_collapse_reference_container_1667_1() { jQuery('#footnote_references_container_1667_1').hide(); jQuery('#footnote_reference_container_collapse_button_1667_1').text('+'); } function footnote_expand_collapse_reference_container_1667_1() { if (jQuery('#footnote_references_container_1667_1').is(':hidden')) { footnote_expand_reference_container_1667_1(); } else { footnote_collapse_reference_container_1667_1(); } } function footnote_moveToReference_1667_1(p_str_TargetID) { footnote_expand_reference_container_1667_1(); var l_obj_Target = jQuery('#' + p_str_TargetID); if (l_obj_Target.length) { jQuery( 'html, body' ).delay( 0 ); jQuery('html, body').animate({ scrollTop: l_obj_Target.offset().top - window.innerHeight * 0.2 }, 380); } } function footnote_moveToAnchor_1667_1(p_str_TargetID) { footnote_expand_reference_container_1667_1(); var l_obj_Target = jQuery('#' + p_str_TargetID); if (l_obj_Target.length) { jQuery( 'html, body' ).delay( 0 ); jQuery('html, body').animate({ scrollTop: l_obj_Target.offset().top - window.innerHeight * 0.2 }, 380); } }<\/script>","protected":false},"excerpt":{"rendered":"<p>C\u00f3. M\u1ecdi ng\u01b0\u1eddi \u0111\u1ec1u c\u00f3 quy\u1ec1n \u0111\u01b0\u1ee3c s\u1ed1ng v\u00e0 nh\u1eadn c\u00e1c d\u1ecbch v\u1ee5 trong m\u00f4i tr\u01b0\u1eddng h\u00f2a nh\u1eadp nh\u1ea5t, \u00edt h\u1ea1n ch\u1ebf nh\u1ea5t d\u1ef1a tr\u00ean&hellip;<\/p>\n","protected":false},"author":1,"featured_media":0,"parent":1650,"menu_order":2,"comment_status":"closed","ping_status":"closed","template":"","meta":{"footnotes":""},"class_list":["post-1667","page","type-page","status-publish","hentry"],"_links":{"self":[{"href":"https:\/\/rula.disabilityrightsca.org\/vi\/wp-json\/wp\/v2\/pages\/1667","targetHints":{"allow":["GET"]}}],"collection":[{"href":"https:\/\/rula.disabilityrightsca.org\/vi\/wp-json\/wp\/v2\/pages"}],"about":[{"href":"https:\/\/rula.disabilityrightsca.org\/vi\/wp-json\/wp\/v2\/types\/page"}],"author":[{"embeddable":true,"href":"https:\/\/rula.disabilityrightsca.org\/vi\/wp-json\/wp\/v2\/users\/1"}],"replies":[{"embeddable":true,"href":"https:\/\/rula.disabilityrightsca.org\/vi\/wp-json\/wp\/v2\/comments?post=1667"}],"version-history":[{"count":4,"href":"https:\/\/rula.disabilityrightsca.org\/vi\/wp-json\/wp\/v2\/pages\/1667\/revisions"}],"predecessor-version":[{"id":3160,"href":"https:\/\/rula.disabilityrightsca.org\/vi\/wp-json\/wp\/v2\/pages\/1667\/revisions\/3160"}],"up":[{"embeddable":true,"href":"https:\/\/rula.disabilityrightsca.org\/vi\/wp-json\/wp\/v2\/pages\/1650"}],"wp:attachment":[{"href":"https:\/\/rula.disabilityrightsca.org\/vi\/wp-json\/wp\/v2\/media?parent=1667"}],"curies":[{"name":"wp","href":"https:\/\/api.w.org\/{rel}","templated":true}]}}