{"id":1662,"date":"2021-09-02T22:16:31","date_gmt":"2021-09-02T22:16:31","guid":{"rendered":"http:\/\/www.rula.disabilityrightsca.org\/vi\/?page_id=1662"},"modified":"2022-04-22T18:14:15","modified_gmt":"2022-04-22T18:14:15","slug":"8-1-do-i-have-to-live-in-an-institution","status":"publish","type":"page","link":"https:\/\/rula.disabilityrightsca.org\/vi\/rula-book\/chapter-8-how-to-stay-out-of-an-institution\/8-1-do-i-have-to-live-in-an-institution\/","title":{"rendered":"(8.1) T\u00f4i c\u00f3 ph\u1ea3i s\u1ed1ng trong c\u01a1 s\u1edf n\u1ed9i tr\u00fa kh\u00f4ng?"},"content":{"rendered":"\n<p>Kh\u00f4ng. \u0110\u1ea1o Lu\u1eadt Lanterman trao cho qu\u00fd v\u1ecb quy\u1ec1n nh\u1eadn c\u00e1c d\u1ecbch v\u1ee5 v\u00e0 s\u1ef1 h\u1ed7 tr\u1ee3 qu\u00fd v\u1ecb c\u1ea7n \u0111\u1ec3 \u1edf l\u1ea1i trong c\u1ed9ng \u0111\u1ed3ng. Qu\u00fd v\u1ecb c\u0169ng c\u00f3 quy\u1ec1n nh\u1eadn c\u00e1c d\u1ecbch v\u1ee5 v\u00e0 s\u1ef1 h\u1ed7 tr\u1ee3 n\u00e0y \u201ctrong m\u00f4i tr\u01b0\u1eddng \u00edt h\u1ea1n ch\u1ebf nh\u1ea5t\u201d (least restrictive environment, LRE). <span class=\"footnote_referrer\"><a role=\"button\" tabindex=\"0\" onclick=\"footnote_moveToReference_1662_1('footnote_plugin_reference_1662_1_1');\" onkeypress=\"footnote_moveToReference_1662_1('footnote_plugin_reference_1662_1_1');\" ><sup id=\"footnote_plugin_tooltip_1662_1_1\" class=\"footnote_plugin_tooltip_text\">[1]<\/sup><\/a><span id=\"footnote_plugin_tooltip_text_1662_1_1\" class=\"footnote_tooltip\">C\u00e1c M\u1ee5c 4501 v\u00e0 4502(b)(1).<\/span><\/span><script type=\"text\/javascript\"> jQuery('#footnote_plugin_tooltip_1662_1_1').tooltip({ tip: '#footnote_plugin_tooltip_text_1662_1_1', tipClass: 'footnote_tooltip', effect: 'fade', predelay: 0, fadeInSpeed: 200, delay: 400, fadeOutSpeed: 200, position: 'top center', relative: true, offset: [-7, 0], });<\/script><\/p>\n\n\n\n<p>Theo T\u00f2a \u00c1n T\u1ed1i Cao California, c\u00e1c m\u1ee5c \u0111\u00edch c\u1ee7a \u0110\u1ea1o Lu\u1eadt Lanterman l\u00e0 nh\u1eb1m:<\/p>\n\n\n\n<ul class=\"wp-block-list\"><li>Tr\u00e1nh \u0111\u1ec3 ng\u01b0\u1eddi b\u1ecb khuy\u1ebft t\u1eadt v\u1ec1 ph\u00e1t tri\u1ec3n ph\u1ea3i v\u00e0o \u1edf c\u00e1c c\u01a1 s\u1edf n\u1ed9i tr\u00fah\u1ebft m\u1ee9c c\u00f3 th\u1ec3 v\u00e0 tr\u00e1nh vi\u1ec7c t\u00e1ch r\u1eddi h\u1ecd kh\u1ecfi gia \u0111\u00ecnh v\u00e0 c\u1ed9ng \u0111\u1ed3ng,<\/li><li>Cho ph\u00e9p nh\u1eefng ng\u01b0\u1eddi b\u1ecb khuy\u1ebft t\u1eadt v\u1ec1 ph\u00e1t tri\u1ec3n s\u1ed1ng nh\u01b0 ng\u01b0\u1eddi c\u00f9ng tu\u1ed5i kh\u00f4ng b\u1ecb khuy\u1ebft t\u1eadt, v\u00e0<\/li><li>Tr\u1ee3 gi\u00fap nh\u1eefng ng\u01b0\u1eddi b\u1ecb khuy\u1ebft t\u1eadt v\u1ec1 ph\u00e1t tri\u1ec3n s\u1ed1ng \u0111\u1ed9c l\u1eadp v\u00e0 c\u00f3 \u00edch h\u01a1n trong c\u1ed9ng \u0111\u1ed3ng c\u1ee7a h\u1ecd. <span class=\"footnote_referrer\"><a role=\"button\" tabindex=\"0\" onclick=\"footnote_moveToReference_1662_1('footnote_plugin_reference_1662_1_2');\" onkeypress=\"footnote_moveToReference_1662_1('footnote_plugin_reference_1662_1_2');\" ><sup id=\"footnote_plugin_tooltip_1662_1_2\" class=\"footnote_plugin_tooltip_text\">[2]<\/sup><\/a><span id=\"footnote_plugin_tooltip_text_1662_1_2\" class=\"footnote_tooltip\"><em>Hi\u1ec7p H\u1ed9i D\u00e0nh Cho C\u00f4ng D\u00e2n Ch\u1eadm Ph\u00e1t Tri\u1ec3n California ki\u1ec7n S\u1edf D\u1ecbch V\u1ee5 Ph\u00e1t Tri\u1ec3n,<\/em>&nbsp;38 B\u00e1o C\u00e1o C\u1ee7a California s\u1ed1 3 384, 388 (1985).<\/span><\/span><script type=\"text\/javascript\"> jQuery('#footnote_plugin_tooltip_1662_1_2').tooltip({ tip: '#footnote_plugin_tooltip_text_1662_1_2', tipClass: 'footnote_tooltip', effect: 'fade', predelay: 0, fadeInSpeed: 200, delay: 400, fadeOutSpeed: 200, position: 'top center', relative: true, offset: [-7, 0], });<\/script><\/li><\/ul>\n\n\n\n<p>T\u00f2a \u00c1n T\u1ed1i Cao Hoa K\u1ef3 c\u0169ng \u0111\u1ec1 c\u1eadp \u0111\u1ebfn quy\u1ec1n c\u1ee7a nh\u1eefng ng\u01b0\u1eddi khuy\u1ebft t\u1eadt \u0111\u01b0\u1ee3c nh\u1eadn c\u00e1c d\u1ecbch v\u1ee5 v\u00e0 s\u1ef1 h\u1ed7 tr\u1ee3 trong m\u00f4i tr\u01b0\u1eddng \u00edt h\u1ea1n ch\u1ebf nh\u1ea5t. T\u00f2a cho r\u1eb1ng vi\u1ec7c bu\u1ed9c m\u1ed9t ng\u01b0\u1eddi b\u1ecb khuy\u1ebft t\u1eadt s\u1ed1ng trong c\u01a1 s\u1edf n\u1ed9i tr\u00fa khi h\u1ecd kh\u00f4ng c\u1ea7n l\u00e0 m\u1ed9t h\u00ecnh th\u1ee9c ph\u00e2n bi\u1ec7t \u0111\u1ed1i x\u1eed b\u1ea5t h\u1ee3p ph\u00e1p v\u1ec1 t\u00ecnh tr\u1ea1ng khuy\u1ebft t\u1eadt. <span class=\"footnote_referrer\"><a role=\"button\" tabindex=\"0\" onclick=\"footnote_moveToReference_1662_1('footnote_plugin_reference_1662_1_3');\" onkeypress=\"footnote_moveToReference_1662_1('footnote_plugin_reference_1662_1_3');\" ><sup id=\"footnote_plugin_tooltip_1662_1_3\" class=\"footnote_plugin_tooltip_text\">[3]<\/sup><\/a><span id=\"footnote_plugin_tooltip_text_1662_1_3\" class=\"footnote_tooltip\"><em>Olmstead ki\u1ec7n L.C.<\/em>&nbsp;(1999) 527 U.S. 581.<\/span><\/span><script type=\"text\/javascript\"> jQuery('#footnote_plugin_tooltip_1662_1_3').tooltip({ tip: '#footnote_plugin_tooltip_text_1662_1_3', tipClass: 'footnote_tooltip', effect: 'fade', predelay: 0, fadeInSpeed: 200, delay: 400, fadeOutSpeed: 200, position: 'top center', relative: true, offset: [-7, 0], });<\/script> \u0110\u1ea1o Lu\u1eadt Ng\u01b0\u1eddi M\u1ef9 Khuy\u1ebft T\u1eadt c\u00f3 m\u1ed9t \u201cch\u1ec9 th\u1ecb h\u00f2a nh\u1eadp\u201d. <span class=\"footnote_referrer\"><a role=\"button\" tabindex=\"0\" onclick=\"footnote_moveToReference_1662_1('footnote_plugin_reference_1662_1_4');\" onkeypress=\"footnote_moveToReference_1662_1('footnote_plugin_reference_1662_1_4');\" ><sup id=\"footnote_plugin_tooltip_1662_1_4\" class=\"footnote_plugin_tooltip_text\">[4]<\/sup><\/a><span id=\"footnote_plugin_tooltip_text_1662_1_4\" class=\"footnote_tooltip\">Ti\u00eau \u0110\u1ec1 28 B\u1ed9 Lu\u1ead\u0323t C\u00e1c Quy \u0110\u1ecbnh Li\u00ean Bang m\u1ee5c 35.130(d).<\/span><\/span><script type=\"text\/javascript\"> jQuery('#footnote_plugin_tooltip_1662_1_4').tooltip({ tip: '#footnote_plugin_tooltip_text_1662_1_4', tipClass: 'footnote_tooltip', effect: 'fade', predelay: 0, fadeInSpeed: 200, delay: 400, fadeOutSpeed: 200, position: 'top center', relative: true, offset: [-7, 0], });<\/script> Theo \u201cch\u1ec9 th\u1ecb h\u00f2a nh\u1eadp\u201d n\u00e0y, c\u01a1 quan c\u00f4ng ph\u1ea3i th\u1ef1c hi\u1ec7n c\u00e1c d\u1ecbch v\u1ee5, ch\u01b0\u01a1ng tr\u00ecnh v\u00e0 ho\u1ea1t \u0111\u1ed9ng c\u1ee7a h\u1ecd trong m\u00f4i tr\u01b0\u1eddng h\u00f2a nh\u1eadp nh\u1ea5t cho nhu c\u1ea7u c\u1ee7a ng\u01b0\u1eddi khuy\u1ebft t\u1eadt. Trong v\u1ee5&nbsp;<em>Olmstead ki\u1ec7n L.C.<\/em>, m\u00f4i tr\u01b0\u1eddng h\u00f2a nh\u1eadp nh\u1ea5t cho ng\u01b0\u1eddi li\u00ean quan l\u00e0 ch\u01b0\u01a1ng tr\u00ecnh d\u1ef1a tr\u00ean c\u1ed9ng \u0111\u1ed3ng v\u00e0 kh\u00f4ng ph\u1ea3i l\u00e0 c\u01a1 s\u1edf n\u1ed9i tr\u00fa. \u1ede \u0111\u00f3, c\u01a1 quan c\u00f4ng, c\u00f3 tr\u00e1ch nhi\u1ec7m cung c\u1ea5p d\u1ecbch v\u1ee5, ph\u1ea3i c\u00e2n nh\u1eafc ch\u01b0\u01a1ng tr\u00ecnh nh\u01b0 v\u1eady thay v\u00ec m\u00f4i tr\u01b0\u1eddng c\u01a1 s\u1edf n\u1ed9i tr\u00fa.<\/p>\n<div class=\"speaker-mute footnotes_reference_container\"> <div class=\"footnote_container_prepare\"><p><span role=\"button\" tabindex=\"0\" class=\"footnote_reference_container_label pointer\" onclick=\"footnote_expand_collapse_reference_container_1662_1();\">&#x202F;<\/span><span role=\"button\" tabindex=\"0\" class=\"footnote_reference_container_collapse_button\" style=\"display: none;\" onclick=\"footnote_expand_collapse_reference_container_1662_1();\">[<a id=\"footnote_reference_container_collapse_button_1662_1\">+<\/a>]<\/span><\/p><\/div> <div id=\"footnote_references_container_1662_1\" style=\"\"><table class=\"footnotes_table footnote-reference-container\"><caption class=\"accessibility\">References<\/caption> <tbody> \r\n\r\n<tr class=\"footnotes_plugin_reference_row\"> <th scope=\"row\" class=\"footnote_plugin_index_combi pointer\"  onclick=\"footnote_moveToAnchor_1662_1('footnote_plugin_tooltip_1662_1_1');\"><a id=\"footnote_plugin_reference_1662_1_1\" class=\"footnote_backlink\"><span class=\"footnote_index_arrow\">&#8593;<\/span>1<\/a><\/th> <td class=\"footnote_plugin_text\">C\u00e1c M\u1ee5c 4501 v\u00e0 4502(b)(1).<\/td><\/tr>\r\n\r\n<tr class=\"footnotes_plugin_reference_row\"> <th scope=\"row\" class=\"footnote_plugin_index_combi pointer\"  onclick=\"footnote_moveToAnchor_1662_1('footnote_plugin_tooltip_1662_1_2');\"><a id=\"footnote_plugin_reference_1662_1_2\" class=\"footnote_backlink\"><span class=\"footnote_index_arrow\">&#8593;<\/span>2<\/a><\/th> <td class=\"footnote_plugin_text\"><em>Hi\u1ec7p H\u1ed9i D\u00e0nh Cho C\u00f4ng D\u00e2n Ch\u1eadm Ph\u00e1t Tri\u1ec3n California ki\u1ec7n S\u1edf D\u1ecbch V\u1ee5 Ph\u00e1t Tri\u1ec3n,<\/em>&nbsp;38 B\u00e1o C\u00e1o C\u1ee7a California s\u1ed1 3 384, 388 (1985).<\/td><\/tr>\r\n\r\n<tr class=\"footnotes_plugin_reference_row\"> <th scope=\"row\" class=\"footnote_plugin_index_combi pointer\"  onclick=\"footnote_moveToAnchor_1662_1('footnote_plugin_tooltip_1662_1_3');\"><a id=\"footnote_plugin_reference_1662_1_3\" class=\"footnote_backlink\"><span class=\"footnote_index_arrow\">&#8593;<\/span>3<\/a><\/th> <td class=\"footnote_plugin_text\"><em>Olmstead ki\u1ec7n L.C.<\/em>&nbsp;(1999) 527 U.S. 581.<\/td><\/tr>\r\n\r\n<tr class=\"footnotes_plugin_reference_row\"> <th scope=\"row\" class=\"footnote_plugin_index_combi pointer\"  onclick=\"footnote_moveToAnchor_1662_1('footnote_plugin_tooltip_1662_1_4');\"><a id=\"footnote_plugin_reference_1662_1_4\" class=\"footnote_backlink\"><span class=\"footnote_index_arrow\">&#8593;<\/span>4<\/a><\/th> <td class=\"footnote_plugin_text\">Ti\u00eau \u0110\u1ec1 28 B\u1ed9 Lu\u1ead\u0323t C\u00e1c Quy \u0110\u1ecbnh Li\u00ean Bang m\u1ee5c 35.130(d).<\/td><\/tr>\r\n\r\n <\/tbody> <\/table> <\/div><\/div><script type=\"text\/javascript\"> function footnote_expand_reference_container_1662_1() { jQuery('#footnote_references_container_1662_1').show(); jQuery('#footnote_reference_container_collapse_button_1662_1').text('\u2212'); } function footnote_collapse_reference_container_1662_1() { jQuery('#footnote_references_container_1662_1').hide(); jQuery('#footnote_reference_container_collapse_button_1662_1').text('+'); } function footnote_expand_collapse_reference_container_1662_1() { if (jQuery('#footnote_references_container_1662_1').is(':hidden')) { footnote_expand_reference_container_1662_1(); } else { footnote_collapse_reference_container_1662_1(); } } function footnote_moveToReference_1662_1(p_str_TargetID) { footnote_expand_reference_container_1662_1(); var l_obj_Target = jQuery('#' + p_str_TargetID); if (l_obj_Target.length) { jQuery( 'html, body' ).delay( 0 ); jQuery('html, body').animate({ scrollTop: l_obj_Target.offset().top - window.innerHeight * 0.2 }, 380); } } function footnote_moveToAnchor_1662_1(p_str_TargetID) { footnote_expand_reference_container_1662_1(); var l_obj_Target = jQuery('#' + p_str_TargetID); if (l_obj_Target.length) { jQuery( 'html, body' ).delay( 0 ); jQuery('html, body').animate({ scrollTop: l_obj_Target.offset().top - window.innerHeight * 0.2 }, 380); } }<\/script>","protected":false},"excerpt":{"rendered":"<p>Kh\u00f4ng. \u0110\u1ea1o Lu\u1eadt Lanterman trao cho qu\u00fd v\u1ecb quy\u1ec1n nh\u1eadn c\u00e1c d\u1ecbch v\u1ee5 v\u00e0 s\u1ef1 h\u1ed7 tr\u1ee3 qu\u00fd v\u1ecb c\u1ea7n \u0111\u1ec3 \u1edf l\u1ea1i trong c\u1ed9ng&hellip;<\/p>\n","protected":false},"author":1,"featured_media":0,"parent":1650,"menu_order":1,"comment_status":"closed","ping_status":"closed","template":"","meta":{"footnotes":""},"class_list":["post-1662","page","type-page","status-publish","hentry"],"_links":{"self":[{"href":"https:\/\/rula.disabilityrightsca.org\/vi\/wp-json\/wp\/v2\/pages\/1662","targetHints":{"allow":["GET"]}}],"collection":[{"href":"https:\/\/rula.disabilityrightsca.org\/vi\/wp-json\/wp\/v2\/pages"}],"about":[{"href":"https:\/\/rula.disabilityrightsca.org\/vi\/wp-json\/wp\/v2\/types\/page"}],"author":[{"embeddable":true,"href":"https:\/\/rula.disabilityrightsca.org\/vi\/wp-json\/wp\/v2\/users\/1"}],"replies":[{"embeddable":true,"href":"https:\/\/rula.disabilityrightsca.org\/vi\/wp-json\/wp\/v2\/comments?post=1662"}],"version-history":[{"count":4,"href":"https:\/\/rula.disabilityrightsca.org\/vi\/wp-json\/wp\/v2\/pages\/1662\/revisions"}],"predecessor-version":[{"id":3159,"href":"https:\/\/rula.disabilityrightsca.org\/vi\/wp-json\/wp\/v2\/pages\/1662\/revisions\/3159"}],"up":[{"embeddable":true,"href":"https:\/\/rula.disabilityrightsca.org\/vi\/wp-json\/wp\/v2\/pages\/1650"}],"wp:attachment":[{"href":"https:\/\/rula.disabilityrightsca.org\/vi\/wp-json\/wp\/v2\/media?parent=1662"}],"curies":[{"name":"wp","href":"https:\/\/api.w.org\/{rel}","templated":true}]}}