{"id":1644,"date":"2021-07-07T18:39:49","date_gmt":"2021-07-07T18:39:49","guid":{"rendered":"http:\/\/www.rula.disabilityrightsca.org\/vi\/?page_id=1644"},"modified":"2024-01-02T21:31:20","modified_gmt":"2024-01-02T21:31:20","slug":"supplement-l-how-to-interview-a-supported-living-agency","status":"publish","type":"page","link":"https:\/\/rula.disabilityrightsca.org\/vi\/supplements\/supplement-l-how-to-interview-a-supported-living-agency\/","title":{"rendered":"Ph\u1ee5 L\u1ee5c L: C\u00e1ch Ph\u1ecfng V\u1ea5n C\u01a1 Quan H\u1ed7 Tr\u1ee3 \u0110\u1eddi S\u1ed1ng"},"content":{"rendered":"\n<p>C\u01a1 quan h\u1ed7 tr\u1ee3 \u0111\u1eddi s\u1ed1ng c\u00f3 th\u1ec3 cung c\u1ea5p c\u00e1c d\u1ecbch v\u1ee5 c\u1ea7n thi\u1ebft \u0111\u1ec3 qu\u00fd v\u1ecb s\u1ed1ng \u0111\u1ed9c l\u1eadp. Tr\u01b0\u1edbc khi ch\u1ecdn m\u1ed9t c\u01a1 quan, h\u00e3y \u0111\u1ea3m b\u1ea3o h\u1ecd hi\u1ec3u nhu c\u1ea7u c\u1ee7a qu\u00fd v\u1ecb v\u00e0 c\u00f3 th\u1ec3 cung c\u1ea5p c\u00e1c d\u1ecbch v\u1ee5 c\u1ea7n thi\u1ebft \u0111\u1ec3 qu\u00fd v\u1ecb s\u1ed1ng \u0111\u1ed9c l\u1eadp.<\/p>\n\n\n\n<p>Qu\u00fd v\u1ecb c\u00f3 th\u1ec3 b\u1eaft \u0111\u1ea7u b\u1eb1ng c\u00e1ch n\u00f3i r\u1eb1ng:\u201c<em>T\u00f4i mu\u1ed1n bi\u1ebft nhi\u1ec1u h\u01a1n v\u1ec1 qu\u00fd c\u01a1 quan. Ch\u00fang ta c\u00f3 th\u1ec3 b\u1ed1 tr\u00ed th\u1eddi gian \u0111\u1ec3 t\u00f4i g\u1ecdi \u0111i\u1ec7n ho\u1eb7c gh\u00e9 th\u0103m v\u00e0 \u0111\u1eb7t m\u1ed9t s\u1ed1 c\u00e2u h\u1ecfi \u0111\u01b0\u1ee3c kh\u00f4ng?<\/em>\u201d<\/p>\n\n\n\n<h3 class=\"wp-block-heading\"><strong>C\u00e1c C\u00e2u H\u1ecfi M\u1eabu<\/strong><\/h3>\n\n\n\n<ul class=\"wp-block-list\">\n<li>Qu\u00fd c\u01a1 quan c\u00f3 th\u1ec3 cung c\u1ea5p nh\u1eefng d\u1ecbch v\u1ee5 n\u00e0o \u0111\u1ec3 gi\u00fap t\u00f4i s\u1ed1ng \u0111\u1ed9c l\u1eadp?<\/li>\n\n\n\n<li>Qu\u00fd c\u01a1 quan c\u00f3 th\u1ec3 gi\u00fap t\u00f4i tr\u1edf n\u00ean n\u0103ng \u0111\u1ed9ng trong c\u00e1c ho\u1ea1t \u0111\u1ed9ng c\u1ed9ng \u0111\u1ed3ng b\u1eb1ng c\u00e1ch n\u00e0o?<\/li>\n\n\n\n<li>T\u00f4i mu\u1ed1n s\u1ed1ng \u1edf ________. Qu\u00fd c\u01a1 quan c\u00f3 th\u1ec3 gi\u00fap t\u00f4i s\u1ed1ng \u1edf \u0111\u00f3 b\u1eb1ng c\u00e1ch n\u00e0o?<\/li>\n\n\n\n<li>T\u00f4i th\u00edch ________ (v\u00ed d\u1ee5: khi\u00eau v\u0169, nu\u00f4i th\u00fa c\u01b0ng). Qu\u00fd c\u01a1 quan c\u00f3 th\u1ec3 gi\u00fap t\u00f4i l\u00e0m \u0111i\u1ec1u \u0111\u00f3 b\u1eb1ng c\u00e1ch n\u00e0o?<\/li>\n\n\n\n<li>Bao l\u00e2u th\u00ec qu\u00fd c\u01a1 quan c\u00f3 th\u1ec3 b\u1eaft \u0111\u1ea7u l\u00e0m vi\u1ec7c v\u1edbi t\u00f4i?<\/li>\n\n\n\n<li>Vui l\u00f2ng cho t\u00f4i bi\u1ebft v\u1ec1 nh\u00e2n vi\u00ean s\u1ebd tr\u1ee3 gi\u00fap t\u00f4i?<\/li>\n\n\n\n<li>T\u00f4i c\u00f3 th\u1ec3 ch\u1ecdn nh\u00e2n vi\u00ean m\u00e0 m\u00ecnh mu\u1ed1n l\u00e0m vi\u1ec7c c\u00f9ng kh\u00f4ng?<\/li>\n\n\n\n<li>T\u00f4i n\u00ean g\u1ecdi ai khi c\u1ea7n s\u1ef1 tr\u1ee3 gi\u00fap v\u00e0o ban \u0111\u00eam ho\u1eb7c cu\u1ed1i tu\u1ea7n?<\/li>\n\n\n\n<li>Qu\u00fd c\u01a1 quan \u0111\u00e3 bao gi\u1edd d\u1eebng d\u1ecbch v\u1ee5 h\u1ed7 tr\u1ee3 c\u1ee7a ai \u0111\u00f3 ch\u01b0a? T\u1ea1i sao?<\/li>\n\n\n\n<li>Qu\u00fd c\u01a1 quan mong mu\u1ed1n \u0111i\u1ec1u g\u00ec \u1edf t\u00f4i?<\/li>\n\n\n\n<li>Tri\u1ebft l\u00fd hay \u201ctuy\u00ean b\u1ed1 s\u1ee9 m\u1ec7nh\u201d c\u1ee7a qu\u00fd c\u01a1 quan l\u00e0 g\u00ec?<\/li>\n\n\n\n<li>Qu\u00fd c\u01a1 quan tr\u1ee3 gi\u00fap bao nhi\u00eau ng\u01b0\u1eddi kh\u00e1c?<\/li>\n\n\n\n<li>Qu\u00fd v\u1ecb c\u00f3 mu\u1ed1n t\u00f4i bi\u1ebft th\u00eam \u0111i\u1ec1u g\u00ec kh\u00e1c v\u1ec1 qu\u00fd c\u01a1 quan kh\u00f4ng?<\/li>\n\n\n\n<li>Qu\u00fd c\u01a1 quan c\u00f3 th\u1ec3 cung c\u1ea5p cho t\u00f4i t\u00ean v\u00e0 s\u1ed1 \u0111i\u1ec7n tho\u1ea1i c\u1ee7a nh\u1eefng ng\u01b0\u1eddi kh\u00e1c m\u00e0 qu\u00fd c\u01a1 quan \u0111\u00e3 tr\u1ee3 gi\u00fap \u0111\u1ec3 t\u00f4i c\u00f3 th\u1ec3 n\u00f3i chuy\u1ec7n v\u1edbi h\u1ecd kh\u00f4ng?<\/li>\n<\/ul>\n\n\n\n<p>Sau khi trao \u0111\u1ed5i v\u1edbi c\u01a1 quan, qu\u00fd v\u1ecb h\u00e3y h\u1ecfi&nbsp;<strong>b\u1ea3n th\u00e2n<\/strong>&nbsp;c\u00e1c c\u00e2u h\u1ecfi n\u00e0y \u0111\u1ec3 gi\u00fap quy\u1ebft \u0111\u1ecbnh c\u01a1 quan ph\u00f9 h\u1ee3p nh\u1ea5t v\u1edbi qu\u00fd v\u1ecb.<\/p>\n\n\n\n<ul class=\"wp-block-list\">\n<li>Qu\u00fd v\u1ecb th\u00edch \u0111i\u1ec1u g\u00ec \u1edf c\u01a1 quan n\u00e0y?<\/li>\n\n\n\n<li>Qu\u00fd v\u1ecb kh\u00f4ng th\u00edch ho\u1eb7c c\u1ea3m th\u1ea5y lo l\u1eafng v\u1ec1 \u0111i\u1ec1u g\u00ec?&nbsp;<\/li>\n\n\n\n<li>Qu\u00fd v\u1ecb c\u00f3 c\u00e2u n\u00e0o kh\u00e1c mu\u1ed1n h\u1ecfi h\u1ecd kh\u00f4ng?<\/li>\n<\/ul>\n","protected":false},"excerpt":{"rendered":"<p>C\u01a1 quan h\u1ed7 tr\u1ee3 \u0111\u1eddi s\u1ed1ng c\u00f3 th\u1ec3 cung c\u1ea5p c\u00e1c d\u1ecbch v\u1ee5 c\u1ea7n thi\u1ebft \u0111\u1ec3 qu\u00fd v\u1ecb s\u1ed1ng \u0111\u1ed9c l\u1eadp. Tr\u01b0\u1edbc khi ch\u1ecdn m\u1ed9t&hellip;<\/p>\n","protected":false},"author":1,"featured_media":0,"parent":1638,"menu_order":13,"comment_status":"closed","ping_status":"closed","template":"","meta":{"footnotes":""},"class_list":["post-1644","page","type-page","status-publish","hentry"],"_links":{"self":[{"href":"https:\/\/rula.disabilityrightsca.org\/vi\/wp-json\/wp\/v2\/pages\/1644","targetHints":{"allow":["GET"]}}],"collection":[{"href":"https:\/\/rula.disabilityrightsca.org\/vi\/wp-json\/wp\/v2\/pages"}],"about":[{"href":"https:\/\/rula.disabilityrightsca.org\/vi\/wp-json\/wp\/v2\/types\/page"}],"author":[{"embeddable":true,"href":"https:\/\/rula.disabilityrightsca.org\/vi\/wp-json\/wp\/v2\/users\/1"}],"replies":[{"embeddable":true,"href":"https:\/\/rula.disabilityrightsca.org\/vi\/wp-json\/wp\/v2\/comments?post=1644"}],"version-history":[{"count":5,"href":"https:\/\/rula.disabilityrightsca.org\/vi\/wp-json\/wp\/v2\/pages\/1644\/revisions"}],"predecessor-version":[{"id":3829,"href":"https:\/\/rula.disabilityrightsca.org\/vi\/wp-json\/wp\/v2\/pages\/1644\/revisions\/3829"}],"up":[{"embeddable":true,"href":"https:\/\/rula.disabilityrightsca.org\/vi\/wp-json\/wp\/v2\/pages\/1638"}],"wp:attachment":[{"href":"https:\/\/rula.disabilityrightsca.org\/vi\/wp-json\/wp\/v2\/media?parent=1644"}],"curies":[{"name":"wp","href":"https:\/\/api.w.org\/{rel}","templated":true}]}}