{"id":1638,"date":"2021-07-07T17:56:58","date_gmt":"2021-07-07T17:56:58","guid":{"rendered":"http:\/\/www.rula.disabilityrightsca.org\/vi\/?page_id=1638"},"modified":"2022-06-23T20:43:15","modified_gmt":"2022-06-23T20:43:15","slug":"supplements","status":"publish","type":"page","link":"https:\/\/rula.disabilityrightsca.org\/vi\/supplements\/","title":{"rendered":"Ph\u1ee5 L\u1ee5c"},"content":{"rendered":"\n<p><div class=\"print-fullchapter-wrap\"><div class=\"print-fullchapter\"><a href=\"https:\/\/rula.disabilityrightsca.org\/vi\/supplements-print\/\">In to\u00e0n b\u1ed9 ch\u01b0\u01a1ng<\/a><\/div><\/div><\/p>\n\n\n<div class=\"menu-supplements-container\"><ul id=\"menu-supplements\" class=\"menu\"><li id=\"menu-item-1865\" class=\"menu-item menu-item-type-post_type menu-item-object-page menu-item-1865\"><a href=\"https:\/\/rula.disabilityrightsca.org\/vi\/supplements\/supplement-a-common-terms-and-abbreviations\/\">Ph\u1ee5 L\u1ee5c A: Thu\u1eadt Ng\u1eef v\u00e0 T\u1eeb Vi\u1ebft T\u1eaft Chung<\/a><\/li>\n<li id=\"menu-item-1871\" class=\"menu-item menu-item-type-post_type menu-item-object-page menu-item-1871\"><a href=\"https:\/\/rula.disabilityrightsca.org\/vi\/supplements\/supplement-b-the-law-gives-you-rights\/\">Ph\u1ee5 L\u1ee5c B: Lu\u1eadt Trao Cho Qu\u00fd V\u1ecb Quy\u1ec1n<\/a><\/li>\n<li id=\"menu-item-1848\" class=\"menu-item menu-item-type-post_type menu-item-object-page menu-item-1848\"><a href=\"https:\/\/rula.disabilityrightsca.org\/vi\/supplements\/supplement-c-services-and-supports-provided-by-regional-centers\/\">Ph\u1ee5 L\u1ee5c C: D\u1ecbch V\u1ee5 v\u00e0 S\u1ef1 H\u1ed7 Tr\u1ee3 Do Trung T\u00e2m Khu V\u1ef1c Cung C\u1ea5p<\/a><\/li>\n<li id=\"menu-item-1852\" class=\"menu-item menu-item-type-post_type menu-item-object-page menu-item-1852\"><a href=\"https:\/\/rula.disabilityrightsca.org\/vi\/supplements\/supplement-d-list-of-records-regional-centers-may-ask-for-when-you-apply-for-services\/\">Ph\u1ee5 L\u1ee5c D: Danh S\u00e1ch H\u1ed3 S\u01a1 Trung T\u00e2m Khu V\u1ef1c C\u00f3 Th\u1ec3 Y\u00eau C\u1ea7u Khi Qu\u00fd V\u1ecb \u0110\u0103ng K\u00fd D\u1ecbch V\u1ee5<\/a><\/li>\n<li id=\"menu-item-1860\" class=\"menu-item menu-item-type-post_type menu-item-object-page menu-item-1860\"><a href=\"https:\/\/rula.disabilityrightsca.org\/vi\/supplements\/supplement-e-cognitive-disabilitiesefn_notethe-state-law-says-intellectual-disability-but-we-use-cognitive-disability-here-to-include-similar-conditions-use-t\/\">Ph\u1ee5 L\u1ee5c E: Khuy\u1ebft T\u1eadt Nh\u1eadn Th\u1ee9c<\/a><\/li>\n<li id=\"menu-item-1874\" class=\"menu-item menu-item-type-post_type menu-item-object-page menu-item-1874\"><a href=\"https:\/\/rula.disabilityrightsca.org\/vi\/supplements\/supplement-f-services-and-supports-for-people-with-cognitive-disabilities\/\">Ph\u1ee5 L\u1ee5c F: D\u1ecbch V\u1ee5 v\u00e0 S\u1ef1 H\u1ed7 Tr\u1ee3 cho Ng\u01b0\u1eddi Khuy\u1ebft T\u1eadt Nh\u1eadn Th\u1ee9c<\/a><\/li>\n<li id=\"menu-item-1800\" class=\"menu-item menu-item-type-post_type menu-item-object-page menu-item-1800\"><a href=\"https:\/\/rula.disabilityrightsca.org\/vi\/supplements\/supplement-g-inter-regional-center-transfer-guidelines\/\">Ph\u1ee5 L\u1ee5c G: H\u01b0\u1edbng D\u1eabn Chuy\u1ec3n Gi\u1eefa C\u00e1c Trung T\u00e2m Khu V\u1ef1c<\/a><\/li>\n<li id=\"menu-item-1633\" class=\"menu-item menu-item-type-post_type menu-item-object-page menu-item-1633\"><a href=\"https:\/\/rula.disabilityrightsca.org\/vi\/supplements\/supplement-h-how-to-get-regional-center-services-through-your-ipp\/\">Ph\u1ee5 L\u1ee5c H: C\u00e1ch Nh\u1eadn D\u1ecbch V\u1ee5 c\u1ee7a Trung T\u00e2m Khu V\u1ef1c qua IPP<\/a><\/li>\n<li id=\"menu-item-1946\" class=\"menu-item menu-item-type-post_type menu-item-object-page menu-item-1946\"><a href=\"https:\/\/rula.disabilityrightsca.org\/vi\/supplements\/supplement-i-ipp-meeting-planner\/\">Ph\u1ee5 L\u1ee5c I: Th\u00f4ng Tin Tr\u1ee3 Gi\u00fap L\u1eadp K\u1ebf Ho\u1ea1ch Cu\u1ed9c H\u1ecdp IPP<\/a><\/li>\n<li id=\"menu-item-1949\" class=\"menu-item menu-item-type-post_type menu-item-object-page menu-item-1949\"><a href=\"https:\/\/rula.disabilityrightsca.org\/vi\/supplements\/supplement-j-use-your-ipp-to-plan-for-community-activities\/\">Ph\u1ee5 L\u1ee5c J: S\u1eed D\u1ee5ng IPP \u0111\u1ec3 L\u1eadp K\u1ebf Ho\u1ea1ch cho C\u00e1c Ho\u1ea1t \u0110\u1ed9ng C\u1ed9ng \u0110\u1ed3ng<\/a><\/li>\n<li id=\"menu-item-1952\" class=\"menu-item menu-item-type-post_type menu-item-object-page menu-item-1952\"><a href=\"https:\/\/rula.disabilityrightsca.org\/vi\/supplements\/supplement-k-get-ready-for-your-childs-ipp-or-ifsp-meeting\/\">Ph\u1ee5 L\u1ee5c K: Chu\u1ea9n B\u1ecb cho Cu\u1ed9c H\u1ecdp IPP ho\u1eb7c IFSP c\u1ee7a Con Qu\u00fd V\u1ecb<\/a><\/li>\n<li id=\"menu-item-1646\" class=\"menu-item menu-item-type-post_type menu-item-object-page menu-item-1646\"><a href=\"https:\/\/rula.disabilityrightsca.org\/vi\/supplements\/supplement-l-how-to-interview-a-supported-living-agency\/\">Ph\u1ee5 L\u1ee5c L: C\u00e1ch Ph\u1ecfng V\u1ea5n C\u01a1 Quan H\u1ed7 Tr\u1ee3 \u0110\u1eddi S\u1ed1ng<\/a><\/li>\n<li id=\"menu-item-1956\" class=\"menu-item menu-item-type-post_type menu-item-object-page menu-item-1956\"><a href=\"https:\/\/rula.disabilityrightsca.org\/vi\/supplements\/supplement-m-prepare-to-negotiate-with-the-regional-center-or-other-agency\/\">Ph\u1ee5 L\u1ee5c M: Chu\u1ea9n B\u1ecb Th\u01b0\u01a1ng L\u01b0\u1ee3ng v\u1edbi Trung T\u00e2m Khu V\u1ef1c ho\u1eb7c C\u01a1 Quan Kh\u00e1c<\/a><\/li>\n<li id=\"menu-item-2240\" class=\"menu-item menu-item-type-post_type menu-item-object-page menu-item-2240\"><a href=\"https:\/\/rula.disabilityrightsca.org\/vi\/supplements\/supplement-n-fair-hearing-flow-chart\/\">Ph\u1ee5 L\u1ee5c N: B\u1ed5 sung N \u2013 Bi\u1ec3u \u0111\u1ed3 thay \u0111\u1ed5i quy tr\u00ecnh kh\u00e1ng c\u00e1o \u2013 Lu\u1eadt c\u0169 so v\u1edbi Lu\u1eadt m\u1edbi<\/a><\/li>\n<li id=\"menu-item-2053\" class=\"menu-item menu-item-type-post_type menu-item-object-page menu-item-2053\"><a href=\"https:\/\/rula.disabilityrightsca.org\/vi\/supplements\/supplement-o-how-to-file-a-section-4731-complaint\/\">Ph\u1ee5 L\u1ee5c O: C\u00e1ch N\u1ed9p \u0110\u01a1n Khi\u1ebfu N\u1ea1i M\u1ee5c 4731<\/a><\/li>\n<\/ul><\/div>\n","protected":false},"excerpt":{"rendered":"<p>In to\u00e0n b\u1ed9 ch\u01b0\u01a1ng<\/p>\n","protected":false},"author":1,"featured_media":0,"parent":0,"menu_order":0,"comment_status":"closed","ping_status":"closed","template":"","meta":{"footnotes":""},"class_list":["post-1638","page","type-page","status-publish","hentry"],"_links":{"self":[{"href":"https:\/\/rula.disabilityrightsca.org\/vi\/wp-json\/wp\/v2\/pages\/1638","targetHints":{"allow":["GET"]}}],"collection":[{"href":"https:\/\/rula.disabilityrightsca.org\/vi\/wp-json\/wp\/v2\/pages"}],"about":[{"href":"https:\/\/rula.disabilityrightsca.org\/vi\/wp-json\/wp\/v2\/types\/page"}],"author":[{"embeddable":true,"href":"https:\/\/rula.disabilityrightsca.org\/vi\/wp-json\/wp\/v2\/users\/1"}],"replies":[{"embeddable":true,"href":"https:\/\/rula.disabilityrightsca.org\/vi\/wp-json\/wp\/v2\/comments?post=1638"}],"version-history":[{"count":6,"href":"https:\/\/rula.disabilityrightsca.org\/vi\/wp-json\/wp\/v2\/pages\/1638\/revisions"}],"predecessor-version":[{"id":3425,"href":"https:\/\/rula.disabilityrightsca.org\/vi\/wp-json\/wp\/v2\/pages\/1638\/revisions\/3425"}],"wp:attachment":[{"href":"https:\/\/rula.disabilityrightsca.org\/vi\/wp-json\/wp\/v2\/media?parent=1638"}],"curies":[{"name":"wp","href":"https:\/\/api.w.org\/{rel}","templated":true}]}}