{"id":1589,"date":"2021-07-01T22:14:37","date_gmt":"2021-07-01T22:14:37","guid":{"rendered":"http:\/\/www.rula.disabilityrightsca.org\/vi\/?page_id=1589"},"modified":"2022-04-27T17:08:28","modified_gmt":"2022-04-27T17:08:28","slug":"what-if-i-am-18-to-22-years-old-but-i-am-not-attending-school-anymore","status":"publish","type":"page","link":"https:\/\/rula.disabilityrightsca.org\/vi\/rula-book\/chapter-9-community-participation-work-day-and-leisure-activities\/what-if-i-am-18-to-22-years-old-but-i-am-not-attending-school-anymore\/","title":{"rendered":"(9.37) N\u1ebfu t\u00f4i trong \u0111\u1ed9 tu\u1ed5i t\u1eeb 18 \u0111\u1ebfn 22 nh\u01b0ng kh\u00f4ng \u0111i h\u1ecdc n\u1eefa th\u00ec sao?"},"content":{"rendered":"\n<p>N\u1ebfu qu\u00fd v\u1ecb trong \u0111\u1ed9 tu\u1ed5i t\u1eeb 18 &#8211; 22 v\u00e0 kh\u00f4ng \u0111i h\u1ecdc, h\u00e3y y\u00eau c\u1ea7u cu\u1ed9c h\u1ecdp IPP \u0111\u1ec3 th\u1ea3o lu\u1eadn nh\u1eefng d\u1ecbch v\u1ee5 qu\u00fd v\u1ecb c\u1ea7n. Qu\u00fd v\u1ecb c\u00f3 th\u1ec3 mu\u1ed1n c\u00f3 c\u00e1c d\u1ecbch v\u1ee5 d\u00e0nh cho ng\u01b0\u1eddi tr\u01b0\u1edfng th\u00e0nh t\u1eeb trung t\u00e2m khu v\u1ef1c, ch\u1eb3ng h\u1ea1n nh\u01b0 ch\u01b0\u01a1ng tr\u00ecnh ban ng\u00e0y, \u0111\u00e0o t\u1ea1o ngh\u1ec1 nghi\u1ec7p ho\u1eb7c \u0111\u00e0o t\u1ea1o c\u00e1c k\u1ef9 n\u0103ng s\u1ed1ng \u0111\u1ed9c l\u1eadp. N\u1ebfu nh\u00f3m IPP quy\u1ebft \u0111\u1ecbnh tr\u01b0\u1eddng c\u00f3 th\u1ec3 cung c\u1ea5p c\u00e1c d\u1ecbch v\u1ee5 n\u00e0y th\u00ec trung t\u00e2m khu v\u1ef1c tr\u01b0\u1edbc ti\u00ean ph\u1ea3i c\u1ed1 g\u1eafng y\u00eau c\u1ea7u c\u00e1c d\u1ecbch v\u1ee5 n\u00e0y cho qu\u00fd v\u1ecb t\u1eeb tr\u01b0\u1eddng. Nh\u00f3m IPP c\u0169ng ph\u1ea3i th\u1ea3o lu\u1eadn xem qu\u00fd v\u1ecb c\u00f3 \u0111\u00e1p \u1ee9ng mi\u1ec5n tr\u1eeb vi\u1ec7c l\u00e0m c\u1ea1nh tranh, th\u1ef1c t\u1eadp c\u00f3 tr\u1ea3 l\u01b0\u01a1ng hay tr\u01b0\u1eddng h\u1ee3p \u0111\u1eb7c bi\u1ec7t kh\u00f4ng.<\/p>\n\n\n\n<p>Gi\u1ea3 s\u1eed qu\u00fd v\u1ecb c\u00f3 b\u1eb1ng t\u1ed1t nghi\u1ec7p ph\u1ed5 th\u00f4ng khi 20 tu\u1ed5i. \u0110i\u1ec1u n\u00e0y ngh\u0129a l\u00e0 qu\u00fd v\u1ecb kh\u00f4ng th\u1ec3 nh\u1eadn th\u00eam d\u1ecbch v\u1ee5 gi\u00e1o d\u1ee5c \u0111\u1eb7c bi\u1ec7t, bao g\u1ed3m c\u00e1c d\u1ecbch v\u1ee5 chuy\u1ec3n ti\u1ebfp, t\u1eeb tr\u01b0\u1eddng c\u1ee7a qu\u00fd v\u1ecb. <span class=\"footnote_referrer\"><a role=\"button\" tabindex=\"0\" onclick=\"footnote_moveToReference_1589_1('footnote_plugin_reference_1589_1_1');\" onkeypress=\"footnote_moveToReference_1589_1('footnote_plugin_reference_1589_1_1');\" ><sup id=\"footnote_plugin_tooltip_1589_1_1\" class=\"footnote_plugin_tooltip_text\">[1]<\/sup><\/a><span id=\"footnote_plugin_tooltip_text_1589_1_1\" class=\"footnote_tooltip\">B\u1ed9 Lu\u1eadt Gi\u00e1o D\u1ee5c California c\u00e1c m\u1ee5c 56026(c)(4) v\u00e0 56026.1.<\/span><\/span><script type=\"text\/javascript\"> jQuery('#footnote_plugin_tooltip_1589_1_1').tooltip({ tip: '#footnote_plugin_tooltip_text_1589_1_1', tipClass: 'footnote_tooltip', effect: 'fade', predelay: 0, fadeInSpeed: 200, delay: 400, fadeOutSpeed: 200, position: 'top center', relative: true, offset: [-7, 0], });<\/script> Trung t\u00e2m khu v\u1ef1c, kh\u00f4ng ph\u1ea3i h\u1ecdc khu, hi\u1ec7n ch\u1ecbu tr\u00e1ch nhi\u1ec7m cung c\u1ea5p ho\u1eb7c t\u00e0i tr\u1ee3 cho c\u00e1c d\u1ecbch v\u1ee5 li\u00ean quan \u0111\u1ebfn khuy\u1ebft t\u1eadt m\u00e0 qu\u00fd v\u1ecb c\u1ea7n.<\/p>\n\n\n\n<p>N\u1ebfu qu\u00fd v\u1ecb c\u00f3 ch\u1ee9ng ch\u1ec9 ho\u00e0n th\u00e0nh, qu\u00fd v\u1ecb v\u1eabn c\u00f3 th\u1ec3 nh\u1eadn c\u00e1c d\u1ecbch v\u1ee5 gi\u00e1o d\u1ee5c \u0111\u1eb7c bi\u1ec7t v\u00e0 chuy\u1ec3n ti\u1ebfp t\u1eeb h\u1ecdc khu c\u1ee7a qu\u00fd v\u1ecb v\u00ec qu\u00fd v\u1ecb ch\u01b0a nh\u1eadn b\u1eb1ng ch\u00ednh quy. Qu\u00fd v\u1ecb s\u1ebd v\u1eabn c\u00f3 th\u1ec3 nh\u1eadn c\u00e1c d\u1ecbch v\u1ee5 (ch\u01b0\u01a1ng tr\u00ecnh ban ng\u00e0y, gi\u00e1o d\u1ee5c ngh\u1ec1 nghi\u1ec7p, d\u1ecbch v\u1ee5 vi\u1ec7c l\u00e0m, d\u1ecbch v\u1ee5 s\u1ed1ng \u0111\u1ed9c l\u1eadp v\u00e0 \u0111\u00e0o t\u1ea1o v\u1eadn \u0111\u1ed9ng v\u00e0 d\u1ecbch v\u1ee5 v\u1eadn chuy\u1ec3n li\u00ean quan) v\u00ec qu\u00fd v\u1ecb \u0111\u00e3 nh\u1eadn \u0111\u01b0\u1ee3c ch\u1ee9ng ch\u1ec9 ho\u00e0n th\u00e0nh. <span class=\"footnote_referrer\"><a role=\"button\" tabindex=\"0\" onclick=\"footnote_moveToReference_1589_1('footnote_plugin_reference_1589_1_2');\" onkeypress=\"footnote_moveToReference_1589_1('footnote_plugin_reference_1589_1_2');\" ><sup id=\"footnote_plugin_tooltip_1589_1_2\" class=\"footnote_plugin_tooltip_text\">[2]<\/sup><\/a><span id=\"footnote_plugin_tooltip_text_1589_1_2\" class=\"footnote_tooltip\">B\u1ed9 Lu\u1eadt Gi\u00e1o D\u1ee5c California c\u00e1c m\u1ee5c 56026(c)(4) v\u00e0 56026.1 v\u00e0 \u0110\u1ea1o Lu\u1eadt Lanterman m\u1ee5c 4648.55(a).<\/span><\/span><script type=\"text\/javascript\"> jQuery('#footnote_plugin_tooltip_1589_1_2').tooltip({ tip: '#footnote_plugin_tooltip_text_1589_1_2', tipClass: 'footnote_tooltip', effect: 'fade', predelay: 0, fadeInSpeed: 200, delay: 400, fadeOutSpeed: 200, position: 'top center', relative: true, offset: [-7, 0], });<\/script><\/p>\n\n\n\n<p>N\u1ebfu qu\u00fd v\u1ecb b\u1ecf h\u1ecdc khi 18 tu\u1ed5i nh\u01b0ng qu\u00fd v\u1ecb v\u1eabn ch\u01b0a \u0111\u1ebfn 22 tu\u1ed5i, qu\u00fd v\u1ecb c\u00f3 m\u1ed9t v\u00e0i l\u1ef1a ch\u1ecdn. Qu\u00fd v\u1ecb c\u00f3 th\u1ec3 quay v\u1ec1 tr\u01b0\u1eddng \u0111\u1ec3 nh\u1eadn th\u00eam c\u00e1c d\u1ecbch v\u1ee5 chuy\u1ec3n ti\u1ebfp, mi\u1ec5n l\u00e0 qu\u00fd v\u1ecb l\u00e0 h\u1ecdc sinh gi\u00e1o d\u1ee5c \u0111\u1eb7c bi\u1ec7t \u0111\u00e3 ghi danh tr\u01b0\u1edbc khi qu\u00fd v\u1ecb l\u00ean 19 tu\u1ed5i. <span class=\"footnote_referrer\"><a role=\"button\" tabindex=\"0\" onclick=\"footnote_moveToReference_1589_1('footnote_plugin_reference_1589_1_3');\" onkeypress=\"footnote_moveToReference_1589_1('footnote_plugin_reference_1589_1_3');\" ><sup id=\"footnote_plugin_tooltip_1589_1_3\" class=\"footnote_plugin_tooltip_text\">[3]<\/sup><\/a><span id=\"footnote_plugin_tooltip_text_1589_1_3\" class=\"footnote_tooltip\">B\u1ed9 Lu\u1eadt Gi\u00e1o D\u1ee5c California c\u00e1c m\u1ee5c 56026(c)(4).<\/span><\/span><script type=\"text\/javascript\"> jQuery('#footnote_plugin_tooltip_1589_1_3').tooltip({ tip: '#footnote_plugin_tooltip_text_1589_1_3', tipClass: 'footnote_tooltip', effect: 'fade', predelay: 0, fadeInSpeed: 200, delay: 400, fadeOutSpeed: 200, position: 'top center', relative: true, offset: [-7, 0], });<\/script> Qu\u00fd v\u1ecb c\u00f3 th\u1ec3 t\u00ecm hi\u1ec3u xem qu\u00fd v\u1ecb c\u00f3 h\u1ed9i \u0111\u1ee7 \u0111i\u1ec1u ki\u1ec7n nh\u1eadn Ch\u1ee9ng Ch\u1ec9 Ho\u00e0n Th\u00e0nh t\u1eeb h\u1ecdc khu c\u1ee7a qu\u00fd v\u1ecb kh\u00f4ng v\u00e0 c\u1ed1 g\u1eafng c\u00f3 \u0111\u01b0\u1ee3c ch\u1ee9ng ch\u1ec9. \u0110i\u1ec1u n\u00e0y s\u1ebd lo\u1ea1i b\u1ecf ch\u01b0\u1edbng ng\u1ea1i trong vi\u1ec7c nh\u1eadn ch\u01b0\u01a1ng tr\u00ecnh ban ng\u00e0y, d\u1ecbch v\u1ee5 ngh\u1ec1 nghi\u1ec7p v\u00e0 c\u00e1c d\u1ecbch v\u1ee5 kh\u00e1c t\u1eeb trung t\u00e2m khu v\u1ef1c. <span class=\"footnote_referrer\"><a role=\"button\" tabindex=\"0\" onclick=\"footnote_moveToReference_1589_1('footnote_plugin_reference_1589_1_4');\" onkeypress=\"footnote_moveToReference_1589_1('footnote_plugin_reference_1589_1_4');\" ><sup id=\"footnote_plugin_tooltip_1589_1_4\" class=\"footnote_plugin_tooltip_text\">[4]<\/sup><\/a><span id=\"footnote_plugin_tooltip_text_1589_1_4\" class=\"footnote_tooltip\">M\u1ee5c 4648.55(a).<\/span><\/span><script type=\"text\/javascript\"> jQuery('#footnote_plugin_tooltip_1589_1_4').tooltip({ tip: '#footnote_plugin_tooltip_text_1589_1_4', tipClass: 'footnote_tooltip', effect: 'fade', predelay: 0, fadeInSpeed: 200, delay: 400, fadeOutSpeed: 200, position: 'top center', relative: true, offset: [-7, 0], });<\/script> Ho\u1eb7c, qu\u00fd v\u1ecb c\u00f3 th\u1ec3 y\u00eau c\u1ea7u trung t\u00e2m khu v\u1ef1c cung c\u1ea5p c\u00e1c d\u1ecbch v\u1ee5 d\u00e0nh cho ng\u01b0\u1eddi tr\u01b0\u1edfng th\u00e0nh m\u00e0 qu\u00fd v\u1ecb c\u1ea7n. Disability Rights California x\u00e1c \u0111\u1ecbnh r\u1eb1ng m\u1ed9t s\u1ed1 trung t\u00e2m s\u1ebd ph\u1ee5c v\u1ee5 ng\u01b0\u1eddi tr\u01b0\u1edfng th\u00e0nh t\u1eeb 18 \u0111\u1ebfn 22 tu\u1ed5i, \u0111\u00e3 r\u1eddi kh\u1ecfi tr\u01b0\u1eddng h\u1ecdc khi ch\u01b0a c\u00f3 b\u1eb1ng t\u1ed1t nghi\u1ec7p ho\u1eb7c ch\u1ee9ng ch\u1ec9 ho\u00e0n th\u00e0nh v\u00e0 kh\u00f4ng mu\u1ed1n quay l\u1ea1i. C\u00e1c trung t\u00e2m kh\u00e1c, c\u00f3 th\u1ec3 nh\u1ea5t quy\u1ebft mu\u1ed1n qu\u00fd v\u1ecb quay v\u1ec1 h\u1ecdc khu \u0111\u1ec3 nh\u1eadn c\u00e1c d\u1ecbch v\u1ee5.<\/p>\n<div class=\"speaker-mute footnotes_reference_container\"> <div class=\"footnote_container_prepare\"><p><span role=\"button\" tabindex=\"0\" class=\"footnote_reference_container_label pointer\" onclick=\"footnote_expand_collapse_reference_container_1589_1();\">&#x202F;<\/span><span role=\"button\" tabindex=\"0\" class=\"footnote_reference_container_collapse_button\" style=\"display: none;\" onclick=\"footnote_expand_collapse_reference_container_1589_1();\">[<a id=\"footnote_reference_container_collapse_button_1589_1\">+<\/a>]<\/span><\/p><\/div> <div id=\"footnote_references_container_1589_1\" style=\"\"><table class=\"footnotes_table footnote-reference-container\"><caption class=\"accessibility\">References<\/caption> <tbody> \r\n\r\n<tr class=\"footnotes_plugin_reference_row\"> <th scope=\"row\" class=\"footnote_plugin_index_combi pointer\"  onclick=\"footnote_moveToAnchor_1589_1('footnote_plugin_tooltip_1589_1_1');\"><a id=\"footnote_plugin_reference_1589_1_1\" class=\"footnote_backlink\"><span class=\"footnote_index_arrow\">&#8593;<\/span>1<\/a><\/th> <td class=\"footnote_plugin_text\">B\u1ed9 Lu\u1eadt Gi\u00e1o D\u1ee5c California c\u00e1c m\u1ee5c 56026(c)(4) v\u00e0 56026.1.<\/td><\/tr>\r\n\r\n<tr class=\"footnotes_plugin_reference_row\"> <th scope=\"row\" class=\"footnote_plugin_index_combi pointer\"  onclick=\"footnote_moveToAnchor_1589_1('footnote_plugin_tooltip_1589_1_2');\"><a id=\"footnote_plugin_reference_1589_1_2\" class=\"footnote_backlink\"><span class=\"footnote_index_arrow\">&#8593;<\/span>2<\/a><\/th> <td class=\"footnote_plugin_text\">B\u1ed9 Lu\u1eadt Gi\u00e1o D\u1ee5c California c\u00e1c m\u1ee5c 56026(c)(4) v\u00e0 56026.1 v\u00e0 \u0110\u1ea1o Lu\u1eadt Lanterman m\u1ee5c 4648.55(a).<\/td><\/tr>\r\n\r\n<tr class=\"footnotes_plugin_reference_row\"> <th scope=\"row\" class=\"footnote_plugin_index_combi pointer\"  onclick=\"footnote_moveToAnchor_1589_1('footnote_plugin_tooltip_1589_1_3');\"><a id=\"footnote_plugin_reference_1589_1_3\" class=\"footnote_backlink\"><span class=\"footnote_index_arrow\">&#8593;<\/span>3<\/a><\/th> <td class=\"footnote_plugin_text\">B\u1ed9 Lu\u1eadt Gi\u00e1o D\u1ee5c California c\u00e1c m\u1ee5c 56026(c)(4).<\/td><\/tr>\r\n\r\n<tr class=\"footnotes_plugin_reference_row\"> <th scope=\"row\" class=\"footnote_plugin_index_combi pointer\"  onclick=\"footnote_moveToAnchor_1589_1('footnote_plugin_tooltip_1589_1_4');\"><a id=\"footnote_plugin_reference_1589_1_4\" class=\"footnote_backlink\"><span class=\"footnote_index_arrow\">&#8593;<\/span>4<\/a><\/th> <td class=\"footnote_plugin_text\">M\u1ee5c 4648.55(a).<\/td><\/tr>\r\n\r\n <\/tbody> <\/table> <\/div><\/div><script type=\"text\/javascript\"> function footnote_expand_reference_container_1589_1() { jQuery('#footnote_references_container_1589_1').show(); jQuery('#footnote_reference_container_collapse_button_1589_1').text('\u2212'); } function footnote_collapse_reference_container_1589_1() { jQuery('#footnote_references_container_1589_1').hide(); jQuery('#footnote_reference_container_collapse_button_1589_1').text('+'); } function footnote_expand_collapse_reference_container_1589_1() { if (jQuery('#footnote_references_container_1589_1').is(':hidden')) { footnote_expand_reference_container_1589_1(); } else { footnote_collapse_reference_container_1589_1(); } } function footnote_moveToReference_1589_1(p_str_TargetID) { footnote_expand_reference_container_1589_1(); var l_obj_Target = jQuery('#' + p_str_TargetID); if (l_obj_Target.length) { jQuery( 'html, body' ).delay( 0 ); jQuery('html, body').animate({ scrollTop: l_obj_Target.offset().top - window.innerHeight * 0.2 }, 380); } } function footnote_moveToAnchor_1589_1(p_str_TargetID) { footnote_expand_reference_container_1589_1(); var l_obj_Target = jQuery('#' + p_str_TargetID); if (l_obj_Target.length) { jQuery( 'html, body' ).delay( 0 ); jQuery('html, body').animate({ scrollTop: l_obj_Target.offset().top - window.innerHeight * 0.2 }, 380); } }<\/script>","protected":false},"excerpt":{"rendered":"<p>N\u1ebfu qu\u00fd v\u1ecb trong \u0111\u1ed9 tu\u1ed5i t\u1eeb 18 &#8211; 22 v\u00e0 kh\u00f4ng \u0111i h\u1ecdc, h\u00e3y y\u00eau c\u1ea7u cu\u1ed9c h\u1ecdp IPP \u0111\u1ec3 th\u1ea3o lu\u1eadn nh\u1eefng d\u1ecbch&hellip;<\/p>\n","protected":false},"author":1,"featured_media":0,"parent":1447,"menu_order":37,"comment_status":"closed","ping_status":"closed","template":"","meta":{"footnotes":""},"class_list":["post-1589","page","type-page","status-publish","hentry"],"_links":{"self":[{"href":"https:\/\/rula.disabilityrightsca.org\/vi\/wp-json\/wp\/v2\/pages\/1589","targetHints":{"allow":["GET"]}}],"collection":[{"href":"https:\/\/rula.disabilityrightsca.org\/vi\/wp-json\/wp\/v2\/pages"}],"about":[{"href":"https:\/\/rula.disabilityrightsca.org\/vi\/wp-json\/wp\/v2\/types\/page"}],"author":[{"embeddable":true,"href":"https:\/\/rula.disabilityrightsca.org\/vi\/wp-json\/wp\/v2\/users\/1"}],"replies":[{"embeddable":true,"href":"https:\/\/rula.disabilityrightsca.org\/vi\/wp-json\/wp\/v2\/comments?post=1589"}],"version-history":[{"count":2,"href":"https:\/\/rula.disabilityrightsca.org\/vi\/wp-json\/wp\/v2\/pages\/1589\/revisions"}],"predecessor-version":[{"id":3283,"href":"https:\/\/rula.disabilityrightsca.org\/vi\/wp-json\/wp\/v2\/pages\/1589\/revisions\/3283"}],"up":[{"embeddable":true,"href":"https:\/\/rula.disabilityrightsca.org\/vi\/wp-json\/wp\/v2\/pages\/1447"}],"wp:attachment":[{"href":"https:\/\/rula.disabilityrightsca.org\/vi\/wp-json\/wp\/v2\/media?parent=1589"}],"curies":[{"name":"wp","href":"https:\/\/api.w.org\/{rel}","templated":true}]}}