{"id":1587,"date":"2021-07-01T22:12:19","date_gmt":"2021-07-01T22:12:19","guid":{"rendered":"http:\/\/www.rula.disabilityrightsca.org\/vi\/?page_id=1587"},"modified":"2022-04-27T17:07:58","modified_gmt":"2022-04-27T17:07:58","slug":"can-regional-centers-provide-adult-services-before-i-have-transitioned-out-of-school","status":"publish","type":"page","link":"https:\/\/rula.disabilityrightsca.org\/vi\/rula-book\/chapter-9-community-participation-work-day-and-leisure-activities\/can-regional-centers-provide-adult-services-before-i-have-transitioned-out-of-school\/","title":{"rendered":"(9.36) Trung t\u00e2m khu v\u1ef1c c\u00f3 th\u1ec3 cung c\u1ea5p c\u00e1c d\u1ecbch v\u1ee5 d\u00e0nh cho ng\u01b0\u1eddi tr\u01b0\u1edfng th\u00e0nh tr\u01b0\u1edbc khi t\u00f4i chuy\u1ec3n ra kh\u1ecfi tr\u01b0\u1eddng h\u1ecdc kh\u00f4ng?"},"content":{"rendered":"\n<p>N\u1ebfu qu\u00fd v\u1ecb l\u00e0 h\u1ecdc sinh gi\u00e1o d\u1ee5c \u0111\u1eb7c bi\u1ec7t, trung t\u00e2m khu v\u1ef1c s\u1ebd mu\u1ed1n qu\u00fd v\u1ecb s\u1eed d\u1ee5ng c\u00e1c d\u1ecbch v\u1ee5 do h\u1ecdc khu \u0111\u1ecba ph\u01b0\u01a1ng cung c\u1ea5p cho \u0111\u1ebfn khi qu\u00fd v\u1ecb 22 tu\u1ed5i, tr\u1eeb khi qu\u00fd v\u1ecb \u0111\u00e3 nh\u1eadn b\u1eb1ng t\u1ed1t nghi\u1ec7p ho\u1eb7c ch\u1ee9ng ch\u1ec9 ho\u00e0n th\u00e0nh. Trung t\u00e2m khu v\u1ef1c kh\u00f4ng th\u1ec3 mua c\u00e1c d\u1ecbch v\u1ee5 n\u00e0y cho qu\u00fd v\u1ecb n\u1ebfu qu\u00fd v\u1ecb trong \u0111\u1ed9 tu\u1ed5i t\u1eeb 18 \u0111\u1ebfn 22, \u0111ang nh\u1eadn gi\u00e1o d\u1ee5c \u0111\u1eb7c bi\u1ec7t v\u00e0 ch\u01b0a nh\u1eadn b\u1eb1ng t\u1ed1t nghi\u1ec7p hay ch\u1ee9ng ch\u1ec9 ho\u00e0n th\u00e0nh:<\/p>\n\n\n\n<ul class=\"wp-block-list\"><li>ch\u01b0\u01a1ng tr\u00ecnh ban ng\u00e0y<\/li><li>gi\u00e1o d\u1ee5c ngh\u1ec1 nghi\u1ec7p<\/li><li>d\u1ecbch v\u1ee5 vi\u1ec7c l\u00e0m<\/li><li>ch\u01b0\u01a1ng tr\u00ecnh s\u1ed1ng \u0111\u1ed9c l\u1eadp, v\u00e0<\/li><li>\u0111\u00e0o t\u1ea1o v\u1eadn \u0111\u1ed9ng v\u00e0 v\u1eadn chuy\u1ec3n li\u00ean quan. <span class=\"footnote_referrer\"><a role=\"button\" tabindex=\"0\" onclick=\"footnote_moveToReference_1587_1('footnote_plugin_reference_1587_1_1');\" onkeypress=\"footnote_moveToReference_1587_1('footnote_plugin_reference_1587_1_1');\" ><sup id=\"footnote_plugin_tooltip_1587_1_1\" class=\"footnote_plugin_tooltip_text\">[1]<\/sup><\/a><span id=\"footnote_plugin_tooltip_text_1587_1_1\" class=\"footnote_tooltip\">M\u1ee5c 4648.55(a).<\/span><\/span><script type=\"text\/javascript\"> jQuery('#footnote_plugin_tooltip_1587_1_1').tooltip({ tip: '#footnote_plugin_tooltip_text_1587_1_1', tipClass: 'footnote_tooltip', effect: 'fade', predelay: 0, fadeInSpeed: 200, delay: 400, fadeOutSpeed: 200, position: 'top center', relative: true, offset: [-7, 0], });<\/script><\/li><\/ul>\n\n\n\n<p>Tuy nhi\u00ean, trung t\u00e2m khu v\u1ef1c c\u00f3 th\u1ec3 mua c\u00e1c d\u1ecbch v\u1ee5 n\u00e0y n\u1ebfu qu\u00fd v\u1ecb \u0111\u00e1p \u1ee9ng b\u1ea5t k\u1ef3 c\u00e1c ngo\u1ea1i l\u1ec7 ho\u1eb7c mi\u1ec5n tr\u1eeb b\u00ean d\u01b0\u1edbi. Qu\u00fd v\u1ecb c\u00f3 th\u1ec3 nh\u1eadn c\u00e1c d\u1ecbch v\u1ee5 n\u00e0y n\u1ebfu:<\/p>\n\n\n\n<ul class=\"wp-block-list\"><li>Nh\u00f3m IPP x\u00e1c \u0111\u1ecbnh r\u1eb1ng h\u1ec7 th\u1ed1ng gi\u00e1o d\u1ee5c kh\u00f4ng th\u1ec3 \u0111\u00e1p \u1ee9ng \u0111\u01b0\u1ee3c nhu c\u1ea7u c\u1ee7a qu\u00fd v\u1ecb;<\/li><li>Nh\u00f3m IPP c\u1ee7a qu\u00fd v\u1ecb quy\u1ebft \u0111\u1ecbnh r\u1eb1ng c\u00e1c ngu\u1ed3n l\u1ef1c chung s\u1eb5n c\u00f3 cho qu\u00fd v\u1ecb th\u00f4ng qua h\u1ecdc khu c\u1ee7a qu\u00fd v\u1ecb kh\u00f4ng ph\u00f9 h\u1ee3p \u0111\u1ec3 \u0111\u00e1p \u1ee9ng nhu c\u1ea7u c\u1ee7a qu\u00fd v\u1ecb (ngo\u1ea1i l\u1ec7 \u201ctr\u01b0\u1eddng h\u1ee3p \u0111\u1eb7c bi\u1ec7t\u201d); ho\u1eb7c<\/li><li>Qu\u00fd v\u1ecb \u0111ang tham gia ch\u01b0\u01a1ng tr\u00ecnh th\u1ef1c t\u1eadp c\u00f3 tr\u1ea3 l\u01b0\u01a1ng, ho\u1eb7c qu\u00fd v\u1ecb \u0111ang l\u00e0m c\u00f4ng vi\u1ec7c c\u1ea1nh tranh, h\u00f2a nh\u1eadp xu\u1ea5t ph\u00e1t t\u1eeb ch\u01b0\u01a1ng tr\u00ecnh th\u1ef1c t\u1eadp c\u00f3 tr\u1ea3 l\u01b0\u01a1ng. <span class=\"footnote_referrer\"><a role=\"button\" tabindex=\"0\" onclick=\"footnote_moveToReference_1587_1('footnote_plugin_reference_1587_1_2');\" onkeypress=\"footnote_moveToReference_1587_1('footnote_plugin_reference_1587_1_2');\" ><sup id=\"footnote_plugin_tooltip_1587_1_2\" class=\"footnote_plugin_tooltip_text\">[2]<\/sup><\/a><span id=\"footnote_plugin_tooltip_text_1587_1_2\" class=\"footnote_tooltip\">M\u1ee5c 4648.55(a)&amp;(d).<\/span><\/span><script type=\"text\/javascript\"> jQuery('#footnote_plugin_tooltip_1587_1_2').tooltip({ tip: '#footnote_plugin_tooltip_text_1587_1_2', tipClass: 'footnote_tooltip', effect: 'fade', predelay: 0, fadeInSpeed: 200, delay: 400, fadeOutSpeed: 200, position: 'top center', relative: true, offset: [-7, 0], });<\/script><\/li><\/ul>\n\n\n\n<p>N\u1ebfu qu\u00fd v\u1ecb tham gia ch\u01b0\u01a1ng tr\u00ecnh th\u1ef1c t\u1eadp c\u00f3 tr\u1ea3 l\u01b0\u01a1ng ho\u1eb7c vi\u1ec7c l\u00e0m c\u1ea1nh tranh h\u00f2a nh\u1eadp, qu\u00fd v\u1ecb c\u0169ng c\u00f3 th\u1ec3 ti\u1ebfp t\u1ee5c h\u01b0\u1edfng c\u00e1c d\u1ecbch v\u1ee5 c\u1ee7a tr\u01b0\u1eddng h\u1ecdc (n\u1ebfu c\u00e1c d\u1ecbch v\u1ee5 n\u00e0y v\u1eabn \u0111\u00e1p \u1ee9ng \u0111\u01b0\u1ee3c nhu c\u1ea7u c\u1ee7a qu\u00fd v\u1ecb). <span class=\"footnote_referrer\"><a role=\"button\" tabindex=\"0\" onclick=\"footnote_moveToReference_1587_1('footnote_plugin_reference_1587_1_3');\" onkeypress=\"footnote_moveToReference_1587_1('footnote_plugin_reference_1587_1_3');\" ><sup id=\"footnote_plugin_tooltip_1587_1_3\" class=\"footnote_plugin_tooltip_text\">[3]<\/sup><\/a><span id=\"footnote_plugin_tooltip_text_1587_1_3\" class=\"footnote_tooltip\">M\u1ee5c 4648.55(d)(1).<\/span><\/span><script type=\"text\/javascript\"> jQuery('#footnote_plugin_tooltip_1587_1_3').tooltip({ tip: '#footnote_plugin_tooltip_text_1587_1_3', tipClass: 'footnote_tooltip', effect: 'fade', predelay: 0, fadeInSpeed: 200, delay: 400, fadeOutSpeed: 200, position: 'top center', relative: true, offset: [-7, 0], });<\/script> C\u00e1c ch\u01b0\u01a1ng tr\u00ecnh th\u1ef1c t\u1eadp c\u00f3 tr\u1ea3 l\u01b0\u01a1ng do trung t\u00e2m khu v\u1ef1c cung c\u1ea5p ph\u1ea3i \u0111\u00e1p \u1ee9ng c\u00e1c ti\u00eau ch\u00ed sau:<\/p>\n\n\n\n<ol class=\"wp-block-list\" type=\"1\"><li>Kho\u1ea3n thanh to\u00e1n cho m\u1ed9t c\u00e1 nh\u00e2n tham gia ch\u01b0\u01a1ng tr\u00ecnh th\u1ef1c t\u1eadp c\u00f3 tr\u1ea3 l\u01b0\u01a1ng kh\u00f4ng \u0111\u01b0\u1ee3c v\u01b0\u1ee3t qu\u00e1 $10.400 m\u1ed9t n\u0103m.<\/li><li>C\u00e1c ch\u01b0\u01a1ng tr\u00ecnh th\u1ef1c t\u1eadp c\u00f3 tr\u1ea3 l\u01b0\u01a1ng ph\u1ea3i di\u1ec5n ra trong m\u00f4i tr\u01b0\u1eddng l\u00e0m vi\u1ec7c c\u1ea1nh tranh, h\u00f2a \u0111\u1ed3ng.<\/li><li>Ch\u01b0\u01a1ng tr\u00ecnh th\u1ef1c t\u1eadp ph\u1ea3i tr\u1ee3 gi\u00fap c\u00e1 nh\u00e2n ph\u00e1t tri\u1ec3n c\u00e1c k\u1ef9 n\u0103ng \u0111\u1ec3 nh\u1eadn vi\u1ec7c l\u00e0m c\u00f3 tr\u1ea3 l\u01b0\u01a1ng.<\/li><li>C\u00e1c trung t\u00e2m khu v\u1ef1c ph\u1ea3i n\u00e2ng cao nh\u1eadn th\u1ee9c v\u1ec1 c\u01a1 h\u1ed9i d\u00e0nh cho nh\u1eefng ng\u01b0\u1eddi tham gia ch\u01b0\u01a1ng tr\u00ecnh th\u1ef1c t\u1eadp c\u00f3 tr\u1ea3 l\u01b0\u01a1ng th\u00f4ng qua c\u00e1c s\u1ef1 ki\u1ec7n ti\u1ebfp c\u1eadn c\u1ee5 th\u1ec3 v\u00e0 t\u1ea1i c\u00e1c cu\u1ed9c h\u1ecdp IPP. <span class=\"footnote_referrer\"><a role=\"button\" tabindex=\"0\" onclick=\"footnote_moveToReference_1587_1('footnote_plugin_reference_1587_1_4');\" onkeypress=\"footnote_moveToReference_1587_1('footnote_plugin_reference_1587_1_4');\" ><sup id=\"footnote_plugin_tooltip_1587_1_4\" class=\"footnote_plugin_tooltip_text\">[4]<\/sup><\/a><span id=\"footnote_plugin_tooltip_text_1587_1_4\" class=\"footnote_tooltip\">M\u1ee5c 4870.<\/span><\/span><script type=\"text\/javascript\"> jQuery('#footnote_plugin_tooltip_1587_1_4').tooltip({ tip: '#footnote_plugin_tooltip_text_1587_1_4', tipClass: 'footnote_tooltip', effect: 'fade', predelay: 0, fadeInSpeed: 200, delay: 400, fadeOutSpeed: 200, position: 'top center', relative: true, offset: [-7, 0], });<\/script><\/li><\/ol>\n<div class=\"speaker-mute footnotes_reference_container\"> <div class=\"footnote_container_prepare\"><p><span role=\"button\" tabindex=\"0\" class=\"footnote_reference_container_label pointer\" onclick=\"footnote_expand_collapse_reference_container_1587_1();\">&#x202F;<\/span><span role=\"button\" tabindex=\"0\" class=\"footnote_reference_container_collapse_button\" style=\"display: none;\" onclick=\"footnote_expand_collapse_reference_container_1587_1();\">[<a id=\"footnote_reference_container_collapse_button_1587_1\">+<\/a>]<\/span><\/p><\/div> <div id=\"footnote_references_container_1587_1\" style=\"\"><table class=\"footnotes_table footnote-reference-container\"><caption class=\"accessibility\">References<\/caption> <tbody> \r\n\r\n<tr class=\"footnotes_plugin_reference_row\"> <th scope=\"row\" class=\"footnote_plugin_index_combi pointer\"  onclick=\"footnote_moveToAnchor_1587_1('footnote_plugin_tooltip_1587_1_1');\"><a id=\"footnote_plugin_reference_1587_1_1\" class=\"footnote_backlink\"><span class=\"footnote_index_arrow\">&#8593;<\/span>1<\/a><\/th> <td class=\"footnote_plugin_text\">M\u1ee5c 4648.55(a).<\/td><\/tr>\r\n\r\n<tr class=\"footnotes_plugin_reference_row\"> <th scope=\"row\" class=\"footnote_plugin_index_combi pointer\"  onclick=\"footnote_moveToAnchor_1587_1('footnote_plugin_tooltip_1587_1_2');\"><a id=\"footnote_plugin_reference_1587_1_2\" class=\"footnote_backlink\"><span class=\"footnote_index_arrow\">&#8593;<\/span>2<\/a><\/th> <td class=\"footnote_plugin_text\">M\u1ee5c 4648.55(a)&amp;(d).<\/td><\/tr>\r\n\r\n<tr class=\"footnotes_plugin_reference_row\"> <th scope=\"row\" class=\"footnote_plugin_index_combi pointer\"  onclick=\"footnote_moveToAnchor_1587_1('footnote_plugin_tooltip_1587_1_3');\"><a id=\"footnote_plugin_reference_1587_1_3\" class=\"footnote_backlink\"><span class=\"footnote_index_arrow\">&#8593;<\/span>3<\/a><\/th> <td class=\"footnote_plugin_text\">M\u1ee5c 4648.55(d)(1).<\/td><\/tr>\r\n\r\n<tr class=\"footnotes_plugin_reference_row\"> <th scope=\"row\" class=\"footnote_plugin_index_combi pointer\"  onclick=\"footnote_moveToAnchor_1587_1('footnote_plugin_tooltip_1587_1_4');\"><a id=\"footnote_plugin_reference_1587_1_4\" class=\"footnote_backlink\"><span class=\"footnote_index_arrow\">&#8593;<\/span>4<\/a><\/th> <td class=\"footnote_plugin_text\">M\u1ee5c 4870.<\/td><\/tr>\r\n\r\n <\/tbody> <\/table> <\/div><\/div><script type=\"text\/javascript\"> function footnote_expand_reference_container_1587_1() { jQuery('#footnote_references_container_1587_1').show(); jQuery('#footnote_reference_container_collapse_button_1587_1').text('\u2212'); } function footnote_collapse_reference_container_1587_1() { jQuery('#footnote_references_container_1587_1').hide(); jQuery('#footnote_reference_container_collapse_button_1587_1').text('+'); } function footnote_expand_collapse_reference_container_1587_1() { if (jQuery('#footnote_references_container_1587_1').is(':hidden')) { footnote_expand_reference_container_1587_1(); } else { footnote_collapse_reference_container_1587_1(); } } function footnote_moveToReference_1587_1(p_str_TargetID) { footnote_expand_reference_container_1587_1(); var l_obj_Target = jQuery('#' + p_str_TargetID); if (l_obj_Target.length) { jQuery( 'html, body' ).delay( 0 ); jQuery('html, body').animate({ scrollTop: l_obj_Target.offset().top - window.innerHeight * 0.2 }, 380); } } function footnote_moveToAnchor_1587_1(p_str_TargetID) { footnote_expand_reference_container_1587_1(); var l_obj_Target = jQuery('#' + p_str_TargetID); if (l_obj_Target.length) { jQuery( 'html, body' ).delay( 0 ); jQuery('html, body').animate({ scrollTop: l_obj_Target.offset().top - window.innerHeight * 0.2 }, 380); } }<\/script>","protected":false},"excerpt":{"rendered":"<p>N\u1ebfu qu\u00fd v\u1ecb l\u00e0 h\u1ecdc sinh gi\u00e1o d\u1ee5c \u0111\u1eb7c bi\u1ec7t, trung t\u00e2m khu v\u1ef1c s\u1ebd mu\u1ed1n qu\u00fd v\u1ecb s\u1eed d\u1ee5ng c\u00e1c d\u1ecbch v\u1ee5 do h\u1ecdc&hellip;<\/p>\n","protected":false},"author":1,"featured_media":0,"parent":1447,"menu_order":36,"comment_status":"closed","ping_status":"closed","template":"","meta":{"footnotes":""},"class_list":["post-1587","page","type-page","status-publish","hentry"],"_links":{"self":[{"href":"https:\/\/rula.disabilityrightsca.org\/vi\/wp-json\/wp\/v2\/pages\/1587","targetHints":{"allow":["GET"]}}],"collection":[{"href":"https:\/\/rula.disabilityrightsca.org\/vi\/wp-json\/wp\/v2\/pages"}],"about":[{"href":"https:\/\/rula.disabilityrightsca.org\/vi\/wp-json\/wp\/v2\/types\/page"}],"author":[{"embeddable":true,"href":"https:\/\/rula.disabilityrightsca.org\/vi\/wp-json\/wp\/v2\/users\/1"}],"replies":[{"embeddable":true,"href":"https:\/\/rula.disabilityrightsca.org\/vi\/wp-json\/wp\/v2\/comments?post=1587"}],"version-history":[{"count":2,"href":"https:\/\/rula.disabilityrightsca.org\/vi\/wp-json\/wp\/v2\/pages\/1587\/revisions"}],"predecessor-version":[{"id":3282,"href":"https:\/\/rula.disabilityrightsca.org\/vi\/wp-json\/wp\/v2\/pages\/1587\/revisions\/3282"}],"up":[{"embeddable":true,"href":"https:\/\/rula.disabilityrightsca.org\/vi\/wp-json\/wp\/v2\/pages\/1447"}],"wp:attachment":[{"href":"https:\/\/rula.disabilityrightsca.org\/vi\/wp-json\/wp\/v2\/media?parent=1587"}],"curies":[{"name":"wp","href":"https:\/\/api.w.org\/{rel}","templated":true}]}}