{"id":1585,"date":"2021-07-01T22:10:09","date_gmt":"2021-07-01T22:10:09","guid":{"rendered":"http:\/\/www.rula.disabilityrightsca.org\/vi\/?page_id=1585"},"modified":"2022-04-27T17:07:43","modified_gmt":"2022-04-27T17:07:43","slug":"how-does-the-transition-from-school-to-adult-services-work","status":"publish","type":"page","link":"https:\/\/rula.disabilityrightsca.org\/vi\/rula-book\/chapter-9-community-participation-work-day-and-leisure-activities\/how-does-the-transition-from-school-to-adult-services-work\/","title":{"rendered":"(9.35) Qu\u00e1 tr\u00ecnh chuy\u1ec3n ti\u1ebfp t\u1eeb c\u00e1c d\u1ecbch v\u1ee5 tr\u01b0\u1eddng h\u1ecdc sang c\u00e1c d\u1ecbch v\u1ee5 d\u00e0nh cho ng\u01b0\u1eddi tr\u01b0\u1edfng th\u00e0nh ho\u1ea1t \u0111\u1ed9ng nh\u01b0 th\u1ebf n\u00e0o?"},"content":{"rendered":"\n<p>H\u1ecdc khu ph\u1ea3i b\u1eaft \u0111\u1ea7u l\u1eadp k\u1ebf ho\u1ea1ch chuy\u1ec3n ti\u1ebfp cho h\u1ecdc sinh b\u1ecb khuy\u1ebft t\u1eadt v\u1ec1 ph\u00e1t tri\u1ec3n khi 16 tu\u1ed5i. Vi\u1ec7c l\u1eadp k\u1ebf ho\u1ea1ch chuy\u1ec3n ti\u1ebfp di\u1ec5n ra t\u1ea1i c\u00e1c cu\u1ed9c h\u1ecdp Ch\u01b0\u01a1ng Tr\u00ecnh Gi\u00e1o D\u1ee5c C\u00e1 Nh\u00e2n (Individualized Education Program, IEP) v\u00e0 bao g\u1ed3m c\u00e1c th\u1ea9m \u0111\u1ecbnh c\u00f9ng m\u1ee5c \u0111\u00edch li\u00ean quan \u0111\u1ebfn \u0111\u00e0o t\u1ea1o, vi\u1ec7c h\u1ecdc l\u00ean cao, vi\u1ec7c l\u00e0m v\u00e0 c\u00e1c k\u1ef9 n\u0103ng s\u1ed1ng \u0111\u1ed9c l\u1eadp. <span class=\"footnote_referrer\"><a role=\"button\" tabindex=\"0\" onclick=\"footnote_moveToReference_1585_1('footnote_plugin_reference_1585_1_1');\" onkeypress=\"footnote_moveToReference_1585_1('footnote_plugin_reference_1585_1_1');\" ><sup id=\"footnote_plugin_tooltip_1585_1_1\" class=\"footnote_plugin_tooltip_text\">[1]<\/sup><\/a><span id=\"footnote_plugin_tooltip_text_1585_1_1\" class=\"footnote_tooltip\">B\u1ed9 Lu\u1eadt Gi\u00e1o D\u1ee5c California m\u1ee5c 56345(a)(8).<\/span><\/span><script type=\"text\/javascript\"> jQuery('#footnote_plugin_tooltip_1585_1_1').tooltip({ tip: '#footnote_plugin_tooltip_text_1585_1_1', tipClass: 'footnote_tooltip', effect: 'fade', predelay: 0, fadeInSpeed: 200, delay: 400, fadeOutSpeed: 200, position: 'top center', relative: true, offset: [-7, 0], });<\/script> H\u1ecdc khu c\u1ee7a qu\u00fd v\u1ecb thanh to\u00e1n cho c\u00e1c d\u1ecbch v\u1ee5 chuy\u1ec3n ti\u1ebfp n\u00e0y ch\u1eebng n\u00e0o qu\u00fd v\u1ecb c\u00f2n l\u00e0 h\u1ecdc sinh, t\u1ed1i \u0111a 22 tu\u1ed5i. <span class=\"footnote_referrer\"><a role=\"button\" tabindex=\"0\" onclick=\"footnote_moveToReference_1585_1('footnote_plugin_reference_1585_1_2');\" onkeypress=\"footnote_moveToReference_1585_1('footnote_plugin_reference_1585_1_2');\" ><sup id=\"footnote_plugin_tooltip_1585_1_2\" class=\"footnote_plugin_tooltip_text\">[2]<\/sup><\/a><span id=\"footnote_plugin_tooltip_text_1585_1_2\" class=\"footnote_tooltip\">B\u1ed9 Lu\u1eadt Gi\u00e1o D\u1ee5c California c\u00e1c m\u1ee5c 56026(c)(4) v\u00e0 56026.<\/span><\/span><script type=\"text\/javascript\"> jQuery('#footnote_plugin_tooltip_1585_1_2').tooltip({ tip: '#footnote_plugin_tooltip_text_1585_1_2', tipClass: 'footnote_tooltip', effect: 'fade', predelay: 0, fadeInSpeed: 200, delay: 400, fadeOutSpeed: 200, position: 'top center', relative: true, offset: [-7, 0], });<\/script><\/p>\n\n\n\n<p>M\u1eb7c d\u00f9 c\u00e1c trung t\u00e2m khu v\u1ef1c kh\u00f4ng thanh to\u00e1n cho c\u00e1c d\u1ecbch v\u1ee5 chuy\u1ec3n ti\u1ebfp trong IEP c\u1ee7a qu\u00fd v\u1ecb, h\u1ecd c\u00f3 tham gia v\u00e0o vi\u1ec7c l\u1eadp k\u1ebf ho\u1ea1ch chuy\u1ec3n ti\u1ebfp. <span class=\"footnote_referrer\"><a role=\"button\" tabindex=\"0\" onclick=\"footnote_moveToReference_1585_1('footnote_plugin_reference_1585_1_3');\" onkeypress=\"footnote_moveToReference_1585_1('footnote_plugin_reference_1585_1_3');\" ><sup id=\"footnote_plugin_tooltip_1585_1_3\" class=\"footnote_plugin_tooltip_text\">[3]<\/sup><\/a><span id=\"footnote_plugin_tooltip_text_1585_1_3\" class=\"footnote_tooltip\">M\u1ee5c 4648.55(a).<\/span><\/span><script type=\"text\/javascript\"> jQuery('#footnote_plugin_tooltip_1585_1_3').tooltip({ tip: '#footnote_plugin_tooltip_text_1585_1_3', tipClass: 'footnote_tooltip', effect: 'fade', predelay: 0, fadeInSpeed: 200, delay: 400, fadeOutSpeed: 200, position: 'top center', relative: true, offset: [-7, 0], });<\/script> Xem c\u00e2u h\u1ecfi v\u00e0 c\u00e2u tr\u1ea3 l\u1eddi ti\u1ebfp theo&nbsp;<a href=\"https:\/\/rula.disabilityrightsca.org\/vi\/rula-book\/chapter-9-community-participation-work-day-and-leisure-activities\/can-regional-centers-provide-adult-services-before-i-have-transitioned-out-of-school\/\">(9.36)<\/a>. Qu\u00fd v\u1ecb c\u00f3 th\u1ec3 y\u00eau c\u1ea7u tr\u01b0\u1eddng m\u1eddi \u0111i\u1ec1u ph\u1ed1i vi\u00ean d\u1ecbch v\u1ee5 c\u1ee7a qu\u00fd v\u1ecb tham gia nh\u00f3m IEP \u0111\u1ec3 tr\u1ee3 gi\u00fap l\u1eadp k\u1ebf ho\u1ea1ch chuy\u1ec3n ti\u1ebfp. H\u1ecd c\u0169ng c\u00f3 th\u1ec3 m\u1eddi S\u1edf Ph\u1ee5c H\u1ed3i Ch\u1ee9c N\u0103ng (Department of Rehabilitation, DOR) \u0111\u1ebfn th\u1ea3o lu\u1eadn v\u1ec1 c\u00e1c l\u1ef1a ch\u1ecdn ngh\u1ec1 nghi\u1ec7p. Trung t\u00e2m khu v\u1ef1c c\u00f3 th\u1ec3 gi\u00fap qu\u00fd v\u1ecb ph\u00e1t tri\u1ec3n c\u00e1c m\u1ee5c \u0111\u00edch chuy\u1ec3n ti\u1ebfp trong IEP v\u00e0 ch\u1ecdn c\u00e1c d\u1ecbch v\u1ee5 gi\u00fap qu\u00fd v\u1ecb \u0111\u1ea1t \u0111\u01b0\u1ee3c nh\u1eefng m\u1ee5c \u0111\u00edch \u0111\u00f3. Nh\u1eefng d\u1ecbch v\u1ee5 qu\u00fd v\u1ecb nh\u1eadn \u0111\u01b0\u1ee3c t\u00f9y thu\u1ed9c v\u00e0o nh\u1eefng \u0111i\u1ec1u qu\u00fd v\u1ecb c\u1ea7n v\u00e0 mu\u1ed1n. C\u00e1c d\u1ecbch v\u1ee5 d\u00e0nh cho qu\u00fd v\u1ecb c\u00f3 th\u1ec3 l\u00e0 tr\u1ea3i nghi\u1ec7m c\u1ed9ng \u0111\u1ed3ng, ph\u00e1t tri\u1ec3n vi\u1ec7c l\u00e0m v\u00e0 c\u00e1c m\u1ee5c \u0111\u00edch kh\u00e1c trong cu\u1ed9c s\u1ed1ng tr\u01b0\u1edfng th\u00e0nh c\u1ee7a qu\u00fd v\u1ecb. Qu\u00fd v\u1ecb c\u00f3 th\u1ec3 \u0111\u01b0\u1ee3c \u0111\u00e0o t\u1ea1o c\u00e1c k\u1ef9 n\u0103ng s\u1ed1ng h\u00e0ng ng\u00e0y v\u00e0 \u0111\u01b0\u1ee3c th\u1ea9m \u0111\u1ecbnh \u0111\u1ec3 x\u00e1c \u0111\u1ecbnh th\u1ebf m\u1ea1nh v\u00e0 kh\u1ea3 n\u0103ng c\u1ee7a qu\u00fd v\u1ecb (\u0111\u01b0\u1ee3c g\u1ecdi l\u00e0 th\u1ea9m \u0111\u1ecbnh ch\u1ee9c n\u0103ng ngh\u1ec1 nghi\u1ec7p).<\/p>\n<div class=\"speaker-mute footnotes_reference_container\"> <div class=\"footnote_container_prepare\"><p><span role=\"button\" tabindex=\"0\" class=\"footnote_reference_container_label pointer\" onclick=\"footnote_expand_collapse_reference_container_1585_1();\">&#x202F;<\/span><span role=\"button\" tabindex=\"0\" class=\"footnote_reference_container_collapse_button\" style=\"display: none;\" onclick=\"footnote_expand_collapse_reference_container_1585_1();\">[<a id=\"footnote_reference_container_collapse_button_1585_1\">+<\/a>]<\/span><\/p><\/div> <div id=\"footnote_references_container_1585_1\" style=\"\"><table class=\"footnotes_table footnote-reference-container\"><caption class=\"accessibility\">References<\/caption> <tbody> \r\n\r\n<tr class=\"footnotes_plugin_reference_row\"> <th scope=\"row\" class=\"footnote_plugin_index_combi pointer\"  onclick=\"footnote_moveToAnchor_1585_1('footnote_plugin_tooltip_1585_1_1');\"><a id=\"footnote_plugin_reference_1585_1_1\" class=\"footnote_backlink\"><span class=\"footnote_index_arrow\">&#8593;<\/span>1<\/a><\/th> <td class=\"footnote_plugin_text\">B\u1ed9 Lu\u1eadt Gi\u00e1o D\u1ee5c California m\u1ee5c 56345(a)(8).<\/td><\/tr>\r\n\r\n<tr class=\"footnotes_plugin_reference_row\"> <th scope=\"row\" class=\"footnote_plugin_index_combi pointer\"  onclick=\"footnote_moveToAnchor_1585_1('footnote_plugin_tooltip_1585_1_2');\"><a id=\"footnote_plugin_reference_1585_1_2\" class=\"footnote_backlink\"><span class=\"footnote_index_arrow\">&#8593;<\/span>2<\/a><\/th> <td class=\"footnote_plugin_text\">B\u1ed9 Lu\u1eadt Gi\u00e1o D\u1ee5c California c\u00e1c m\u1ee5c 56026(c)(4) v\u00e0 56026.<\/td><\/tr>\r\n\r\n<tr class=\"footnotes_plugin_reference_row\"> <th scope=\"row\" class=\"footnote_plugin_index_combi pointer\"  onclick=\"footnote_moveToAnchor_1585_1('footnote_plugin_tooltip_1585_1_3');\"><a id=\"footnote_plugin_reference_1585_1_3\" class=\"footnote_backlink\"><span class=\"footnote_index_arrow\">&#8593;<\/span>3<\/a><\/th> <td class=\"footnote_plugin_text\">M\u1ee5c 4648.55(a).<\/td><\/tr>\r\n\r\n <\/tbody> <\/table> <\/div><\/div><script type=\"text\/javascript\"> function footnote_expand_reference_container_1585_1() { jQuery('#footnote_references_container_1585_1').show(); jQuery('#footnote_reference_container_collapse_button_1585_1').text('\u2212'); } function footnote_collapse_reference_container_1585_1() { jQuery('#footnote_references_container_1585_1').hide(); jQuery('#footnote_reference_container_collapse_button_1585_1').text('+'); } function footnote_expand_collapse_reference_container_1585_1() { if (jQuery('#footnote_references_container_1585_1').is(':hidden')) { footnote_expand_reference_container_1585_1(); } else { footnote_collapse_reference_container_1585_1(); } } function footnote_moveToReference_1585_1(p_str_TargetID) { footnote_expand_reference_container_1585_1(); var l_obj_Target = jQuery('#' + p_str_TargetID); if (l_obj_Target.length) { jQuery( 'html, body' ).delay( 0 ); jQuery('html, body').animate({ scrollTop: l_obj_Target.offset().top - window.innerHeight * 0.2 }, 380); } } function footnote_moveToAnchor_1585_1(p_str_TargetID) { footnote_expand_reference_container_1585_1(); var l_obj_Target = jQuery('#' + p_str_TargetID); if (l_obj_Target.length) { jQuery( 'html, body' ).delay( 0 ); jQuery('html, body').animate({ scrollTop: l_obj_Target.offset().top - window.innerHeight * 0.2 }, 380); } }<\/script>","protected":false},"excerpt":{"rendered":"<p>H\u1ecdc khu ph\u1ea3i b\u1eaft \u0111\u1ea7u l\u1eadp k\u1ebf ho\u1ea1ch chuy\u1ec3n ti\u1ebfp cho h\u1ecdc sinh b\u1ecb khuy\u1ebft t\u1eadt v\u1ec1 ph\u00e1t tri\u1ec3n khi 16 tu\u1ed5i. Vi\u1ec7c l\u1eadp k\u1ebf&hellip;<\/p>\n","protected":false},"author":1,"featured_media":0,"parent":1447,"menu_order":35,"comment_status":"closed","ping_status":"closed","template":"","meta":{"footnotes":""},"class_list":["post-1585","page","type-page","status-publish","hentry"],"_links":{"self":[{"href":"https:\/\/rula.disabilityrightsca.org\/vi\/wp-json\/wp\/v2\/pages\/1585","targetHints":{"allow":["GET"]}}],"collection":[{"href":"https:\/\/rula.disabilityrightsca.org\/vi\/wp-json\/wp\/v2\/pages"}],"about":[{"href":"https:\/\/rula.disabilityrightsca.org\/vi\/wp-json\/wp\/v2\/types\/page"}],"author":[{"embeddable":true,"href":"https:\/\/rula.disabilityrightsca.org\/vi\/wp-json\/wp\/v2\/users\/1"}],"replies":[{"embeddable":true,"href":"https:\/\/rula.disabilityrightsca.org\/vi\/wp-json\/wp\/v2\/comments?post=1585"}],"version-history":[{"count":5,"href":"https:\/\/rula.disabilityrightsca.org\/vi\/wp-json\/wp\/v2\/pages\/1585\/revisions"}],"predecessor-version":[{"id":3295,"href":"https:\/\/rula.disabilityrightsca.org\/vi\/wp-json\/wp\/v2\/pages\/1585\/revisions\/3295"}],"up":[{"embeddable":true,"href":"https:\/\/rula.disabilityrightsca.org\/vi\/wp-json\/wp\/v2\/pages\/1447"}],"wp:attachment":[{"href":"https:\/\/rula.disabilityrightsca.org\/vi\/wp-json\/wp\/v2\/media?parent=1585"}],"curies":[{"name":"wp","href":"https:\/\/api.w.org\/{rel}","templated":true}]}}