{"id":1583,"date":"2021-07-01T22:07:48","date_gmt":"2021-07-01T22:07:48","guid":{"rendered":"http:\/\/www.rula.disabilityrightsca.org\/vi\/?page_id=1583"},"modified":"2022-04-27T17:07:29","modified_gmt":"2022-04-27T17:07:29","slug":"what-restrictions-are-there-on-transportation-services-from-regional-centers","status":"publish","type":"page","link":"https:\/\/rula.disabilityrightsca.org\/vi\/rula-book\/chapter-9-community-participation-work-day-and-leisure-activities\/what-restrictions-are-there-on-transportation-services-from-regional-centers\/","title":{"rendered":"(9.34) C\u00f3 nh\u1eefng h\u1ea1n ch\u1ebf g\u00ec \u0111\u1ed1i v\u1edbi c\u00e1c d\u1ecbch v\u1ee5 v\u1eadn chuy\u1ec3n c\u1ee7a trung t\u00e2m khu v\u1ef1c?"},"content":{"rendered":"\n<p>Trung t\u00e2m khu v\u1ef1c kh\u00f4ng th\u1ec3 thanh to\u00e1n cho d\u1ecbch v\u1ee5 v\u1eadn chuy\u1ec3n t\u01b0 nh\u00e2n, chuy\u00ean bi\u1ec7t cho ng\u01b0\u1eddi l\u1edbn m\u00e0 c\u00f3 th\u1ec3 s\u1eed d\u1ee5ng ph\u01b0\u01a1ng ti\u1ec7n c\u00f4ng c\u1ed9ng s\u1eb5n c\u00f3 m\u1ed9t c\u00e1ch an to\u00e0n. <span class=\"footnote_referrer\"><a role=\"button\" tabindex=\"0\" onclick=\"footnote_moveToReference_1583_1('footnote_plugin_reference_1583_1_1');\" onkeypress=\"footnote_moveToReference_1583_1('footnote_plugin_reference_1583_1_1');\" ><sup id=\"footnote_plugin_tooltip_1583_1_1\" class=\"footnote_plugin_tooltip_text\">[1]<\/sup><\/a><span id=\"footnote_plugin_tooltip_text_1583_1_1\" class=\"footnote_tooltip\">M\u1ee5c 4648.35(a).<\/span><\/span><script type=\"text\/javascript\"> jQuery('#footnote_plugin_tooltip_1583_1_1').tooltip({ tip: '#footnote_plugin_tooltip_text_1583_1_1', tipClass: 'footnote_tooltip', effect: 'fade', predelay: 0, fadeInSpeed: 200, delay: 400, fadeOutSpeed: 200, position: 'top center', relative: true, offset: [-7, 0], });<\/script> N\u1ebfu trung t\u00e2m khu v\u1ef1c \u0111\u00e3 thanh to\u00e1n cho d\u1ecbch v\u1ee5 v\u1eadn chuy\u1ec3n t\u01b0 nh\u00e2n, chuy\u00ean bi\u1ec7t \u0111\u1ec3 \u0111\u01b0a \u0111\u00f3n qu\u00fd v\u1ecb \u0111\u1ebfn ch\u01b0\u01a1ng tr\u00ecnh ban ng\u00e0y ho\u1eb7c n\u01a1i l\u00e0m vi\u1ec7c, h\u1ecd ph\u1ea3i ph\u00e1t tri\u1ec3n k\u1ebf ho\u1ea1ch ti\u1ebfp c\u1eadn ph\u01b0\u01a1ng ti\u1ec7n v\u1eadn chuy\u1ec3n n\u1ebfu qu\u00fd v\u1ecb c\u00f3 th\u1ec3 s\u1eed d\u1ee5ng ph\u01b0\u01a1ng ti\u1ec7n c\u00f4ng c\u1ed9ng m\u1ed9t c\u00e1ch an to\u00e0n v\u00e0 c\u00e1c ph\u01b0\u01a1ng ti\u1ec7n v\u1eadn chuy\u1ec3n \u0111\u00f3 c\u00f3 s\u1eb5n. <span class=\"footnote_referrer\"><a role=\"button\" tabindex=\"0\" onclick=\"footnote_moveToReference_1583_1('footnote_plugin_reference_1583_1_2');\" onkeypress=\"footnote_moveToReference_1583_1('footnote_plugin_reference_1583_1_2');\" ><sup id=\"footnote_plugin_tooltip_1583_1_2\" class=\"footnote_plugin_tooltip_text\">[2]<\/sup><\/a><span id=\"footnote_plugin_tooltip_text_1583_1_2\" class=\"footnote_tooltip\">M\u1ee5c 4646.5(a)(7)(A).<\/span><\/span><script type=\"text\/javascript\"> jQuery('#footnote_plugin_tooltip_1583_1_2').tooltip({ tip: '#footnote_plugin_tooltip_text_1583_1_2', tipClass: 'footnote_tooltip', effect: 'fade', predelay: 0, fadeInSpeed: 200, delay: 400, fadeOutSpeed: 200, position: 'top center', relative: true, offset: [-7, 0], });<\/script> Tuy nhi\u00ean, k\u1ebf ho\u1ea1ch n\u00e0y ph\u1ea3i bao g\u1ed3m c\u00e1c d\u1ecbch v\u1ee5 v\u00e0 s\u1ef1 h\u1ed7 tr\u1ee3 qu\u00fd v\u1ecb c\u1ea7n \u0111\u1ec3 gi\u00fap qu\u00fd v\u1ecb s\u1eed d\u1ee5ng ph\u01b0\u01a1ng ti\u1ec7n c\u00f4ng c\u1ed9ng. <span class=\"footnote_referrer\"><a role=\"button\" tabindex=\"0\" onclick=\"footnote_moveToReference_1583_1('footnote_plugin_reference_1583_1_3');\" onkeypress=\"footnote_moveToReference_1583_1('footnote_plugin_reference_1583_1_3');\" ><sup id=\"footnote_plugin_tooltip_1583_1_3\" class=\"footnote_plugin_tooltip_text\">[3]<\/sup><\/a><span id=\"footnote_plugin_tooltip_text_1583_1_3\" class=\"footnote_tooltip\">M\u1ee5c 4646.5(a)(7)(B).<\/span><\/span><script type=\"text\/javascript\"> jQuery('#footnote_plugin_tooltip_1583_1_3').tooltip({ tip: '#footnote_plugin_tooltip_text_1583_1_3', tipClass: 'footnote_tooltip', effect: 'fade', predelay: 0, fadeInSpeed: 200, delay: 400, fadeOutSpeed: 200, position: 'top center', relative: true, offset: [-7, 0], });<\/script><\/p>\n\n\n\n<p>Cho d\u00f9 trung t\u00e2m khu v\u1ef1c thanh to\u00e1n cho ph\u01b0\u01a1ng ti\u1ec7n t\u01b0 nh\u00e2n hay s\u1ef1 h\u1ed7 tr\u1ee3 qu\u00fd v\u1ecb c\u1ea7n \u0111\u1ec3 ti\u1ebfp c\u1eadn ph\u01b0\u01a1ng ti\u1ec7n c\u00f4ng c\u1ed9ng, h\u1ecd ch\u1ec9 c\u00f3 th\u1ec3 thanh to\u00e1n cho d\u1ecbch v\u1ee5 \u00edt t\u1ed1n k\u00e9m nh\u1ea5t \u0111\u00e1p \u1ee9ng nhu c\u1ea7u c\u1ee7a qu\u00fd v\u1ecb. <span class=\"footnote_referrer\"><a role=\"button\" tabindex=\"0\" onclick=\"footnote_moveToReference_1583_1('footnote_plugin_reference_1583_1_4');\" onkeypress=\"footnote_moveToReference_1583_1('footnote_plugin_reference_1583_1_4');\" ><sup id=\"footnote_plugin_tooltip_1583_1_4\" class=\"footnote_plugin_tooltip_text\">[4]<\/sup><\/a><span id=\"footnote_plugin_tooltip_text_1583_1_4\" class=\"footnote_tooltip\">C\u00e1c M\u1ee5c 4646.5(a)(7)(B) v\u00e0 4648.35(b)&amp;(c).<\/span><\/span><script type=\"text\/javascript\"> jQuery('#footnote_plugin_tooltip_1583_1_4').tooltip({ tip: '#footnote_plugin_tooltip_text_1583_1_4', tipClass: 'footnote_tooltip', effect: 'fade', predelay: 0, fadeInSpeed: 200, delay: 400, fadeOutSpeed: 200, position: 'top center', relative: true, offset: [-7, 0], });<\/script><\/p>\n\n\n\n<p>Ngo\u00e0i ra, lu\u1eadt quy \u0111\u1ecbnh c\u00e1c trung t\u00e2m khu v\u1ef1c kh\u00f4ng th\u1ec3 mua c\u00e1c d\u1ecbch v\u1ee5 \u0111\u00e0o t\u1ea1o v\u1eadn \u0111\u1ed9ng v\u00e0 v\u1eadn chuy\u1ec3n li\u00ean quan n\u1ebfu qu\u00fd v\u1ecb c\u00f3 th\u1ec3 nh\u1eadn c\u00e1c d\u1ecbch v\u1ee5 n\u00e0y t\u1eeb h\u1ecdc khu c\u1ee7a m\u00ecnh. Qu\u00fd v\u1ecb c\u00f3 th\u1ec3 nh\u1eadn c\u00e1c d\u1ecbch v\u1ee5 n\u00e0y c\u1ee7a tr\u01b0\u1eddng n\u1ebfu qu\u00fd v\u1ecb t\u1eeb 18 \u0111\u1ebfn 22 tu\u1ed5i, h\u1ed9i \u0111\u1ee7 \u0111i\u1ec1u ki\u1ec7n \u0111\u1ec3 nh\u1eadn gi\u00e1o d\u1ee5c \u0111\u1eb7c bi\u1ec7t v\u00e0 c\u00e1c d\u1ecbch v\u1ee5 li\u00ean quan \u0111\u1ed3ng th\u1eddi ch\u01b0a nh\u1eadn \u0111\u01b0\u1ee3c b\u1eb1ng t\u1ed1t nghi\u1ec7p ho\u1eb7c ch\u1ee9ng ch\u1ec9 ho\u00e0n th\u00e0nh. <span class=\"footnote_referrer\"><a role=\"button\" tabindex=\"0\" onclick=\"footnote_moveToReference_1583_1('footnote_plugin_reference_1583_1_5');\" onkeypress=\"footnote_moveToReference_1583_1('footnote_plugin_reference_1583_1_5');\" ><sup id=\"footnote_plugin_tooltip_1583_1_5\" class=\"footnote_plugin_tooltip_text\">[5]<\/sup><\/a><span id=\"footnote_plugin_tooltip_text_1583_1_5\" class=\"footnote_tooltip\">M\u1ee5c 4648.55(a).<\/span><\/span><script type=\"text\/javascript\"> jQuery('#footnote_plugin_tooltip_1583_1_5').tooltip({ tip: '#footnote_plugin_tooltip_text_1583_1_5', tipClass: 'footnote_tooltip', effect: 'fade', predelay: 0, fadeInSpeed: 200, delay: 400, fadeOutSpeed: 200, position: 'top center', relative: true, offset: [-7, 0], });<\/script><\/p>\n<div class=\"speaker-mute footnotes_reference_container\"> <div class=\"footnote_container_prepare\"><p><span role=\"button\" tabindex=\"0\" class=\"footnote_reference_container_label pointer\" onclick=\"footnote_expand_collapse_reference_container_1583_1();\">&#x202F;<\/span><span role=\"button\" tabindex=\"0\" class=\"footnote_reference_container_collapse_button\" style=\"display: none;\" onclick=\"footnote_expand_collapse_reference_container_1583_1();\">[<a id=\"footnote_reference_container_collapse_button_1583_1\">+<\/a>]<\/span><\/p><\/div> <div id=\"footnote_references_container_1583_1\" style=\"\"><table class=\"footnotes_table footnote-reference-container\"><caption class=\"accessibility\">References<\/caption> <tbody> \r\n\r\n<tr class=\"footnotes_plugin_reference_row\"> <th scope=\"row\" class=\"footnote_plugin_index_combi pointer\"  onclick=\"footnote_moveToAnchor_1583_1('footnote_plugin_tooltip_1583_1_1');\"><a id=\"footnote_plugin_reference_1583_1_1\" class=\"footnote_backlink\"><span class=\"footnote_index_arrow\">&#8593;<\/span>1<\/a><\/th> <td class=\"footnote_plugin_text\">M\u1ee5c 4648.35(a).<\/td><\/tr>\r\n\r\n<tr class=\"footnotes_plugin_reference_row\"> <th scope=\"row\" class=\"footnote_plugin_index_combi pointer\"  onclick=\"footnote_moveToAnchor_1583_1('footnote_plugin_tooltip_1583_1_2');\"><a id=\"footnote_plugin_reference_1583_1_2\" class=\"footnote_backlink\"><span class=\"footnote_index_arrow\">&#8593;<\/span>2<\/a><\/th> <td class=\"footnote_plugin_text\">M\u1ee5c 4646.5(a)(7)(A).<\/td><\/tr>\r\n\r\n<tr class=\"footnotes_plugin_reference_row\"> <th scope=\"row\" class=\"footnote_plugin_index_combi pointer\"  onclick=\"footnote_moveToAnchor_1583_1('footnote_plugin_tooltip_1583_1_3');\"><a id=\"footnote_plugin_reference_1583_1_3\" class=\"footnote_backlink\"><span class=\"footnote_index_arrow\">&#8593;<\/span>3<\/a><\/th> <td class=\"footnote_plugin_text\">M\u1ee5c 4646.5(a)(7)(B).<\/td><\/tr>\r\n\r\n<tr class=\"footnotes_plugin_reference_row\"> <th scope=\"row\" class=\"footnote_plugin_index_combi pointer\"  onclick=\"footnote_moveToAnchor_1583_1('footnote_plugin_tooltip_1583_1_4');\"><a id=\"footnote_plugin_reference_1583_1_4\" class=\"footnote_backlink\"><span class=\"footnote_index_arrow\">&#8593;<\/span>4<\/a><\/th> <td class=\"footnote_plugin_text\">C\u00e1c M\u1ee5c 4646.5(a)(7)(B) v\u00e0 4648.35(b)&amp;(c).<\/td><\/tr>\r\n\r\n<tr class=\"footnotes_plugin_reference_row\"> <th scope=\"row\" class=\"footnote_plugin_index_combi pointer\"  onclick=\"footnote_moveToAnchor_1583_1('footnote_plugin_tooltip_1583_1_5');\"><a id=\"footnote_plugin_reference_1583_1_5\" class=\"footnote_backlink\"><span class=\"footnote_index_arrow\">&#8593;<\/span>5<\/a><\/th> <td class=\"footnote_plugin_text\">M\u1ee5c 4648.55(a).<\/td><\/tr>\r\n\r\n <\/tbody> <\/table> <\/div><\/div><script type=\"text\/javascript\"> function footnote_expand_reference_container_1583_1() { jQuery('#footnote_references_container_1583_1').show(); jQuery('#footnote_reference_container_collapse_button_1583_1').text('\u2212'); } function footnote_collapse_reference_container_1583_1() { jQuery('#footnote_references_container_1583_1').hide(); jQuery('#footnote_reference_container_collapse_button_1583_1').text('+'); } function footnote_expand_collapse_reference_container_1583_1() { if (jQuery('#footnote_references_container_1583_1').is(':hidden')) { footnote_expand_reference_container_1583_1(); } else { footnote_collapse_reference_container_1583_1(); } } function footnote_moveToReference_1583_1(p_str_TargetID) { footnote_expand_reference_container_1583_1(); var l_obj_Target = jQuery('#' + p_str_TargetID); if (l_obj_Target.length) { jQuery( 'html, body' ).delay( 0 ); jQuery('html, body').animate({ scrollTop: l_obj_Target.offset().top - window.innerHeight * 0.2 }, 380); } } function footnote_moveToAnchor_1583_1(p_str_TargetID) { footnote_expand_reference_container_1583_1(); var l_obj_Target = jQuery('#' + p_str_TargetID); if (l_obj_Target.length) { jQuery( 'html, body' ).delay( 0 ); jQuery('html, body').animate({ scrollTop: l_obj_Target.offset().top - window.innerHeight * 0.2 }, 380); } }<\/script>","protected":false},"excerpt":{"rendered":"<p>Trung t\u00e2m khu v\u1ef1c kh\u00f4ng th\u1ec3 thanh to\u00e1n cho d\u1ecbch v\u1ee5 v\u1eadn chuy\u1ec3n t\u01b0 nh\u00e2n, chuy\u00ean bi\u1ec7t cho ng\u01b0\u1eddi l\u1edbn m\u00e0 c\u00f3 th\u1ec3 s\u1eed d\u1ee5ng&hellip;<\/p>\n","protected":false},"author":1,"featured_media":0,"parent":1447,"menu_order":34,"comment_status":"closed","ping_status":"closed","template":"","meta":{"footnotes":""},"class_list":["post-1583","page","type-page","status-publish","hentry"],"_links":{"self":[{"href":"https:\/\/rula.disabilityrightsca.org\/vi\/wp-json\/wp\/v2\/pages\/1583","targetHints":{"allow":["GET"]}}],"collection":[{"href":"https:\/\/rula.disabilityrightsca.org\/vi\/wp-json\/wp\/v2\/pages"}],"about":[{"href":"https:\/\/rula.disabilityrightsca.org\/vi\/wp-json\/wp\/v2\/types\/page"}],"author":[{"embeddable":true,"href":"https:\/\/rula.disabilityrightsca.org\/vi\/wp-json\/wp\/v2\/users\/1"}],"replies":[{"embeddable":true,"href":"https:\/\/rula.disabilityrightsca.org\/vi\/wp-json\/wp\/v2\/comments?post=1583"}],"version-history":[{"count":2,"href":"https:\/\/rula.disabilityrightsca.org\/vi\/wp-json\/wp\/v2\/pages\/1583\/revisions"}],"predecessor-version":[{"id":3279,"href":"https:\/\/rula.disabilityrightsca.org\/vi\/wp-json\/wp\/v2\/pages\/1583\/revisions\/3279"}],"up":[{"embeddable":true,"href":"https:\/\/rula.disabilityrightsca.org\/vi\/wp-json\/wp\/v2\/pages\/1447"}],"wp:attachment":[{"href":"https:\/\/rula.disabilityrightsca.org\/vi\/wp-json\/wp\/v2\/media?parent=1583"}],"curies":[{"name":"wp","href":"https:\/\/api.w.org\/{rel}","templated":true}]}}