{"id":1581,"date":"2021-07-01T22:05:09","date_gmt":"2021-07-01T22:05:09","guid":{"rendered":"http:\/\/www.rula.disabilityrightsca.org\/vi\/?page_id=1581"},"modified":"2022-04-27T17:07:13","modified_gmt":"2022-04-27T17:07:13","slug":"can-i-get-help-with-transportation","status":"publish","type":"page","link":"https:\/\/rula.disabilityrightsca.org\/vi\/rula-book\/chapter-9-community-participation-work-day-and-leisure-activities\/can-i-get-help-with-transportation\/","title":{"rendered":"(9.33) T\u00f4i c\u00f3 th\u1ec3 nh\u1eadn tr\u1ee3 gi\u00fap v\u1ec1 v\u1eadn chuy\u1ec3n kh\u00f4ng?"},"content":{"rendered":"\n<p>N\u1ebfu qu\u00fd v\u1ecb c\u1ea7n c\u00e1c d\u1ecbch v\u1ee5 v\u1eadn chuy\u1ec3n, h\u00e3y \u0111\u01b0a c\u00e1c d\u1ecbch v\u1ee5 \u0111\u00f3 v\u00e0o IPP c\u1ee7a qu\u00fd v\u1ecb. Trung t\u00e2m khu v\u1ef1c c\u00f3 th\u1ec3 gi\u00fap qu\u00fd v\u1ecb nh\u1eadn h\u1ed7 tr\u1ee3 v\u1eadn chuy\u1ec3n. <span class=\"footnote_referrer\"><a role=\"button\" tabindex=\"0\" onclick=\"footnote_moveToReference_1581_1('footnote_plugin_reference_1581_1_1');\" onkeypress=\"footnote_moveToReference_1581_1('footnote_plugin_reference_1581_1_1');\" ><sup id=\"footnote_plugin_tooltip_1581_1_1\" class=\"footnote_plugin_tooltip_text\">[1]<\/sup><\/a><span id=\"footnote_plugin_tooltip_text_1581_1_1\" class=\"footnote_tooltip\">M\u1ee5c 4512(b).<\/span><\/span><script type=\"text\/javascript\"> jQuery('#footnote_plugin_tooltip_1581_1_1').tooltip({ tip: '#footnote_plugin_tooltip_text_1581_1_1', tipClass: 'footnote_tooltip', effect: 'fade', predelay: 0, fadeInSpeed: 200, delay: 400, fadeOutSpeed: 200, position: 'top center', relative: true, offset: [-7, 0], });<\/script> V\u00ed d\u1ee5, trung t\u00e2m khu v\u1ef1c c\u00f3 th\u1ec3 gi\u00fap \u0111\u1ee1 qu\u00fd v\u1ecb s\u1eed d\u1ee5ng ph\u01b0\u01a1ng ti\u1ec7n c\u00f4ng c\u1ed9ng. Trung t\u00e2m khu v\u1ef1c c\u00f3 th\u1ec3 d\u1ea1y qu\u00fd v\u1ecb s\u1eed d\u1ee5ng ph\u01b0\u01a1ng ti\u1ec7n giao th\u00f4ng m\u1ed9t c\u00e1ch \u0111\u1ed9c l\u1eadp nh\u1ea5t c\u00f3 th\u1ec3. \u0110\u00e2y \u0111\u01b0\u1ee3c g\u1ecdi l\u00e0 \u0111\u00e0o t\u1ea1o v\u1eadn \u0111\u1ed9ng. Qu\u00fd v\u1ecb c\u00f3 th\u1ec3 h\u1ecdc c\u00e1ch s\u1eed d\u1ee5ng xe bu\u00fdt c\u00f4ng c\u1ed9ng ho\u1eb7c c\u00e1ch \u0111i b\u1ed9 \u0111\u1ebfn tr\u01b0\u1eddng, c\u1eeda h\u00e0ng hay nh\u1eefng n\u01a1i kh\u00e1c. \u0110i\u1ec1u n\u00e0y n\u00ean \u0111\u01b0\u1ee3c bao g\u1ed3m trong k\u1ebf ho\u1ea1ch ti\u1ebfp c\u1eadn ph\u01b0\u01a1ng ti\u1ec7n v\u1eadn chuy\u1ec3n c\u1ee7a qu\u00fd v\u1ecb. M\u1eb7c d\u00f9 trung t\u00e2m khu v\u1ef1c c\u00f3 th\u1ec3 gi\u00fap qu\u00fd v\u1ecb trong vi\u1ec7v v\u1eadn chuy\u1ec3n, \u0110\u1ea1o Lu\u1eadt Lanterman \u0111\u1eb7t ra c\u00e1c h\u1ea1n ch\u1ebf cho d\u1ecbch v\u1ee5 n\u00e0y. Xem&nbsp;<a href=\"https:\/\/rula.disabilityrightsca.org\/vi\/rula-book\/chapter-9-community-participation-work-day-and-leisure-activities\/what-restrictions-are-there-on-transportation-services-from-regional-centers\/\">c\u00e2u h\u1ecfi ti\u1ebfp theo<\/a>.<\/p>\n<div class=\"speaker-mute footnotes_reference_container\"> <div class=\"footnote_container_prepare\"><p><span role=\"button\" tabindex=\"0\" class=\"footnote_reference_container_label pointer\" onclick=\"footnote_expand_collapse_reference_container_1581_1();\">&#x202F;<\/span><span role=\"button\" tabindex=\"0\" class=\"footnote_reference_container_collapse_button\" style=\"display: none;\" onclick=\"footnote_expand_collapse_reference_container_1581_1();\">[<a id=\"footnote_reference_container_collapse_button_1581_1\">+<\/a>]<\/span><\/p><\/div> <div id=\"footnote_references_container_1581_1\" style=\"\"><table class=\"footnotes_table footnote-reference-container\"><caption class=\"accessibility\">References<\/caption> <tbody> \r\n\r\n<tr class=\"footnotes_plugin_reference_row\"> <th scope=\"row\" class=\"footnote_plugin_index_combi pointer\"  onclick=\"footnote_moveToAnchor_1581_1('footnote_plugin_tooltip_1581_1_1');\"><a id=\"footnote_plugin_reference_1581_1_1\" class=\"footnote_backlink\"><span class=\"footnote_index_arrow\">&#8593;<\/span>1<\/a><\/th> <td class=\"footnote_plugin_text\">M\u1ee5c 4512(b).<\/td><\/tr>\r\n\r\n <\/tbody> <\/table> <\/div><\/div><script type=\"text\/javascript\"> function footnote_expand_reference_container_1581_1() { jQuery('#footnote_references_container_1581_1').show(); jQuery('#footnote_reference_container_collapse_button_1581_1').text('\u2212'); } function footnote_collapse_reference_container_1581_1() { jQuery('#footnote_references_container_1581_1').hide(); jQuery('#footnote_reference_container_collapse_button_1581_1').text('+'); } function footnote_expand_collapse_reference_container_1581_1() { if (jQuery('#footnote_references_container_1581_1').is(':hidden')) { footnote_expand_reference_container_1581_1(); } else { footnote_collapse_reference_container_1581_1(); } } function footnote_moveToReference_1581_1(p_str_TargetID) { footnote_expand_reference_container_1581_1(); var l_obj_Target = jQuery('#' + p_str_TargetID); if (l_obj_Target.length) { jQuery( 'html, body' ).delay( 0 ); jQuery('html, body').animate({ scrollTop: l_obj_Target.offset().top - window.innerHeight * 0.2 }, 380); } } function footnote_moveToAnchor_1581_1(p_str_TargetID) { footnote_expand_reference_container_1581_1(); var l_obj_Target = jQuery('#' + p_str_TargetID); if (l_obj_Target.length) { jQuery( 'html, body' ).delay( 0 ); jQuery('html, body').animate({ scrollTop: l_obj_Target.offset().top - window.innerHeight * 0.2 }, 380); } }<\/script>","protected":false},"excerpt":{"rendered":"<p>N\u1ebfu qu\u00fd v\u1ecb c\u1ea7n c\u00e1c d\u1ecbch v\u1ee5 v\u1eadn chuy\u1ec3n, h\u00e3y \u0111\u01b0a c\u00e1c d\u1ecbch v\u1ee5 \u0111\u00f3 v\u00e0o IPP c\u1ee7a qu\u00fd v\u1ecb. Trung t\u00e2m khu v\u1ef1c c\u00f3&hellip;<\/p>\n","protected":false},"author":1,"featured_media":0,"parent":1447,"menu_order":33,"comment_status":"closed","ping_status":"closed","template":"","meta":{"footnotes":""},"class_list":["post-1581","page","type-page","status-publish","hentry"],"_links":{"self":[{"href":"https:\/\/rula.disabilityrightsca.org\/vi\/wp-json\/wp\/v2\/pages\/1581","targetHints":{"allow":["GET"]}}],"collection":[{"href":"https:\/\/rula.disabilityrightsca.org\/vi\/wp-json\/wp\/v2\/pages"}],"about":[{"href":"https:\/\/rula.disabilityrightsca.org\/vi\/wp-json\/wp\/v2\/types\/page"}],"author":[{"embeddable":true,"href":"https:\/\/rula.disabilityrightsca.org\/vi\/wp-json\/wp\/v2\/users\/1"}],"replies":[{"embeddable":true,"href":"https:\/\/rula.disabilityrightsca.org\/vi\/wp-json\/wp\/v2\/comments?post=1581"}],"version-history":[{"count":4,"href":"https:\/\/rula.disabilityrightsca.org\/vi\/wp-json\/wp\/v2\/pages\/1581\/revisions"}],"predecessor-version":[{"id":3294,"href":"https:\/\/rula.disabilityrightsca.org\/vi\/wp-json\/wp\/v2\/pages\/1581\/revisions\/3294"}],"up":[{"embeddable":true,"href":"https:\/\/rula.disabilityrightsca.org\/vi\/wp-json\/wp\/v2\/pages\/1447"}],"wp:attachment":[{"href":"https:\/\/rula.disabilityrightsca.org\/vi\/wp-json\/wp\/v2\/media?parent=1581"}],"curies":[{"name":"wp","href":"https:\/\/api.w.org\/{rel}","templated":true}]}}