{"id":1579,"date":"2021-07-01T22:03:49","date_gmt":"2021-07-01T22:03:49","guid":{"rendered":"http:\/\/www.rula.disabilityrightsca.org\/vi\/?page_id=1579"},"modified":"2022-04-27T17:06:55","modified_gmt":"2022-04-27T17:06:55","slug":"can-i-get-help-in-learning-how-to-form-and-keep-healthy-relationships-and-even-how-to-be-a-better-parent","status":"publish","type":"page","link":"https:\/\/rula.disabilityrightsca.org\/vi\/rula-book\/chapter-9-community-participation-work-day-and-leisure-activities\/can-i-get-help-in-learning-how-to-form-and-keep-healthy-relationships-and-even-how-to-be-a-better-parent\/","title":{"rendered":"(9.32)  T\u00f4i c\u00f3 th\u1ec3 nh\u1eadn s\u1ef1 tr\u1ee3 gi\u00fap trong vi\u1ec7c h\u1ecdc c\u00e1ch h\u00ecnh th\u00e0nh v\u00e0 duy tr\u00ec c\u00e1c m\u1ed1i quan h\u1ec7 l\u00e0nh m\u1ea1nh v\u00e0 th\u1eadm ch\u00ed l\u00e0 c\u00e1ch tr\u1edf th\u00e0nh m\u1ed9t ng\u01b0\u1eddi cha\/m\u1eb9 t\u1ed1t h\u01a1n kh\u00f4ng?"},"content":{"rendered":"\n<p>Qu\u00fd v\u1ecb c\u00f3 quy\u1ec1n \u0111\u01b0\u1ee3c c\u00f3 c\u00e1c m\u1ed1i quan h\u1ec7, k\u1ebft h\u00f4n, sinh con v\u00e0 l\u1eadp gia \u0111\u00ecnh. \u0110\u1ec3 tr\u1ee3 gi\u00fap qu\u00fd v\u1ecb, trung t\u00e2m khu v\u1ef1c c\u00f3 th\u1ec3 cung c\u1ea5p:<\/p>\n\n\n\n<ul class=\"wp-block-list\"><li>\u0110\u00e0o t\u1ea1o v\u1ec1 t\u00ecnh d\u1ee5c<\/li><li>C\u00e1c d\u1ecbch v\u1ee5 t\u01b0 v\u1ea5n v\u00e0 h\u1ed7 tr\u1ee3 gia \u0111\u00ecnh<\/li><li>\u0110\u00e0o t\u1ea1o k\u1ef9 n\u0103ng l\u00e0m cha m\u1eb9<\/li><li>B\u1ea3o v\u1ec7 tr\u01b0\u1edbc s\u1ef1 l\u1ea1m d\u1ee5ng ho\u1eb7c c\u00e1c c\u00e1o bu\u1ed9c l\u1ea1m d\u1ee5ng<\/li><li>Tr\u1ee3 gi\u00fap \u0111\u1ec3 \u0111o\u00e0n t\u1ee5 v\u1edbi gia \u0111\u00ecnh<\/li><li>H\u1ed7 tr\u1ee3 \u0111\u1eddi s\u1ed1ng cho qu\u00fd v\u1ecb v\u00e0 con qu\u00fd v\u1ecb, n\u1ebfu qu\u00fd v\u1ecb l\u00e0 cha\/m\u1eb9 b\u1ecb khuy\u1ebft t\u1eadt v\u1ec1 ph\u00e1t tri\u1ec3n. <span class=\"footnote_referrer\"><a role=\"button\" tabindex=\"0\" onclick=\"footnote_moveToReference_1579_1('footnote_plugin_reference_1579_1_1');\" onkeypress=\"footnote_moveToReference_1579_1('footnote_plugin_reference_1579_1_1');\" ><sup id=\"footnote_plugin_tooltip_1579_1_1\" class=\"footnote_plugin_tooltip_text\">[1]<\/sup><\/a><span id=\"footnote_plugin_tooltip_text_1579_1_1\" class=\"footnote_tooltip\">M\u1ee5c 4687.<\/span><\/span><script type=\"text\/javascript\"> jQuery('#footnote_plugin_tooltip_1579_1_1').tooltip({ tip: '#footnote_plugin_tooltip_text_1579_1_1', tipClass: 'footnote_tooltip', effect: 'fade', predelay: 0, fadeInSpeed: 200, delay: 400, fadeOutSpeed: 200, position: 'top center', relative: true, offset: [-7, 0], });<\/script><\/li><\/ul>\n<div class=\"speaker-mute footnotes_reference_container\"> <div class=\"footnote_container_prepare\"><p><span role=\"button\" tabindex=\"0\" class=\"footnote_reference_container_label pointer\" onclick=\"footnote_expand_collapse_reference_container_1579_1();\">&#x202F;<\/span><span role=\"button\" tabindex=\"0\" class=\"footnote_reference_container_collapse_button\" style=\"display: none;\" onclick=\"footnote_expand_collapse_reference_container_1579_1();\">[<a id=\"footnote_reference_container_collapse_button_1579_1\">+<\/a>]<\/span><\/p><\/div> <div id=\"footnote_references_container_1579_1\" style=\"\"><table class=\"footnotes_table footnote-reference-container\"><caption class=\"accessibility\">References<\/caption> <tbody> \r\n\r\n<tr class=\"footnotes_plugin_reference_row\"> <th scope=\"row\" class=\"footnote_plugin_index_combi pointer\"  onclick=\"footnote_moveToAnchor_1579_1('footnote_plugin_tooltip_1579_1_1');\"><a id=\"footnote_plugin_reference_1579_1_1\" class=\"footnote_backlink\"><span class=\"footnote_index_arrow\">&#8593;<\/span>1<\/a><\/th> <td class=\"footnote_plugin_text\">M\u1ee5c 4687.<\/td><\/tr>\r\n\r\n <\/tbody> <\/table> <\/div><\/div><script type=\"text\/javascript\"> function footnote_expand_reference_container_1579_1() { jQuery('#footnote_references_container_1579_1').show(); jQuery('#footnote_reference_container_collapse_button_1579_1').text('\u2212'); } function footnote_collapse_reference_container_1579_1() { jQuery('#footnote_references_container_1579_1').hide(); jQuery('#footnote_reference_container_collapse_button_1579_1').text('+'); } function footnote_expand_collapse_reference_container_1579_1() { if (jQuery('#footnote_references_container_1579_1').is(':hidden')) { footnote_expand_reference_container_1579_1(); } else { footnote_collapse_reference_container_1579_1(); } } function footnote_moveToReference_1579_1(p_str_TargetID) { footnote_expand_reference_container_1579_1(); var l_obj_Target = jQuery('#' + p_str_TargetID); if (l_obj_Target.length) { jQuery( 'html, body' ).delay( 0 ); jQuery('html, body').animate({ scrollTop: l_obj_Target.offset().top - window.innerHeight * 0.2 }, 380); } } function footnote_moveToAnchor_1579_1(p_str_TargetID) { footnote_expand_reference_container_1579_1(); var l_obj_Target = jQuery('#' + p_str_TargetID); if (l_obj_Target.length) { jQuery( 'html, body' ).delay( 0 ); jQuery('html, body').animate({ scrollTop: l_obj_Target.offset().top - window.innerHeight * 0.2 }, 380); } }<\/script>","protected":false},"excerpt":{"rendered":"<p>Qu\u00fd v\u1ecb c\u00f3 quy\u1ec1n \u0111\u01b0\u1ee3c c\u00f3 c\u00e1c m\u1ed1i quan h\u1ec7, k\u1ebft h\u00f4n, sinh con v\u00e0 l\u1eadp gia \u0111\u00ecnh. \u0110\u1ec3 tr\u1ee3 gi\u00fap qu\u00fd v\u1ecb, trung t\u00e2m&hellip;<\/p>\n","protected":false},"author":1,"featured_media":0,"parent":1447,"menu_order":32,"comment_status":"closed","ping_status":"closed","template":"","meta":{"footnotes":""},"class_list":["post-1579","page","type-page","status-publish","hentry"],"_links":{"self":[{"href":"https:\/\/rula.disabilityrightsca.org\/vi\/wp-json\/wp\/v2\/pages\/1579","targetHints":{"allow":["GET"]}}],"collection":[{"href":"https:\/\/rula.disabilityrightsca.org\/vi\/wp-json\/wp\/v2\/pages"}],"about":[{"href":"https:\/\/rula.disabilityrightsca.org\/vi\/wp-json\/wp\/v2\/types\/page"}],"author":[{"embeddable":true,"href":"https:\/\/rula.disabilityrightsca.org\/vi\/wp-json\/wp\/v2\/users\/1"}],"replies":[{"embeddable":true,"href":"https:\/\/rula.disabilityrightsca.org\/vi\/wp-json\/wp\/v2\/comments?post=1579"}],"version-history":[{"count":2,"href":"https:\/\/rula.disabilityrightsca.org\/vi\/wp-json\/wp\/v2\/pages\/1579\/revisions"}],"predecessor-version":[{"id":3277,"href":"https:\/\/rula.disabilityrightsca.org\/vi\/wp-json\/wp\/v2\/pages\/1579\/revisions\/3277"}],"up":[{"embeddable":true,"href":"https:\/\/rula.disabilityrightsca.org\/vi\/wp-json\/wp\/v2\/pages\/1447"}],"wp:attachment":[{"href":"https:\/\/rula.disabilityrightsca.org\/vi\/wp-json\/wp\/v2\/media?parent=1579"}],"curies":[{"name":"wp","href":"https:\/\/api.w.org\/{rel}","templated":true}]}}