{"id":1576,"date":"2021-07-01T22:02:22","date_gmt":"2021-07-01T22:02:22","guid":{"rendered":"http:\/\/www.rula.disabilityrightsca.org\/vi\/?page_id=1576"},"modified":"2022-04-27T17:06:40","modified_gmt":"2022-04-27T17:06:40","slug":"can-programs-or-activities-refuse-to-include-me-because-of-how-my-disability-affects-me","status":"publish","type":"page","link":"https:\/\/rula.disabilityrightsca.org\/vi\/rula-book\/chapter-9-community-participation-work-day-and-leisure-activities\/can-programs-or-activities-refuse-to-include-me-because-of-how-my-disability-affects-me\/","title":{"rendered":"(9.31) C\u00e1c ch\u01b0\u01a1ng tr\u00ecnh ho\u1eb7c ho\u1ea1t \u0111\u1ed9ng c\u00f3 th\u1ec3 t\u1eeb ch\u1ed1i ch\u1ea5p nh\u1eadn t\u00f4i v\u00ec m\u1ee9c \u0111\u1ed9 \u1ea3nh h\u01b0\u1edfng c\u1ee7a t\u00ecnh tr\u1ea1ng khuy\u1ebft t\u1eadt \u0111\u1ed1i v\u1edbi b\u1ea3n th\u00e2n t\u00f4i kh\u00f4ng?"},"content":{"rendered":"\n<p>M\u1ed9t ch\u01b0\u01a1ng tr\u00ecnh ho\u1eb7c ho\u1ea1t \u0111\u1ed9ng kh\u00f4ng th\u1ec3 vi\u1ec7n l\u00fd do qu\u00fd v\u1ecb l\u00e0 m\u1ed9t r\u1ee7i ro v\u1ec1 tr\u00e1ch nhi\u1ec7m ph\u00e1p l\u00fd \u0111\u1ec3 t\u1eeb ch\u1ed1i qu\u00fd v\u1ecb. Ch\u01b0\u01a1ng tr\u00ecnh ph\u1ea3i th\u1ea9m \u0111\u1ecbnh \u0111\u1ec3 quy\u1ebft \u0111\u1ecbnh xem qu\u00fd v\u1ecb c\u00f3 ph\u1ea3i l\u00e0 m\u1ed9t r\u1ee7i ro kh\u00f4ng, c\u00e2n nh\u1eafc kh\u1ea3 n\u0103ng v\u00e0 kinh nghi\u1ec7m c\u1ee7a qu\u00fd v\u1ecb. Th\u1ea9m \u0111\u1ecbnh ph\u1ea3i x\u00e1c \u0111\u1ecbnh xem nh\u1eefng \u0111i\u1ec1u ch\u1ec9nh h\u1ee3p l\u00fd, v\u00ed d\u1ee5 nh\u01b0 thay \u0111\u1ed5i ch\u00ednh s\u00e1ch v\u00e0 thi\u1ebft b\u1ecb tr\u1ee3 n\u0103ng, c\u00f3 \u0111\u1ee7 gi\u1ea3m r\u1ee7i ro \u0111\u1ec3 qu\u00fd v\u1ecb tham gia kh\u00f4ng.<\/p>\n\n\n\n<p>K\u1ec3 c\u1ea3 khi t\u00ecnh tr\u1ea1ng khuy\u1ebft t\u1eadt \u1ea3nh h\u01b0\u1edfng \u0111\u1ebfn h\u00e0nh vi c\u1ee7a qu\u00fd v\u1ecb, ch\u01b0\u01a1ng tr\u00ecnh ch\u1ec9 c\u00f3 th\u1ec3 lo\u1ea1i tr\u1eeb qu\u00fd v\u1ecb kh\u1ecfi ho\u1ea1t \u0111\u1ed9ng n\u1ebfu h\u00e0nh vi c\u1ee7a qu\u00fd v\u1ecb l\u00e0 m\u1ed1i \u0111e d\u1ecda tr\u1ef1c ti\u1ebfp v\u1edbi nh\u1eefng ng\u01b0\u1eddi kh\u00e1c. H\u00e0nh vi g\u00e2y r\u1ed1i ho\u1eb7c l\u00e0m lo\u1ea1n kh\u00f4ng \u0111e d\u1ecda nh\u1eefng ng\u01b0\u1eddi kh\u00e1c v\u1ec1 m\u1eb7t th\u1ec3 ch\u1ea5t. Qu\u00fd v\u1ecb ph\u1ea3i c\u00f3 \u0111\u00e1nh gi\u00e1 tr\u01b0\u1edbc khi ch\u01b0\u01a1ng tr\u00ecnh c\u00f3 th\u1ec3 lo\u1ea1i tr\u1eeb qu\u00fd v\u1ecb v\u00ec \u0111i\u1ec1u n\u00e0y. \u0110\u00e1nh gi\u00e1 n\u00e0y ph\u1ea3i c\u00e2n nh\u1eafc xem c\u00e1c \u0111i\u1ec1u ch\u1ec9nh h\u1ee3p l\u00fd c\u00f3 th\u1ec3 l\u00e0m gi\u1ea3m m\u1ed1i \u0111e d\u1ecda kh\u00f4ng. C\u00e1c \u0111i\u1ec1u ch\u1ec9nh h\u1ee3p l\u00fd c\u00f3 th\u1ec3 l\u00e0 thay \u0111\u1ed5i th\u1ee7 t\u1ee5c ho\u1eb7c quy t\u1eafc, \u0111\u00e0o t\u1ea1o nh\u00e2n vi\u00ean, b\u1ed5 sung nh\u00e2n vi\u00ean ho\u1eb7c ph\u00e1t tri\u1ec3n k\u1ebf ho\u1ea1ch h\u00e0nh vi \u0111\u1ec3 x\u1eed l\u00fd h\u00e0nh vi g\u00e2y v\u1ea5n \u0111\u1ec1. Ch\u01b0\u01a1ng tr\u00ecnh ph\u1ea3i cung c\u1ea5p c\u00e1c \u0111i\u1ec1u ch\u1ec9nh qu\u00fd v\u1ecb c\u1ea7n tr\u1eeb khi nh\u1eefng \u0111i\u1ec1u ch\u1ec9nh \u0111\u00f3 qu\u00e1 t\u1ed1n k\u00e9m, qu\u00e1 kh\u00f3 kh\u0103n ho\u1eb7c s\u1ebd thay \u0111\u1ed5i \u0111\u00e1ng k\u1ec3 ho\u1ea1t \u0111\u1ed9ng ho\u1eb7c ch\u01b0\u01a1ng tr\u00ecnh.<\/p>\n","protected":false},"excerpt":{"rendered":"<p>M\u1ed9t ch\u01b0\u01a1ng tr\u00ecnh ho\u1eb7c ho\u1ea1t \u0111\u1ed9ng kh\u00f4ng th\u1ec3 vi\u1ec7n l\u00fd do qu\u00fd v\u1ecb l\u00e0 m\u1ed9t r\u1ee7i ro v\u1ec1 tr\u00e1ch nhi\u1ec7m ph\u00e1p l\u00fd \u0111\u1ec3 t\u1eeb ch\u1ed1i&hellip;<\/p>\n","protected":false},"author":1,"featured_media":0,"parent":1447,"menu_order":31,"comment_status":"closed","ping_status":"closed","template":"","meta":{"footnotes":""},"class_list":["post-1576","page","type-page","status-publish","hentry"],"_links":{"self":[{"href":"https:\/\/rula.disabilityrightsca.org\/vi\/wp-json\/wp\/v2\/pages\/1576","targetHints":{"allow":["GET"]}}],"collection":[{"href":"https:\/\/rula.disabilityrightsca.org\/vi\/wp-json\/wp\/v2\/pages"}],"about":[{"href":"https:\/\/rula.disabilityrightsca.org\/vi\/wp-json\/wp\/v2\/types\/page"}],"author":[{"embeddable":true,"href":"https:\/\/rula.disabilityrightsca.org\/vi\/wp-json\/wp\/v2\/users\/1"}],"replies":[{"embeddable":true,"href":"https:\/\/rula.disabilityrightsca.org\/vi\/wp-json\/wp\/v2\/comments?post=1576"}],"version-history":[{"count":2,"href":"https:\/\/rula.disabilityrightsca.org\/vi\/wp-json\/wp\/v2\/pages\/1576\/revisions"}],"predecessor-version":[{"id":3276,"href":"https:\/\/rula.disabilityrightsca.org\/vi\/wp-json\/wp\/v2\/pages\/1576\/revisions\/3276"}],"up":[{"embeddable":true,"href":"https:\/\/rula.disabilityrightsca.org\/vi\/wp-json\/wp\/v2\/pages\/1447"}],"wp:attachment":[{"href":"https:\/\/rula.disabilityrightsca.org\/vi\/wp-json\/wp\/v2\/media?parent=1576"}],"curies":[{"name":"wp","href":"https:\/\/api.w.org\/{rel}","templated":true}]}}