{"id":1575,"date":"2021-07-01T22:01:23","date_gmt":"2021-07-01T22:01:23","guid":{"rendered":"http:\/\/www.rula.disabilityrightsca.org\/vi\/?page_id=1575"},"modified":"2022-04-27T17:06:29","modified_gmt":"2022-04-27T17:06:29","slug":"are-reasonable-accommodations-required-to-help-me-enjoy-leisure-and-recreational-activities","status":"publish","type":"page","link":"https:\/\/rula.disabilityrightsca.org\/vi\/rula-book\/chapter-9-community-participation-work-day-and-leisure-activities\/are-reasonable-accommodations-required-to-help-me-enjoy-leisure-and-recreational-activities\/","title":{"rendered":"(9.30) C\u00e1c \u0111i\u1ec1u ch\u1ec9nh h\u1ee3p l\u00fd \u0111\u1ec3 gi\u00fap t\u00f4i t\u1eadn h\u01b0\u1edfng c\u00e1c ho\u1ea1t \u0111\u1ed9ng l\u00fac r\u1ea3nh r\u1ed7i v\u00e0 gi\u1ea3i tr\u00ed c\u00f3 ph\u1ea3i l\u00e0 y\u00eau c\u1ea7u b\u1eaft bu\u1ed9c kh\u00f4ng?"},"content":{"rendered":"\n<p>Qu\u00fd v\u1ecb c\u00f3 th\u1ec3 nh\u1eadn \u0111i\u1ec1u ch\u1ec9nh h\u1ee3p l\u00fd cho c\u00e1c ho\u1ea1t \u0111\u1ed9ng l\u00fac r\u1ea3nh r\u1ed7i v\u00e0 gi\u1ea3i tr\u00ed. Tuy nhi\u00ean, tr\u01b0\u1edbc ti\u00ean qu\u00fd v\u1ecb ph\u1ea3i \u0111\u00e1p \u1ee9ng c\u00e1c y\u00eau c\u1ea7u \u201ct\u00ednh h\u1ed9i \u0111\u1ee7 \u0111i\u1ec1u ki\u1ec7n c\u1ea7n thi\u1ebft\u201d c\u1ee7a ho\u1ea1t \u0111\u1ed9ng. \u0110i\u1ec1u n\u00e0y ngh\u0129a l\u00e0 khi c\u00f3 \u0111i\u1ec1u ch\u1ec9nh, qu\u00fd v\u1ecb c\u00f3 th\u1ec3 tham gia v\u00e0 h\u01b0\u1edfng l\u1ee3i t\u1eeb ho\u1ea1t \u0111\u1ed9ng nh\u01b0 nh\u1eefng ng\u01b0\u1eddi kh\u00f4ng b\u1ecb khuy\u1ebft t\u1eadt. C\u00e1c \u0111i\u1ec1u ch\u1ec9nh h\u1ee3p l\u00fd cho nh\u1eefng ho\u1ea1t \u0111\u1ed9ng l\u00fac r\u1ea3nh r\u1ed7i v\u00e0 gi\u1ea3i tr\u00ed g\u1ed3m c\u00f3:<\/p>\n\n\n\n<ul class=\"wp-block-list\"><li>Thay \u0111\u1ed5i trong ch\u00ednh s\u00e1ch<\/li><li>Th\u00eam nh\u00e2n vi\u00ean<\/li><li>Th\u00f4ng d\u1ecbch vi\u00ean ng\u00f4n ng\u1eef k\u00fd hi\u1ec7u ho\u1eb7c nh\u1eefng ng\u01b0\u1eddi h\u1ed7 tr\u1ee3 kh\u00e1c n\u1ebfu qu\u00fd v\u1ecb b\u1ecb \u0111i\u1ebfc ho\u1eb7c kh\u00f3 nghe<\/li><li>T\u00e0i li\u1ec7u ch\u1eef n\u1ed5i ho\u1eb7c in c\u1ee1 ch\u1eef l\u1edbn n\u1ebfu qu\u00fd v\u1ecb b\u1ecb m\u00f9 ho\u1eb7c c\u00f3 v\u1ea5n \u0111\u1ec1 v\u1ec1 th\u1ecb gi\u00e1c<\/li><li>Thi\u1ebft b\u1ecb th\u00edch nghi<\/li><\/ul>\n\n\n\n<p>Nh\u00e0 t\u1ed5 ch\u1ee9c ho\u1eb7c nh\u00e0 t\u00e0i tr\u1ee3 c\u1ee7a ho\u1ea1t \u0111\u1ed9ng ph\u1ea3i cung c\u1ea5p \u0111i\u1ec1u ch\u1ec9nh qu\u00fd v\u1ecb c\u1ea7n, tr\u1eeb khi nh\u1eefng \u0111i\u1ec1u ch\u1ec9nh \u0111\u00f3 qu\u00e1 t\u1ed1n k\u00e9m, qu\u00e1 kh\u00f3 kh\u0103n ho\u1eb7c s\u1ebd thay \u0111\u1ed5i \u201ct\u00ednh ch\u1ea5t c\u0103n b\u1ea3n\u201d c\u1ee7a ho\u1ea1t \u0111\u1ed9ng. Nh\u00e0 t\u1ed5 ch\u1ee9c ho\u1ea1t \u0111\u1ed9ng&nbsp;<strong>kh\u00f4ng th\u1ec3&nbsp;<\/strong>thu th\u00eam ti\u1ec1n t\u1eeb qu\u00fd v\u1ecb cho ho\u1ea1t \u0111\u1ed9ng v\u00ec qu\u00fd v\u1ecb c\u1ea7n m\u1ed9t s\u1ef1 \u0111i\u1ec1u ch\u1ec9nh.<\/p>\n","protected":false},"excerpt":{"rendered":"<p>Qu\u00fd v\u1ecb c\u00f3 th\u1ec3 nh\u1eadn \u0111i\u1ec1u ch\u1ec9nh h\u1ee3p l\u00fd cho c\u00e1c ho\u1ea1t \u0111\u1ed9ng l\u00fac r\u1ea3nh r\u1ed7i v\u00e0 gi\u1ea3i tr\u00ed. Tuy nhi\u00ean, tr\u01b0\u1edbc ti\u00ean qu\u00fd v\u1ecb&hellip;<\/p>\n","protected":false},"author":1,"featured_media":0,"parent":1447,"menu_order":30,"comment_status":"closed","ping_status":"closed","template":"","meta":{"footnotes":""},"class_list":["post-1575","page","type-page","status-publish","hentry"],"_links":{"self":[{"href":"https:\/\/rula.disabilityrightsca.org\/vi\/wp-json\/wp\/v2\/pages\/1575","targetHints":{"allow":["GET"]}}],"collection":[{"href":"https:\/\/rula.disabilityrightsca.org\/vi\/wp-json\/wp\/v2\/pages"}],"about":[{"href":"https:\/\/rula.disabilityrightsca.org\/vi\/wp-json\/wp\/v2\/types\/page"}],"author":[{"embeddable":true,"href":"https:\/\/rula.disabilityrightsca.org\/vi\/wp-json\/wp\/v2\/users\/1"}],"replies":[{"embeddable":true,"href":"https:\/\/rula.disabilityrightsca.org\/vi\/wp-json\/wp\/v2\/comments?post=1575"}],"version-history":[{"count":3,"href":"https:\/\/rula.disabilityrightsca.org\/vi\/wp-json\/wp\/v2\/pages\/1575\/revisions"}],"predecessor-version":[{"id":3293,"href":"https:\/\/rula.disabilityrightsca.org\/vi\/wp-json\/wp\/v2\/pages\/1575\/revisions\/3293"}],"up":[{"embeddable":true,"href":"https:\/\/rula.disabilityrightsca.org\/vi\/wp-json\/wp\/v2\/pages\/1447"}],"wp:attachment":[{"href":"https:\/\/rula.disabilityrightsca.org\/vi\/wp-json\/wp\/v2\/media?parent=1575"}],"curies":[{"name":"wp","href":"https:\/\/api.w.org\/{rel}","templated":true}]}}