{"id":1569,"date":"2021-07-01T21:57:29","date_gmt":"2021-07-01T21:57:29","guid":{"rendered":"http:\/\/www.rula.disabilityrightsca.org\/vi\/?page_id=1569"},"modified":"2022-04-27T17:05:41","modified_gmt":"2022-04-27T17:05:41","slug":"can-i-get-reasonable-accommodations-at-my-job","status":"publish","type":"page","link":"https:\/\/rula.disabilityrightsca.org\/vi\/rula-book\/chapter-9-community-participation-work-day-and-leisure-activities\/can-i-get-reasonable-accommodations-at-my-job\/","title":{"rendered":"(9.27) T\u00f4i c\u00f3 th\u1ec3 nh\u1eadn \u0111\u01b0\u1ee3c c\u00e1c \u0111i\u1ec1u ch\u1ec9nh h\u1ee3p l\u00fd trong c\u00f4ng vi\u1ec7c kh\u00f4ng?"},"content":{"rendered":"\n<p>Trong \u0110\u1ea1o Lu\u1eadt Ng\u01b0\u1eddi M\u1ef9 Khuy\u1ebft T\u1eadt (Americans with Disabilities Act, ADA), \u201cc\u00e1c \u0111i\u1ec1u ch\u1ec9nh h\u1ee3p l\u00fd\u201d l\u00e0 nh\u1eefng s\u1eeda \u0111\u1ed5i hay c\u00e1c \u0111i\u1ec1u ch\u1ec9nh cho ph\u00e9p qu\u00fd v\u1ecb th\u1ef1c hi\u1ec7n c\u00e1c ch\u1ee9c n\u0103ng thi\u1ebft y\u1ebfu c\u1ee7a c\u00f4ng vi\u1ec7c. C\u00e1c \u0111i\u1ec1u ch\u1ec9nh c\u00f3 th\u1ec3 l\u00e0:<\/p>\n\n\n\n<ul class=\"wp-block-list\"><li>Gi\u1edd ngh\u1ec9 \u0111\u1ec3 tham gia cu\u1ed9c h\u1eb9n v\u1edbi b\u00e1c s\u0129,<\/li><li>L\u1ecbch l\u00e0m vi\u1ec7c linh ho\u1ea1t \u0111\u1ec3 qu\u00fd v\u1ecb c\u00f3 th\u1ec3 l\u00e0m nhi\u1ec1u gi\u1edd h\u01a1n v\u00e0o \u201cnh\u1eefng ng\u00e0y sung s\u1ee9c\u201d v\u00e0 \u00edt gi\u1edd h\u01a1n khi c\u1ea7n,<\/li><li>Lo\u1ea1i b\u1ecf nh\u1eefng ch\u1ee9c n\u0103ng kh\u00f4ng thi\u1ebft y\u1ebfu kh\u1ecfi m\u00f4 t\u1ea3 c\u00f4ng vi\u1ec7c c\u1ee7a qu\u00fd v\u1ecb,<\/li><li>C\u00e1c thi\u1ebft b\u1ecb c\u00f4ng ngh\u1ec7,<\/li><li>Nh\u00e0 v\u1ec7 sinh d\u1ec5 ti\u1ebfp c\u1eadn, ho\u1eb7c<\/li><li>Gi\u00e1o d\u1ee5c v\u00e0 ph\u1ed5 bi\u1ebfn th\u00f4ng tin cho \u0111\u1ed3ng nghi\u1ec7p c\u1ee7a qu\u00fd v\u1ecb.<\/li><\/ul>\n\n\n\n<p>ADA kh\u00f4ng quy \u0111\u1ecbnh r\u1eb1ng ch\u1ee7 lao \u0111\u1ed9ng ph\u1ea3i thu\u00ea m\u1ed9t s\u1ed1 l\u01b0\u1ee3ng nh\u1ea5t \u0111\u1ecbnh ng\u01b0\u1eddi khuy\u1ebft t\u1eadt. Lu\u1eadt quy \u0111\u1ecbnh ch\u1ee7 lao \u0111\u1ed9ng ph\u1ea3i trao cho ng\u01b0\u1eddi khuy\u1ebft t\u1eadt c\u00e1c c\u01a1 h\u1ed9i c\u00f4ng vi\u1ec7c gi\u1ed1ng nh\u01b0 v\u1edbi nh\u1eefng ng\u01b0\u1eddi lao \u0111\u1ed9ng kh\u00f4ng khuy\u1ebft t\u1eadt. Qu\u00fd v\u1ecb ph\u1ea3i c\u00f3 th\u1ec3 th\u1ef1c hi\u1ec7n nh\u1eefng ch\u1ee9c n\u0103ng thi\u1ebft y\u1ebfu c\u1ee7a c\u00f4ng vi\u1ec7c, d\u00f9 c\u00f3 hay kh\u00f4ng c\u00f3 nh\u1eefng \u0111i\u1ec1u ch\u1ec9nh h\u1ee3p l\u00fd, \u0111\u1ec3 \u0111\u01b0\u1ee3c b\u1ea3o v\u1ec7 theo ADA. N\u1ebfu qu\u00fd v\u1ecb kh\u00f4ng th\u1ec3 th\u1ef1c hi\u1ec7n nh\u1eefng ch\u1ee9c n\u0103ng thi\u1ebft y\u1ebfu c\u1ee7a c\u00f4ng vi\u1ec7c, k\u1ec3 c\u1ea3 c\u00f3 c\u00e1c \u0111i\u1ec1u ch\u1ec9nh h\u1ee3p l\u00fd, ch\u1ee7 lao \u0111\u1ed9ng kh\u00f4ng b\u1eaft bu\u1ed9c ph\u1ea3i thu\u00ea qu\u00fd v\u1ecb ho\u1eb7c cung c\u1ea5p c\u00e1c \u0111i\u1ec1u ch\u1ec9nh.<\/p>\n\n\n\n<p>K\u1ec3 c\u1ea3 khi nhu c\u1ea7u h\u1ed7 tr\u1ee3 c\u00f4ng vi\u1ec7c c\u1ee7a qu\u00fd v\u1ecb l\u1edbn h\u01a1n m\u1ee9c h\u1ed7 tr\u1ee3 ADA y\u00eau c\u1ea7u ch\u1ee7 lao \u0111\u1ed9ng cung c\u1ea5p, qu\u00fd v\u1ecb s\u1ebd v\u1eabn c\u00f3 th\u1ec3 l\u00e0m vi\u1ec7c \u1edf \u0111\u00f3 n\u1ebfu trung t\u00e2m khu v\u1ef1c ho\u1eb7c DOR cung c\u1ea5p nh\u1eefng s\u1ef1 h\u1ed7 tr\u1ee3 n\u00e0y.<\/p>\n\n\n\n<p>\u0110\u1ec3 bi\u1ebft th\u00eam th\u00f4ng tin v\u1ec1 c\u00e1c \u0111i\u1ec1u ch\u1ec9nh h\u1ee3p l\u00fd v\u00e0 nh\u1eefng c\u00e2u h\u1ecfi kh\u00e1c v\u1ec1 c\u00f4ng vi\u1ec7c c\u1ee7a qu\u00fd v\u1ecb, h\u00e3y li\u00ean h\u1ec7 Disability Rights California.<\/p>\n","protected":false},"excerpt":{"rendered":"<p>Trong \u0110\u1ea1o Lu\u1eadt Ng\u01b0\u1eddi M\u1ef9 Khuy\u1ebft T\u1eadt (Americans with Disabilities Act, ADA), \u201cc\u00e1c \u0111i\u1ec1u ch\u1ec9nh h\u1ee3p l\u00fd\u201d l\u00e0 nh\u1eefng s\u1eeda \u0111\u1ed5i hay c\u00e1c \u0111i\u1ec1u ch\u1ec9nh&hellip;<\/p>\n","protected":false},"author":1,"featured_media":0,"parent":1447,"menu_order":27,"comment_status":"closed","ping_status":"closed","template":"","meta":{"footnotes":""},"class_list":["post-1569","page","type-page","status-publish","hentry"],"_links":{"self":[{"href":"https:\/\/rula.disabilityrightsca.org\/vi\/wp-json\/wp\/v2\/pages\/1569","targetHints":{"allow":["GET"]}}],"collection":[{"href":"https:\/\/rula.disabilityrightsca.org\/vi\/wp-json\/wp\/v2\/pages"}],"about":[{"href":"https:\/\/rula.disabilityrightsca.org\/vi\/wp-json\/wp\/v2\/types\/page"}],"author":[{"embeddable":true,"href":"https:\/\/rula.disabilityrightsca.org\/vi\/wp-json\/wp\/v2\/users\/1"}],"replies":[{"embeddable":true,"href":"https:\/\/rula.disabilityrightsca.org\/vi\/wp-json\/wp\/v2\/comments?post=1569"}],"version-history":[{"count":3,"href":"https:\/\/rula.disabilityrightsca.org\/vi\/wp-json\/wp\/v2\/pages\/1569\/revisions"}],"predecessor-version":[{"id":3271,"href":"https:\/\/rula.disabilityrightsca.org\/vi\/wp-json\/wp\/v2\/pages\/1569\/revisions\/3271"}],"up":[{"embeddable":true,"href":"https:\/\/rula.disabilityrightsca.org\/vi\/wp-json\/wp\/v2\/pages\/1447"}],"wp:attachment":[{"href":"https:\/\/rula.disabilityrightsca.org\/vi\/wp-json\/wp\/v2\/media?parent=1569"}],"curies":[{"name":"wp","href":"https:\/\/api.w.org\/{rel}","templated":true}]}}