{"id":1567,"date":"2021-07-01T21:56:18","date_gmt":"2021-07-01T21:56:18","guid":{"rendered":"http:\/\/www.rula.disabilityrightsca.org\/vi\/?page_id=1567"},"modified":"2022-04-27T17:04:04","modified_gmt":"2022-04-27T17:04:04","slug":"can-i-get-a-job-coach-or-job-developer","status":"publish","type":"page","link":"https:\/\/rula.disabilityrightsca.org\/vi\/rula-book\/chapter-9-community-participation-work-day-and-leisure-activities\/can-i-get-a-job-coach-or-job-developer\/","title":{"rendered":"(9.26) T\u00f4i c\u00f3 th\u1ec3 y\u00eau c\u1ea7u c\u00f3 ng\u01b0\u1eddi h\u01b0\u1edbng d\u1eabn ho\u1eb7c ng\u01b0\u1eddi ph\u00e1t tri\u1ec3n c\u00f4ng vi\u1ec7c kh\u00f4ng?"},"content":{"rendered":"\n<p>Qu\u00fd v\u1ecb c\u00f3 th\u1ec3 nh\u1eadn tr\u1ee3 gi\u00fap t\u1eeb ng\u01b0\u1eddi h\u01b0\u1edbng d\u1eabn c\u00f4ng vi\u1ec7c ho\u1eb7c ng\u01b0\u1eddi ph\u00e1t tri\u1ec3n c\u00f4ng vi\u1ec7c \u0111\u1ec3 \u0111\u00e1p \u1ee9ng c\u00e1c m\u1ed1i quan t\u00e2m li\u00ean quan \u0111\u1ebfn c\u00f4ng vi\u1ec7c c\u1ee7a qu\u00fd v\u1ecb.<\/p>\n\n\n\n<p>Ng\u01b0\u1eddi h\u01b0\u1edbng d\u1eabn c\u00f4ng vi\u1ec7c s\u1ebd \u0111\u00e0o t\u1ea1o v\u00e0 h\u1ed7 tr\u1ee3 qu\u00fd v\u1ecb, trong v\u00e0 ngo\u00e0i c\u00f4ng vi\u1ec7c, \u0111\u1ec3 qu\u00fd v\u1ecb c\u00f3 th\u1ec3 th\u00e0nh c\u00f4ng trong c\u00f4ng vi\u1ec7c. \u0110\u00f4i khi, ng\u01b0\u1eddi h\u01b0\u1edbng d\u1eabn c\u00f4ng vi\u1ec7c s\u1ebd ch\u1ec9 d\u1eabn cho ch\u1ee7 lao \u0111\u1ed9ng ho\u1eb7c nh\u1eefng ng\u01b0\u1eddi lao \u0111\u1ed9ng kh\u00e1c bi\u1ebft c\u00e1ch h\u1ed7 tr\u1ee3 qu\u00fd v\u1ecb. \u0110i\u1ec1u n\u00e0y gi\u00fap qu\u00fd v\u1ecb h\u1ecdc vi\u1ec7c v\u00e0 th\u00edch nghi v\u1edbi v\u0103n h\u00f3a c\u00f4ng ty. M\u1ee5c \u0111\u00edch c\u1ee7a ng\u01b0\u1eddi h\u01b0\u1edbng d\u1eabn c\u00f4ng vi\u1ec7c l\u00e0 ph\u00e1t tri\u1ec3n s\u1ef1 h\u1ed7 tr\u1ee3 t\u1ef1 nhi\u00ean \u0111\u1ec3 qu\u00fd v\u1ecb c\u00f3 th\u1ec3 l\u00e0m vi\u1ec7c v\u1edbi \u00edt s\u1ef1 tr\u1ee3 gi\u00fap nh\u1ea5t c\u00f3 th\u1ec3, th\u1eadm ch\u00ed kh\u00f4ng c\u1ea7n ng\u01b0\u1eddi h\u01b0\u1edbng d\u1eabn.<\/p>\n\n\n\n<p>Ng\u01b0\u1eddi h\u01b0\u1edbng d\u1eabn c\u00f4ng vi\u1ec7c kh\u00e1c v\u1edbi ng\u01b0\u1eddi ph\u00e1t tri\u1ec3n c\u00f4ng vi\u1ec7c. Ng\u01b0\u1eddi ph\u00e1t tri\u1ec3n c\u00f4ng vi\u1ec7c gi\u00fap qu\u00fd v\u1ecb t\u00ecm ho\u1eb7c ph\u00e1t tri\u1ec3n m\u1ed9t c\u00f4ng vi\u1ec7c d\u00e0nh ri\u00eang cho qu\u00fd v\u1ecb. Nh\u1eefng ng\u01b0\u1eddi ph\u00e1t tri\u1ec3n c\u00f4ng vi\u1ec7c gi\u1ecfi giang li\u00ean t\u1ee5c x\u00e2y d\u1ef1ng m\u1ed1i quan h\u1ec7 v\u1edbi nh\u1eefng ch\u1ee7 lao \u0111\u1ed9ng m\u1edbi v\u00e0 h\u1ecd t\u00ecm hi\u1ec3u nh\u1eefng c\u00f4ng ty c\u00f3 th\u1ec3 t\u1ea1o c\u00f4ng vi\u1ec7c cho ng\u01b0\u1eddi khuy\u1ebft t\u1eadt.<\/p>\n\n\n\n<p>Khi qu\u00fd v\u1ecb b\u1eaft \u0111\u1ea7u c\u00f4ng vi\u1ec7c, qu\u00fd v\u1ecb c\u00f3 th\u1ec3 y\u00eau c\u1ea7u c\u00e1c d\u1ecbch v\u1ee5 h\u1ed7 tr\u1ee3 1:1 t\u1eeb ng\u01b0\u1eddi h\u01b0\u1edbng d\u1eabn c\u00f4ng vi\u1ec7c. Ng\u01b0\u1eddi h\u01b0\u1edbng d\u1eabn cho qu\u00fd v\u1ecb s\u1ebd l\u00e0m vi\u1ec7c v\u1edbi qu\u00fd v\u1ecb t\u1ea1i n\u01a1i l\u00e0m vi\u1ec7c ho\u1eb7c ngo\u00e0i ch\u1ed7 l\u00e0m nh\u01b0ng c\u00e1c d\u1ecbch v\u1ee5 h\u01b0\u1edbng d\u1eabn gi\u1ea3m theo th\u1eddi gian. <span class=\"footnote_referrer\"><a role=\"button\" tabindex=\"0\" onclick=\"footnote_moveToReference_1567_1('footnote_plugin_reference_1567_1_1');\" onkeypress=\"footnote_moveToReference_1567_1('footnote_plugin_reference_1567_1_1');\" ><sup id=\"footnote_plugin_tooltip_1567_1_1\" class=\"footnote_plugin_tooltip_text\">[1]<\/sup><\/a><span id=\"footnote_plugin_tooltip_text_1567_1_1\" class=\"footnote_tooltip\">\u00a7 4851(s).<\/span><\/span><script type=\"text\/javascript\"> jQuery('#footnote_plugin_tooltip_1567_1_1').tooltip({ tip: '#footnote_plugin_tooltip_text_1567_1_1', tipClass: 'footnote_tooltip', effect: 'fade', predelay: 0, fadeInSpeed: 200, delay: 400, fadeOutSpeed: 200, position: 'top center', relative: true, offset: [-7, 0], });<\/script><\/p>\n\n\n\n<p>Ho\u1eb7c qu\u00fd v\u1ecb c\u00f3 th\u1ec3 g\u1eb7p c\u00f9ng v\u1edbi nh\u1eefng ng\u01b0\u1eddi kh\u00e1c t\u1ea1i n\u01a1i l\u00e0m vi\u1ec7c trong m\u00f4i tr\u01b0\u1eddng nh\u00f3m \u0111\u1ec3 nh\u1eadn s\u1ef1 h\u01b0\u1edbng d\u1eabn. Trung t\u00e2m khu v\u1ef1c ho\u1eb7c DOR s\u1ebd thanh to\u00e1n cho m\u1ed9t ng\u01b0\u1eddi h\u01b0\u1edbng d\u1eabn c\u00f4ng vi\u1ec7c cho \u00edt nh\u1ea5t ba kh\u00e1ch h\u00e0ng trong m\u1ed9t nh\u00f3m nh\u01b0ng kh\u00f4ng qu\u00e1 t\u00e1m ng\u01b0\u1eddi, k\u1ec3 c\u1ea3 qu\u00fd v\u1ecb. <span class=\"footnote_referrer\"><a role=\"button\" tabindex=\"0\" onclick=\"footnote_moveToReference_1567_1('footnote_plugin_reference_1567_1_2');\" onkeypress=\"footnote_moveToReference_1567_1('footnote_plugin_reference_1567_1_2');\" ><sup id=\"footnote_plugin_tooltip_1567_1_2\" class=\"footnote_plugin_tooltip_text\">[2]<\/sup><\/a><span id=\"footnote_plugin_tooltip_text_1567_1_2\" class=\"footnote_tooltip\">\u00a7 4851(r).<\/span><\/span><script type=\"text\/javascript\"> jQuery('#footnote_plugin_tooltip_1567_1_2').tooltip({ tip: '#footnote_plugin_tooltip_text_1567_1_2', tipClass: 'footnote_tooltip', effect: 'fade', predelay: 0, fadeInSpeed: 200, delay: 400, fadeOutSpeed: 200, position: 'top center', relative: true, offset: [-7, 0], });<\/script> \u0110\u1ea3m b\u1ea3o c\u00e1c d\u1ecbch v\u1ee5 ban \u0111\u1ea7u ho\u1eb7c \u0111ang di\u1ec5n ra m\u00e0 qu\u00fd v\u1ecb c\u00f3 th\u1ec3 c\u1ea7n \u0111\u1ec3 gi\u00fap qu\u00fd v\u1ecb duy tr\u00ec c\u00f4ng vi\u1ec7c \u0111\u01b0\u1ee3c li\u1ec7t k\u00ea trong IPP ho\u1eb7c IHSP c\u1ee7a qu\u00fd v\u1ecb.<\/p>\n<div class=\"speaker-mute footnotes_reference_container\"> <div class=\"footnote_container_prepare\"><p><span role=\"button\" tabindex=\"0\" class=\"footnote_reference_container_label pointer\" onclick=\"footnote_expand_collapse_reference_container_1567_1();\">&#x202F;<\/span><span role=\"button\" tabindex=\"0\" class=\"footnote_reference_container_collapse_button\" style=\"display: none;\" onclick=\"footnote_expand_collapse_reference_container_1567_1();\">[<a id=\"footnote_reference_container_collapse_button_1567_1\">+<\/a>]<\/span><\/p><\/div> <div id=\"footnote_references_container_1567_1\" style=\"\"><table class=\"footnotes_table footnote-reference-container\"><caption class=\"accessibility\">References<\/caption> <tbody> \r\n\r\n<tr class=\"footnotes_plugin_reference_row\"> <th scope=\"row\" class=\"footnote_plugin_index_combi pointer\"  onclick=\"footnote_moveToAnchor_1567_1('footnote_plugin_tooltip_1567_1_1');\"><a id=\"footnote_plugin_reference_1567_1_1\" class=\"footnote_backlink\"><span class=\"footnote_index_arrow\">&#8593;<\/span>1<\/a><\/th> <td class=\"footnote_plugin_text\">\u00a7 4851(s).<\/td><\/tr>\r\n\r\n<tr class=\"footnotes_plugin_reference_row\"> <th scope=\"row\" class=\"footnote_plugin_index_combi pointer\"  onclick=\"footnote_moveToAnchor_1567_1('footnote_plugin_tooltip_1567_1_2');\"><a id=\"footnote_plugin_reference_1567_1_2\" class=\"footnote_backlink\"><span class=\"footnote_index_arrow\">&#8593;<\/span>2<\/a><\/th> <td class=\"footnote_plugin_text\">\u00a7 4851(r).<\/td><\/tr>\r\n\r\n <\/tbody> <\/table> <\/div><\/div><script type=\"text\/javascript\"> function footnote_expand_reference_container_1567_1() { jQuery('#footnote_references_container_1567_1').show(); jQuery('#footnote_reference_container_collapse_button_1567_1').text('\u2212'); } function footnote_collapse_reference_container_1567_1() { jQuery('#footnote_references_container_1567_1').hide(); jQuery('#footnote_reference_container_collapse_button_1567_1').text('+'); } function footnote_expand_collapse_reference_container_1567_1() { if (jQuery('#footnote_references_container_1567_1').is(':hidden')) { footnote_expand_reference_container_1567_1(); } else { footnote_collapse_reference_container_1567_1(); } } function footnote_moveToReference_1567_1(p_str_TargetID) { footnote_expand_reference_container_1567_1(); var l_obj_Target = jQuery('#' + p_str_TargetID); if (l_obj_Target.length) { jQuery( 'html, body' ).delay( 0 ); jQuery('html, body').animate({ scrollTop: l_obj_Target.offset().top - window.innerHeight * 0.2 }, 380); } } function footnote_moveToAnchor_1567_1(p_str_TargetID) { footnote_expand_reference_container_1567_1(); var l_obj_Target = jQuery('#' + p_str_TargetID); if (l_obj_Target.length) { jQuery( 'html, body' ).delay( 0 ); jQuery('html, body').animate({ scrollTop: l_obj_Target.offset().top - window.innerHeight * 0.2 }, 380); } }<\/script>","protected":false},"excerpt":{"rendered":"<p>Qu\u00fd v\u1ecb c\u00f3 th\u1ec3 nh\u1eadn tr\u1ee3 gi\u00fap t\u1eeb ng\u01b0\u1eddi h\u01b0\u1edbng d\u1eabn c\u00f4ng vi\u1ec7c ho\u1eb7c ng\u01b0\u1eddi ph\u00e1t tri\u1ec3n c\u00f4ng vi\u1ec7c \u0111\u1ec3 \u0111\u00e1p \u1ee9ng c\u00e1c m\u1ed1i quan&hellip;<\/p>\n","protected":false},"author":1,"featured_media":0,"parent":1447,"menu_order":26,"comment_status":"closed","ping_status":"closed","template":"","meta":{"footnotes":""},"class_list":["post-1567","page","type-page","status-publish","hentry"],"_links":{"self":[{"href":"https:\/\/rula.disabilityrightsca.org\/vi\/wp-json\/wp\/v2\/pages\/1567","targetHints":{"allow":["GET"]}}],"collection":[{"href":"https:\/\/rula.disabilityrightsca.org\/vi\/wp-json\/wp\/v2\/pages"}],"about":[{"href":"https:\/\/rula.disabilityrightsca.org\/vi\/wp-json\/wp\/v2\/types\/page"}],"author":[{"embeddable":true,"href":"https:\/\/rula.disabilityrightsca.org\/vi\/wp-json\/wp\/v2\/users\/1"}],"replies":[{"embeddable":true,"href":"https:\/\/rula.disabilityrightsca.org\/vi\/wp-json\/wp\/v2\/comments?post=1567"}],"version-history":[{"count":2,"href":"https:\/\/rula.disabilityrightsca.org\/vi\/wp-json\/wp\/v2\/pages\/1567\/revisions"}],"predecessor-version":[{"id":3269,"href":"https:\/\/rula.disabilityrightsca.org\/vi\/wp-json\/wp\/v2\/pages\/1567\/revisions\/3269"}],"up":[{"embeddable":true,"href":"https:\/\/rula.disabilityrightsca.org\/vi\/wp-json\/wp\/v2\/pages\/1447"}],"wp:attachment":[{"href":"https:\/\/rula.disabilityrightsca.org\/vi\/wp-json\/wp\/v2\/media?parent=1567"}],"curies":[{"name":"wp","href":"https:\/\/api.w.org\/{rel}","templated":true}]}}