{"id":1565,"date":"2021-07-01T21:54:38","date_gmt":"2021-07-01T21:54:38","guid":{"rendered":"http:\/\/www.rula.disabilityrightsca.org\/vi\/?page_id=1565"},"modified":"2022-04-27T17:03:46","modified_gmt":"2022-04-27T17:03:46","slug":"what-are-reverse-integration-programs","status":"publish","type":"page","link":"https:\/\/rula.disabilityrightsca.org\/vi\/rula-book\/chapter-9-community-participation-work-day-and-leisure-activities\/what-are-reverse-integration-programs\/","title":{"rendered":"(9.25) Ch\u01b0\u01a1ng tr\u00ecnh h\u00f2a nh\u1eadp \u0111\u1ea3o ng\u01b0\u1ee3c l\u00e0 g\u00ec?"},"content":{"rendered":"\n<p>H\u00f2a nh\u1eadp \u0111\u1ea3o ng\u01b0\u1ee3c l\u00e0 khi ng\u01b0\u1eddi kh\u00f4ng b\u1ecb khuy\u1ebft t\u1eadt \u0111\u01b0\u1ee3c thu\u00ea \u0111\u1ec3 l\u00e0m vi\u1ec7c v\u1edbi ng\u01b0\u1eddi b\u1ecb khuy\u1ebft t\u1eadt. M\u1ed9t s\u1ed1 h\u1ee3p \u0111\u1ed3ng c\u1ee7a ch\u00ednh ph\u1ee7 bao g\u1ed3m c\u00f4ng vi\u1ec7c h\u00f2a nh\u1eadp \u0111\u1ea3o ng\u01b0\u1ee3c ho\u1eb7c c\u00e1c ch\u01b0\u01a1ng tr\u00ecnh vi\u1ec7c l\u00e0m \u0111\u01b0\u1ee3c h\u1ed7 tr\u1ee3. \u0110\u1ec3 bi\u1ebft c\u00f3 ch\u01b0\u01a1ng tr\u00ecnh h\u00f2a nh\u1eadp \u0111\u1ea3o ng\u01b0\u1ee3c trong khu v\u1ef1c c\u1ee7a qu\u00fd v\u1ecb kh\u00f4ng, h\u00e3y li\u00ean h\u1ec7 DOR ho\u1eb7c \u0111i\u1ec1u ph\u1ed1i vi\u00ean d\u1ecbch v\u1ee5 t\u1ea1i trung t\u00e2m khu v\u1ef1c c\u1ee7a qu\u00fd v\u1ecb.<\/p>\n","protected":false},"excerpt":{"rendered":"<p>H\u00f2a nh\u1eadp \u0111\u1ea3o ng\u01b0\u1ee3c l\u00e0 khi ng\u01b0\u1eddi kh\u00f4ng b\u1ecb khuy\u1ebft t\u1eadt \u0111\u01b0\u1ee3c thu\u00ea \u0111\u1ec3 l\u00e0m vi\u1ec7c v\u1edbi ng\u01b0\u1eddi b\u1ecb khuy\u1ebft t\u1eadt. M\u1ed9t s\u1ed1 h\u1ee3p \u0111\u1ed3ng&hellip;<\/p>\n","protected":false},"author":1,"featured_media":0,"parent":1447,"menu_order":25,"comment_status":"closed","ping_status":"closed","template":"","meta":{"footnotes":""},"class_list":["post-1565","page","type-page","status-publish","hentry"],"_links":{"self":[{"href":"https:\/\/rula.disabilityrightsca.org\/vi\/wp-json\/wp\/v2\/pages\/1565","targetHints":{"allow":["GET"]}}],"collection":[{"href":"https:\/\/rula.disabilityrightsca.org\/vi\/wp-json\/wp\/v2\/pages"}],"about":[{"href":"https:\/\/rula.disabilityrightsca.org\/vi\/wp-json\/wp\/v2\/types\/page"}],"author":[{"embeddable":true,"href":"https:\/\/rula.disabilityrightsca.org\/vi\/wp-json\/wp\/v2\/users\/1"}],"replies":[{"embeddable":true,"href":"https:\/\/rula.disabilityrightsca.org\/vi\/wp-json\/wp\/v2\/comments?post=1565"}],"version-history":[{"count":2,"href":"https:\/\/rula.disabilityrightsca.org\/vi\/wp-json\/wp\/v2\/pages\/1565\/revisions"}],"predecessor-version":[{"id":3268,"href":"https:\/\/rula.disabilityrightsca.org\/vi\/wp-json\/wp\/v2\/pages\/1565\/revisions\/3268"}],"up":[{"embeddable":true,"href":"https:\/\/rula.disabilityrightsca.org\/vi\/wp-json\/wp\/v2\/pages\/1447"}],"wp:attachment":[{"href":"https:\/\/rula.disabilityrightsca.org\/vi\/wp-json\/wp\/v2\/media?parent=1565"}],"curies":[{"name":"wp","href":"https:\/\/api.w.org\/{rel}","templated":true}]}}