{"id":1563,"date":"2021-07-01T21:52:27","date_gmt":"2021-07-01T21:52:27","guid":{"rendered":"http:\/\/www.rula.disabilityrightsca.org\/vi\/?page_id=1563"},"modified":"2022-04-27T17:03:31","modified_gmt":"2022-04-27T17:03:31","slug":"do-dor-and-dds-regional-center-ever-work-together-to-help-people-with-developmental-disabilities","status":"publish","type":"page","link":"https:\/\/rula.disabilityrightsca.org\/vi\/rula-book\/chapter-9-community-participation-work-day-and-leisure-activities\/do-dor-and-dds-regional-center-ever-work-together-to-help-people-with-developmental-disabilities\/","title":{"rendered":"(9.24) C\u00f3 bao gi\u1edd DOR v\u00e0 DDS (Trung T\u00e2m Khu V\u1ef1c) h\u1ee3p t\u00e1c \u0111\u1ec3 gi\u00fap nh\u1eefng ng\u01b0\u1eddi b\u1ecb khuy\u1ebft t\u1eadt v\u1ec1 ph\u00e1t tri\u1ec3n kh\u00f4ng?"},"content":{"rendered":"\n<p>Trung t\u00e2m khu v\u1ef1c th\u01b0\u1eddng gi\u1edbi thi\u1ec7u m\u1ecdi ng\u01b0\u1eddi \u0111\u1ebfn DOR. N\u1ebfu mu\u1ed1n c\u00f3 \u0111\u01b0\u1ee3c gi\u1edbi thi\u1ec7u \u0111\u1ec3 nh\u1eadn c\u00e1c d\u1ecbch v\u1ee5 ngh\u1ec1 nghi\u1ec7p, qu\u00fd v\u1ecb h\u00e3y y\u00eau c\u1ea7u cu\u1ed9c h\u1ecdp IPP. Qu\u00fd v\u1ecb h\u00e3y cho bi\u1ebft b\u1ea3n th\u00e2n quan t\u00e2m \u0111\u1ebfn Vi\u1ec7c L\u00e0m \u0110\u01b0\u1ee3c H\u1ed7 Tr\u1ee3 ho\u1eb7c Vi\u1ec7c L\u00e0m C\u1ea1nh Tranh. N\u1ebfu qu\u00fd v\u1ecb \u0111\u00e3 l\u00e0m vi\u1ec7c trong m\u1ed9t Ch\u01b0\u01a1ng Tr\u00ecnh Ho\u1ea1t \u0110\u1ed9ng C\u00f4ng Vi\u1ec7c, h\u1ecd \u0111\u00e1nh gi\u00e1 ti\u1ebfn b\u1ed9 c\u1ee7a qu\u00fd v\u1ecb h\u00e0ng n\u0103m v\u00e0 x\u00e1c \u0111\u1ecbnh xem c\u00e1c d\u1ecbch v\u1ee5 ngh\u1ec1 nghi\u1ec7p c\u00f3 ph\u00f9 h\u1ee3p v\u1edbi qu\u00fd v\u1ecb kh\u00f4ng. N\u1ebfu nh\u00f3m IPP c\u1ee7a qu\u00fd v\u1ecb x\u00e1c \u0111\u1ecbnh c\u00e1c d\u1ecbch v\u1ee5 n\u00e0y c\u00f3 l\u1ee3i cho qu\u00fd v\u1ecb, nh\u00f3m s\u1ebd gi\u1edbi thi\u1ec7u qu\u00fd v\u1ecb \u0111\u1ebfn DOR. <span class=\"footnote_referrer\"><a role=\"button\" tabindex=\"0\" onclick=\"footnote_moveToReference_1563_1('footnote_plugin_reference_1563_1_1');\" onkeypress=\"footnote_moveToReference_1563_1('footnote_plugin_reference_1563_1_1');\" ><sup id=\"footnote_plugin_tooltip_1563_1_1\" class=\"footnote_plugin_tooltip_text\">[1]<\/sup><\/a><span id=\"footnote_plugin_tooltip_text_1563_1_1\" class=\"footnote_tooltip\">M\u1ee5c 4858 (a)-(b).<\/span><\/span><script type=\"text\/javascript\"> jQuery('#footnote_plugin_tooltip_1563_1_1').tooltip({ tip: '#footnote_plugin_tooltip_text_1563_1_1', tipClass: 'footnote_tooltip', effect: 'fade', predelay: 0, fadeInSpeed: 200, delay: 400, fadeOutSpeed: 200, position: 'top center', relative: true, offset: [-7, 0], });<\/script><\/p>\n\n\n\n<p>DOR c\u00f3 th\u1ec3 t\u1eeb ch\u1ed1i cung c\u1ea5p c\u00e1c d\u1ecbch v\u1ee5 cho qu\u00fd v\u1ecb n\u1ebfu t\u00ecnh tr\u1ea1ng khuy\u1ebft t\u1eadt c\u1ee7a qu\u00fd v\u1ecb nghi\u00eam tr\u1ecdng \u0111\u1ebfn m\u1ee9c c\u00e1c d\u1ecbch v\u1ee5 c\u1ee7a h\u1ecd s\u1ebd kh\u00f4ng gi\u00fap \u00edch g\u00ec cho qu\u00fd v\u1ecb. DOR ph\u1ea3i ch\u1ee9ng minh c\u00e1c d\u1ecbch v\u1ee5 ph\u1ee5c h\u1ed3i ch\u1ee9c n\u0103ng ngh\u1ec1 nghi\u1ec7p s\u1ebd kh\u00f4ng tr\u1ee3 gi\u00fap qu\u00fd v\u1ecb c\u00f3 \u0111\u01b0\u1ee3c c\u00f4ng vi\u1ec7c v\u00ec t\u00ecnh tr\u1ea1ng khuy\u1ebft t\u1eadt c\u1ee7a qu\u00fd v\u1ecb qu\u00e1 nghi\u00eam tr\u1ecdng. <span class=\"footnote_referrer\"><a role=\"button\" tabindex=\"0\" onclick=\"footnote_moveToReference_1563_1('footnote_plugin_reference_1563_1_2');\" onkeypress=\"footnote_moveToReference_1563_1('footnote_plugin_reference_1563_1_2');\" ><sup id=\"footnote_plugin_tooltip_1563_1_2\" class=\"footnote_plugin_tooltip_text\">[2]<\/sup><\/a><span id=\"footnote_plugin_tooltip_text_1563_1_2\" class=\"footnote_tooltip\">Ti\u00eau \u0110\u1ec1 29 B\u1ed9 Lu\u1eadt Hoa K\u1ef3 m\u1ee5c 722(a)(2)(A); xem th\u00eam Ti\u00eau \u0110\u1ec1 34 B\u1ed9 Lu\u1eadt C\u00e1c Quy \u0110\u1ecbnh Li\u00ean Bang m\u1ee5c 361.42; B\u1ed9 Lu\u1eadt Ph\u00fac L\u1ee3i v\u00e0 \u0110\u1ecbnh Ch\u1ebf California m\u1ee5c&nbsp;&#x2026; <span class=\"footnote_tooltip_continue\"  onclick=\"footnote_moveToReference_1563_1('footnote_plugin_reference_1563_1_2');\">Continue reading<\/span><\/span><\/span><script type=\"text\/javascript\"> jQuery('#footnote_plugin_tooltip_1563_1_2').tooltip({ tip: '#footnote_plugin_tooltip_text_1563_1_2', tipClass: 'footnote_tooltip', effect: 'fade', predelay: 0, fadeInSpeed: 200, delay: 400, fadeOutSpeed: 200, position: 'top center', relative: true, offset: [-7, 0], });<\/script><\/p>\n\n\n\n<p>Qu\u00fd v\u1ecb c\u00f3 th\u1ec3 nh\u1eadn c\u00e1c d\u1ecbch v\u1ee5 ph\u1ee5c h\u1ed3i ch\u1ee9c n\u0103ng ngh\u1ec1 nghi\u1ec7p trong t\u1ed1i \u0111a 18 th\u00e1ng. C\u00e1c d\u1ecbch v\u1ee5 c\u00f3 th\u1ec3 k\u1ebft th\u00fac s\u1edbm h\u01a1n n\u1ebfu qu\u00fd v\u1ecb \u0111\u00e3 \u0111\u1ee7 \u0111\u1ed9c l\u1eadp, ho\u1eb7c n\u1ebfu nh\u1eefng h\u1ed7 tr\u1ee3 cho qu\u00fd v\u1ecb \u0111\u00e3 tr\u1ee3 gi\u00fap qu\u00fd v\u1ecb nhi\u1ec1u h\u1ebft m\u1ee9c c\u00f3 th\u1ec3. Sau 18 th\u00e1ng, DOR chuy\u1ec3n qu\u00fd v\u1ecb \u0111\u1ebfn DDS. Sau \u0111\u00f3, qu\u00fd v\u1ecb c\u00f3 th\u1ec3 nh\u1eadn c\u00e1c d\u1ecbch v\u1ee5 t\u1eeb Ch\u01b0\u01a1ng Tr\u00ecnh D\u1ecbch V\u1ee5 H\u1ed7 Tr\u1ee3 Ph\u00e1t Tri\u1ec3n. N\u1ebfu qu\u00fd v\u1ecb \u0111\u01b0\u1ee3c gi\u1edbi thi\u1ec7u \u0111\u1ebfn DOR v\u00e0 \u0111\u01b0\u1ee3c \u0111\u01b0a v\u00e0o danh s\u00e1ch ch\u1edd, trung t\u00e2m khu v\u1ef1c ph\u1ea3i cung c\u1ea5p c\u00e1c d\u1ecbch v\u1ee5 qu\u00fd v\u1ecb c\u1ea7n cho \u0111\u1ebfn khi c\u00e1c d\u1ecbch v\u1ee5 c\u1ee7a DOR d\u00e0nh cho qu\u00fd v\u1ecb b\u1eaft \u0111\u1ea7u. <span class=\"footnote_referrer\"><a role=\"button\" tabindex=\"0\" onclick=\"footnote_moveToReference_1563_1('footnote_plugin_reference_1563_1_3');\" onkeypress=\"footnote_moveToReference_1563_1('footnote_plugin_reference_1563_1_3');\" ><sup id=\"footnote_plugin_tooltip_1563_1_3\" class=\"footnote_plugin_tooltip_text\">[3]<\/sup><\/a><span id=\"footnote_plugin_tooltip_text_1563_1_3\" class=\"footnote_tooltip\">M\u1ee5c 4855.<\/span><\/span><script type=\"text\/javascript\"> jQuery('#footnote_plugin_tooltip_1563_1_3').tooltip({ tip: '#footnote_plugin_tooltip_text_1563_1_3', tipClass: 'footnote_tooltip', effect: 'fade', predelay: 0, fadeInSpeed: 200, delay: 400, fadeOutSpeed: 200, position: 'top center', relative: true, offset: [-7, 0], });<\/script><\/p>\n<div class=\"speaker-mute footnotes_reference_container\"> <div class=\"footnote_container_prepare\"><p><span role=\"button\" tabindex=\"0\" class=\"footnote_reference_container_label pointer\" onclick=\"footnote_expand_collapse_reference_container_1563_1();\">&#x202F;<\/span><span role=\"button\" tabindex=\"0\" class=\"footnote_reference_container_collapse_button\" style=\"display: none;\" onclick=\"footnote_expand_collapse_reference_container_1563_1();\">[<a id=\"footnote_reference_container_collapse_button_1563_1\">+<\/a>]<\/span><\/p><\/div> <div id=\"footnote_references_container_1563_1\" style=\"\"><table class=\"footnotes_table footnote-reference-container\"><caption class=\"accessibility\">References<\/caption> <tbody> \r\n\r\n<tr class=\"footnotes_plugin_reference_row\"> <th scope=\"row\" class=\"footnote_plugin_index_combi pointer\"  onclick=\"footnote_moveToAnchor_1563_1('footnote_plugin_tooltip_1563_1_1');\"><a id=\"footnote_plugin_reference_1563_1_1\" class=\"footnote_backlink\"><span class=\"footnote_index_arrow\">&#8593;<\/span>1<\/a><\/th> <td class=\"footnote_plugin_text\">M\u1ee5c 4858 (a)-(b).<\/td><\/tr>\r\n\r\n<tr class=\"footnotes_plugin_reference_row\"> <th scope=\"row\" class=\"footnote_plugin_index_combi pointer\"  onclick=\"footnote_moveToAnchor_1563_1('footnote_plugin_tooltip_1563_1_2');\"><a id=\"footnote_plugin_reference_1563_1_2\" class=\"footnote_backlink\"><span class=\"footnote_index_arrow\">&#8593;<\/span>2<\/a><\/th> <td class=\"footnote_plugin_text\">Ti\u00eau \u0110\u1ec1 29 B\u1ed9 Lu\u1eadt Hoa K\u1ef3 m\u1ee5c 722(a)(2)(A); xem th\u00eam Ti\u00eau \u0110\u1ec1 34 B\u1ed9 Lu\u1eadt C\u00e1c Quy \u0110\u1ecbnh Li\u00ean Bang m\u1ee5c 361.42; B\u1ed9 Lu\u1eadt Ph\u00fac L\u1ee3i v\u00e0 \u0110\u1ecbnh Ch\u1ebf California m\u1ee5c 19103(b); Ti\u00eau \u0110\u1ec1 9 B\u1ed9 Lu\u1eadt C\u00e1c Quy \u0110\u1ecbnh California m\u1ee5c 7062(c).<\/td><\/tr>\r\n\r\n<tr class=\"footnotes_plugin_reference_row\"> <th scope=\"row\" class=\"footnote_plugin_index_combi pointer\"  onclick=\"footnote_moveToAnchor_1563_1('footnote_plugin_tooltip_1563_1_3');\"><a id=\"footnote_plugin_reference_1563_1_3\" class=\"footnote_backlink\"><span class=\"footnote_index_arrow\">&#8593;<\/span>3<\/a><\/th> <td class=\"footnote_plugin_text\">M\u1ee5c 4855.<\/td><\/tr>\r\n\r\n <\/tbody> <\/table> <\/div><\/div><script type=\"text\/javascript\"> function footnote_expand_reference_container_1563_1() { jQuery('#footnote_references_container_1563_1').show(); jQuery('#footnote_reference_container_collapse_button_1563_1').text('\u2212'); } function footnote_collapse_reference_container_1563_1() { jQuery('#footnote_references_container_1563_1').hide(); jQuery('#footnote_reference_container_collapse_button_1563_1').text('+'); } function footnote_expand_collapse_reference_container_1563_1() { if (jQuery('#footnote_references_container_1563_1').is(':hidden')) { footnote_expand_reference_container_1563_1(); } else { footnote_collapse_reference_container_1563_1(); } } function footnote_moveToReference_1563_1(p_str_TargetID) { footnote_expand_reference_container_1563_1(); var l_obj_Target = jQuery('#' + p_str_TargetID); if (l_obj_Target.length) { jQuery( 'html, body' ).delay( 0 ); jQuery('html, body').animate({ scrollTop: l_obj_Target.offset().top - window.innerHeight * 0.2 }, 380); } } function footnote_moveToAnchor_1563_1(p_str_TargetID) { footnote_expand_reference_container_1563_1(); var l_obj_Target = jQuery('#' + p_str_TargetID); if (l_obj_Target.length) { jQuery( 'html, body' ).delay( 0 ); jQuery('html, body').animate({ scrollTop: l_obj_Target.offset().top - window.innerHeight * 0.2 }, 380); } }<\/script>","protected":false},"excerpt":{"rendered":"<p>Trung t\u00e2m khu v\u1ef1c th\u01b0\u1eddng gi\u1edbi thi\u1ec7u m\u1ecdi ng\u01b0\u1eddi \u0111\u1ebfn DOR. N\u1ebfu mu\u1ed1n c\u00f3 \u0111\u01b0\u1ee3c gi\u1edbi thi\u1ec7u \u0111\u1ec3 nh\u1eadn c\u00e1c d\u1ecbch v\u1ee5 ngh\u1ec1 nghi\u1ec7p, qu\u00fd&hellip;<\/p>\n","protected":false},"author":1,"featured_media":0,"parent":1447,"menu_order":24,"comment_status":"closed","ping_status":"closed","template":"","meta":{"footnotes":""},"class_list":["post-1563","page","type-page","status-publish","hentry"],"_links":{"self":[{"href":"https:\/\/rula.disabilityrightsca.org\/vi\/wp-json\/wp\/v2\/pages\/1563","targetHints":{"allow":["GET"]}}],"collection":[{"href":"https:\/\/rula.disabilityrightsca.org\/vi\/wp-json\/wp\/v2\/pages"}],"about":[{"href":"https:\/\/rula.disabilityrightsca.org\/vi\/wp-json\/wp\/v2\/types\/page"}],"author":[{"embeddable":true,"href":"https:\/\/rula.disabilityrightsca.org\/vi\/wp-json\/wp\/v2\/users\/1"}],"replies":[{"embeddable":true,"href":"https:\/\/rula.disabilityrightsca.org\/vi\/wp-json\/wp\/v2\/comments?post=1563"}],"version-history":[{"count":2,"href":"https:\/\/rula.disabilityrightsca.org\/vi\/wp-json\/wp\/v2\/pages\/1563\/revisions"}],"predecessor-version":[{"id":3267,"href":"https:\/\/rula.disabilityrightsca.org\/vi\/wp-json\/wp\/v2\/pages\/1563\/revisions\/3267"}],"up":[{"embeddable":true,"href":"https:\/\/rula.disabilityrightsca.org\/vi\/wp-json\/wp\/v2\/pages\/1447"}],"wp:attachment":[{"href":"https:\/\/rula.disabilityrightsca.org\/vi\/wp-json\/wp\/v2\/media?parent=1563"}],"curies":[{"name":"wp","href":"https:\/\/api.w.org\/{rel}","templated":true}]}}