{"id":1559,"date":"2021-07-01T21:48:42","date_gmt":"2021-07-01T21:48:42","guid":{"rendered":"http:\/\/www.rula.disabilityrightsca.org\/vi\/?page_id=1559"},"modified":"2022-04-27T17:01:57","modified_gmt":"2022-04-27T17:01:57","slug":"who-is-eligible-for-vocational-rehabilitation-services","status":"publish","type":"page","link":"https:\/\/rula.disabilityrightsca.org\/vi\/rula-book\/chapter-9-community-participation-work-day-and-leisure-activities\/who-is-eligible-for-vocational-rehabilitation-services\/","title":{"rendered":"(9.22) Ai h\u1ed9i \u0111\u1ee7 \u0111i\u1ec1u ki\u1ec7n nh\u1eadn D\u1ecbch V\u1ee5 Ph\u1ee5c H\u1ed3i Ch\u1ee9c N\u0103ng Ngh\u1ec1 Nghi\u1ec7p?"},"content":{"rendered":"\n<p>Qu\u00fd v\u1ecb h\u1ed9i \u0111\u1ee7 \u0111i\u1ec1u ki\u1ec7n nh\u1eadn c\u00e1c d\u1ecbch v\u1ee5 ph\u1ee5c h\u1ed3i ch\u1ee9c n\u0103ng ngh\u1ec1 nghi\u1ec7p n\u1ebfu:<\/p>\n\n\n\n<ul class=\"wp-block-list\"><li>Qu\u00fd v\u1ecb l\u00e0 m\u1ed9t \u201cc\u00e1 nh\u00e2n b\u1ecb khuy\u1ebft t\u1eadt\u201d, v\u00e0<\/li><li>Qu\u00fd v\u1ecb c\u1ea7n c\u00e1c d\u1ecbch v\u1ee5 n\u00e0y \u0111\u1ec3 c\u00f3 \u0111\u01b0\u1ee3c c\u00f4ng vi\u1ec7c. <span class=\"footnote_referrer\"><a role=\"button\" tabindex=\"0\" onclick=\"footnote_moveToReference_1559_1('footnote_plugin_reference_1559_1_1');\" onkeypress=\"footnote_moveToReference_1559_1('footnote_plugin_reference_1559_1_1');\" ><sup id=\"footnote_plugin_tooltip_1559_1_1\" class=\"footnote_plugin_tooltip_text\">[1]<\/sup><\/a><span id=\"footnote_plugin_tooltip_text_1559_1_1\" class=\"footnote_tooltip\">Ti\u00eau \u0110\u1ec1 9, B\u1ed9 Lu\u1eadt C\u00e1c Quy \u0110\u1ecbnh California m\u1ee5c 7062.<\/span><\/span><script type=\"text\/javascript\"> jQuery('#footnote_plugin_tooltip_1559_1_1').tooltip({ tip: '#footnote_plugin_tooltip_text_1559_1_1', tipClass: 'footnote_tooltip', effect: 'fade', predelay: 0, fadeInSpeed: 200, delay: 400, fadeOutSpeed: 200, position: 'top center', relative: true, offset: [-7, 0], });<\/script><\/li><\/ul>\n\n\n\n<p>\u201cC\u00e1 nh\u00e2n b\u1ecb khuy\u1ebft t\u1eadt\u201d ngh\u0129a l\u00e0 qu\u00fd v\u1ecb b\u1ecb khi\u1ebfm khuy\u1ebft v\u1ec1 th\u1ec3 ch\u1ea5t ho\u1eb7c t\u00e2m th\u1ea7n khi\u1ebfn qu\u00fd v\u1ecb g\u1eb7p kh\u00f3 kh\u0103n h\u01a1n nhi\u1ec1u \u0111\u1ec3 c\u00f3 \u0111\u01b0\u1ee3c c\u00f4ng vi\u1ec7c v\u00e0 c\u00e1c d\u1ecbch v\u1ee5 ph\u1ee5c h\u1ed3i ch\u1ee9c n\u0103ng ngh\u1ec1 nghi\u1ec7p s\u1ebd gi\u00fap qu\u00fd v\u1ecb c\u00f3 \u0111\u01b0\u1ee3c c\u00f4ng vi\u1ec7c. <span class=\"footnote_referrer\"><a role=\"button\" tabindex=\"0\" onclick=\"footnote_moveToReference_1559_1('footnote_plugin_reference_1559_1_2');\" onkeypress=\"footnote_moveToReference_1559_1('footnote_plugin_reference_1559_1_2');\" ><sup id=\"footnote_plugin_tooltip_1559_1_2\" class=\"footnote_plugin_tooltip_text\">[2]<\/sup><\/a><span id=\"footnote_plugin_tooltip_text_1559_1_2\" class=\"footnote_tooltip\">Ti\u00eau \u0110\u1ec1 29, B\u1ed9 Lu\u1eadt Hoa K\u1ef3 c\u00e1c m\u1ee5c 19151 v\u00e0 705(20); Ti\u00eau \u0110\u1ec1 9,&nbsp;B\u1ed9 Lu\u1eadt C\u00e1c Quy \u0110\u1ecbnh California m\u1ee5c 7017.<\/span><\/span><script type=\"text\/javascript\"> jQuery('#footnote_plugin_tooltip_1559_1_2').tooltip({ tip: '#footnote_plugin_tooltip_text_1559_1_2', tipClass: 'footnote_tooltip', effect: 'fade', predelay: 0, fadeInSpeed: 200, delay: 400, fadeOutSpeed: 200, position: 'top center', relative: true, offset: [-7, 0], });<\/script> N\u1ebfu qu\u00fd v\u1ecb nh\u1eadn SSI ho\u1eb7c SSDI, qu\u00fd v\u1ecb t\u1ef1 \u0111\u1ed9ng h\u1ed9i \u0111\u1ee7 \u0111i\u1ec1u ki\u1ec7n nh\u1eadn c\u00e1c d\u1ecbch v\u1ee5. <span class=\"footnote_referrer\"><a role=\"button\" tabindex=\"0\" onclick=\"footnote_moveToReference_1559_1('footnote_plugin_reference_1559_1_3');\" onkeypress=\"footnote_moveToReference_1559_1('footnote_plugin_reference_1559_1_3');\" ><sup id=\"footnote_plugin_tooltip_1559_1_3\" class=\"footnote_plugin_tooltip_text\">[3]<\/sup><\/a><span id=\"footnote_plugin_tooltip_text_1559_1_3\" class=\"footnote_tooltip\">Ti\u00eau \u0110\u1ec1 29 B\u1ed9 Lu\u1eadt Hoa K\u1ef3 m\u1ee5c 722.<\/span><\/span><script type=\"text\/javascript\"> jQuery('#footnote_plugin_tooltip_1559_1_3').tooltip({ tip: '#footnote_plugin_tooltip_text_1559_1_3', tipClass: 'footnote_tooltip', effect: 'fade', predelay: 0, fadeInSpeed: 200, delay: 400, fadeOutSpeed: 200, position: 'top center', relative: true, offset: [-7, 0], });<\/script><\/p>\n<div class=\"speaker-mute footnotes_reference_container\"> <div class=\"footnote_container_prepare\"><p><span role=\"button\" tabindex=\"0\" class=\"footnote_reference_container_label pointer\" onclick=\"footnote_expand_collapse_reference_container_1559_1();\">&#x202F;<\/span><span role=\"button\" tabindex=\"0\" class=\"footnote_reference_container_collapse_button\" style=\"display: none;\" onclick=\"footnote_expand_collapse_reference_container_1559_1();\">[<a id=\"footnote_reference_container_collapse_button_1559_1\">+<\/a>]<\/span><\/p><\/div> <div id=\"footnote_references_container_1559_1\" style=\"\"><table class=\"footnotes_table footnote-reference-container\"><caption class=\"accessibility\">References<\/caption> <tbody> \r\n\r\n<tr class=\"footnotes_plugin_reference_row\"> <th scope=\"row\" class=\"footnote_plugin_index_combi pointer\"  onclick=\"footnote_moveToAnchor_1559_1('footnote_plugin_tooltip_1559_1_1');\"><a id=\"footnote_plugin_reference_1559_1_1\" class=\"footnote_backlink\"><span class=\"footnote_index_arrow\">&#8593;<\/span>1<\/a><\/th> <td class=\"footnote_plugin_text\">Ti\u00eau \u0110\u1ec1 9, B\u1ed9 Lu\u1eadt C\u00e1c Quy \u0110\u1ecbnh California m\u1ee5c 7062.<\/td><\/tr>\r\n\r\n<tr class=\"footnotes_plugin_reference_row\"> <th scope=\"row\" class=\"footnote_plugin_index_combi pointer\"  onclick=\"footnote_moveToAnchor_1559_1('footnote_plugin_tooltip_1559_1_2');\"><a id=\"footnote_plugin_reference_1559_1_2\" class=\"footnote_backlink\"><span class=\"footnote_index_arrow\">&#8593;<\/span>2<\/a><\/th> <td class=\"footnote_plugin_text\">Ti\u00eau \u0110\u1ec1 29, B\u1ed9 Lu\u1eadt Hoa K\u1ef3 c\u00e1c m\u1ee5c 19151 v\u00e0 705(20); Ti\u00eau \u0110\u1ec1 9,&nbsp;B\u1ed9 Lu\u1eadt C\u00e1c Quy \u0110\u1ecbnh California m\u1ee5c 7017.<\/td><\/tr>\r\n\r\n<tr class=\"footnotes_plugin_reference_row\"> <th scope=\"row\" class=\"footnote_plugin_index_combi pointer\"  onclick=\"footnote_moveToAnchor_1559_1('footnote_plugin_tooltip_1559_1_3');\"><a id=\"footnote_plugin_reference_1559_1_3\" class=\"footnote_backlink\"><span class=\"footnote_index_arrow\">&#8593;<\/span>3<\/a><\/th> <td class=\"footnote_plugin_text\">Ti\u00eau \u0110\u1ec1 29 B\u1ed9 Lu\u1eadt Hoa K\u1ef3 m\u1ee5c 722.<\/td><\/tr>\r\n\r\n <\/tbody> <\/table> <\/div><\/div><script type=\"text\/javascript\"> function footnote_expand_reference_container_1559_1() { jQuery('#footnote_references_container_1559_1').show(); jQuery('#footnote_reference_container_collapse_button_1559_1').text('\u2212'); } function footnote_collapse_reference_container_1559_1() { jQuery('#footnote_references_container_1559_1').hide(); jQuery('#footnote_reference_container_collapse_button_1559_1').text('+'); } function footnote_expand_collapse_reference_container_1559_1() { if (jQuery('#footnote_references_container_1559_1').is(':hidden')) { footnote_expand_reference_container_1559_1(); } else { footnote_collapse_reference_container_1559_1(); } } function footnote_moveToReference_1559_1(p_str_TargetID) { footnote_expand_reference_container_1559_1(); var l_obj_Target = jQuery('#' + p_str_TargetID); if (l_obj_Target.length) { jQuery( 'html, body' ).delay( 0 ); jQuery('html, body').animate({ scrollTop: l_obj_Target.offset().top - window.innerHeight * 0.2 }, 380); } } function footnote_moveToAnchor_1559_1(p_str_TargetID) { footnote_expand_reference_container_1559_1(); var l_obj_Target = jQuery('#' + p_str_TargetID); if (l_obj_Target.length) { jQuery( 'html, body' ).delay( 0 ); jQuery('html, body').animate({ scrollTop: l_obj_Target.offset().top - window.innerHeight * 0.2 }, 380); } }<\/script>","protected":false},"excerpt":{"rendered":"<p>Qu\u00fd v\u1ecb h\u1ed9i \u0111\u1ee7 \u0111i\u1ec1u ki\u1ec7n nh\u1eadn c\u00e1c d\u1ecbch v\u1ee5 ph\u1ee5c h\u1ed3i ch\u1ee9c n\u0103ng ngh\u1ec1 nghi\u1ec7p n\u1ebfu: Qu\u00fd v\u1ecb l\u00e0 m\u1ed9t \u201cc\u00e1 nh\u00e2n b\u1ecb khuy\u1ebft&hellip;<\/p>\n","protected":false},"author":1,"featured_media":0,"parent":1447,"menu_order":22,"comment_status":"closed","ping_status":"closed","template":"","meta":{"footnotes":""},"class_list":["post-1559","page","type-page","status-publish","hentry"],"_links":{"self":[{"href":"https:\/\/rula.disabilityrightsca.org\/vi\/wp-json\/wp\/v2\/pages\/1559","targetHints":{"allow":["GET"]}}],"collection":[{"href":"https:\/\/rula.disabilityrightsca.org\/vi\/wp-json\/wp\/v2\/pages"}],"about":[{"href":"https:\/\/rula.disabilityrightsca.org\/vi\/wp-json\/wp\/v2\/types\/page"}],"author":[{"embeddable":true,"href":"https:\/\/rula.disabilityrightsca.org\/vi\/wp-json\/wp\/v2\/users\/1"}],"replies":[{"embeddable":true,"href":"https:\/\/rula.disabilityrightsca.org\/vi\/wp-json\/wp\/v2\/comments?post=1559"}],"version-history":[{"count":3,"href":"https:\/\/rula.disabilityrightsca.org\/vi\/wp-json\/wp\/v2\/pages\/1559\/revisions"}],"predecessor-version":[{"id":3292,"href":"https:\/\/rula.disabilityrightsca.org\/vi\/wp-json\/wp\/v2\/pages\/1559\/revisions\/3292"}],"up":[{"embeddable":true,"href":"https:\/\/rula.disabilityrightsca.org\/vi\/wp-json\/wp\/v2\/pages\/1447"}],"wp:attachment":[{"href":"https:\/\/rula.disabilityrightsca.org\/vi\/wp-json\/wp\/v2\/media?parent=1559"}],"curies":[{"name":"wp","href":"https:\/\/api.w.org\/{rel}","templated":true}]}}