{"id":1557,"date":"2021-07-01T21:47:01","date_gmt":"2021-07-01T21:47:01","guid":{"rendered":"http:\/\/www.rula.disabilityrightsca.org\/vi\/?page_id=1557"},"modified":"2022-04-27T17:00:53","modified_gmt":"2022-04-27T17:00:53","slug":"what-are-vocational-rehabilitation-services","status":"publish","type":"page","link":"https:\/\/rula.disabilityrightsca.org\/vi\/rula-book\/chapter-9-community-participation-work-day-and-leisure-activities\/what-are-vocational-rehabilitation-services\/","title":{"rendered":"(9.21) D\u1ecbch V\u1ee5 Ph\u1ee5c H\u1ed3i Ch\u1ee9c N\u0103ng Ngh\u1ec1 Nghi\u1ec7p l\u00e0 g\u00ec?"},"content":{"rendered":"\n<p>S\u1edf Ph\u1ee5c H\u1ed3i Ch\u1ee9c N\u0103ng (Department of Rehabilitation, DOR) cung c\u1ea5p c\u00e1c d\u1ecbch v\u1ee5 ph\u1ee5c h\u1ed3i ch\u1ee9c n\u0103ng ngh\u1ec1 nghi\u1ec7p cho nh\u1eefng ng\u01b0\u1eddi mu\u1ed1n l\u00e0m vi\u1ec7c trong ch\u01b0\u01a1ng tr\u00ecnh Vi\u1ec7c L\u00e0m \u0110\u01b0\u1ee3c H\u1ed7 Tr\u1ee3 ho\u1eb7c Vi\u1ec7c L\u00e0m C\u1ea1nh Tranh. C\u00e1c d\u1ecbch v\u1ee5 ph\u1ee5c h\u1ed3i ch\u1ee9c n\u0103ng ngh\u1ec1 nghi\u1ec7p g\u1ed3m c\u00f3:<\/p>\n\n\n\n<ul class=\"wp-block-list\"><li>T\u01b0 v\u1ea5n, h\u01b0\u1edbng d\u1eabn v\u00e0 gi\u1edbi thi\u1ec7u<\/li><li>T\u00e0i li\u1ec7u \u0111\u00e0o t\u1ea1o<\/li><li>S\u1eafp x\u1ebfp v\u00e0o m\u00f4i tr\u01b0\u1eddng ph\u00f9 h\u1ee3p<\/li><li>D\u1ecbch v\u1ee5 kh\u00f4i ph\u1ee5c th\u1ec3 ch\u1ea5t v\u00e0 t\u00e2m th\u1ea7n<\/li><li>D\u1ecbch V\u1ee5 Chuy\u00ean Ch\u1edf<\/li><li>H\u1ed7 tr\u1ee3 nh\u1eadn d\u1ecbch v\u1ee5<\/li><li>C\u00e1c d\u1ecbch v\u1ee5 c\u00e1 nh\u00e2n, nh\u01b0 ng\u01b0\u1eddi vi\u1ebft ghi ch\u00fa, ng\u01b0\u1eddi \u0111\u1ecdc, th\u00f4ng d\u1ecbch vi\u00ean, ng\u01b0\u1eddi ph\u1ee5c v\u1ee5 v\u00e0 t\u00e0i x\u1ebf<\/li><li>C\u00f4ng ngh\u1ec7 h\u1ed7 tr\u1ee3, v\u00ed d\u1ee5 nh\u01b0 thi\u1ebft b\u1ecb giao ti\u1ebfp, c\u1ea3m bi\u1ebfn v\u00e0 c\u00e1c thi\u1ebft b\u1ecb kh\u00e1c<\/li><li>H\u01b0\u1edbng d\u1eabn c\u00f4ng vi\u1ec7c<\/li><li>D\u1ecbch v\u1ee5 cho th\u00e0nh vi\u00ean gia \u0111\u00ecnh<\/li><li>D\u1ecbch v\u1ee5 sau vi\u1ec7c l\u00e0m. <span class=\"footnote_referrer\"><a role=\"button\" tabindex=\"0\" onclick=\"footnote_moveToReference_1557_1('footnote_plugin_reference_1557_1_1');\" onkeypress=\"footnote_moveToReference_1557_1('footnote_plugin_reference_1557_1_1');\" ><sup id=\"footnote_plugin_tooltip_1557_1_1\" class=\"footnote_plugin_tooltip_text\">[1]<\/sup><\/a><span id=\"footnote_plugin_tooltip_text_1557_1_1\" class=\"footnote_tooltip\">Ti\u00eau \u0110\u1ec1 9, B\u1ed9 Lu\u1eadt C\u00e1c Quy \u0110\u1ecbnh California, m\u1ee5c 7149.<\/span><\/span><script type=\"text\/javascript\"> jQuery('#footnote_plugin_tooltip_1557_1_1').tooltip({ tip: '#footnote_plugin_tooltip_text_1557_1_1', tipClass: 'footnote_tooltip', effect: 'fade', predelay: 0, fadeInSpeed: 200, delay: 400, fadeOutSpeed: 200, position: 'top center', relative: true, offset: [-7, 0], });<\/script><\/li><\/ul>\n\n\n\n<p>Khi qu\u00fd v\u1ecb b\u1eaft \u0111\u1ea7u c\u00f4ng vi\u1ec7c, DOR thanh to\u00e1n 100% c\u00e1c d\u1ecbch v\u1ee5 n\u00e0y. Khi c\u00f4ng vi\u1ec7c c\u1ee7a qu\u00fd v\u1ecb \u1ed5n \u0111\u1ecbnh, ng\u00e2n s\u00e1ch gi\u1ea3m d\u1ea7n. <span class=\"footnote_referrer\"><a role=\"button\" tabindex=\"0\" onclick=\"footnote_moveToReference_1557_1('footnote_plugin_reference_1557_1_2');\" onkeypress=\"footnote_moveToReference_1557_1('footnote_plugin_reference_1557_1_2');\" ><sup id=\"footnote_plugin_tooltip_1557_1_2\" class=\"footnote_plugin_tooltip_text\">[2]<\/sup><\/a><span id=\"footnote_plugin_tooltip_text_1557_1_2\" class=\"footnote_tooltip\">Ti\u00eau \u0110\u1ec1 9, B\u1ed9 Lu\u1eadt C\u00e1c Quy \u0110\u1ecbnh California m\u1ee5c 7021.5(b).<\/span><\/span><script type=\"text\/javascript\"> jQuery('#footnote_plugin_tooltip_1557_1_2').tooltip({ tip: '#footnote_plugin_tooltip_text_1557_1_2', tipClass: 'footnote_tooltip', effect: 'fade', predelay: 0, fadeInSpeed: 200, delay: 400, fadeOutSpeed: 200, position: 'top center', relative: true, offset: [-7, 0], });<\/script> \u0110\u1ec3 bi\u1ebft th\u00eam th\u00f4ng tin v\u1ec1 c\u00e1c d\u1ecbch v\u1ee5 c\u1ee7a DOR, h\u00e3y li\u00ean h\u1ec7 v\u1edbi Disability Rights California ho\u1eb7c truy c\u1eadp&nbsp;<a href=\"https:\/\/dor.ca.gov\/home\/programs\">trang web c\u1ee7a DOR<\/a>.<\/p>\n<div class=\"speaker-mute footnotes_reference_container\"> <div class=\"footnote_container_prepare\"><p><span role=\"button\" tabindex=\"0\" class=\"footnote_reference_container_label pointer\" onclick=\"footnote_expand_collapse_reference_container_1557_1();\">&#x202F;<\/span><span role=\"button\" tabindex=\"0\" class=\"footnote_reference_container_collapse_button\" style=\"display: none;\" onclick=\"footnote_expand_collapse_reference_container_1557_1();\">[<a id=\"footnote_reference_container_collapse_button_1557_1\">+<\/a>]<\/span><\/p><\/div> <div id=\"footnote_references_container_1557_1\" style=\"\"><table class=\"footnotes_table footnote-reference-container\"><caption class=\"accessibility\">References<\/caption> <tbody> \r\n\r\n<tr class=\"footnotes_plugin_reference_row\"> <th scope=\"row\" class=\"footnote_plugin_index_combi pointer\"  onclick=\"footnote_moveToAnchor_1557_1('footnote_plugin_tooltip_1557_1_1');\"><a id=\"footnote_plugin_reference_1557_1_1\" class=\"footnote_backlink\"><span class=\"footnote_index_arrow\">&#8593;<\/span>1<\/a><\/th> <td class=\"footnote_plugin_text\">Ti\u00eau \u0110\u1ec1 9, B\u1ed9 Lu\u1eadt C\u00e1c Quy \u0110\u1ecbnh California, m\u1ee5c 7149.<\/td><\/tr>\r\n\r\n<tr class=\"footnotes_plugin_reference_row\"> <th scope=\"row\" class=\"footnote_plugin_index_combi pointer\"  onclick=\"footnote_moveToAnchor_1557_1('footnote_plugin_tooltip_1557_1_2');\"><a id=\"footnote_plugin_reference_1557_1_2\" class=\"footnote_backlink\"><span class=\"footnote_index_arrow\">&#8593;<\/span>2<\/a><\/th> <td class=\"footnote_plugin_text\">Ti\u00eau \u0110\u1ec1 9, B\u1ed9 Lu\u1eadt C\u00e1c Quy \u0110\u1ecbnh California m\u1ee5c 7021.5(b).<\/td><\/tr>\r\n\r\n <\/tbody> <\/table> <\/div><\/div><script type=\"text\/javascript\"> function footnote_expand_reference_container_1557_1() { jQuery('#footnote_references_container_1557_1').show(); jQuery('#footnote_reference_container_collapse_button_1557_1').text('\u2212'); } function footnote_collapse_reference_container_1557_1() { jQuery('#footnote_references_container_1557_1').hide(); jQuery('#footnote_reference_container_collapse_button_1557_1').text('+'); } function footnote_expand_collapse_reference_container_1557_1() { if (jQuery('#footnote_references_container_1557_1').is(':hidden')) { footnote_expand_reference_container_1557_1(); } else { footnote_collapse_reference_container_1557_1(); } } function footnote_moveToReference_1557_1(p_str_TargetID) { footnote_expand_reference_container_1557_1(); var l_obj_Target = jQuery('#' + p_str_TargetID); if (l_obj_Target.length) { jQuery( 'html, body' ).delay( 0 ); jQuery('html, body').animate({ scrollTop: l_obj_Target.offset().top - window.innerHeight * 0.2 }, 380); } } function footnote_moveToAnchor_1557_1(p_str_TargetID) { footnote_expand_reference_container_1557_1(); var l_obj_Target = jQuery('#' + p_str_TargetID); if (l_obj_Target.length) { jQuery( 'html, body' ).delay( 0 ); jQuery('html, body').animate({ scrollTop: l_obj_Target.offset().top - window.innerHeight * 0.2 }, 380); } }<\/script>","protected":false},"excerpt":{"rendered":"<p>S\u1edf Ph\u1ee5c H\u1ed3i Ch\u1ee9c N\u0103ng (Department of Rehabilitation, DOR) cung c\u1ea5p c\u00e1c d\u1ecbch v\u1ee5 ph\u1ee5c h\u1ed3i ch\u1ee9c n\u0103ng ngh\u1ec1 nghi\u1ec7p cho nh\u1eefng ng\u01b0\u1eddi mu\u1ed1n l\u00e0m&hellip;<\/p>\n","protected":false},"author":1,"featured_media":0,"parent":1447,"menu_order":21,"comment_status":"closed","ping_status":"closed","template":"","meta":{"footnotes":""},"class_list":["post-1557","page","type-page","status-publish","hentry"],"_links":{"self":[{"href":"https:\/\/rula.disabilityrightsca.org\/vi\/wp-json\/wp\/v2\/pages\/1557","targetHints":{"allow":["GET"]}}],"collection":[{"href":"https:\/\/rula.disabilityrightsca.org\/vi\/wp-json\/wp\/v2\/pages"}],"about":[{"href":"https:\/\/rula.disabilityrightsca.org\/vi\/wp-json\/wp\/v2\/types\/page"}],"author":[{"embeddable":true,"href":"https:\/\/rula.disabilityrightsca.org\/vi\/wp-json\/wp\/v2\/users\/1"}],"replies":[{"embeddable":true,"href":"https:\/\/rula.disabilityrightsca.org\/vi\/wp-json\/wp\/v2\/comments?post=1557"}],"version-history":[{"count":3,"href":"https:\/\/rula.disabilityrightsca.org\/vi\/wp-json\/wp\/v2\/pages\/1557\/revisions"}],"predecessor-version":[{"id":3291,"href":"https:\/\/rula.disabilityrightsca.org\/vi\/wp-json\/wp\/v2\/pages\/1557\/revisions\/3291"}],"up":[{"embeddable":true,"href":"https:\/\/rula.disabilityrightsca.org\/vi\/wp-json\/wp\/v2\/pages\/1447"}],"wp:attachment":[{"href":"https:\/\/rula.disabilityrightsca.org\/vi\/wp-json\/wp\/v2\/media?parent=1557"}],"curies":[{"name":"wp","href":"https:\/\/api.w.org\/{rel}","templated":true}]}}