{"id":1555,"date":"2021-07-01T21:45:18","date_gmt":"2021-07-01T21:45:18","guid":{"rendered":"http:\/\/www.rula.disabilityrightsca.org\/vi\/?page_id=1555"},"modified":"2022-04-27T16:59:45","modified_gmt":"2022-04-27T16:59:45","slug":"what-is-an-individual-habilitation-service-plan-ihsp","status":"publish","type":"page","link":"https:\/\/rula.disabilityrightsca.org\/vi\/rula-book\/chapter-9-community-participation-work-day-and-leisure-activities\/what-is-an-individual-habilitation-service-plan-ihsp\/","title":{"rendered":"(9.20) K\u1ebf Ho\u1ea1ch D\u1ecbch V\u1ee5 H\u1ed7 Tr\u1ee3 Ph\u00e1t Tri\u1ec3n C\u00e1 Nh\u00e2n (Individual Habilitation Service Plan, IHSP) l\u00e0 g\u00ec?"},"content":{"rendered":"\n<p>Nh\u00e0 cung c\u1ea5p d\u1ecbch v\u1ee5 h\u1ed7 tr\u1ee3 ph\u00e1t tri\u1ec3n x\u00e2y d\u1ef1ng K\u1ebf Ho\u1ea1ch D\u1ecbch V\u1ee5 H\u1ed7 Tr\u1ee3 Ph\u00e1t Tri\u1ec3n C\u00e1 Nh\u00e2n (Individual Habilitation Service Plan, IHSP) cho qu\u00fd v\u1ecb \u0111\u1ec3 \u0111\u00e1p \u1ee9ng c\u00e1c m\u1ee5c \u0111\u00edch vi\u1ec7c l\u00e0m trong IPP c\u1ee7a qu\u00fd v\u1ecb. <span class=\"footnote_referrer\"><a role=\"button\" tabindex=\"0\" onclick=\"footnote_moveToReference_1555_1('footnote_plugin_reference_1555_1_1');\" onkeypress=\"footnote_moveToReference_1555_1('footnote_plugin_reference_1555_1_1');\" ><sup id=\"footnote_plugin_tooltip_1555_1_1\" class=\"footnote_plugin_tooltip_text\">[1]<\/sup><\/a><span id=\"footnote_plugin_tooltip_text_1555_1_1\" class=\"footnote_tooltip\">M\u1ee5c 4851(c).<\/span><\/span><script type=\"text\/javascript\"> jQuery('#footnote_plugin_tooltip_1555_1_1').tooltip({ tip: '#footnote_plugin_tooltip_text_1555_1_1', tipClass: 'footnote_tooltip', effect: 'fade', predelay: 0, fadeInSpeed: 200, delay: 400, fadeOutSpeed: 200, position: 'top center', relative: true, offset: [-7, 0], });<\/script> \u0110\u1ec3 x\u00e2y d\u1ef1ng IHSP d\u00e0nh cho qu\u00fd v\u1ecb, nh\u00e0 cung c\u1ea5p c\u00e2n nh\u1eafc xem qu\u00fd v\u1ecb c\u00f3 th\u1ec3:<\/p>\n\n\n\n<ul class=\"wp-block-list\"><li>Duy tr\u00ec c\u00f4ng vi\u1ec7c c\u00f3 tr\u1ea3 l\u01b0\u01a1ng trong m\u1ed9t kho\u1ea3ng th\u1eddi gian nh\u1ea5t \u0111\u1ecbnh kh\u00f4ng<\/li><li>Duy tr\u00ec m\u1ed9t kh\u1ed1i l\u01b0\u1ee3ng c\u00f4ng vi\u1ec7c nh\u1ea5t \u0111\u1ecbnh kh\u00f4ng<\/li><li>Duy tr\u00ec m\u1ee9c \u0111\u1ed9 chuy\u00ean c\u1ea7n kh\u00f4ng<\/li><li>C\u01b0 x\u1eed ph\u00f9 h\u1ee3p trong c\u00f4ng vi\u1ec7c kh\u00f4ng <span class=\"footnote_referrer\"><a role=\"button\" tabindex=\"0\" onclick=\"footnote_moveToReference_1555_1('footnote_plugin_reference_1555_1_2');\" onkeypress=\"footnote_moveToReference_1555_1('footnote_plugin_reference_1555_1_2');\" ><sup id=\"footnote_plugin_tooltip_1555_1_2\" class=\"footnote_plugin_tooltip_text\">[2]<\/sup><\/a><span id=\"footnote_plugin_tooltip_text_1555_1_2\" class=\"footnote_tooltip\">M\u1ee5c 4854.<\/span><\/span><script type=\"text\/javascript\"> jQuery('#footnote_plugin_tooltip_1555_1_2').tooltip({ tip: '#footnote_plugin_tooltip_text_1555_1_2', tipClass: 'footnote_tooltip', effect: 'fade', predelay: 0, fadeInSpeed: 200, delay: 400, fadeOutSpeed: 200, position: 'top center', relative: true, offset: [-7, 0], });<\/script><\/li><\/ul>\n\n\n\n<p>Trung t\u00e2m khu v\u1ef1c ti\u1ebfp t\u1ee5c thanh to\u00e1n cho c\u00e1c d\u1ecbch v\u1ee5 h\u1ed7 tr\u1ee3 ph\u00e1t tri\u1ec3n trong IHSP c\u1ee7a qu\u00fd v\u1ecb n\u1ebfu:<\/p>\n\n\n\n<ul class=\"wp-block-list\"><li>You make enough progress toward your habilitation goals,<\/li><\/ul>\n\n\n\n<ul class=\"wp-block-list\"><li>Qu\u00fd v\u1ecb c\u00f3 \u0111\u1ee7 ti\u1ebfn b\u1ed9 trong vi\u1ec7c th\u1ef1c hi\u1ec7n c\u00e1c m\u1ee5c \u0111\u00edch h\u1ed7 tr\u1ee3 ph\u00e1t tri\u1ec3n,<\/li><li>Trung t\u00e2m khu v\u1ef1c x\u00e1c \u0111\u1ecbnh r\u1eb1ng c\u00e1c d\u1ecbch v\u1ee5 n\u00e0y l\u00e0 c\u1ea7n thi\u1ebft \u0111\u1ec3 qu\u00fd v\u1ecb duy tr\u00ec m\u1ee9c \u0111\u1ed9 \u201cch\u1ee9c n\u0103ng ngh\u1ec1 nghi\u1ec7p\u201d cao nh\u1ea5t, ho\u1eb7c<\/li><li>C\u00e1c d\u1ecbch v\u1ee5 n\u00e0y chu\u1ea9n b\u1ecb cho qu\u00fd v\u1ecb nh\u1eadn c\u00e1c d\u1ecbch v\u1ee5 ph\u1ee5c h\u1ed3i ch\u1ee9c n\u0103ng ngh\u1ec1 nghi\u1ec7p. <span class=\"footnote_referrer\"><a role=\"button\" tabindex=\"0\" onclick=\"footnote_moveToReference_1555_1('footnote_plugin_reference_1555_1_3');\" onkeypress=\"footnote_moveToReference_1555_1('footnote_plugin_reference_1555_1_3');\" ><sup id=\"footnote_plugin_tooltip_1555_1_3\" class=\"footnote_plugin_tooltip_text\">[3]<\/sup><\/a><span id=\"footnote_plugin_tooltip_text_1555_1_3\" class=\"footnote_tooltip\">M\u1ee5c 4857.<\/span><\/span><script type=\"text\/javascript\"> jQuery('#footnote_plugin_tooltip_1555_1_3').tooltip({ tip: '#footnote_plugin_tooltip_text_1555_1_3', tipClass: 'footnote_tooltip', effect: 'fade', predelay: 0, fadeInSpeed: 200, delay: 400, fadeOutSpeed: 200, position: 'top center', relative: true, offset: [-7, 0], });<\/script><\/li><\/ul>\n\n\n\n<p>Nh\u00f3m IPP c\u1ee7a qu\u00fd v\u1ecb c\u00f3 th\u1ec3 \u0111\u00e1nh gi\u00e1 IHSP c\u1ee7a qu\u00fd v\u1ecb \u0111\u1ec3 x\u00e1c \u0111\u1ecbnh xem c\u00e1c d\u1ecbch v\u1ee5 trong ch\u01b0\u01a1ng tr\u00ecnh c\u1ee7a qu\u00fd v\u1ecb c\u00f3 ph\u00f9 h\u1ee3p kh\u00f4ng v\u00e0 c\u00f4ng vi\u1ec7c c\u1ee7a qu\u00fd v\u1ecb c\u00f3 ph\u00f9 h\u1ee3p kh\u00f4ng. <span class=\"footnote_referrer\"><a role=\"button\" tabindex=\"0\" onclick=\"footnote_moveToReference_1555_1('footnote_plugin_reference_1555_1_4');\" onkeypress=\"footnote_moveToReference_1555_1('footnote_plugin_reference_1555_1_4');\" ><sup id=\"footnote_plugin_tooltip_1555_1_4\" class=\"footnote_plugin_tooltip_text\">[4]<\/sup><\/a><span id=\"footnote_plugin_tooltip_text_1555_1_4\" class=\"footnote_tooltip\">M\u1ee5c 4854.1.<\/span><\/span><script type=\"text\/javascript\"> jQuery('#footnote_plugin_tooltip_1555_1_4').tooltip({ tip: '#footnote_plugin_tooltip_text_1555_1_4', tipClass: 'footnote_tooltip', effect: 'fade', predelay: 0, fadeInSpeed: 200, delay: 400, fadeOutSpeed: 200, position: 'top center', relative: true, offset: [-7, 0], });<\/script> N\u1ebfu trung t\u00e2m khu v\u1ef1c \u0111\u01b0a ra quy\u1ebft \u0111\u1ecbnh \u1ea3nh h\u01b0\u1edfng \u0111\u1ebfn c\u00e1c d\u1ecbch v\u1ee5 h\u1ed7 tr\u1ee3 ph\u00e1t tri\u1ec3n d\u00e0nh cho qu\u00fd v\u1ecb v\u00e0 qu\u00fd v\u1ecb kh\u00f4ng \u0111\u1ed3ng \u00fd, qu\u00fd v\u1ecb c\u00f3 th\u1ec3 kh\u00e1ng c\u00e1o. (Xem&nbsp;<a href=\"https:\/\/rula.disabilityrightsca.org\/vi\/rula-book\/chapter-10-appeals-and-complaints-disagreements-with-regional-centers-developmental-centers-or-service-providers\/\">Ch\u01b0\u01a1ng 10<\/a>&nbsp;v\u1ec1 quy tr\u00ecnh kh\u00e1ng c\u00e1o.)<\/p>\n<div class=\"speaker-mute footnotes_reference_container\"> <div class=\"footnote_container_prepare\"><p><span role=\"button\" tabindex=\"0\" class=\"footnote_reference_container_label pointer\" onclick=\"footnote_expand_collapse_reference_container_1555_1();\">&#x202F;<\/span><span role=\"button\" tabindex=\"0\" class=\"footnote_reference_container_collapse_button\" style=\"display: none;\" onclick=\"footnote_expand_collapse_reference_container_1555_1();\">[<a id=\"footnote_reference_container_collapse_button_1555_1\">+<\/a>]<\/span><\/p><\/div> <div id=\"footnote_references_container_1555_1\" style=\"\"><table class=\"footnotes_table footnote-reference-container\"><caption class=\"accessibility\">References<\/caption> <tbody> \r\n\r\n<tr class=\"footnotes_plugin_reference_row\"> <th scope=\"row\" class=\"footnote_plugin_index_combi pointer\"  onclick=\"footnote_moveToAnchor_1555_1('footnote_plugin_tooltip_1555_1_1');\"><a id=\"footnote_plugin_reference_1555_1_1\" class=\"footnote_backlink\"><span class=\"footnote_index_arrow\">&#8593;<\/span>1<\/a><\/th> <td class=\"footnote_plugin_text\">M\u1ee5c 4851(c).<\/td><\/tr>\r\n\r\n<tr class=\"footnotes_plugin_reference_row\"> <th scope=\"row\" class=\"footnote_plugin_index_combi pointer\"  onclick=\"footnote_moveToAnchor_1555_1('footnote_plugin_tooltip_1555_1_2');\"><a id=\"footnote_plugin_reference_1555_1_2\" class=\"footnote_backlink\"><span class=\"footnote_index_arrow\">&#8593;<\/span>2<\/a><\/th> <td class=\"footnote_plugin_text\">M\u1ee5c 4854.<\/td><\/tr>\r\n\r\n<tr class=\"footnotes_plugin_reference_row\"> <th scope=\"row\" class=\"footnote_plugin_index_combi pointer\"  onclick=\"footnote_moveToAnchor_1555_1('footnote_plugin_tooltip_1555_1_3');\"><a id=\"footnote_plugin_reference_1555_1_3\" class=\"footnote_backlink\"><span class=\"footnote_index_arrow\">&#8593;<\/span>3<\/a><\/th> <td class=\"footnote_plugin_text\">M\u1ee5c 4857.<\/td><\/tr>\r\n\r\n<tr class=\"footnotes_plugin_reference_row\"> <th scope=\"row\" class=\"footnote_plugin_index_combi pointer\"  onclick=\"footnote_moveToAnchor_1555_1('footnote_plugin_tooltip_1555_1_4');\"><a id=\"footnote_plugin_reference_1555_1_4\" class=\"footnote_backlink\"><span class=\"footnote_index_arrow\">&#8593;<\/span>4<\/a><\/th> <td class=\"footnote_plugin_text\">M\u1ee5c 4854.1.<\/td><\/tr>\r\n\r\n <\/tbody> <\/table> <\/div><\/div><script type=\"text\/javascript\"> function footnote_expand_reference_container_1555_1() { jQuery('#footnote_references_container_1555_1').show(); jQuery('#footnote_reference_container_collapse_button_1555_1').text('\u2212'); } function footnote_collapse_reference_container_1555_1() { jQuery('#footnote_references_container_1555_1').hide(); jQuery('#footnote_reference_container_collapse_button_1555_1').text('+'); } function footnote_expand_collapse_reference_container_1555_1() { if (jQuery('#footnote_references_container_1555_1').is(':hidden')) { footnote_expand_reference_container_1555_1(); } else { footnote_collapse_reference_container_1555_1(); } } function footnote_moveToReference_1555_1(p_str_TargetID) { footnote_expand_reference_container_1555_1(); var l_obj_Target = jQuery('#' + p_str_TargetID); if (l_obj_Target.length) { jQuery( 'html, body' ).delay( 0 ); jQuery('html, body').animate({ scrollTop: l_obj_Target.offset().top - window.innerHeight * 0.2 }, 380); } } function footnote_moveToAnchor_1555_1(p_str_TargetID) { footnote_expand_reference_container_1555_1(); var l_obj_Target = jQuery('#' + p_str_TargetID); if (l_obj_Target.length) { jQuery( 'html, body' ).delay( 0 ); jQuery('html, body').animate({ scrollTop: l_obj_Target.offset().top - window.innerHeight * 0.2 }, 380); } }<\/script>","protected":false},"excerpt":{"rendered":"<p>Nh\u00e0 cung c\u1ea5p d\u1ecbch v\u1ee5 h\u1ed7 tr\u1ee3 ph\u00e1t tri\u1ec3n x\u00e2y d\u1ef1ng K\u1ebf Ho\u1ea1ch D\u1ecbch V\u1ee5 H\u1ed7 Tr\u1ee3 Ph\u00e1t Tri\u1ec3n C\u00e1 Nh\u00e2n (Individual Habilitation Service Plan,&hellip;<\/p>\n","protected":false},"author":1,"featured_media":0,"parent":1447,"menu_order":20,"comment_status":"closed","ping_status":"closed","template":"","meta":{"footnotes":""},"class_list":["post-1555","page","type-page","status-publish","hentry"],"_links":{"self":[{"href":"https:\/\/rula.disabilityrightsca.org\/vi\/wp-json\/wp\/v2\/pages\/1555","targetHints":{"allow":["GET"]}}],"collection":[{"href":"https:\/\/rula.disabilityrightsca.org\/vi\/wp-json\/wp\/v2\/pages"}],"about":[{"href":"https:\/\/rula.disabilityrightsca.org\/vi\/wp-json\/wp\/v2\/types\/page"}],"author":[{"embeddable":true,"href":"https:\/\/rula.disabilityrightsca.org\/vi\/wp-json\/wp\/v2\/users\/1"}],"replies":[{"embeddable":true,"href":"https:\/\/rula.disabilityrightsca.org\/vi\/wp-json\/wp\/v2\/comments?post=1555"}],"version-history":[{"count":6,"href":"https:\/\/rula.disabilityrightsca.org\/vi\/wp-json\/wp\/v2\/pages\/1555\/revisions"}],"predecessor-version":[{"id":3290,"href":"https:\/\/rula.disabilityrightsca.org\/vi\/wp-json\/wp\/v2\/pages\/1555\/revisions\/3290"}],"up":[{"embeddable":true,"href":"https:\/\/rula.disabilityrightsca.org\/vi\/wp-json\/wp\/v2\/pages\/1447"}],"wp:attachment":[{"href":"https:\/\/rula.disabilityrightsca.org\/vi\/wp-json\/wp\/v2\/media?parent=1555"}],"curies":[{"name":"wp","href":"https:\/\/api.w.org\/{rel}","templated":true}]}}