{"id":1553,"date":"2021-07-01T21:39:06","date_gmt":"2021-07-01T21:39:06","guid":{"rendered":"http:\/\/www.rula.disabilityrightsca.org\/vi\/?page_id=1553"},"modified":"2022-04-27T16:59:19","modified_gmt":"2022-04-27T16:59:19","slug":"who-is-eligible-for-a-habilitation-services-program","status":"publish","type":"page","link":"https:\/\/rula.disabilityrightsca.org\/vi\/rula-book\/chapter-9-community-participation-work-day-and-leisure-activities\/who-is-eligible-for-a-habilitation-services-program\/","title":{"rendered":"(9.19) Ai h\u1ed9i \u0111\u1ee7 \u0111i\u1ec1u ki\u1ec7n tham gia ch\u01b0\u01a1ng tr\u00ecnh d\u1ecbch v\u1ee5 h\u1ed7 tr\u1ee3 ph\u00e1t tri\u1ec3n?"},"content":{"rendered":"\n<p>Qu\u00fd v\u1ecb h\u1ed9i \u0111\u1ee7 \u0111i\u1ec1u ki\u1ec7n tham gia Ch\u01b0\u01a1ng Tr\u00ecnh D\u1ecbch V\u1ee5 H\u1ed7 Tr\u1ee3 Ph\u00e1t Tri\u1ec3n n\u1ebfu qu\u00fd v\u1ecb \u0111\u00e3 \u0111\u1ee7 18 tu\u1ed5i, b\u1ecb khuy\u1ebft t\u1eadt v\u1ec1 ph\u00e1t tri\u1ec3n v\u00e0 \u0111\u00e3 ch\u1ecdn c\u00e1c d\u1ecbch v\u1ee5 n\u00e0y qua quy tr\u00ecnh IPP. <span class=\"footnote_referrer\"><a role=\"button\" tabindex=\"0\" onclick=\"footnote_moveToReference_1553_1('footnote_plugin_reference_1553_1_1');\" onkeypress=\"footnote_moveToReference_1553_1('footnote_plugin_reference_1553_1_1');\" ><sup id=\"footnote_plugin_tooltip_1553_1_1\" class=\"footnote_plugin_tooltip_text\">[1]<\/sup><\/a><span id=\"footnote_plugin_tooltip_text_1553_1_1\" class=\"footnote_tooltip\">M\u1ee5c 4852.<\/span><\/span><script type=\"text\/javascript\"> jQuery('#footnote_plugin_tooltip_1553_1_1').tooltip({ tip: '#footnote_plugin_tooltip_text_1553_1_1', tipClass: 'footnote_tooltip', effect: 'fade', predelay: 0, fadeInSpeed: 200, delay: 400, fadeOutSpeed: 200, position: 'top center', relative: true, offset: [-7, 0], });<\/script> N\u1ebfu qu\u00fd v\u1ecb h\u1ed9i \u0111\u1ee7 \u0111i\u1ec1u ki\u1ec7n, trung t\u00e2m khu v\u1ef1c s\u1ebd gi\u1edbi thi\u1ec7u qu\u00fd v\u1ecb \u0111\u1ebfn m\u1ed9t nh\u00e0 cung c\u1ea5p d\u1ecbch v\u1ee5 h\u1ed7 tr\u1ee3 ph\u00e1t tri\u1ec3n. Khi qu\u00fd v\u1ecb b\u1eaft \u0111\u1ea7u ch\u01b0\u01a1ng tr\u00ecnh ho\u1ea1t \u0111\u1ed9ng c\u00f4ng vi\u1ec7c, qu\u00fd v\u1ecb nh\u1eadn c\u00e1c d\u1ecbch v\u1ee5 trong t\u1ed1i \u0111a 90 ng\u00e0y. Trong th\u1eddi gian n\u00e0y, ch\u01b0\u01a1ng tr\u00ecnh xem x\u00e9t c\u00e1c k\u1ef9 n\u0103ng l\u00e0m vi\u1ec7c c\u1ee7a qu\u00fd v\u1ecb v\u00e0 vi\u1ebft b\u00e1o c\u00e1o (\u0111\u01b0\u1ee3c g\u1ecdi l\u00e0 \u201cb\u00e1o c\u00e1o \u0111\u00e1nh gi\u00e1 k\u1ef9 n\u0103ng l\u00e0m vi\u1ec7c\u201d) cho trung t\u00e2m khu v\u1ef1c. Nh\u00f3m IPP c\u1ee7a qu\u00fd v\u1ecb xem x\u00e9t b\u00e1o c\u00e1o v\u00e0 x\u00e1c \u0111\u1ecbnh xem s\u1ef1 s\u1eafp x\u1ebfp n\u00e0y c\u00f3 ph\u00f9 h\u1ee3p kh\u00f4ng. <span class=\"footnote_referrer\"><a role=\"button\" tabindex=\"0\" onclick=\"footnote_moveToReference_1553_1('footnote_plugin_reference_1553_1_2');\" onkeypress=\"footnote_moveToReference_1553_1('footnote_plugin_reference_1553_1_2');\" ><sup id=\"footnote_plugin_tooltip_1553_1_2\" class=\"footnote_plugin_tooltip_text\">[2]<\/sup><\/a><span id=\"footnote_plugin_tooltip_text_1553_1_2\" class=\"footnote_tooltip\">M\u1ee5c 4853(c).<\/span><\/span><script type=\"text\/javascript\"> jQuery('#footnote_plugin_tooltip_1553_1_2').tooltip({ tip: '#footnote_plugin_tooltip_text_1553_1_2', tipClass: 'footnote_tooltip', effect: 'fade', predelay: 0, fadeInSpeed: 200, delay: 400, fadeOutSpeed: 200, position: 'top center', relative: true, offset: [-7, 0], });<\/script> B\u00e1o c\u00e1o n\u00e0y s\u1ebd th\u1ea3o lu\u1eadn vi\u1ec7c:<\/p>\n\n\n\n<ul class=\"wp-block-list\"><li>Qu\u00fd v\u1ecb c\u00f3 th\u1ec3 c\u01b0 x\u1eed ph\u00f9 h\u1ee3p trong m\u00f4i tr\u01b0\u1eddng l\u00e0m vi\u1ec7c kh\u00f4ng.<\/li><li>Qu\u00fd v\u1ecb c\u00f3 th\u1ec3 t\u1eadp trung trong th\u1eddi gian \u0111\u1ee7 d\u00e0i \u0111\u1ec3 l\u00e0m c\u00f4ng vi\u1ec7c c\u00f3 tr\u1ea3 l\u01b0\u01a1ng kh\u00f4ng.<\/li><li>Qu\u00fd v\u1ecb c\u00f3 th\u1ec3 hi\u1ec3u h\u01b0\u1edbng d\u1eabn \u0111\u01a1n gi\u1ea3n trong kho\u1ea3ng th\u1eddi gian h\u1ee3p l\u00fd kh\u00f4ng.<\/li><li>Qu\u00fd v\u1ecb c\u00f3 th\u1ec3 truy\u1ec1n \u0111\u1ea1t nhu c\u1ea7u c\u01a1 b\u1ea3n c\u1ee7a b\u1ea3n th\u00e2n v\u00e0 hi\u1ec3u nh\u1eefng \u0111i\u1ec1u ng\u01b0\u1eddi kh\u00e1c n\u00f3i kh\u00f4ng.<\/li><li>M\u1ee9c \u0111\u1ed9 chuy\u00ean c\u1ea7n c\u1ee7a qu\u00fd v\u1ecb. <span class=\"footnote_referrer\"><a role=\"button\" tabindex=\"0\" onclick=\"footnote_moveToReference_1553_1('footnote_plugin_reference_1553_1_3');\" onkeypress=\"footnote_moveToReference_1553_1('footnote_plugin_reference_1553_1_3');\" ><sup id=\"footnote_plugin_tooltip_1553_1_3\" class=\"footnote_plugin_tooltip_text\">[3]<\/sup><\/a><span id=\"footnote_plugin_tooltip_text_1553_1_3\" class=\"footnote_tooltip\">M\u1ee5c 4853(b)(1-5).<\/span><\/span><script type=\"text\/javascript\"> jQuery('#footnote_plugin_tooltip_1553_1_3').tooltip({ tip: '#footnote_plugin_tooltip_text_1553_1_3', tipClass: 'footnote_tooltip', effect: 'fade', predelay: 0, fadeInSpeed: 200, delay: 400, fadeOutSpeed: 200, position: 'top center', relative: true, offset: [-7, 0], });<\/script><\/li><\/ul>\n\n\n\n<p>Tr\u1ea1ng th\u00e1i c\u1ee7a qu\u00fd v\u1ecb trong ch\u01b0\u01a1ng tr\u00ecnh \u0111\u01b0\u1ee3c \u0111\u00e1nh gi\u00e1 \u00edt nh\u1ea5t m\u1ed9t l\u1ea7n m\u1ed7i n\u0103m. \u0110\u00e1nh gi\u00e1 n\u00e0y cho bi\u1ebft qu\u00fd v\u1ecb c\u00f3 c\u1ea7n c\u00e1c d\u1ecbch v\u1ee5 ph\u1ee5c h\u1ed3i ch\u1ee9c n\u0103ng ngh\u1ec1 nghi\u1ec7p kh\u00f4ng, bao g\u1ed3m vi\u1ec7c l\u00e0m \u0111\u01b0\u1ee3c h\u1ed7 tr\u1ee3. <span class=\"footnote_referrer\"><a role=\"button\" tabindex=\"0\" onclick=\"footnote_moveToReference_1553_1('footnote_plugin_reference_1553_1_4');\" onkeypress=\"footnote_moveToReference_1553_1('footnote_plugin_reference_1553_1_4');\" ><sup id=\"footnote_plugin_tooltip_1553_1_4\" class=\"footnote_plugin_tooltip_text\">[4]<\/sup><\/a><span id=\"footnote_plugin_tooltip_text_1553_1_4\" class=\"footnote_tooltip\">M\u1ee5c 4858.<\/span><\/span><script type=\"text\/javascript\"> jQuery('#footnote_plugin_tooltip_1553_1_4').tooltip({ tip: '#footnote_plugin_tooltip_text_1553_1_4', tipClass: 'footnote_tooltip', effect: 'fade', predelay: 0, fadeInSpeed: 200, delay: 400, fadeOutSpeed: 200, position: 'top center', relative: true, offset: [-7, 0], });<\/script> Tuy nhi\u00ean, qu\u00fd v\u1ecb c\u00f3 th\u1ec3 y\u00eau c\u1ea7u thay \u0111\u1ed5i tr\u1ea3i nghi\u1ec7m l\u00e0m vi\u1ec7c ho\u1eb7c s\u1ef1 s\u1eafp x\u1ebfp c\u00f4ng vi\u1ec7c cho qu\u00fd v\u1ecb b\u1ea5t k\u1ef3 l\u00fac n\u00e0o. N\u1ebfu ch\u01b0\u01a1ng tr\u00ecnh ho\u1eb7c s\u1ef1 s\u1eafp x\u1ebfp kh\u00f4ng ph\u00f9 h\u1ee3p v\u1edbi qu\u00fd v\u1ecb, h\u00e3y g\u1ecdi \u0111i\u1ec7n y\u00eau c\u1ea7u cu\u1ed9c h\u1ecdp IPP \u0111\u1ec3 b\u00e0n v\u1ec1 c\u00e1c thay \u0111\u1ed5i. Trung t\u00e2m khu v\u1ef1c ph\u1ea3i gi\u00e1m s\u00e1t, th\u1ea9m \u0111\u1ecbnh v\u00e0 ki\u1ec3m tra c\u00e1c nh\u00e0 cung c\u1ea5p d\u1ecbch v\u1ee5 h\u1ed7 tr\u1ee3 ph\u00e1t tri\u1ec3n. H\u1ecd ph\u1ea3i \u0111\u1ea3m b\u1ea3o r\u1eb1ng ch\u01b0\u01a1ng tr\u00ecnh c\u00f3 hi\u1ec7u qu\u1ea3 th\u00f4ng qua vi\u1ec7c xem x\u00e9t ch\u1ea5t l\u01b0\u1ee3ng d\u1ecbch v\u1ee5, nh\u1eefng bi\u1ec7n ph\u00e1p b\u1ea3o v\u1ec7 qu\u00fd v\u1ecb do ch\u01b0\u01a1ng tr\u00ecnh cung c\u1ea5p v\u00e0 ch\u01b0\u01a1ng tr\u00ecnh c\u00f3 tu\u00e2n th\u1ee7 c\u00e1c ti\u00eau chu\u1ea9n b\u1eaft bu\u1ed9c kh\u00f4ng. <span class=\"footnote_referrer\"><a role=\"button\" tabindex=\"0\" onclick=\"footnote_moveToReference_1553_1('footnote_plugin_reference_1553_1_5');\" onkeypress=\"footnote_moveToReference_1553_1('footnote_plugin_reference_1553_1_5');\" ><sup id=\"footnote_plugin_tooltip_1553_1_5\" class=\"footnote_plugin_tooltip_text\">[5]<\/sup><\/a><span id=\"footnote_plugin_tooltip_text_1553_1_5\" class=\"footnote_tooltip\">M\u1ee5c 4856.<\/span><\/span><script type=\"text\/javascript\"> jQuery('#footnote_plugin_tooltip_1553_1_5').tooltip({ tip: '#footnote_plugin_tooltip_text_1553_1_5', tipClass: 'footnote_tooltip', effect: 'fade', predelay: 0, fadeInSpeed: 200, delay: 400, fadeOutSpeed: 200, position: 'top center', relative: true, offset: [-7, 0], });<\/script><\/p>\n<div class=\"speaker-mute footnotes_reference_container\"> <div class=\"footnote_container_prepare\"><p><span role=\"button\" tabindex=\"0\" class=\"footnote_reference_container_label pointer\" onclick=\"footnote_expand_collapse_reference_container_1553_1();\">&#x202F;<\/span><span role=\"button\" tabindex=\"0\" class=\"footnote_reference_container_collapse_button\" style=\"display: none;\" onclick=\"footnote_expand_collapse_reference_container_1553_1();\">[<a id=\"footnote_reference_container_collapse_button_1553_1\">+<\/a>]<\/span><\/p><\/div> <div id=\"footnote_references_container_1553_1\" style=\"\"><table class=\"footnotes_table footnote-reference-container\"><caption class=\"accessibility\">References<\/caption> <tbody> \r\n\r\n<tr class=\"footnotes_plugin_reference_row\"> <th scope=\"row\" class=\"footnote_plugin_index_combi pointer\"  onclick=\"footnote_moveToAnchor_1553_1('footnote_plugin_tooltip_1553_1_1');\"><a id=\"footnote_plugin_reference_1553_1_1\" class=\"footnote_backlink\"><span class=\"footnote_index_arrow\">&#8593;<\/span>1<\/a><\/th> <td class=\"footnote_plugin_text\">M\u1ee5c 4852.<\/td><\/tr>\r\n\r\n<tr class=\"footnotes_plugin_reference_row\"> <th scope=\"row\" class=\"footnote_plugin_index_combi pointer\"  onclick=\"footnote_moveToAnchor_1553_1('footnote_plugin_tooltip_1553_1_2');\"><a id=\"footnote_plugin_reference_1553_1_2\" class=\"footnote_backlink\"><span class=\"footnote_index_arrow\">&#8593;<\/span>2<\/a><\/th> <td class=\"footnote_plugin_text\">M\u1ee5c 4853(c).<\/td><\/tr>\r\n\r\n<tr class=\"footnotes_plugin_reference_row\"> <th scope=\"row\" class=\"footnote_plugin_index_combi pointer\"  onclick=\"footnote_moveToAnchor_1553_1('footnote_plugin_tooltip_1553_1_3');\"><a id=\"footnote_plugin_reference_1553_1_3\" class=\"footnote_backlink\"><span class=\"footnote_index_arrow\">&#8593;<\/span>3<\/a><\/th> <td class=\"footnote_plugin_text\">M\u1ee5c 4853(b)(1-5).<\/td><\/tr>\r\n\r\n<tr class=\"footnotes_plugin_reference_row\"> <th scope=\"row\" class=\"footnote_plugin_index_combi pointer\"  onclick=\"footnote_moveToAnchor_1553_1('footnote_plugin_tooltip_1553_1_4');\"><a id=\"footnote_plugin_reference_1553_1_4\" class=\"footnote_backlink\"><span class=\"footnote_index_arrow\">&#8593;<\/span>4<\/a><\/th> <td class=\"footnote_plugin_text\">M\u1ee5c 4858.<\/td><\/tr>\r\n\r\n<tr class=\"footnotes_plugin_reference_row\"> <th scope=\"row\" class=\"footnote_plugin_index_combi pointer\"  onclick=\"footnote_moveToAnchor_1553_1('footnote_plugin_tooltip_1553_1_5');\"><a id=\"footnote_plugin_reference_1553_1_5\" class=\"footnote_backlink\"><span class=\"footnote_index_arrow\">&#8593;<\/span>5<\/a><\/th> <td class=\"footnote_plugin_text\">M\u1ee5c 4856.<\/td><\/tr>\r\n\r\n <\/tbody> <\/table> <\/div><\/div><script type=\"text\/javascript\"> function footnote_expand_reference_container_1553_1() { jQuery('#footnote_references_container_1553_1').show(); jQuery('#footnote_reference_container_collapse_button_1553_1').text('\u2212'); } function footnote_collapse_reference_container_1553_1() { jQuery('#footnote_references_container_1553_1').hide(); jQuery('#footnote_reference_container_collapse_button_1553_1').text('+'); } function footnote_expand_collapse_reference_container_1553_1() { if (jQuery('#footnote_references_container_1553_1').is(':hidden')) { footnote_expand_reference_container_1553_1(); } else { footnote_collapse_reference_container_1553_1(); } } function footnote_moveToReference_1553_1(p_str_TargetID) { footnote_expand_reference_container_1553_1(); var l_obj_Target = jQuery('#' + p_str_TargetID); if (l_obj_Target.length) { jQuery( 'html, body' ).delay( 0 ); jQuery('html, body').animate({ scrollTop: l_obj_Target.offset().top - window.innerHeight * 0.2 }, 380); } } function footnote_moveToAnchor_1553_1(p_str_TargetID) { footnote_expand_reference_container_1553_1(); var l_obj_Target = jQuery('#' + p_str_TargetID); if (l_obj_Target.length) { jQuery( 'html, body' ).delay( 0 ); jQuery('html, body').animate({ scrollTop: l_obj_Target.offset().top - window.innerHeight * 0.2 }, 380); } }<\/script>","protected":false},"excerpt":{"rendered":"<p>Qu\u00fd v\u1ecb h\u1ed9i \u0111\u1ee7 \u0111i\u1ec1u ki\u1ec7n tham gia Ch\u01b0\u01a1ng Tr\u00ecnh D\u1ecbch V\u1ee5 H\u1ed7 Tr\u1ee3 Ph\u00e1t Tri\u1ec3n n\u1ebfu qu\u00fd v\u1ecb \u0111\u00e3 \u0111\u1ee7 18 tu\u1ed5i, b\u1ecb khuy\u1ebft&hellip;<\/p>\n","protected":false},"author":1,"featured_media":0,"parent":1447,"menu_order":19,"comment_status":"closed","ping_status":"closed","template":"","meta":{"footnotes":""},"class_list":["post-1553","page","type-page","status-publish","hentry"],"_links":{"self":[{"href":"https:\/\/rula.disabilityrightsca.org\/vi\/wp-json\/wp\/v2\/pages\/1553","targetHints":{"allow":["GET"]}}],"collection":[{"href":"https:\/\/rula.disabilityrightsca.org\/vi\/wp-json\/wp\/v2\/pages"}],"about":[{"href":"https:\/\/rula.disabilityrightsca.org\/vi\/wp-json\/wp\/v2\/types\/page"}],"author":[{"embeddable":true,"href":"https:\/\/rula.disabilityrightsca.org\/vi\/wp-json\/wp\/v2\/users\/1"}],"replies":[{"embeddable":true,"href":"https:\/\/rula.disabilityrightsca.org\/vi\/wp-json\/wp\/v2\/comments?post=1553"}],"version-history":[{"count":2,"href":"https:\/\/rula.disabilityrightsca.org\/vi\/wp-json\/wp\/v2\/pages\/1553\/revisions"}],"predecessor-version":[{"id":3260,"href":"https:\/\/rula.disabilityrightsca.org\/vi\/wp-json\/wp\/v2\/pages\/1553\/revisions\/3260"}],"up":[{"embeddable":true,"href":"https:\/\/rula.disabilityrightsca.org\/vi\/wp-json\/wp\/v2\/pages\/1447"}],"wp:attachment":[{"href":"https:\/\/rula.disabilityrightsca.org\/vi\/wp-json\/wp\/v2\/media?parent=1553"}],"curies":[{"name":"wp","href":"https:\/\/api.w.org\/{rel}","templated":true}]}}