{"id":1551,"date":"2021-07-01T21:36:51","date_gmt":"2021-07-01T21:36:51","guid":{"rendered":"http:\/\/www.rula.disabilityrightsca.org\/vi\/?page_id=1551"},"modified":"2022-04-27T16:59:04","modified_gmt":"2022-04-27T16:59:04","slug":"what-are-habilitation-services","status":"publish","type":"page","link":"https:\/\/rula.disabilityrightsca.org\/vi\/rula-book\/chapter-9-community-participation-work-day-and-leisure-activities\/what-are-habilitation-services\/","title":{"rendered":"(9.18)  D\u1ecbch v\u1ee5 h\u1ed7 tr\u1ee3 ph\u00e1t tri\u1ec3n l\u00e0 g\u00ec?"},"content":{"rendered":"\n<p>C\u00e1c ch\u01b0\u01a1ng tr\u00ecnh c\u1ee7a trung t\u00e2m khu v\u1ef1c nh\u01b0 Vi\u1ec7c L\u00e0m \u0110\u01b0\u1ee3c H\u1ed7 Tr\u1ee3 hay Ch\u01b0\u01a1ng Tr\u00ecnh Ho\u1ea1t \u0110\u1ed9ng C\u00f4ng Vi\u1ec7c \u0111\u01b0\u1ee3c g\u1ecdi l\u00e0 \u201cd\u1ecbch v\u1ee5 h\u1ed7 tr\u1ee3 ph\u00e1t tri\u1ec3n\u201d trong lu\u1eadt. Nhi\u1ec1u ch\u01b0\u01a1ng tr\u00ecnh trong s\u1ed1 c\u00e1c ch\u01b0\u01a1ng tr\u00ecnh \u0111\u01b0\u1ee3c th\u1ea3o lu\u1eadn b\u00ean tr\u00ean l\u00e0 d\u1ecbch v\u1ee5 h\u1ed7 tr\u1ee3 ph\u00e1t tri\u1ec3n. C\u00e1c ch\u01b0\u01a1ng tr\u00ecnh n\u00e0y chu\u1ea9n b\u1ecb cho qu\u00fd v\u1ecb l\u00e0m vi\u1ec7c \u1edf m\u1ee9c \u0111\u1ed9 cao nh\u1ea5t c\u00f3 th\u1ec3 ho\u1eb7c chu\u1ea9n b\u1ecb cho qu\u00fd v\u1ecb nh\u1eadn c\u00e1c d\u1ecbch v\u1ee5 ph\u1ee5c h\u1ed3i ch\u1ee9c n\u0103ng ngh\u1ec1 nghi\u1ec7p. <span class=\"footnote_referrer\"><a role=\"button\" tabindex=\"0\" onclick=\"footnote_moveToReference_1551_1('footnote_plugin_reference_1551_1_1');\" onkeypress=\"footnote_moveToReference_1551_1('footnote_plugin_reference_1551_1_1');\" ><sup id=\"footnote_plugin_tooltip_1551_1_1\" class=\"footnote_plugin_tooltip_text\">[1]<\/sup><\/a><span id=\"footnote_plugin_tooltip_text_1551_1_1\" class=\"footnote_tooltip\">M\u1ee5c 4851(a).<\/span><\/span><script type=\"text\/javascript\"> jQuery('#footnote_plugin_tooltip_1551_1_1').tooltip({ tip: '#footnote_plugin_tooltip_text_1551_1_1', tipClass: 'footnote_tooltip', effect: 'fade', predelay: 0, fadeInSpeed: 200, delay: 400, fadeOutSpeed: 200, position: 'top center', relative: true, offset: [-7, 0], });<\/script> DDS qu\u1ea3n l\u00fd Ch\u01b0\u01a1ng Tr\u00ecnh D\u1ecbch V\u1ee5 H\u1ed7 Tr\u1ee3 Ph\u00e1t Tri\u1ec3n. <span class=\"footnote_referrer\"><a role=\"button\" tabindex=\"0\" onclick=\"footnote_moveToReference_1551_1('footnote_plugin_reference_1551_1_2');\" onkeypress=\"footnote_moveToReference_1551_1('footnote_plugin_reference_1551_1_2');\" ><sup id=\"footnote_plugin_tooltip_1551_1_2\" class=\"footnote_plugin_tooltip_text\">[2]<\/sup><\/a><span id=\"footnote_plugin_tooltip_text_1551_1_2\" class=\"footnote_tooltip\">M\u1ee5c 4850.1.<\/span><\/span><script type=\"text\/javascript\"> jQuery('#footnote_plugin_tooltip_1551_1_2').tooltip({ tip: '#footnote_plugin_tooltip_text_1551_1_2', tipClass: 'footnote_tooltip', effect: 'fade', predelay: 0, fadeInSpeed: 200, delay: 400, fadeOutSpeed: 200, position: 'top center', relative: true, offset: [-7, 0], });<\/script><\/p>\n<div class=\"speaker-mute footnotes_reference_container\"> <div class=\"footnote_container_prepare\"><p><span role=\"button\" tabindex=\"0\" class=\"footnote_reference_container_label pointer\" onclick=\"footnote_expand_collapse_reference_container_1551_1();\">&#x202F;<\/span><span role=\"button\" tabindex=\"0\" class=\"footnote_reference_container_collapse_button\" style=\"display: none;\" onclick=\"footnote_expand_collapse_reference_container_1551_1();\">[<a id=\"footnote_reference_container_collapse_button_1551_1\">+<\/a>]<\/span><\/p><\/div> <div id=\"footnote_references_container_1551_1\" style=\"\"><table class=\"footnotes_table footnote-reference-container\"><caption class=\"accessibility\">References<\/caption> <tbody> \r\n\r\n<tr class=\"footnotes_plugin_reference_row\"> <th scope=\"row\" class=\"footnote_plugin_index_combi pointer\"  onclick=\"footnote_moveToAnchor_1551_1('footnote_plugin_tooltip_1551_1_1');\"><a id=\"footnote_plugin_reference_1551_1_1\" class=\"footnote_backlink\"><span class=\"footnote_index_arrow\">&#8593;<\/span>1<\/a><\/th> <td class=\"footnote_plugin_text\">M\u1ee5c 4851(a).<\/td><\/tr>\r\n\r\n<tr class=\"footnotes_plugin_reference_row\"> <th scope=\"row\" class=\"footnote_plugin_index_combi pointer\"  onclick=\"footnote_moveToAnchor_1551_1('footnote_plugin_tooltip_1551_1_2');\"><a id=\"footnote_plugin_reference_1551_1_2\" class=\"footnote_backlink\"><span class=\"footnote_index_arrow\">&#8593;<\/span>2<\/a><\/th> <td class=\"footnote_plugin_text\">M\u1ee5c 4850.1.<\/td><\/tr>\r\n\r\n <\/tbody> <\/table> <\/div><\/div><script type=\"text\/javascript\"> function footnote_expand_reference_container_1551_1() { jQuery('#footnote_references_container_1551_1').show(); jQuery('#footnote_reference_container_collapse_button_1551_1').text('\u2212'); } function footnote_collapse_reference_container_1551_1() { jQuery('#footnote_references_container_1551_1').hide(); jQuery('#footnote_reference_container_collapse_button_1551_1').text('+'); } function footnote_expand_collapse_reference_container_1551_1() { if (jQuery('#footnote_references_container_1551_1').is(':hidden')) { footnote_expand_reference_container_1551_1(); } else { footnote_collapse_reference_container_1551_1(); } } function footnote_moveToReference_1551_1(p_str_TargetID) { footnote_expand_reference_container_1551_1(); var l_obj_Target = jQuery('#' + p_str_TargetID); if (l_obj_Target.length) { jQuery( 'html, body' ).delay( 0 ); jQuery('html, body').animate({ scrollTop: l_obj_Target.offset().top - window.innerHeight * 0.2 }, 380); } } function footnote_moveToAnchor_1551_1(p_str_TargetID) { footnote_expand_reference_container_1551_1(); var l_obj_Target = jQuery('#' + p_str_TargetID); if (l_obj_Target.length) { jQuery( 'html, body' ).delay( 0 ); jQuery('html, body').animate({ scrollTop: l_obj_Target.offset().top - window.innerHeight * 0.2 }, 380); } }<\/script>","protected":false},"excerpt":{"rendered":"<p>C\u00e1c ch\u01b0\u01a1ng tr\u00ecnh c\u1ee7a trung t\u00e2m khu v\u1ef1c nh\u01b0 Vi\u1ec7c L\u00e0m \u0110\u01b0\u1ee3c H\u1ed7 Tr\u1ee3 hay Ch\u01b0\u01a1ng Tr\u00ecnh Ho\u1ea1t \u0110\u1ed9ng C\u00f4ng Vi\u1ec7c \u0111\u01b0\u1ee3c g\u1ecdi l\u00e0 \u201cd\u1ecbch&hellip;<\/p>\n","protected":false},"author":1,"featured_media":0,"parent":1447,"menu_order":18,"comment_status":"closed","ping_status":"closed","template":"","meta":{"footnotes":""},"class_list":["post-1551","page","type-page","status-publish","hentry"],"_links":{"self":[{"href":"https:\/\/rula.disabilityrightsca.org\/vi\/wp-json\/wp\/v2\/pages\/1551","targetHints":{"allow":["GET"]}}],"collection":[{"href":"https:\/\/rula.disabilityrightsca.org\/vi\/wp-json\/wp\/v2\/pages"}],"about":[{"href":"https:\/\/rula.disabilityrightsca.org\/vi\/wp-json\/wp\/v2\/types\/page"}],"author":[{"embeddable":true,"href":"https:\/\/rula.disabilityrightsca.org\/vi\/wp-json\/wp\/v2\/users\/1"}],"replies":[{"embeddable":true,"href":"https:\/\/rula.disabilityrightsca.org\/vi\/wp-json\/wp\/v2\/comments?post=1551"}],"version-history":[{"count":3,"href":"https:\/\/rula.disabilityrightsca.org\/vi\/wp-json\/wp\/v2\/pages\/1551\/revisions"}],"predecessor-version":[{"id":3261,"href":"https:\/\/rula.disabilityrightsca.org\/vi\/wp-json\/wp\/v2\/pages\/1551\/revisions\/3261"}],"up":[{"embeddable":true,"href":"https:\/\/rula.disabilityrightsca.org\/vi\/wp-json\/wp\/v2\/pages\/1447"}],"wp:attachment":[{"href":"https:\/\/rula.disabilityrightsca.org\/vi\/wp-json\/wp\/v2\/media?parent=1551"}],"curies":[{"name":"wp","href":"https:\/\/api.w.org\/{rel}","templated":true}]}}