{"id":1549,"date":"2021-07-01T21:35:33","date_gmt":"2021-07-01T21:35:33","guid":{"rendered":"http:\/\/www.rula.disabilityrightsca.org\/vi\/?page_id=1549"},"modified":"2022-04-27T16:58:45","modified_gmt":"2022-04-27T16:58:45","slug":"can-i-get-a-job-in-an-integrated-workplace","status":"publish","type":"page","link":"https:\/\/rula.disabilityrightsca.org\/vi\/rula-book\/chapter-9-community-participation-work-day-and-leisure-activities\/can-i-get-a-job-in-an-integrated-workplace\/","title":{"rendered":"(9.17) T\u00f4i c\u00f3 th\u1ec3 c\u00f3 \u0111\u01b0\u1ee3c c\u00f4ng vi\u1ec7c \u1edf n\u01a1i l\u00e0m vi\u1ec7c h\u00f2a nh\u1eadp kh\u00f4ng?"},"content":{"rendered":"\n<p>C\u00f4ng vi\u1ec7c h\u00f2a nh\u1eadp th\u01b0\u1eddng ngh\u0129a l\u00e0 qu\u00fd v\u1ecb l\u00e0m vi\u1ec7c trong c\u1ed9ng \u0111\u1ed3ng v\u00e0 t\u01b0\u01a1ng t\u00e1c v\u1edbi nh\u1eefng ng\u01b0\u1eddi kh\u00f4ng b\u1ecb khuy\u1ebft t\u1eadt (kh\u00f4ng bao g\u1ed3m c\u00e1c nh\u00e0 cung c\u1ea5p d\u1ecbch v\u1ee5 cho qu\u00fd v\u1ecb). Qu\u00fd v\u1ecb s\u1ebd l\u00e0m vi\u1ec7c nh\u1eefng ng\u01b0\u1eddi b\u1ecb v\u00e0 kh\u00f4ng b\u1ecb khuy\u1ebft t\u1eadt, nh\u01b0 ph\u1ea7n l\u1edbn ng\u01b0\u1eddi lao \u0111\u1ed9ng. <span class=\"footnote_referrer\"><a role=\"button\" tabindex=\"0\" onclick=\"footnote_moveToReference_1549_1('footnote_plugin_reference_1549_1_1');\" onkeypress=\"footnote_moveToReference_1549_1('footnote_plugin_reference_1549_1_1');\" ><sup id=\"footnote_plugin_tooltip_1549_1_1\" class=\"footnote_plugin_tooltip_text\">[1]<\/sup><\/a><span id=\"footnote_plugin_tooltip_text_1549_1_1\" class=\"footnote_tooltip\">M\u1ee5c 4851(o).<\/span><\/span><script type=\"text\/javascript\"> jQuery('#footnote_plugin_tooltip_1549_1_1').tooltip({ tip: '#footnote_plugin_tooltip_text_1549_1_1', tipClass: 'footnote_tooltip', effect: 'fade', predelay: 0, fadeInSpeed: 200, delay: 400, fadeOutSpeed: 200, position: 'top center', relative: true, offset: [-7, 0], });<\/script><\/p>\n\n\n\n<p>Vi\u1ec7c L\u00e0m C\u1ea1nh Tranh v\u00e0 Vi\u1ec7c L\u00e0m \u0110\u01b0\u1ee3c H\u1ed7 Tr\u1ee3 l\u00e0 c\u00f4ng vi\u1ec7c h\u00f2a nh\u1eadp (xem b\u00ean tr\u00ean \u0111\u1ec3 bi\u1ebft th\u00eam th\u00f4ng tin). <span class=\"footnote_referrer\"><a role=\"button\" tabindex=\"0\" onclick=\"footnote_moveToReference_1549_1('footnote_plugin_reference_1549_1_2');\" onkeypress=\"footnote_moveToReference_1549_1('footnote_plugin_reference_1549_1_2');\" ><sup id=\"footnote_plugin_tooltip_1549_1_2\" class=\"footnote_plugin_tooltip_text\">[2]<\/sup><\/a><span id=\"footnote_plugin_tooltip_text_1549_1_2\" class=\"footnote_tooltip\">M\u1ee5c 4851(n).<\/span><\/span><script type=\"text\/javascript\"> jQuery('#footnote_plugin_tooltip_1549_1_2').tooltip({ tip: '#footnote_plugin_tooltip_text_1549_1_2', tipClass: 'footnote_tooltip', effect: 'fade', predelay: 0, fadeInSpeed: 200, delay: 400, fadeOutSpeed: 200, position: 'top center', relative: true, offset: [-7, 0], });<\/script> \u0110i\u1ec3m kh\u00e1c bi\u1ec7t ch\u1ee7 y\u1ebfu l\u00e0 qu\u00fd v\u1ecb kh\u00f4ng nh\u1eadn c\u00e1c d\u1ecbch v\u1ee5 v\u00e0 s\u1ef1 h\u1ed7 tr\u1ee3 cho Vi\u1ec7c L\u00e0m C\u1ea1nh Tranh. Tuy nhi\u00ean, ch\u1ee7 lao \u0111\u1ed9ng ph\u1ea3i th\u1ef1c hi\u1ec7n \u201cc\u00e1c \u0111i\u1ec1u ch\u1ec9nh h\u1ee3p l\u00fd\u201d \u0111\u1ec3 qu\u00fd v\u1ecb c\u00f3 th\u1ec3 l\u00e0m vi\u1ec7c.<\/p>\n\n\n\n<p>N\u1ebfu IPP v\u00e0 K\u1ebf Ho\u1ea1ch H\u1ed7 Tr\u1ee3 Ph\u1ee5c H\u1ed3i Ph\u00e1t Tri\u1ec3n C\u00e1 Nh\u00e2n (Individual Habilitation Support Plan, IHSP) li\u1ec7t k\u00ea c\u00e1c d\u1ecbch v\u1ee5 v\u00e0 s\u1ef1 h\u1ed7 tr\u1ee3 qu\u00fd v\u1ecb c\u1ea7n ngo\u00e0i nh\u1eefng \u0111i\u1ec1u ch\u1ec9nh c\u1ee7a ch\u1ee7 lao \u0111\u1ed9ng, trung t\u00e2m khu v\u1ef1c ph\u1ea3i cung c\u1ea5p nh\u1eefng d\u1ecbch v\u1ee5 \u0111\u00f3. <span class=\"footnote_referrer\"><a role=\"button\" tabindex=\"0\" onclick=\"footnote_moveToReference_1549_1('footnote_plugin_reference_1549_1_3');\" onkeypress=\"footnote_moveToReference_1549_1('footnote_plugin_reference_1549_1_3');\" ><sup id=\"footnote_plugin_tooltip_1549_1_3\" class=\"footnote_plugin_tooltip_text\">[3]<\/sup><\/a><span id=\"footnote_plugin_tooltip_text_1549_1_3\" class=\"footnote_tooltip\">M\u1ee5c 4861.<\/span><\/span><script type=\"text\/javascript\"> jQuery('#footnote_plugin_tooltip_1549_1_3').tooltip({ tip: '#footnote_plugin_tooltip_text_1549_1_3', tipClass: 'footnote_tooltip', effect: 'fade', predelay: 0, fadeInSpeed: 200, delay: 400, fadeOutSpeed: 200, position: 'top center', relative: true, offset: [-7, 0], });<\/script> Trung t\u00e2m khu v\u1ef1c thanh to\u00e1n cho nh\u1eefng d\u1ecbch v\u1ee5 v\u00e0 s\u1ef1 h\u1ed7 tr\u1ee3 n\u00e0y d\u01b0\u1edbi d\u1ea1ng \u201cd\u1ecbch v\u1ee5 h\u1ed7 tr\u1ee3 ph\u00e1t tri\u1ec3n\u201d ho\u1eb7c \u201cd\u1ecbch v\u1ee5 ph\u1ee5c h\u1ed3i ch\u1ee9c n\u0103ng ngh\u1ec1 nghi\u1ec7p\u201d. Th\u00f4ng th\u01b0\u1eddng, ng\u01b0\u1eddi qu\u1ea3n l\u00fd tr\u01b0\u1eddng h\u1ee3p v\u00e0 nh\u00e0 cung c\u1ea5p th\u1ea3o lu\u1eadn v\u1ec1 \u201cvi\u1ec7c l\u00e0m \u0111\u01b0\u1ee3c h\u1ed7 tr\u1ee3\u201d ho\u1eb7c \u201ctrung t\u00e2m ho\u1ea1t \u0111\u1ed9ng c\u00f4ng vi\u1ec7c\u201d. H\u1ecd kh\u00f4ng g\u1ecdi nh\u1eefng ch\u01b0\u01a1ng tr\u00ecnh n\u00e0y l\u00e0 \u201cd\u1ecbch v\u1ee5 h\u1ed7 tr\u1ee3 ph\u00e1t tri\u1ec3n\u201d. Ng\u01b0\u1eddi ta d\u00f9ng nhi\u1ec1u ng\u00f4n t\u1eeb khoa tr\u01b0\u01a1ng \u0111\u1ec3 mi\u00eau t\u1ea3 c\u00e1c ch\u01b0\u01a1ng tr\u00ecnh kh\u00e1c nhau. Qu\u00fd v\u1ecb ch\u1ec9 c\u1ea7n t\u1eadp trung v\u00e0o lo\u1ea1i c\u00f4ng vi\u1ec7c ho\u1eb7c ch\u01b0\u01a1ng tr\u00ecnh qu\u00fd v\u1ecb mu\u1ed1n v\u00e0 y\u00eau c\u1ea7u c\u00f4ng vi\u1ec7c ho\u1eb7c ch\u01b0\u01a1ng tr\u00ecnh \u0111\u00f3 c\u00f3 trong IPP c\u1ee7a qu\u00fd v\u1ecb.<\/p>\n<div class=\"speaker-mute footnotes_reference_container\"> <div class=\"footnote_container_prepare\"><p><span role=\"button\" tabindex=\"0\" class=\"footnote_reference_container_label pointer\" onclick=\"footnote_expand_collapse_reference_container_1549_1();\">&#x202F;<\/span><span role=\"button\" tabindex=\"0\" class=\"footnote_reference_container_collapse_button\" style=\"display: none;\" onclick=\"footnote_expand_collapse_reference_container_1549_1();\">[<a id=\"footnote_reference_container_collapse_button_1549_1\">+<\/a>]<\/span><\/p><\/div> <div id=\"footnote_references_container_1549_1\" style=\"\"><table class=\"footnotes_table footnote-reference-container\"><caption class=\"accessibility\">References<\/caption> <tbody> \r\n\r\n<tr class=\"footnotes_plugin_reference_row\"> <th scope=\"row\" class=\"footnote_plugin_index_combi pointer\"  onclick=\"footnote_moveToAnchor_1549_1('footnote_plugin_tooltip_1549_1_1');\"><a id=\"footnote_plugin_reference_1549_1_1\" class=\"footnote_backlink\"><span class=\"footnote_index_arrow\">&#8593;<\/span>1<\/a><\/th> <td class=\"footnote_plugin_text\">M\u1ee5c 4851(o).<\/td><\/tr>\r\n\r\n<tr class=\"footnotes_plugin_reference_row\"> <th scope=\"row\" class=\"footnote_plugin_index_combi pointer\"  onclick=\"footnote_moveToAnchor_1549_1('footnote_plugin_tooltip_1549_1_2');\"><a id=\"footnote_plugin_reference_1549_1_2\" class=\"footnote_backlink\"><span class=\"footnote_index_arrow\">&#8593;<\/span>2<\/a><\/th> <td class=\"footnote_plugin_text\">M\u1ee5c 4851(n).<\/td><\/tr>\r\n\r\n<tr class=\"footnotes_plugin_reference_row\"> <th scope=\"row\" class=\"footnote_plugin_index_combi pointer\"  onclick=\"footnote_moveToAnchor_1549_1('footnote_plugin_tooltip_1549_1_3');\"><a id=\"footnote_plugin_reference_1549_1_3\" class=\"footnote_backlink\"><span class=\"footnote_index_arrow\">&#8593;<\/span>3<\/a><\/th> <td class=\"footnote_plugin_text\">M\u1ee5c 4861.<\/td><\/tr>\r\n\r\n <\/tbody> <\/table> <\/div><\/div><script type=\"text\/javascript\"> function footnote_expand_reference_container_1549_1() { jQuery('#footnote_references_container_1549_1').show(); jQuery('#footnote_reference_container_collapse_button_1549_1').text('\u2212'); } function footnote_collapse_reference_container_1549_1() { jQuery('#footnote_references_container_1549_1').hide(); jQuery('#footnote_reference_container_collapse_button_1549_1').text('+'); } function footnote_expand_collapse_reference_container_1549_1() { if (jQuery('#footnote_references_container_1549_1').is(':hidden')) { footnote_expand_reference_container_1549_1(); } else { footnote_collapse_reference_container_1549_1(); } } function footnote_moveToReference_1549_1(p_str_TargetID) { footnote_expand_reference_container_1549_1(); var l_obj_Target = jQuery('#' + p_str_TargetID); if (l_obj_Target.length) { jQuery( 'html, body' ).delay( 0 ); jQuery('html, body').animate({ scrollTop: l_obj_Target.offset().top - window.innerHeight * 0.2 }, 380); } } function footnote_moveToAnchor_1549_1(p_str_TargetID) { footnote_expand_reference_container_1549_1(); var l_obj_Target = jQuery('#' + p_str_TargetID); if (l_obj_Target.length) { jQuery( 'html, body' ).delay( 0 ); jQuery('html, body').animate({ scrollTop: l_obj_Target.offset().top - window.innerHeight * 0.2 }, 380); } }<\/script>","protected":false},"excerpt":{"rendered":"<p>C\u00f4ng vi\u1ec7c h\u00f2a nh\u1eadp th\u01b0\u1eddng ngh\u0129a l\u00e0 qu\u00fd v\u1ecb l\u00e0m vi\u1ec7c trong c\u1ed9ng \u0111\u1ed3ng v\u00e0 t\u01b0\u01a1ng t\u00e1c v\u1edbi nh\u1eefng ng\u01b0\u1eddi kh\u00f4ng b\u1ecb khuy\u1ebft t\u1eadt (kh\u00f4ng&hellip;<\/p>\n","protected":false},"author":1,"featured_media":0,"parent":1447,"menu_order":17,"comment_status":"closed","ping_status":"closed","template":"","meta":{"footnotes":""},"class_list":["post-1549","page","type-page","status-publish","hentry"],"_links":{"self":[{"href":"https:\/\/rula.disabilityrightsca.org\/vi\/wp-json\/wp\/v2\/pages\/1549","targetHints":{"allow":["GET"]}}],"collection":[{"href":"https:\/\/rula.disabilityrightsca.org\/vi\/wp-json\/wp\/v2\/pages"}],"about":[{"href":"https:\/\/rula.disabilityrightsca.org\/vi\/wp-json\/wp\/v2\/types\/page"}],"author":[{"embeddable":true,"href":"https:\/\/rula.disabilityrightsca.org\/vi\/wp-json\/wp\/v2\/users\/1"}],"replies":[{"embeddable":true,"href":"https:\/\/rula.disabilityrightsca.org\/vi\/wp-json\/wp\/v2\/comments?post=1549"}],"version-history":[{"count":2,"href":"https:\/\/rula.disabilityrightsca.org\/vi\/wp-json\/wp\/v2\/pages\/1549\/revisions"}],"predecessor-version":[{"id":3258,"href":"https:\/\/rula.disabilityrightsca.org\/vi\/wp-json\/wp\/v2\/pages\/1549\/revisions\/3258"}],"up":[{"embeddable":true,"href":"https:\/\/rula.disabilityrightsca.org\/vi\/wp-json\/wp\/v2\/pages\/1447"}],"wp:attachment":[{"href":"https:\/\/rula.disabilityrightsca.org\/vi\/wp-json\/wp\/v2\/media?parent=1549"}],"curies":[{"name":"wp","href":"https:\/\/api.w.org\/{rel}","templated":true}]}}