{"id":1547,"date":"2021-07-01T21:32:31","date_gmt":"2021-07-01T21:32:31","guid":{"rendered":"http:\/\/www.rula.disabilityrightsca.org\/vi\/?page_id=1547"},"modified":"2022-04-27T16:58:19","modified_gmt":"2022-04-27T16:58:19","slug":"how-do-i-discuss-my-goals-of-getting-a-job-with-my-regional-center-2","status":"publish","type":"page","link":"https:\/\/rula.disabilityrightsca.org\/vi\/rula-book\/chapter-9-community-participation-work-day-and-leisure-activities\/how-do-i-discuss-my-goals-of-getting-a-job-with-my-regional-center-2\/","title":{"rendered":"(9.16) T\u00f4i th\u1ea3o lu\u1eadn m\u1ee5c \u0111\u00edch c\u00f3 \u0111\u01b0\u1ee3c vi\u1ec7c l\u00e0m c\u1ee7a m\u00ecnh v\u1edbi trung t\u00e2m khu v\u1ef1c b\u1eb1ng c\u00e1ch n\u00e0o?"},"content":{"rendered":"\n<p>N\u1ebfu qu\u00fd v\u1ecb mu\u1ed1n l\u00e0m vi\u1ec7c, h\u00e3y trao \u0111\u1ed5i v\u1ec1 \u0111i\u1ec1u n\u00e0y t\u1ea1i cu\u1ed9c h\u1ecdp IPP. H\u00e3y th\u1ea3o lu\u1eadn:<\/p>\n\n\n\n<ul class=\"wp-block-list\"><li>S\u1edf th\u00edch v\u00e0 kh\u1ea3 n\u0103ng c\u1ee7a qu\u00fd v\u1ecb,<\/li><li>M\u00f4i tr\u01b0\u1eddng, s\u1ed1 gi\u1edd v\u00e0 \u0111\u1ecba \u0111i\u1ec3m qu\u00fd v\u1ecb th\u00edch,<\/li><li>C\u01a1 h\u1ed9i ngh\u1ec1 nghi\u1ec7p v\u00e0 c\u00e1c ho\u1ea1t \u0111\u1ed9ng qu\u00fd v\u1ecb mu\u1ed1n l\u00e0m,<\/li><li>Nh\u1eefng \u0111i\u1ec1u ch\u1ec9nh v\u00e0 h\u1ed7 tr\u1ee3 qu\u00fd v\u1ecb c\u1ea7n,<\/li><li>C\u00e1c m\u1ed1i quan h\u1ec7 x\u00e3 h\u1ed9i ti\u1ec1m n\u0103ng,<\/li><li>L\u01b0\u01a1ng v\u00e0 ph\u00fac l\u1ee3i,<\/li><li>D\u1ecbch v\u1ee5 v\u1eadn chuy\u1ec3n v\u00e0<\/li><li>T\u00e1c \u0111\u1ed9ng c\u00f3 th\u1ec3 c\u00f3 t\u1eeb vi\u1ec7c ki\u1ebfm ti\u1ec1n \u0111\u1ed1i v\u1edbi c\u00e1c ph\u00fac l\u1ee3i li\u00ean quan \u0111\u1ebfn khuy\u1ebft t\u1eadt c\u1ee7a qu\u00fd v\u1ecb.<\/li><\/ul>\n\n\n\n<p>\u0110\u00f4i khi c\u00f4ng vi\u1ec7c \u0111\u1ea7u ti\u00ean c\u1ee7a qu\u00fd v\u1ecb kh\u00f4ng \u0111\u01b0\u1ee3c nh\u01b0 \u00fd. Qu\u00fd v\u1ecb c\u00f3 th\u1ec3 ph\u1ea3i th\u1eed m\u1ed9t s\u1ed1 c\u00f4ng vi\u1ec7c kh\u00e1c tr\u01b0\u1edbc khi t\u00ecm \u0111\u01b0\u1ee3c c\u00f4ng vi\u1ec7c m\u00ecnh th\u00edch. Nh\u1eefng ng\u01b0\u1eddi kh\u00f4ng b\u1ecb khuy\u1ebft t\u1eadt c\u0169ng g\u1eb7p chuy\u1ec7n nh\u01b0 th\u1ebf n\u00e0y. Nhi\u1ec1u c\u00f4ng vi\u1ec7c c\u00f3 s\u1eb5n l\u00e0 c\u00e1c ch\u01b0\u01a1ng tr\u00ecnh qu\u00fd v\u1ecb ki\u1ebfm \u0111\u01b0\u1ee3c \u00edt ti\u1ec1n. Qu\u00fd v\u1ecb c\u00f3 th\u1ec3 mu\u1ed1n t\u00ecm c\u00f4ng vi\u1ec7c kh\u00e1c g\u1ea7n h\u01a1n v\u1edbi m\u1ee5c \u0111\u00edch c\u00f4ng vi\u1ec7c c\u1ee7a m\u00ecnh. \u0110\u1ea1o Lu\u1eadt Lanterman quy \u0111\u1ecbnh c\u00e1c d\u1ecbch v\u1ee5 v\u00e0 s\u1ef1 h\u1ed7 tr\u1ee3 d\u00e0nh cho qu\u00fd v\u1ecb ph\u1ea3i tr\u1ee3 gi\u00fap qu\u00fd v\u1ecb tr\u1edf th\u00e0nh m\u1ed9t th\u00e0nh vi\u00ean \u0111\u1ed9c l\u1eadp, c\u00f3 \u00edch trong c\u1ed9ng \u0111\u1ed3ng. N\u1ebfu qu\u00fd v\u1ecb tr\u00ean 18 tu\u1ed5i, \u0111i\u1ec1u n\u00e0y ngh\u0129a l\u00e0 qu\u00fd v\u1ecb l\u00e0m vi\u1ec7c ho\u1eb7c l\u00e0m t\u00ecnh nguy\u1ec7n trong m\u00f4i tr\u01b0\u1eddng c\u1ed9ng \u0111\u1ed3ng h\u00f2a nh\u1eadp. <span class=\"footnote_referrer\"><a role=\"button\" tabindex=\"0\" onclick=\"footnote_moveToReference_1547_1('footnote_plugin_reference_1547_1_1');\" onkeypress=\"footnote_moveToReference_1547_1('footnote_plugin_reference_1547_1_1');\" ><sup id=\"footnote_plugin_tooltip_1547_1_1\" class=\"footnote_plugin_tooltip_text\">[1]<\/sup><\/a><span id=\"footnote_plugin_tooltip_text_1547_1_1\" class=\"footnote_tooltip\">C\u00e1c M\u1ee5c 4640.7(a) v\u00e0 4501.<\/span><\/span><script type=\"text\/javascript\"> jQuery('#footnote_plugin_tooltip_1547_1_1').tooltip({ tip: '#footnote_plugin_tooltip_text_1547_1_1', tipClass: 'footnote_tooltip', effect: 'fade', predelay: 0, fadeInSpeed: 200, delay: 400, fadeOutSpeed: 200, position: 'top center', relative: true, offset: [-7, 0], });<\/script><\/p>\n<div class=\"speaker-mute footnotes_reference_container\"> <div class=\"footnote_container_prepare\"><p><span role=\"button\" tabindex=\"0\" class=\"footnote_reference_container_label pointer\" onclick=\"footnote_expand_collapse_reference_container_1547_1();\">&#x202F;<\/span><span role=\"button\" tabindex=\"0\" class=\"footnote_reference_container_collapse_button\" style=\"display: none;\" onclick=\"footnote_expand_collapse_reference_container_1547_1();\">[<a id=\"footnote_reference_container_collapse_button_1547_1\">+<\/a>]<\/span><\/p><\/div> <div id=\"footnote_references_container_1547_1\" style=\"\"><table class=\"footnotes_table footnote-reference-container\"><caption class=\"accessibility\">References<\/caption> <tbody> \r\n\r\n<tr class=\"footnotes_plugin_reference_row\"> <th scope=\"row\" class=\"footnote_plugin_index_combi pointer\"  onclick=\"footnote_moveToAnchor_1547_1('footnote_plugin_tooltip_1547_1_1');\"><a id=\"footnote_plugin_reference_1547_1_1\" class=\"footnote_backlink\"><span class=\"footnote_index_arrow\">&#8593;<\/span>1<\/a><\/th> <td class=\"footnote_plugin_text\">C\u00e1c M\u1ee5c 4640.7(a) v\u00e0 4501.<\/td><\/tr>\r\n\r\n <\/tbody> <\/table> <\/div><\/div><script type=\"text\/javascript\"> function footnote_expand_reference_container_1547_1() { jQuery('#footnote_references_container_1547_1').show(); jQuery('#footnote_reference_container_collapse_button_1547_1').text('\u2212'); } function footnote_collapse_reference_container_1547_1() { jQuery('#footnote_references_container_1547_1').hide(); jQuery('#footnote_reference_container_collapse_button_1547_1').text('+'); } function footnote_expand_collapse_reference_container_1547_1() { if (jQuery('#footnote_references_container_1547_1').is(':hidden')) { footnote_expand_reference_container_1547_1(); } else { footnote_collapse_reference_container_1547_1(); } } function footnote_moveToReference_1547_1(p_str_TargetID) { footnote_expand_reference_container_1547_1(); var l_obj_Target = jQuery('#' + p_str_TargetID); if (l_obj_Target.length) { jQuery( 'html, body' ).delay( 0 ); jQuery('html, body').animate({ scrollTop: l_obj_Target.offset().top - window.innerHeight * 0.2 }, 380); } } function footnote_moveToAnchor_1547_1(p_str_TargetID) { footnote_expand_reference_container_1547_1(); var l_obj_Target = jQuery('#' + p_str_TargetID); if (l_obj_Target.length) { jQuery( 'html, body' ).delay( 0 ); jQuery('html, body').animate({ scrollTop: l_obj_Target.offset().top - window.innerHeight * 0.2 }, 380); } }<\/script>","protected":false},"excerpt":{"rendered":"<p>N\u1ebfu qu\u00fd v\u1ecb mu\u1ed1n l\u00e0m vi\u1ec7c, h\u00e3y trao \u0111\u1ed5i v\u1ec1 \u0111i\u1ec1u n\u00e0y t\u1ea1i cu\u1ed9c h\u1ecdp IPP. H\u00e3y th\u1ea3o lu\u1eadn: S\u1edf th\u00edch v\u00e0 kh\u1ea3 n\u0103ng c\u1ee7a&hellip;<\/p>\n","protected":false},"author":1,"featured_media":0,"parent":1447,"menu_order":16,"comment_status":"closed","ping_status":"closed","template":"","meta":{"footnotes":""},"class_list":["post-1547","page","type-page","status-publish","hentry"],"_links":{"self":[{"href":"https:\/\/rula.disabilityrightsca.org\/vi\/wp-json\/wp\/v2\/pages\/1547","targetHints":{"allow":["GET"]}}],"collection":[{"href":"https:\/\/rula.disabilityrightsca.org\/vi\/wp-json\/wp\/v2\/pages"}],"about":[{"href":"https:\/\/rula.disabilityrightsca.org\/vi\/wp-json\/wp\/v2\/types\/page"}],"author":[{"embeddable":true,"href":"https:\/\/rula.disabilityrightsca.org\/vi\/wp-json\/wp\/v2\/users\/1"}],"replies":[{"embeddable":true,"href":"https:\/\/rula.disabilityrightsca.org\/vi\/wp-json\/wp\/v2\/comments?post=1547"}],"version-history":[{"count":2,"href":"https:\/\/rula.disabilityrightsca.org\/vi\/wp-json\/wp\/v2\/pages\/1547\/revisions"}],"predecessor-version":[{"id":3256,"href":"https:\/\/rula.disabilityrightsca.org\/vi\/wp-json\/wp\/v2\/pages\/1547\/revisions\/3256"}],"up":[{"embeddable":true,"href":"https:\/\/rula.disabilityrightsca.org\/vi\/wp-json\/wp\/v2\/pages\/1447"}],"wp:attachment":[{"href":"https:\/\/rula.disabilityrightsca.org\/vi\/wp-json\/wp\/v2\/media?parent=1547"}],"curies":[{"name":"wp","href":"https:\/\/api.w.org\/{rel}","templated":true}]}}