{"id":1543,"date":"2021-07-01T21:29:26","date_gmt":"2021-07-01T21:29:26","guid":{"rendered":"http:\/\/www.rula.disabilityrightsca.org\/vi\/?page_id=1543"},"modified":"2022-04-27T16:50:40","modified_gmt":"2022-04-27T16:50:40","slug":"how-do-i-discuss-my-goals-of-getting-a-job-with-my-regional-center","status":"publish","type":"page","link":"https:\/\/rula.disabilityrightsca.org\/vi\/rula-book\/chapter-9-community-participation-work-day-and-leisure-activities\/how-do-i-discuss-my-goals-of-getting-a-job-with-my-regional-center\/","title":{"rendered":"(9.15) Ch\u01b0\u01a1ng Tr\u00ecnh T\u1ef1 X\u00e1c \u0110\u1ecbnh l\u00e0 g\u00ec?"},"content":{"rendered":"\n<p>Ch\u01b0\u01a1ng Tr\u00ecnh T\u1ef1 X\u00e1c \u0110\u1ecbnh (Self-Determination Program, SDP) l\u00e0 m\u1ed9t c\u00e1ch \u0111\u1ec3 qu\u00fd v\u1ecb nh\u1eadn c\u00e1c d\u1ecbch v\u1ee5 c\u1ee7a trung t\u00e2m khu v\u1ef1c. <span class=\"footnote_referrer\"><a role=\"button\" tabindex=\"0\" onclick=\"footnote_moveToReference_1543_1('footnote_plugin_reference_1543_1_1');\" onkeypress=\"footnote_moveToReference_1543_1('footnote_plugin_reference_1543_1_1');\" ><sup id=\"footnote_plugin_tooltip_1543_1_1\" class=\"footnote_plugin_tooltip_text\">[1]<\/sup><\/a><span id=\"footnote_plugin_tooltip_text_1543_1_1\" class=\"footnote_tooltip\">M\u1ee5c 4685.8.<\/span><\/span><script type=\"text\/javascript\"> jQuery('#footnote_plugin_tooltip_1543_1_1').tooltip({ tip: '#footnote_plugin_tooltip_text_1543_1_1', tipClass: 'footnote_tooltip', effect: 'fade', predelay: 0, fadeInSpeed: 200, delay: 400, fadeOutSpeed: 200, position: 'top center', relative: true, offset: [-7, 0], });<\/script> Ch\u01b0\u01a1ng tr\u00ecnh n\u00e0y kh\u00e1c v\u1edbi c\u00e1ch truy\u1ec1n th\u1ed1ng, trong \u0111\u00f3 trung t\u00e2m khu v\u1ef1c mua c\u00e1c d\u1ecbch v\u1ee5 d\u00e0nh cho qu\u00fd v\u1ecb t\u1eeb b\u00ean cung c\u1ea5p c\u1ee7a h\u1ecd. Trong SDP, kh\u00e1ch h\u00e0ng v\u00e0 gia \u0111\u00ecnh c\u1ee7a h\u1ecd c\u00f3 nhi\u1ec1u s\u1ef1 t\u1ef1 do, kh\u1ea3 n\u0103ng ki\u1ec3m so\u00e1t v\u00e0 tr\u00e1ch nhi\u1ec7m h\u01a1n trong vi\u1ec7c ch\u1ecdn c\u00e1c d\u1ecbch v\u1ee5 v\u00e0 s\u1ef1 h\u1ed7 tr\u1ee3 \u0111\u1ec3 gi\u00fap h\u1ecd \u0111\u1ea1t \u0111\u01b0\u1ee3c c\u00e1c m\u1ee5c ti\u00eau trong K\u1ebf Ho\u1ea1ch Ch\u01b0\u01a1ng Tr\u00ecnh C\u00e1 Nh\u00e2n (IPP). K\u1ec3 t\u1eeb th\u00e1ng 7 n\u0103m 2021, SDP \u0111\u01b0\u1ee3c cung c\u1ea5p cho t\u1ea5t c\u1ea3 kh\u00e1ch h\u00e0ng h\u1ed9i \u0111\u1ee7 \u0111i\u1ec1u ki\u1ec7n c\u1ee7a trung t\u00e2m khu v\u1ef1c. M\u1ed7i trung t\u00e2m khu v\u1ef1c c\u00f3 m\u1ed9t \u1ee7y ban c\u1ed1 v\u1ea5n \u0111\u1ecba ph\u01b0\u01a1ng s\u1ebd h\u1ecdp \u0111\u1ec3 gi\u00fap l\u1eadp k\u1ebf ho\u1ea1ch SDP trong khu v\u1ef1c \u0111\u00f3.<\/p>\n\n\n\n<p>Trong SDP, qu\u00fd v\u1ecb:&nbsp;<\/p>\n\n\n\n<ul class=\"wp-block-list\"><li>T\u1ea1o m\u1ed9t&nbsp;<strong>K\u1ebf Ho\u1ea1ch T\u1eadp Trung V\u00e0o Con Ng\u01b0\u1eddi<\/strong>&nbsp;\u0111\u1ec3 h\u01b0\u1edbng t\u1edbi t\u01b0\u01a1ng lai mong mu\u1ed1n c\u1ee7a qu\u00fd v\u1ecb. Trong qu\u00e1 tr\u00ecnh t\u1ea1o m\u1ed9t k\u1ebf ho\u1ea1ch t\u1eadp trung v\u00e0o con ng\u01b0\u1eddi, qu\u00fd v\u1ecb h\u01b0\u1edbng cu\u1ed9c tr\u00f2 chuy\u1ec7n v\u00e0o th\u1ebf m\u1ea1nh, kh\u1ea3 n\u0103ng, s\u1edf th\u00edch, l\u1ed1i s\u1ed1ng v\u00e0 n\u1ec1n t\u1ea3ng v\u0103n h\u00f3a c\u1ee7a qu\u00fd v\u1ecb. \u0110\u1ebfn cu\u1ed1i qu\u00e1 tr\u00ecnh, qu\u00fd v\u1ecb s\u1ebd c\u00f3 m\u1ed9t v\u0103n b\u1ea3n k\u1ebf ho\u1ea1ch cho c\u00e1c m\u1ee5c \u0111\u00edch c\u1ee7a qu\u00fd v\u1ecb v\u1ec1 gi\u1ea3i tr\u00ed, v\u1eadn chuy\u1ec3n, t\u00ecnh b\u1ea1n, li\u1ec7u ph\u00e1p, nh\u00e0 \u1edf, vi\u1ec7c l\u00e0m, m\u1ed1i quan h\u1ec7 v\u1edbi gia \u0111\u00ecnh v\u00e0 b\u1ea5t k\u1ef3 n\u1ed9i dung n\u00e0o kh\u00e1c m\u00e0 qu\u00fd v\u1ecb mu\u1ed1n.<\/li><li>s\u1ebd c\u00f3 m\u1ed9t&nbsp;<strong>Ng\u00e2n S\u00e1ch C\u00e1 Nh\u00e2n<\/strong>, l\u00e0 ti\u1ec1n \u0111\u1ec3 mua d\u1ecbch v\u1ee5 v\u00e0 s\u1ef1 h\u1ed7 tr\u1ee3 d\u00e0nh cho qu\u00fd v\u1ecb. Nh\u00f3m IPP x\u00e1c \u0111\u1ecbnh ng\u00e2n s\u00e1ch cho qu\u00fd v\u1ecb d\u1ef1a tr\u00ean s\u1ed1 ti\u1ec1n qu\u00fd v\u1ecb \u0111\u00e3 s\u1eed d\u1ee5ng cho c\u00e1c d\u1ecbch v\u1ee5 trong 12 th\u00e1ng g\u1ea7n nh\u1ea5t. Sau \u0111\u00f3, qu\u00fd v\u1ecb s\u1ebd l\u1eadp k\u1ebf ho\u1ea1ch chi ti\u00eau cho bi\u1ebft qu\u00fd v\u1ecb s\u1ebd chi ti\u00eau ng\u00e2n s\u00e1ch n\u00e0y cho c\u00e1c d\u1ecbch v\u1ee5 nh\u01b0 th\u1ebf n\u00e0o.<\/li><li>c\u00f3 th\u1ec3 c\u00f3 m\u1ed9t&nbsp;<strong>Ng\u01b0\u1eddi H\u1ed7 Tr\u1ee3 \u0110\u1ed9c L\u1eadp<\/strong>&nbsp;\u0111\u1ec3 gi\u00fap qu\u00fd v\u1ecb t\u1ea1o k\u1ebf ho\u1ea1ch t\u1eadp trung v\u00e0o con ng\u01b0\u1eddi, ra quy\u1ebft \u0111\u1ecbnh v\u1ec1 ng\u00e2n s\u00e1ch v\u00e0 chi ti\u00eau c\u1ee7a qu\u00fd v\u1ecb, t\u00ecm d\u1ecbch v\u1ee5 v\u00e0 b\u00eanh v\u1ef1c cho qu\u00fd v\u1ecb.<\/li><li>ph\u1ea3i c\u00f3&nbsp;<strong>D\u1ecbch V\u1ee5 Qu\u1ea3n L\u00fd T\u00e0i Ch\u00ednh<\/strong>&nbsp;(Financial Management Services, FMS). Qu\u00fd v\u1ecb ch\u1ecdn m\u1ed9t FMS do trung t\u00e2m khu v\u1ef1c cung c\u1ea5p. FMS s\u1ebd gi\u00fap qu\u00fd v\u1ecb qu\u1ea3n l\u00fd ng\u00e2n s\u00e1ch b\u1eb1ng c\u00e1ch thanh to\u00e1n h\u00f3a \u0111\u01a1n v\u00e0 qu\u1ea3n l\u00fd vi\u1ec7c thanh to\u00e1n cho nh\u00e2n vi\u00ean h\u1ed7 tr\u1ee3.<\/li><li>T\u00ecm nh\u00e0 cung c\u1ea5p cho c\u00e1c d\u1ecbch v\u1ee5 v\u00e0 s\u1ef1 h\u1ed7 tr\u1ee3 d\u00e0nh cho qu\u00fd v\u1ecb. C\u00e1c nh\u00e0 cung c\u1ea5p n\u00e0y kh\u00f4ng nh\u1ea5t thi\u1ebft ph\u1ea3i l\u00e0 b\u00ean cung c\u1ea5p c\u1ee7a trung t\u00e2m khu v\u1ef1c, t\u01b0\u01a1ng t\u1ef1 nh\u01b0 trong h\u1ec7 th\u1ed1ng truy\u1ec1n th\u1ed1ng. Qu\u00fd v\u1ecb c\u00f3 th\u1ec3 mua d\u1ecbch v\u1ee5 \u0111\u01b0\u1ee3c ch\u00ednh quy\u1ec1n li\u00ean bang ph\u00ea duy\u1ec7t v\u00e0 \u0111\u01b0\u1ee3c li\u1ec7t k\u00ea trong ch\u01b0\u01a1ng tr\u00ecnh mi\u1ec5n tr\u1eeb SDP. Qu\u00fd v\u1ecb c\u00f3 th\u1ec3 mua nhi\u1ec1u d\u1ecbch v\u1ee5 kh\u00e1c nhau b\u1eb1ng ng\u00e2n s\u00e1ch c\u1ee7a qu\u00fd v\u1ecb. Qu\u00fd v\u1ecb kh\u00f4ng th\u1ec3 mua m\u1ed9t s\u1ed1 d\u1ecbch v\u1ee5, nh\u01b0 l\u00e0 ch\u1ed7 \u0103n \u1edf (thu\u00ea nh\u00e0, th\u1ef1c ph\u1ea9m, ti\u1ec7n \u00edch).<\/li><\/ul>\n\n\n\n<p>Qu\u00fd v\u1ecb c\u00f3 th\u1ec3 kh\u00e1ng c\u00e1o v\u00e0 y\u00eau c\u1ea7u m\u1ed9t bu\u1ed5i \u0111i\u1ec1u tr\u1ea7n c\u00f4ng b\u1eb1ng n\u1ebfu qu\u00fd v\u1ecb kh\u00f4ng \u0111\u1ed3ng \u00fd v\u1edbi IPP, ng\u00e2n s\u00e1ch c\u00e1 nh\u00e2n ho\u1eb7c nh\u1eefng ph\u1ea7n kh\u00e1c c\u1ee7a c\u00e1c d\u1ecbch v\u1ee5 d\u00e0nh cho qu\u00fd v\u1ecb trong SDP. Qu\u00fd v\u1ecb c\u00f3 c\u00f9ng c\u00e1c quy\u1ec1n kh\u00e1ng c\u00e1o v\u00e0 \u0111i\u1ec1u tr\u1ea7n trong SDP nh\u01b0 trong h\u1ec7 th\u1ed1ng truy\u1ec1n th\u1ed1ng c\u1ee7a trung t\u00e2m khu v\u1ef1c. Xem&nbsp;<a href=\"https:\/\/rula.disabilityrightsca.org\/vi\/rula-book\/chapter-10-appeals-and-complaints-disagreements-with-regional-centers-developmental-centers-or-service-providers\/\">ch\u01b0\u01a1ng 10<\/a>&nbsp;\u0111\u1ec3 bi\u1ebft th\u00f4ng tin v\u1ec1 kh\u00e1ng c\u00e1o, khi\u1ebfu n\u1ea1i v\u00e0 m\u1ed1c th\u1eddi gian.<\/p>\n\n\n\n<p>\u0110\u1ec3 bi\u1ebft th\u00eam th\u00f4ng tin v\u1ec1 SDP, h\u00e3y truy c\u1eadp trang web SDP c\u1ee7a S\u1edf D\u1ecbch V\u1ee5 Ph\u00e1t Tri\u1ec3n t\u1ea1i \u0111\u00e2y.&nbsp;<a href=\"https:\/\/www.dds.ca.gov\/initiatives\/sdp\/\">https:\/\/www.dds.ca.gov\/initiatives\/sdp\/<\/a>. \u0110\u1ec3 ghi danh v\u00e0o SDP, h\u00e3y trao \u0111\u1ed5i v\u1edbi \u0111i\u1ec1u ph\u1ed1i vi\u00ean d\u1ecbch v\u1ee5 t\u1ea1i trung t\u00e2m khu v\u1ef1c c\u1ee7a qu\u00fd v\u1ecb. Qu\u00fd v\u1ecb ph\u1ea3i tham d\u1ef1 ho\u1ea1t \u0111\u1ed9ng \u0111\u1ecbnh h\u01b0\u1edbng tr\u01b0\u1edbc khi c\u00f3 th\u1ec3 b\u1eaft \u0111\u1ea7u SDP. Ho\u1ea1t \u0111\u1ed9ng \u0111\u1ecbnh h\u01b0\u1edbng \u0111\u01b0\u1ee3c cung c\u1ea5p qua trung t\u00e2m khu v\u1ef1c ho\u1eb7c \u1ee7y ban c\u1ed1 v\u1ea5n \u0111\u1ecba ph\u01b0\u01a1ng b\u1eb1ng c\u00e1c ng\u00f4n ng\u1eef kh\u00e1c nhau. Qu\u00fd v\u1ecb c\u0169ng c\u00f3 th\u1ec3 tham d\u1ef1 ho\u1ea1t \u0111\u1ed9ng \u0111\u1ecbnh h\u01b0\u1edbng to\u00e0n ti\u1ec3u bang.<\/p>\n<div class=\"speaker-mute footnotes_reference_container\"> <div class=\"footnote_container_prepare\"><p><span role=\"button\" tabindex=\"0\" class=\"footnote_reference_container_label pointer\" onclick=\"footnote_expand_collapse_reference_container_1543_1();\">&#x202F;<\/span><span role=\"button\" tabindex=\"0\" class=\"footnote_reference_container_collapse_button\" style=\"display: none;\" onclick=\"footnote_expand_collapse_reference_container_1543_1();\">[<a id=\"footnote_reference_container_collapse_button_1543_1\">+<\/a>]<\/span><\/p><\/div> <div id=\"footnote_references_container_1543_1\" style=\"\"><table class=\"footnotes_table footnote-reference-container\"><caption class=\"accessibility\">References<\/caption> <tbody> \r\n\r\n<tr class=\"footnotes_plugin_reference_row\"> <th scope=\"row\" class=\"footnote_plugin_index_combi pointer\"  onclick=\"footnote_moveToAnchor_1543_1('footnote_plugin_tooltip_1543_1_1');\"><a id=\"footnote_plugin_reference_1543_1_1\" class=\"footnote_backlink\"><span class=\"footnote_index_arrow\">&#8593;<\/span>1<\/a><\/th> <td class=\"footnote_plugin_text\">M\u1ee5c 4685.8.<\/td><\/tr>\r\n\r\n <\/tbody> <\/table> <\/div><\/div><script type=\"text\/javascript\"> function footnote_expand_reference_container_1543_1() { jQuery('#footnote_references_container_1543_1').show(); jQuery('#footnote_reference_container_collapse_button_1543_1').text('\u2212'); } function footnote_collapse_reference_container_1543_1() { jQuery('#footnote_references_container_1543_1').hide(); jQuery('#footnote_reference_container_collapse_button_1543_1').text('+'); } function footnote_expand_collapse_reference_container_1543_1() { if (jQuery('#footnote_references_container_1543_1').is(':hidden')) { footnote_expand_reference_container_1543_1(); } else { footnote_collapse_reference_container_1543_1(); } } function footnote_moveToReference_1543_1(p_str_TargetID) { footnote_expand_reference_container_1543_1(); var l_obj_Target = jQuery('#' + p_str_TargetID); if (l_obj_Target.length) { jQuery( 'html, body' ).delay( 0 ); jQuery('html, body').animate({ scrollTop: l_obj_Target.offset().top - window.innerHeight * 0.2 }, 380); } } function footnote_moveToAnchor_1543_1(p_str_TargetID) { footnote_expand_reference_container_1543_1(); var l_obj_Target = jQuery('#' + p_str_TargetID); if (l_obj_Target.length) { jQuery( 'html, body' ).delay( 0 ); jQuery('html, body').animate({ scrollTop: l_obj_Target.offset().top - window.innerHeight * 0.2 }, 380); } }<\/script>","protected":false},"excerpt":{"rendered":"<p>Ch\u01b0\u01a1ng Tr\u00ecnh T\u1ef1 X\u00e1c \u0110\u1ecbnh (Self-Determination Program, SDP) l\u00e0 m\u1ed9t c\u00e1ch \u0111\u1ec3 qu\u00fd v\u1ecb nh\u1eadn c\u00e1c d\u1ecbch v\u1ee5 c\u1ee7a trung t\u00e2m khu v\u1ef1c. [1]M\u1ee5c 4685.8.&hellip;<\/p>\n","protected":false},"author":1,"featured_media":0,"parent":1447,"menu_order":15,"comment_status":"closed","ping_status":"closed","template":"","meta":{"footnotes":""},"class_list":["post-1543","page","type-page","status-publish","hentry"],"_links":{"self":[{"href":"https:\/\/rula.disabilityrightsca.org\/vi\/wp-json\/wp\/v2\/pages\/1543","targetHints":{"allow":["GET"]}}],"collection":[{"href":"https:\/\/rula.disabilityrightsca.org\/vi\/wp-json\/wp\/v2\/pages"}],"about":[{"href":"https:\/\/rula.disabilityrightsca.org\/vi\/wp-json\/wp\/v2\/types\/page"}],"author":[{"embeddable":true,"href":"https:\/\/rula.disabilityrightsca.org\/vi\/wp-json\/wp\/v2\/users\/1"}],"replies":[{"embeddable":true,"href":"https:\/\/rula.disabilityrightsca.org\/vi\/wp-json\/wp\/v2\/comments?post=1543"}],"version-history":[{"count":7,"href":"https:\/\/rula.disabilityrightsca.org\/vi\/wp-json\/wp\/v2\/pages\/1543\/revisions"}],"predecessor-version":[{"id":3289,"href":"https:\/\/rula.disabilityrightsca.org\/vi\/wp-json\/wp\/v2\/pages\/1543\/revisions\/3289"}],"up":[{"embeddable":true,"href":"https:\/\/rula.disabilityrightsca.org\/vi\/wp-json\/wp\/v2\/pages\/1447"}],"wp:attachment":[{"href":"https:\/\/rula.disabilityrightsca.org\/vi\/wp-json\/wp\/v2\/media?parent=1543"}],"curies":[{"name":"wp","href":"https:\/\/api.w.org\/{rel}","templated":true}]}}