{"id":1541,"date":"2021-07-01T21:27:17","date_gmt":"2021-07-01T21:27:17","guid":{"rendered":"http:\/\/www.rula.disabilityrightsca.org\/vi\/?page_id=1541"},"modified":"2022-06-23T23:44:29","modified_gmt":"2022-06-23T23:44:29","slug":"what-can-i-do-if-my-day-program-is-not-meeting-my-ipp-goals","status":"publish","type":"page","link":"https:\/\/rula.disabilityrightsca.org\/vi\/rula-book\/chapter-9-community-participation-work-day-and-leisure-activities\/what-can-i-do-if-my-day-program-is-not-meeting-my-ipp-goals\/","title":{"rendered":"(9.14)  T\u00f4i c\u00f3 th\u1ec3 l\u00e0m g\u00ec n\u1ebfu ch\u01b0\u01a1ng tr\u00ecnh ban ng\u00e0y kh\u00f4ng \u0111\u00e1p \u1ee9ng c\u00e1c m\u1ee5c \u0111\u00edch trong IPP c\u1ee7a t\u00f4i?"},"content":{"rendered":"\n<p>N\u1ebfu qu\u00fd v\u1ecb tin r\u1eb1ng ch\u01b0\u01a1ng tr\u00ecnh ban ng\u00e0y kh\u00f4ng \u0111\u00e1p \u1ee9ng nhu c\u1ea7u c\u1ee7a qu\u00fd v\u1ecb, h\u00e3y y\u00eau c\u1ea7u cu\u1ed9c h\u1ecdp IPP \u0111\u1ec3 trao \u0111\u1ed5i v\u1ec1 vi\u1ec7c thay \u0111\u1ed5i ch\u01b0\u01a1ng tr\u00ecnh ho\u1eb7c c\u00e1c d\u1ecbch v\u1ee5 c\u1ee7a qu\u00fd v\u1ecb. Quy tr\u00ecnh IPP c\u1ee7a qu\u00fd v\u1ecb x\u00e1c \u0111\u1ecbnh c\u00f4ng vi\u1ec7c ho\u1eb7c ch\u01b0\u01a1ng tr\u00ecnh ban ng\u00e0y ph\u00f9 h\u1ee3p nh\u1ea5t v\u1edbi qu\u00fd v\u1ecb. Qu\u00fd v\u1ecb c\u00f3 quy\u1ec1n c\u00e2n nh\u1eafc nh\u1eefng ch\u01b0\u01a1ng tr\u00ecnh ban ng\u00e0y gi\u00fap qu\u00fd v\u1ecb \u0111\u1ea1t \u0111\u01b0\u1ee3c c\u00e1c m\u1ee5c \u0111\u00edch trong IPP. Kh\u00f4ng m\u1ed9t ai c\u00f3 th\u1ec3 bu\u1ed9c qu\u00fd v\u1ecb tham gia ch\u01b0\u01a1ng tr\u00ecnh ban ng\u00e0y n\u1ebfu qu\u00fd v\u1ecb kh\u00f4ng mu\u1ed1n.<\/p>\n\n\n\n<p>T\u1ea5t c\u1ea3 ch\u01b0\u01a1ng tr\u00ecnh ban ng\u00e0y ph\u1ea3i c\u00f3 th\u1ee7 t\u1ee5c than phi\u1ec1n. <span class=\"footnote_referrer\"><a role=\"button\" tabindex=\"0\" onclick=\"footnote_moveToReference_1541_1('footnote_plugin_reference_1541_1_1');\" onkeypress=\"footnote_moveToReference_1541_1('footnote_plugin_reference_1541_1_1');\" ><sup id=\"footnote_plugin_tooltip_1541_1_1\" class=\"footnote_plugin_tooltip_text\">[1]<\/sup><\/a><span id=\"footnote_plugin_tooltip_text_1541_1_1\" class=\"footnote_tooltip\">M\u1ee5c 4705(a)(2) v\u00e0 Ti\u00eau \u0110\u1ec1 17, B\u1ed9 Lu\u1eadt C\u00e1c Quy \u0110\u1ecbnh California m\u1ee5c 56710(a).<\/span><\/span><script type=\"text\/javascript\"> jQuery('#footnote_plugin_tooltip_1541_1_1').tooltip({ tip: '#footnote_plugin_tooltip_text_1541_1_1', tipClass: 'footnote_tooltip', effect: 'fade', predelay: 0, fadeInSpeed: 200, delay: 400, fadeOutSpeed: 200, position: 'top center', relative: true, offset: [-7, 0], });<\/script> N\u1ebfu qu\u00fd v\u1ecb kh\u00f4ng \u0111\u1ed3ng \u00fd v\u1edbi quy\u1ebft \u0111\u1ecbnh c\u1ee7a ch\u01b0\u01a1ng tr\u00ecnh, qu\u00fd v\u1ecb c\u00f3 th\u1ec3 y\u00eau c\u1ea7u s\u1eed d\u1ee5ng th\u1ee7 t\u1ee5c than phi\u1ec1n. N\u1ebfu ch\u01b0\u01a1ng tr\u00ecnh ban ng\u00e0y vi ph\u1ea1m c\u00e1c quy\u1ec1n c\u1ee7a qu\u00fd v\u1ecb, qu\u00fd v\u1ecb c\u00f3 th\u1ec3 n\u1ed9p \u0111\u01a1n \u201ckhi\u1ebfu n\u1ea1i M\u1ee5c 4731\u201d. (Xem&nbsp;<a href=\"https:\/\/rula.disabilityrightsca.org\/vi\/rula-book\/chapter-10-appeals-and-complaints-disagreements-with-regional-centers-developmental-centers-or-service-providers\/\">Ch\u01b0\u01a1ng 10<\/a>).<\/p>\n\n\n\n<p>N\u1ebfu ch\u01b0\u01a1ng tr\u00ecnh cho r\u1eb1ng qu\u00fd v\u1ecb l\u00e0 m\u1ed1i \u0111e d\u1ecda v\u1edbi s\u1ee9c kh\u1ecfe v\u00e0 s\u1ef1 an to\u00e0n c\u1ee7a nh\u1eefng ng\u01b0\u1eddi kh\u00e1c trong ch\u01b0\u01a1ng tr\u00ecnh, h\u1ecd c\u00f3 th\u1ec3 y\u00eau c\u1ea7u qu\u00fd v\u1ecb r\u1eddi kh\u1ecfi ch\u01b0\u01a1ng tr\u00ecnh ngay l\u1eadp t\u1ee9c. Tuy nhi\u00ean, tr\u1eeb khi c\u00f3 v\u0103n b\u1ea3n th\u1ecfa thu\u1eadn tr\u01b0\u1edbc, h\u1ecd ph\u1ea3i g\u1eb7p qu\u00fd v\u1ecb v\u00e0 \u0111i\u1ec1u ph\u1ed1i vi\u00ean d\u1ecbch v\u1ee5 c\u1ee7a qu\u00fd v\u1ecb trong v\u00f2ng ba ng\u00e0y \u0111\u1ec3 th\u1ea3o lu\u1eadn v\u1ea5n \u0111\u1ec1 n\u00e0y v\u00e0 m\u1ecdi thay \u0111\u1ed5i c\u1ee7a ch\u01b0\u01a1ng tr\u00ecnh c\u00f3 th\u1ec3 gi\u00fap gi\u1ea3i quy\u1ebft v\u1ea5n \u0111\u1ec1. <span class=\"footnote_referrer\"><a role=\"button\" tabindex=\"0\" onclick=\"footnote_moveToReference_1541_1('footnote_plugin_reference_1541_1_2');\" onkeypress=\"footnote_moveToReference_1541_1('footnote_plugin_reference_1541_1_2');\" ><sup id=\"footnote_plugin_tooltip_1541_1_2\" class=\"footnote_plugin_tooltip_text\">[2]<\/sup><\/a><span id=\"footnote_plugin_tooltip_text_1541_1_2\" class=\"footnote_tooltip\">Ti\u00eau \u0110\u1ec1 17, B\u1ed9 Lu\u1eadt C\u00e1c Quy \u0110\u1ecbnh California m\u1ee5c 56718(h).<\/span><\/span><script type=\"text\/javascript\"> jQuery('#footnote_plugin_tooltip_1541_1_2').tooltip({ tip: '#footnote_plugin_tooltip_text_1541_1_2', tipClass: 'footnote_tooltip', effect: 'fade', predelay: 0, fadeInSpeed: 200, delay: 400, fadeOutSpeed: 200, position: 'top center', relative: true, offset: [-7, 0], });<\/script><\/p>\n<div class=\"speaker-mute footnotes_reference_container\"> <div class=\"footnote_container_prepare\"><p><span role=\"button\" tabindex=\"0\" class=\"footnote_reference_container_label pointer\" onclick=\"footnote_expand_collapse_reference_container_1541_1();\">&#x202F;<\/span><span role=\"button\" tabindex=\"0\" class=\"footnote_reference_container_collapse_button\" style=\"display: none;\" onclick=\"footnote_expand_collapse_reference_container_1541_1();\">[<a id=\"footnote_reference_container_collapse_button_1541_1\">+<\/a>]<\/span><\/p><\/div> <div id=\"footnote_references_container_1541_1\" style=\"\"><table class=\"footnotes_table footnote-reference-container\"><caption class=\"accessibility\">References<\/caption> <tbody> \r\n\r\n<tr class=\"footnotes_plugin_reference_row\"> <th scope=\"row\" class=\"footnote_plugin_index_combi pointer\"  onclick=\"footnote_moveToAnchor_1541_1('footnote_plugin_tooltip_1541_1_1');\"><a id=\"footnote_plugin_reference_1541_1_1\" class=\"footnote_backlink\"><span class=\"footnote_index_arrow\">&#8593;<\/span>1<\/a><\/th> <td class=\"footnote_plugin_text\">M\u1ee5c 4705(a)(2) v\u00e0 Ti\u00eau \u0110\u1ec1 17, B\u1ed9 Lu\u1eadt C\u00e1c Quy \u0110\u1ecbnh California m\u1ee5c 56710(a).<\/td><\/tr>\r\n\r\n<tr class=\"footnotes_plugin_reference_row\"> <th scope=\"row\" class=\"footnote_plugin_index_combi pointer\"  onclick=\"footnote_moveToAnchor_1541_1('footnote_plugin_tooltip_1541_1_2');\"><a id=\"footnote_plugin_reference_1541_1_2\" class=\"footnote_backlink\"><span class=\"footnote_index_arrow\">&#8593;<\/span>2<\/a><\/th> <td class=\"footnote_plugin_text\">Ti\u00eau \u0110\u1ec1 17, B\u1ed9 Lu\u1eadt C\u00e1c Quy \u0110\u1ecbnh California m\u1ee5c 56718(h).<\/td><\/tr>\r\n\r\n <\/tbody> <\/table> <\/div><\/div><script type=\"text\/javascript\"> function footnote_expand_reference_container_1541_1() { jQuery('#footnote_references_container_1541_1').show(); jQuery('#footnote_reference_container_collapse_button_1541_1').text('\u2212'); } function footnote_collapse_reference_container_1541_1() { jQuery('#footnote_references_container_1541_1').hide(); jQuery('#footnote_reference_container_collapse_button_1541_1').text('+'); } function footnote_expand_collapse_reference_container_1541_1() { if (jQuery('#footnote_references_container_1541_1').is(':hidden')) { footnote_expand_reference_container_1541_1(); } else { footnote_collapse_reference_container_1541_1(); } } function footnote_moveToReference_1541_1(p_str_TargetID) { footnote_expand_reference_container_1541_1(); var l_obj_Target = jQuery('#' + p_str_TargetID); if (l_obj_Target.length) { jQuery( 'html, body' ).delay( 0 ); jQuery('html, body').animate({ scrollTop: l_obj_Target.offset().top - window.innerHeight * 0.2 }, 380); } } function footnote_moveToAnchor_1541_1(p_str_TargetID) { footnote_expand_reference_container_1541_1(); var l_obj_Target = jQuery('#' + p_str_TargetID); if (l_obj_Target.length) { jQuery( 'html, body' ).delay( 0 ); jQuery('html, body').animate({ scrollTop: l_obj_Target.offset().top - window.innerHeight * 0.2 }, 380); } }<\/script>","protected":false},"excerpt":{"rendered":"<p>N\u1ebfu qu\u00fd v\u1ecb tin r\u1eb1ng ch\u01b0\u01a1ng tr\u00ecnh ban ng\u00e0y kh\u00f4ng \u0111\u00e1p \u1ee9ng nhu c\u1ea7u c\u1ee7a qu\u00fd v\u1ecb, h\u00e3y y\u00eau c\u1ea7u cu\u1ed9c h\u1ecdp IPP \u0111\u1ec3 trao&hellip;<\/p>\n","protected":false},"author":1,"featured_media":0,"parent":1447,"menu_order":14,"comment_status":"closed","ping_status":"closed","template":"","meta":{"footnotes":""},"class_list":["post-1541","page","type-page","status-publish","hentry"],"_links":{"self":[{"href":"https:\/\/rula.disabilityrightsca.org\/vi\/wp-json\/wp\/v2\/pages\/1541","targetHints":{"allow":["GET"]}}],"collection":[{"href":"https:\/\/rula.disabilityrightsca.org\/vi\/wp-json\/wp\/v2\/pages"}],"about":[{"href":"https:\/\/rula.disabilityrightsca.org\/vi\/wp-json\/wp\/v2\/types\/page"}],"author":[{"embeddable":true,"href":"https:\/\/rula.disabilityrightsca.org\/vi\/wp-json\/wp\/v2\/users\/1"}],"replies":[{"embeddable":true,"href":"https:\/\/rula.disabilityrightsca.org\/vi\/wp-json\/wp\/v2\/comments?post=1541"}],"version-history":[{"count":6,"href":"https:\/\/rula.disabilityrightsca.org\/vi\/wp-json\/wp\/v2\/pages\/1541\/revisions"}],"predecessor-version":[{"id":3463,"href":"https:\/\/rula.disabilityrightsca.org\/vi\/wp-json\/wp\/v2\/pages\/1541\/revisions\/3463"}],"up":[{"embeddable":true,"href":"https:\/\/rula.disabilityrightsca.org\/vi\/wp-json\/wp\/v2\/pages\/1447"}],"wp:attachment":[{"href":"https:\/\/rula.disabilityrightsca.org\/vi\/wp-json\/wp\/v2\/media?parent=1541"}],"curies":[{"name":"wp","href":"https:\/\/api.w.org\/{rel}","templated":true}]}}