{"id":1539,"date":"2021-07-01T21:25:28","date_gmt":"2021-07-01T21:25:28","guid":{"rendered":"http:\/\/www.rula.disabilityrightsca.org\/vi\/?page_id=1539"},"modified":"2022-04-27T16:50:08","modified_gmt":"2022-04-27T16:50:08","slug":"what-if-the-regional-center-no-longer-agrees-with-the-day-program-or-activities-i-am-receiving-under-my-ipp","status":"publish","type":"page","link":"https:\/\/rula.disabilityrightsca.org\/vi\/rula-book\/chapter-9-community-participation-work-day-and-leisure-activities\/what-if-the-regional-center-no-longer-agrees-with-the-day-program-or-activities-i-am-receiving-under-my-ipp\/","title":{"rendered":"(9.13)  N\u1ebfu trung t\u00e2m khu v\u1ef1c kh\u00f4ng c\u00f2n \u0111\u1ed3ng \u00fd v\u1edbi ch\u01b0\u01a1ng tr\u00ecnh ho\u1eb7c c\u00e1c ho\u1ea1t \u0111\u1ed9ng ban ng\u00e0y m\u00e0 t\u00f4i \u0111ang nh\u1eadn theo IPP th\u00ec sao?"},"content":{"rendered":"\n<p>Trung t\u00e2m khu v\u1ef1c c\u1ee7a qu\u00fd v\u1ecb c\u00f3 th\u1ec3 \u0111\u1ec1 xu\u1ea5t thay \u0111\u1ed5i ch\u01b0\u01a1ng tr\u00ecnh ho\u1eb7c c\u00e1c ho\u1ea1t \u0111\u1ed9ng ban ng\u00e0y c\u1ee7a qu\u00fd v\u1ecb. Tuy nhi\u00ean, sau khi c\u00e1c ch\u01b0\u01a1ng tr\u00ecnh ho\u1eb7c ho\u1ea1t \u0111\u1ed9ng \u0111\u01b0\u1ee3c vi\u1ebft v\u00e0o IPP c\u1ee7a qu\u00fd v\u1ecb, trung t\u00e2m khu v\u1ef1c ch\u1ec9 c\u00f3 th\u1ec3 y\u00eau c\u1ea7u thay \u0111\u1ed5i ch\u01b0\u01a1ng tr\u00ecnh c\u1ee7a qu\u00fd v\u1ecb trong cu\u1ed9c h\u1ecdp IPP. N\u1ebfu qu\u00fd v\u1ecb kh\u00f4ng nh\u1ea5t tr\u00ed v\u1edbi trung t\u00e2m khu v\u1ef1c sau cu\u1ed9c h\u1ecdp, trung t\u00e2m khu v\u1ef1c ph\u1ea3i g\u1eedi cho qu\u00fd v\u1ecb m\u1ed9t v\u0103n b\u1ea3n th\u00f4ng b\u00e1o v\u1ec1 thay \u0111\u1ed5i n\u00e0y, \u0111\u01b0\u1ee3c g\u1ecdi l\u00e0 Th\u00f4ng B\u00e1o H\u00e0nh \u0110\u1ed9ng (Notice of Action, NOA). Th\u00f4ng b\u00e1o n\u00e0y ph\u1ea3i cho bi\u1ebft quy\u1ec1n \u0111\u01b0\u1ee3c kh\u00e1ng c\u00e1o c\u1ee7a qu\u00fd v\u1ecb.<\/p>\n\n\n\n<p>Qu\u00fd v\u1ecb c\u00f3 quy\u1ec1n n\u1ed9p \u0111\u01a1n y\u00eau c\u1ea7u phi\u00ean \u0111i\u1ec1u tr\u1ea7n. N\u1ebfu qu\u00fd v\u1ecb n\u1ed9p \u0111\u01a1n trong v\u00f2ng&nbsp;<strong>10 ng\u00e0y<\/strong>&nbsp;sau khi nh\u1eadn th\u00f4ng b\u00e1o c\u1ee7a trung t\u00e2m khu v\u1ef1c, qu\u00fd v\u1ecb c\u00f3 th\u1ec3 \u1edf l\u1ea1i ch\u01b0\u01a1ng tr\u00ecnh trong khi kh\u00e1ng c\u00e1o. <span class=\"footnote_referrer\"><a role=\"button\" tabindex=\"0\" onclick=\"footnote_moveToReference_1539_1('footnote_plugin_reference_1539_1_1');\" onkeypress=\"footnote_moveToReference_1539_1('footnote_plugin_reference_1539_1_1');\" ><sup id=\"footnote_plugin_tooltip_1539_1_1\" class=\"footnote_plugin_tooltip_text\">[1]<\/sup><\/a><span id=\"footnote_plugin_tooltip_text_1539_1_1\" class=\"footnote_tooltip\">M\u1ee5c 4701(n).<\/span><\/span><script type=\"text\/javascript\"> jQuery('#footnote_plugin_tooltip_1539_1_1').tooltip({ tip: '#footnote_plugin_tooltip_text_1539_1_1', tipClass: 'footnote_tooltip', effect: 'fade', predelay: 0, fadeInSpeed: 200, delay: 400, fadeOutSpeed: 200, position: 'top center', relative: true, offset: [-7, 0], });<\/script> N\u1ebfu qu\u00fd v\u1ecb kh\u00f4ng n\u1ed9p \u0111\u01a1n kh\u00e1ng c\u00e1o trong v\u00f2ng 10 ng\u00e0y, qu\u00fd v\u1ecb v\u1eabn c\u00f3 th\u1ec3 ph\u1ea3n b\u00e1c quy\u1ebft \u0111\u1ecbnh c\u1ee7a trung t\u00e2m khu v\u1ef1c, mi\u1ec5n l\u00e0 qu\u00fd v\u1ecb n\u1ed9p \u0111\u01a1n trong v\u00f2ng 30 ng\u00e0y. Qu\u00fd v\u1ecb kh\u00f4ng th\u1ec3 \u1edf l\u1ea1i ch\u01b0\u01a1ng tr\u00ecnh trong qu\u00e1 tr\u00ecnh kh\u00e1ng c\u00e1o.<\/p>\n<div class=\"speaker-mute footnotes_reference_container\"> <div class=\"footnote_container_prepare\"><p><span role=\"button\" tabindex=\"0\" class=\"footnote_reference_container_label pointer\" onclick=\"footnote_expand_collapse_reference_container_1539_1();\">&#x202F;<\/span><span role=\"button\" tabindex=\"0\" class=\"footnote_reference_container_collapse_button\" style=\"display: none;\" onclick=\"footnote_expand_collapse_reference_container_1539_1();\">[<a id=\"footnote_reference_container_collapse_button_1539_1\">+<\/a>]<\/span><\/p><\/div> <div id=\"footnote_references_container_1539_1\" style=\"\"><table class=\"footnotes_table footnote-reference-container\"><caption class=\"accessibility\">References<\/caption> <tbody> \r\n\r\n<tr class=\"footnotes_plugin_reference_row\"> <th scope=\"row\" class=\"footnote_plugin_index_combi pointer\"  onclick=\"footnote_moveToAnchor_1539_1('footnote_plugin_tooltip_1539_1_1');\"><a id=\"footnote_plugin_reference_1539_1_1\" class=\"footnote_backlink\"><span class=\"footnote_index_arrow\">&#8593;<\/span>1<\/a><\/th> <td class=\"footnote_plugin_text\">M\u1ee5c 4701(n).<\/td><\/tr>\r\n\r\n <\/tbody> <\/table> <\/div><\/div><script type=\"text\/javascript\"> function footnote_expand_reference_container_1539_1() { jQuery('#footnote_references_container_1539_1').show(); jQuery('#footnote_reference_container_collapse_button_1539_1').text('\u2212'); } function footnote_collapse_reference_container_1539_1() { jQuery('#footnote_references_container_1539_1').hide(); jQuery('#footnote_reference_container_collapse_button_1539_1').text('+'); } function footnote_expand_collapse_reference_container_1539_1() { if (jQuery('#footnote_references_container_1539_1').is(':hidden')) { footnote_expand_reference_container_1539_1(); } else { footnote_collapse_reference_container_1539_1(); } } function footnote_moveToReference_1539_1(p_str_TargetID) { footnote_expand_reference_container_1539_1(); var l_obj_Target = jQuery('#' + p_str_TargetID); if (l_obj_Target.length) { jQuery( 'html, body' ).delay( 0 ); jQuery('html, body').animate({ scrollTop: l_obj_Target.offset().top - window.innerHeight * 0.2 }, 380); } } function footnote_moveToAnchor_1539_1(p_str_TargetID) { footnote_expand_reference_container_1539_1(); var l_obj_Target = jQuery('#' + p_str_TargetID); if (l_obj_Target.length) { jQuery( 'html, body' ).delay( 0 ); jQuery('html, body').animate({ scrollTop: l_obj_Target.offset().top - window.innerHeight * 0.2 }, 380); } }<\/script>","protected":false},"excerpt":{"rendered":"<p>Trung t\u00e2m khu v\u1ef1c c\u1ee7a qu\u00fd v\u1ecb c\u00f3 th\u1ec3 \u0111\u1ec1 xu\u1ea5t thay \u0111\u1ed5i ch\u01b0\u01a1ng tr\u00ecnh ho\u1eb7c c\u00e1c ho\u1ea1t \u0111\u1ed9ng ban ng\u00e0y c\u1ee7a qu\u00fd v\u1ecb. Tuy&hellip;<\/p>\n","protected":false},"author":1,"featured_media":0,"parent":1447,"menu_order":13,"comment_status":"closed","ping_status":"closed","template":"","meta":{"footnotes":""},"class_list":["post-1539","page","type-page","status-publish","hentry"],"_links":{"self":[{"href":"https:\/\/rula.disabilityrightsca.org\/vi\/wp-json\/wp\/v2\/pages\/1539","targetHints":{"allow":["GET"]}}],"collection":[{"href":"https:\/\/rula.disabilityrightsca.org\/vi\/wp-json\/wp\/v2\/pages"}],"about":[{"href":"https:\/\/rula.disabilityrightsca.org\/vi\/wp-json\/wp\/v2\/types\/page"}],"author":[{"embeddable":true,"href":"https:\/\/rula.disabilityrightsca.org\/vi\/wp-json\/wp\/v2\/users\/1"}],"replies":[{"embeddable":true,"href":"https:\/\/rula.disabilityrightsca.org\/vi\/wp-json\/wp\/v2\/comments?post=1539"}],"version-history":[{"count":3,"href":"https:\/\/rula.disabilityrightsca.org\/vi\/wp-json\/wp\/v2\/pages\/1539\/revisions"}],"predecessor-version":[{"id":3252,"href":"https:\/\/rula.disabilityrightsca.org\/vi\/wp-json\/wp\/v2\/pages\/1539\/revisions\/3252"}],"up":[{"embeddable":true,"href":"https:\/\/rula.disabilityrightsca.org\/vi\/wp-json\/wp\/v2\/pages\/1447"}],"wp:attachment":[{"href":"https:\/\/rula.disabilityrightsca.org\/vi\/wp-json\/wp\/v2\/media?parent=1539"}],"curies":[{"name":"wp","href":"https:\/\/api.w.org\/{rel}","templated":true}]}}