{"id":1537,"date":"2021-07-01T21:24:01","date_gmt":"2021-07-01T21:24:01","guid":{"rendered":"http:\/\/www.rula.disabilityrightsca.org\/vi\/?page_id=1537"},"modified":"2022-04-27T16:49:53","modified_gmt":"2022-04-27T16:49:53","slug":"what-other-kinds-of-day-and-leisure-activities-are-there-for-people-with-developmental-disabilities","status":"publish","type":"page","link":"https:\/\/rula.disabilityrightsca.org\/vi\/rula-book\/chapter-9-community-participation-work-day-and-leisure-activities\/what-other-kinds-of-day-and-leisure-activities-are-there-for-people-with-developmental-disabilities\/","title":{"rendered":"(9.12) C\u00f3 c\u00e1c lo\u1ea1i ho\u1ea1t \u0111\u1ed9ng ban ng\u00e0y v\u00e0 ho\u1ea1t \u0111\u1ed9ng l\u00fac r\u1ea3nh r\u1ed7i n\u00e0o kh\u00e1c d\u00e0nh cho nh\u1eefng ng\u01b0\u1eddi b\u1ecb khuy\u1ebft t\u1eadt v\u1ec1 ph\u00e1t tri\u1ec3n?"},"content":{"rendered":"\n<p>Trung t\u00e2m khu v\u1ef1c c\u00f3 th\u1ec3 thanh to\u00e1n cho c\u00e1c chi ph\u00ed c\u1eafm tr\u1ea1i v\u00e0 \u0111i l\u1ea1i li\u00ean quan. \u0110\u00e2y l\u00e0 m\u1ed9t d\u1ecbch v\u1ee5 tr\u01b0\u1edbc \u0111\u00f3 b\u1ecb t\u1ea1m ng\u1eebng, ngh\u0129a l\u00e0 trung t\u00e2m khu v\u1ef1c kh\u00f4ng th\u1ec3 thanh to\u00e1n cho d\u1ecbch v\u1ee5 n\u00e0y. Tuy nhi\u00ean, k\u1ec3 t\u1eeb th\u00e1ng 7 n\u0103m 2021, trung t\u00e2m khu v\u1ef1c c\u00f3 th\u1ec3 thanh to\u00e1n. <span class=\"footnote_referrer\"><a role=\"button\" tabindex=\"0\" onclick=\"footnote_moveToReference_1537_1('footnote_plugin_reference_1537_1_1');\" onkeypress=\"footnote_moveToReference_1537_1('footnote_plugin_reference_1537_1_1');\" ><sup id=\"footnote_plugin_tooltip_1537_1_1\" class=\"footnote_plugin_tooltip_text\">[1]<\/sup><\/a><span id=\"footnote_plugin_tooltip_text_1537_1_1\" class=\"footnote_tooltip\">M\u1ee5c 4648.5(a).<\/span><\/span><script type=\"text\/javascript\"> jQuery('#footnote_plugin_tooltip_1537_1_1').tooltip({ tip: '#footnote_plugin_tooltip_text_1537_1_1', tipClass: 'footnote_tooltip', effect: 'fade', predelay: 0, fadeInSpeed: 200, delay: 400, fadeOutSpeed: 200, position: 'top center', relative: true, offset: [-7, 0], });<\/script><\/p>\n\n\n\n<p>Hai l\u1ef1a ch\u1ecdn kh\u00e1c, D\u1ecbch V\u1ee5 Ban Ng\u00e0y \u0110\u01b0\u1ee3c \u0110i\u1ec1u Ch\u1ec9nh v\u00e0 D\u1ecbch V\u1ee5 \u0110\u00e0o T\u1ea1o D\u1ef1a Tr\u00ean C\u1ed9ng \u0110\u1ed3ng C\u00f3 Phi\u1ebfu Mua H\u00e0ng, cho ph\u00e9p qu\u00fd v\u1ecb ch\u1ecdn v\u00e0 \u0111i\u1ec1u ch\u1ec9nh c\u00e1c d\u1ecbch v\u1ee5 ban ng\u00e0y c\u1ee7a m\u00ecnh. Lo\u1ea1i v\u00e0 th\u1eddi l\u01b0\u1ee3ng c\u00e1c d\u1ecbch v\u1ee5 n\u00e0y \u0111\u01b0\u1ee3c x\u00e1c \u0111\u1ecbnh qua quy tr\u00ecnh IPP v\u00e0 vi\u1ebft v\u00e0o IPP, bao g\u1ed3m lo\u1ea1i v\u00e0 s\u1ed1 l\u01b0\u1ee3ng d\u1ecbch v\u1ee5 c\u00f9ng nh\u00e2n vi\u00ean c\u1ea7n thi\u1ebft \u0111\u1ec3 th\u1ef1c hi\u1ec7n k\u1ebf ho\u1ea1ch c\u1ee7a qu\u00fd v\u1ecb.<\/p>\n\n\n\n<p>N\u1ebfu qu\u00fd v\u1ecb ch\u1ecdn D\u1ecbch V\u1ee5 Ban Ng\u00e0y \u0110\u01b0\u1ee3c \u0110i\u1ec1u Ch\u1ec9nh, d\u1ecbch v\u1ee5 n\u00e0y ph\u1ea3i l\u00e0m \u0111\u01b0\u1ee3c hai \u0111i\u1ec1u.<\/p>\n\n\n\n<ol class=\"wp-block-list\" type=\"1\"><li>Ph\u00e1t tri\u1ec3n thi\u1ebft k\u1ebf d\u1ecbch v\u1ee5 qua IPP c\u1ee7a qu\u00fd v\u1ecb \u0111\u1ec3 t\u1eadn d\u1ee5ng t\u1ed1i \u0111a l\u1ef1a ch\u1ecdn v\u00e0 nhu c\u1ea7u c\u1ee7a qu\u00fd v\u1ecb. \u0110i\u1ec1u n\u00e0y th\u01b0\u1eddng l\u00e0 s\u1ed1 gi\u1edd ho\u1eb7c s\u1ed1 ng\u00e0y \u00edt h\u01a1n ch\u01b0\u01a1ng tr\u00ecnh ban ng\u00e0y truy\u1ec1n th\u1ed1ng v\u00e0 linh ho\u1ea1t \u0111\u00e1p \u1ee9ng nhu c\u1ea7u c\u00e1 nh\u00e2n c\u1ee7a qu\u00fd v\u1ecb.<\/li><li>Trao cho qu\u00fd v\u1ecb c\u00e1c c\u01a1 h\u1ed9i c\u00f3 \u0111\u01b0\u1ee3c ho\u1eb7c duy tr\u00ec c\u00f4ng vi\u1ec7c, ho\u1ea1t \u0111\u1ed9ng t\u00ecnh nguy\u1ec7n ho\u1eb7c gi\u00e1o d\u1ee5c, t\u1eadn d\u1ee5ng t\u1ed1i \u0111a c\u00e1c d\u1ecbch v\u1ee5 d\u00e0nh cho qu\u00fd v\u1ecb v\u00e0 tr\u1ee3 gi\u00fap qu\u00fd v\u1ecb h\u00f2a nh\u1eadp v\u1edbi c\u1ed9ng \u0111\u1ed3ng. <span class=\"footnote_referrer\"><a role=\"button\" tabindex=\"0\" onclick=\"footnote_moveToReference_1537_1('footnote_plugin_reference_1537_1_2');\" onkeypress=\"footnote_moveToReference_1537_1('footnote_plugin_reference_1537_1_2');\" ><sup id=\"footnote_plugin_tooltip_1537_1_2\" class=\"footnote_plugin_tooltip_text\">[2]<\/sup><\/a><span id=\"footnote_plugin_tooltip_text_1537_1_2\" class=\"footnote_tooltip\">M\u1ee5c 4688.21 (b)(1-7).<\/span><\/span><script type=\"text\/javascript\"> jQuery('#footnote_plugin_tooltip_1537_1_2').tooltip({ tip: '#footnote_plugin_tooltip_text_1537_1_2', tipClass: 'footnote_tooltip', effect: 'fade', predelay: 0, fadeInSpeed: 200, delay: 400, fadeOutSpeed: 200, position: 'top center', relative: true, offset: [-7, 0], });<\/script><\/li><\/ol>\n\n\n\n<p>D\u1ecbch V\u1ee5 \u0110\u00e0o T\u1ea1o D\u1ef1a Tr\u00ean C\u1ed9ng \u0110\u1ed3ng C\u00f3 Phi\u1ebfu Mua H\u00e0ng (D\u1ecbch v\u1ee5 VCBT) ph\u1ea3i tr\u1ee3 gi\u00fap qu\u00fd v\u1ecb ph\u00e1t tri\u1ec3n c\u00e1c k\u1ef9 n\u0103ng c\u1ea7n thi\u1ebft \u0111\u1ec3 l\u00e0m vi\u1ec7c trong c\u1ed9ng \u0111\u1ed3ng ho\u1eb7c tham gia c\u00f4ng vi\u1ec7c t\u00ecnh nguy\u1ec7n ho\u1eb7c gi\u00e1o d\u1ee5c. C\u00f3 nhi\u1ec1u quy \u0111\u1ecbnh \u00e1p d\u1ee5ng cho ch\u01b0\u01a1ng tr\u00ecnh \u0111\u01b0\u1ee3c \u0111i\u1ec1u ch\u1ec9nh n\u00e0y bao g\u1ed3m:<\/p>\n\n\n\n<ol class=\"wp-block-list\" type=\"1\"><li>D\u1ecbch V\u1ee5 ph\u1ea3i \u0111\u01b0\u1ee3c cung c\u1ea5p trong m\u1ed9t m\u00f4i tr\u01b0\u1eddng t\u1ef1 nhi\u00ean trong c\u1ed9ng \u0111\u1ed3ng, kh\u00f4ng ph\u1ea3i t\u1ea1i nh\u00e0 ri\u00eang c\u1ee7a qu\u00fd v\u1ecb;<\/li><li>N\u1ebfu qu\u00fd v\u1ecb, cha\/m\u1eb9 ho\u1eb7c ng\u01b0\u1eddi b\u1ea3o h\u1ed9 c\u1ee7a qu\u00fd v\u1ecb l\u00e0m b\u00ean cung c\u1ea5p d\u01b0\u1edbi d\u1ea1ng d\u1ecbch v\u1ee5 VCBT, qu\u00fd v\u1ecb ph\u1ea3i s\u1eed d\u1ee5ng d\u1ecbch v\u1ee5 qu\u1ea3n l\u00fd t\u00e0i ch\u00ednh (FMS);<\/li><li>Cha\/m\u1eb9 ho\u1eb7c ng\u01b0\u1eddi b\u1ea3o h\u1ed9 qu\u00fd v\u1ecb kh\u00f4ng th\u1ec3 l\u00e0 nh\u00e2n vi\u00ean h\u1ed7 tr\u1ee3 tr\u1ef1c ti\u1ebfp cho qu\u00fd v\u1ecb;<\/li><li>N\u1ebfu qu\u00fd v\u1ecb l\u00e0m b\u00ean cung c\u1ea5p d\u01b0\u1edbi d\u1ea1ng D\u1ecbch V\u1ee5 VCBT, qu\u00fd v\u1ecb c\u0169ng ph\u1ea3i h\u1ed9i \u0111\u1ee7 \u0111i\u1ec1u ki\u1ec7n nh\u1eadn v\u00e9 xe bu\u00fdt do trung t\u00e2m khu v\u1ef1c t\u00e0i tr\u1ee3, n\u1ebfu th\u00edch h\u1ee3p, v\u00e0,<\/li><li>D\u1ecbch V\u1ee5 VCBT gi\u1edbi h\u1ea1n \u1edf t\u1ed1i \u0111a 150 gi\u1edd\/qu\u00fd. <span class=\"footnote_referrer\"><a role=\"button\" tabindex=\"0\" onclick=\"footnote_moveToReference_1537_1('footnote_plugin_reference_1537_1_3');\" onkeypress=\"footnote_moveToReference_1537_1('footnote_plugin_reference_1537_1_3');\" ><sup id=\"footnote_plugin_tooltip_1537_1_3\" class=\"footnote_plugin_tooltip_text\">[3]<\/sup><\/a><span id=\"footnote_plugin_tooltip_text_1537_1_3\" class=\"footnote_tooltip\">M\u1ee5c 4688.21 (c)(1-12); xem th\u00eam Ti\u00eau \u0110\u1ec1 17, B\u1ed9 Lu\u1eadt C\u00e1c Quy \u0110\u1ecbnh California c\u00e1c m\u1ee5c 58884-58888.<\/span><\/span><script type=\"text\/javascript\"> jQuery('#footnote_plugin_tooltip_1537_1_3').tooltip({ tip: '#footnote_plugin_tooltip_text_1537_1_3', tipClass: 'footnote_tooltip', effect: 'fade', predelay: 0, fadeInSpeed: 200, delay: 400, fadeOutSpeed: 200, position: 'top center', relative: true, offset: [-7, 0], });<\/script><\/li><\/ol>\n<div class=\"speaker-mute footnotes_reference_container\"> <div class=\"footnote_container_prepare\"><p><span role=\"button\" tabindex=\"0\" class=\"footnote_reference_container_label pointer\" onclick=\"footnote_expand_collapse_reference_container_1537_1();\">&#x202F;<\/span><span role=\"button\" tabindex=\"0\" class=\"footnote_reference_container_collapse_button\" style=\"display: none;\" onclick=\"footnote_expand_collapse_reference_container_1537_1();\">[<a id=\"footnote_reference_container_collapse_button_1537_1\">+<\/a>]<\/span><\/p><\/div> <div id=\"footnote_references_container_1537_1\" style=\"\"><table class=\"footnotes_table footnote-reference-container\"><caption class=\"accessibility\">References<\/caption> <tbody> \r\n\r\n<tr class=\"footnotes_plugin_reference_row\"> <th scope=\"row\" class=\"footnote_plugin_index_combi pointer\"  onclick=\"footnote_moveToAnchor_1537_1('footnote_plugin_tooltip_1537_1_1');\"><a id=\"footnote_plugin_reference_1537_1_1\" class=\"footnote_backlink\"><span class=\"footnote_index_arrow\">&#8593;<\/span>1<\/a><\/th> <td class=\"footnote_plugin_text\">M\u1ee5c 4648.5(a).<\/td><\/tr>\r\n\r\n<tr class=\"footnotes_plugin_reference_row\"> <th scope=\"row\" class=\"footnote_plugin_index_combi pointer\"  onclick=\"footnote_moveToAnchor_1537_1('footnote_plugin_tooltip_1537_1_2');\"><a id=\"footnote_plugin_reference_1537_1_2\" class=\"footnote_backlink\"><span class=\"footnote_index_arrow\">&#8593;<\/span>2<\/a><\/th> <td class=\"footnote_plugin_text\">M\u1ee5c 4688.21 (b)(1-7).<\/td><\/tr>\r\n\r\n<tr class=\"footnotes_plugin_reference_row\"> <th scope=\"row\" class=\"footnote_plugin_index_combi pointer\"  onclick=\"footnote_moveToAnchor_1537_1('footnote_plugin_tooltip_1537_1_3');\"><a id=\"footnote_plugin_reference_1537_1_3\" class=\"footnote_backlink\"><span class=\"footnote_index_arrow\">&#8593;<\/span>3<\/a><\/th> <td class=\"footnote_plugin_text\">M\u1ee5c 4688.21 (c)(1-12); xem th\u00eam Ti\u00eau \u0110\u1ec1 17, B\u1ed9 Lu\u1eadt C\u00e1c Quy \u0110\u1ecbnh California c\u00e1c m\u1ee5c 58884-58888.<\/td><\/tr>\r\n\r\n <\/tbody> <\/table> <\/div><\/div><script type=\"text\/javascript\"> function footnote_expand_reference_container_1537_1() { jQuery('#footnote_references_container_1537_1').show(); jQuery('#footnote_reference_container_collapse_button_1537_1').text('\u2212'); } function footnote_collapse_reference_container_1537_1() { jQuery('#footnote_references_container_1537_1').hide(); jQuery('#footnote_reference_container_collapse_button_1537_1').text('+'); } function footnote_expand_collapse_reference_container_1537_1() { if (jQuery('#footnote_references_container_1537_1').is(':hidden')) { footnote_expand_reference_container_1537_1(); } else { footnote_collapse_reference_container_1537_1(); } } function footnote_moveToReference_1537_1(p_str_TargetID) { footnote_expand_reference_container_1537_1(); var l_obj_Target = jQuery('#' + p_str_TargetID); if (l_obj_Target.length) { jQuery( 'html, body' ).delay( 0 ); jQuery('html, body').animate({ scrollTop: l_obj_Target.offset().top - window.innerHeight * 0.2 }, 380); } } function footnote_moveToAnchor_1537_1(p_str_TargetID) { footnote_expand_reference_container_1537_1(); var l_obj_Target = jQuery('#' + p_str_TargetID); if (l_obj_Target.length) { jQuery( 'html, body' ).delay( 0 ); jQuery('html, body').animate({ scrollTop: l_obj_Target.offset().top - window.innerHeight * 0.2 }, 380); } }<\/script>","protected":false},"excerpt":{"rendered":"<p>Trung t\u00e2m khu v\u1ef1c c\u00f3 th\u1ec3 thanh to\u00e1n cho c\u00e1c chi ph\u00ed c\u1eafm tr\u1ea1i v\u00e0 \u0111i l\u1ea1i li\u00ean quan. \u0110\u00e2y l\u00e0 m\u1ed9t d\u1ecbch v\u1ee5 tr\u01b0\u1edbc&hellip;<\/p>\n","protected":false},"author":1,"featured_media":0,"parent":1447,"menu_order":12,"comment_status":"closed","ping_status":"closed","template":"","meta":{"footnotes":""},"class_list":["post-1537","page","type-page","status-publish","hentry"],"_links":{"self":[{"href":"https:\/\/rula.disabilityrightsca.org\/vi\/wp-json\/wp\/v2\/pages\/1537","targetHints":{"allow":["GET"]}}],"collection":[{"href":"https:\/\/rula.disabilityrightsca.org\/vi\/wp-json\/wp\/v2\/pages"}],"about":[{"href":"https:\/\/rula.disabilityrightsca.org\/vi\/wp-json\/wp\/v2\/types\/page"}],"author":[{"embeddable":true,"href":"https:\/\/rula.disabilityrightsca.org\/vi\/wp-json\/wp\/v2\/users\/1"}],"replies":[{"embeddable":true,"href":"https:\/\/rula.disabilityrightsca.org\/vi\/wp-json\/wp\/v2\/comments?post=1537"}],"version-history":[{"count":3,"href":"https:\/\/rula.disabilityrightsca.org\/vi\/wp-json\/wp\/v2\/pages\/1537\/revisions"}],"predecessor-version":[{"id":3250,"href":"https:\/\/rula.disabilityrightsca.org\/vi\/wp-json\/wp\/v2\/pages\/1537\/revisions\/3250"}],"up":[{"embeddable":true,"href":"https:\/\/rula.disabilityrightsca.org\/vi\/wp-json\/wp\/v2\/pages\/1447"}],"wp:attachment":[{"href":"https:\/\/rula.disabilityrightsca.org\/vi\/wp-json\/wp\/v2\/media?parent=1537"}],"curies":[{"name":"wp","href":"https:\/\/api.w.org\/{rel}","templated":true}]}}