{"id":1535,"date":"2021-07-01T21:21:51","date_gmt":"2021-07-01T21:21:51","guid":{"rendered":"http:\/\/www.rula.disabilityrightsca.org\/vi\/?page_id=1535"},"modified":"2022-04-27T16:49:41","modified_gmt":"2022-04-27T16:49:41","slug":"what-are-day-programs","status":"publish","type":"page","link":"https:\/\/rula.disabilityrightsca.org\/vi\/rula-book\/chapter-9-community-participation-work-day-and-leisure-activities\/what-are-day-programs\/","title":{"rendered":"(9.11) Ch\u01b0\u01a1ng tr\u00ecnh ban ng\u00e0y l\u00e0 g\u00ec?"},"content":{"rendered":"\n<p>Ch\u01b0\u01a1ng tr\u00ecnh ban ng\u00e0y l\u00e0 thu\u1eadt ng\u1eef chung \u0111\u01b0\u1ee3c d\u00f9ng \u0111\u1ec3 m\u00f4 t\u1ea3 nhi\u1ec1u ch\u01b0\u01a1ng tr\u00ecnh d\u00e0nh cho ng\u01b0\u1eddi tr\u01b0\u1edfng th\u00e0nh b\u1ecb khuy\u1ebft t\u1eadt v\u1ec1 ph\u00e1t tri\u1ec3n. Nh\u1eefng ch\u01b0\u01a1ng tr\u00ecnh n\u00e0y cung c\u1ea5p c\u00e1c d\u1ecbch v\u1ee5 tr\u00ean c\u01a1 s\u1edf h\u00e0ng gi\u1edd ho\u1eb7c h\u00e0ng ng\u00e0y nh\u01b0ng kh\u00f4ng ph\u1ea3i l\u00e0 ch\u01b0\u01a1ng tr\u00ecnh 24 gi\u1edd. Trong ch\u01b0\u01a1ng tr\u00ecnh ban ng\u00e0y, qu\u00fd v\u1ecb c\u00f3 th\u1ec3 h\u1ecdc c\u00e1ch t\u01b0\u01a1ng t\u00e1c v\u1edbi nh\u1eefng ng\u01b0\u1eddi kh\u00e1c, b\u00e0y t\u1ecf nh\u1eefng \u0111i\u1ec1u qu\u00fd v\u1ecb c\u1ea7n v\u00e0 l\u00e0m theo h\u01b0\u1edbng d\u1eabn. C\u00e1c lo\u1ea1i ch\u01b0\u01a1ng tr\u00ecnh ban ng\u00e0y g\u1ed3m c\u00f3:<\/p>\n\n\n\n<ul class=\"wp-block-list\"><li>Trung t\u00e2m ph\u00e1t tri\u1ec3n d\u00e0nh cho ng\u01b0\u1eddi tr\u01b0\u1edfng th\u00e0nh,<\/li><li>Trung t\u00e2m ho\u1ea1t \u0111\u1ed9ng,<\/li><li>Ch\u01b0\u01a1ng tr\u00ecnh qu\u1ea3n l\u00fd h\u00e0nh vi,<\/li><li>Ch\u01b0\u01a1ng tr\u00ecnh k\u1ef9 n\u0103ng s\u1ed1ng \u0111\u1ed9c l\u1eadp, v\u00e0<\/li><li>Ch\u01b0\u01a1ng tr\u00ecnh gi\u1ea3i tr\u00ed x\u00e3 h\u1ed9i. <span class=\"footnote_referrer\"><a role=\"button\" tabindex=\"0\" onclick=\"footnote_moveToReference_1535_1('footnote_plugin_reference_1535_1_1');\" onkeypress=\"footnote_moveToReference_1535_1('footnote_plugin_reference_1535_1_1');\" ><sup id=\"footnote_plugin_tooltip_1535_1_1\" class=\"footnote_plugin_tooltip_text\">[1]<\/sup><\/a><span id=\"footnote_plugin_tooltip_text_1535_1_1\" class=\"footnote_tooltip\">Ti\u00eau \u0110\u1ec1 17, B\u1ed9 Lu\u1eadt C\u00e1c Quy \u0110\u1ecbnh California, m\u1ee5c 54302(a)(16).<\/span><\/span><script type=\"text\/javascript\"> jQuery('#footnote_plugin_tooltip_1535_1_1').tooltip({ tip: '#footnote_plugin_tooltip_text_1535_1_1', tipClass: 'footnote_tooltip', effect: 'fade', predelay: 0, fadeInSpeed: 200, delay: 400, fadeOutSpeed: 200, position: 'top center', relative: true, offset: [-7, 0], });<\/script><\/li><\/ul>\n\n\n\n<p><strong><u>Trung T\u00e2m Ph\u00e1t Tri\u1ec3n D\u00e0nh Cho Ng\u01b0\u1eddi Tr\u01b0\u1edfng Th\u00e0nh<\/u><\/strong>&nbsp;l\u00e0 m\u1ed9t lo\u1ea1i ch\u01b0\u01a1ng tr\u00ecnh ban ng\u00e0y. C\u00e1c ch\u01b0\u01a1ng tr\u00ecnh n\u00e0y t\u1eadp trung gi\u00fap qu\u00fd v\u1ecb ph\u00e1t tri\u1ec3n v\u00e0 duy tr\u00ec c\u00e1c k\u1ef9 n\u0103ng c\u1ea7n thi\u1ebft \u0111\u1ec3 qu\u00fd v\u1ecb t\u1ef1 b\u00eanh v\u1ef1c, h\u00f2a nh\u1eadp v\u1edbi c\u1ed9ng \u0111\u1ed3ng, c\u00f3 vi\u1ec7c l\u00e0m v\u00e0 ch\u0103m s\u00f3c b\u1ea3n th\u00e2n. <span class=\"footnote_referrer\"><a role=\"button\" tabindex=\"0\" onclick=\"footnote_moveToReference_1535_1('footnote_plugin_reference_1535_1_2');\" onkeypress=\"footnote_moveToReference_1535_1('footnote_plugin_reference_1535_1_2');\" ><sup id=\"footnote_plugin_tooltip_1535_1_2\" class=\"footnote_plugin_tooltip_text\">[2]<\/sup><\/a><span id=\"footnote_plugin_tooltip_text_1535_1_2\" class=\"footnote_tooltip\">Ti\u00eau \u0110\u1ec1 17, B\u1ed9 Lu\u1eadt C\u00e1c Quy \u0110\u1ecbnh California, m\u1ee5c 54302(a)(7).<\/span><\/span><script type=\"text\/javascript\"> jQuery('#footnote_plugin_tooltip_1535_1_2').tooltip({ tip: '#footnote_plugin_tooltip_text_1535_1_2', tipClass: 'footnote_tooltip', effect: 'fade', predelay: 0, fadeInSpeed: 200, delay: 400, fadeOutSpeed: 200, position: 'top center', relative: true, offset: [-7, 0], });<\/script> M\u1ed9t s\u1ed1 ch\u01b0\u01a1ng tr\u00ecnh c\u00f3 c\u00e1c ho\u1ea1t \u0111\u1ed9ng kh\u00e1c nhau h\u00e0ng ng\u00e0y nh\u01b0 l\u00e0m vi\u1ec7c, l\u00e0m t\u00ecnh nguy\u1ec7n, gi\u00e1o d\u1ee5c, gi\u1ea3i tr\u00ed v\u00e0 k\u1ef9 n\u0103ng s\u1ed1ng \u0111\u1ed9c l\u1eadp. C\u00e1c ho\u1ea1t \u0111\u1ed9ng d\u00e0nh cho qu\u00fd v\u1ecb t\u00f9y thu\u1ed9c v\u00e0o nh\u1eefng \u0111i\u1ec1u qu\u00fd v\u1ecb c\u1ea7n v\u00e0 mong mu\u1ed1n.<\/p>\n\n\n\n<p>H\u1ecfi trung t\u00e2m khu v\u1ef1c xem c\u00f3 c\u00e1c ch\u01b0\u01a1ng tr\u00ecnh t\u01b0\u01a1ng t\u1ef1 g\u1ea7n n\u01a1i qu\u00fd v\u1ecb s\u1ed1ng kh\u00f4ng. N\u1ebfu kh\u00f4ng c\u00f3, h\u00e3y y\u00eau c\u1ea7u trung t\u00e2m khu v\u1ef1c b\u1eaft \u0111\u1ea7u m\u1ed9t ch\u01b0\u01a1ng tr\u00ecnh.<\/p>\n\n\n\n<p><strong><u>Trung T\u00e2m Ho\u1ea1t \u0110\u1ed9ng<\/u><\/strong>&nbsp;l\u00e0 ch\u01b0\u01a1ng tr\u00ecnh ban ng\u00e0y d\u00e0nh cho nh\u1eefng ng\u01b0\u1eddi:<\/p>\n\n\n\n<ul class=\"wp-block-list\"><li>\u0110\u00e3 c\u00f3 c\u00e1c k\u1ef9 n\u0103ng t\u1ef1 ch\u0103m s\u00f3c c\u01a1 b\u1ea3n,<\/li><li>C\u00f3 th\u1ec3 t\u01b0\u01a1ng t\u00e1c m\u1ed9t ch\u00fat v\u1edbi nh\u1eefng ng\u01b0\u1eddi kh\u00e1c,<\/li><li>C\u00f3 th\u1ec3 gi\u1ea3i th\u00edch nh\u1eefng \u0111i\u1ec1u h\u1ecd c\u1ea7n, v\u00e0<\/li><li>L\u00e0m theo h\u01b0\u1edbng d\u1eabn.<\/li><\/ul>\n\n\n\n<p>Nh\u1eefng ch\u01b0\u01a1ng tr\u00ecnh n\u00e0y gi\u00fap qu\u00fd v\u1ecb ph\u00e1t tri\u1ec3n v\u00e0 duy tr\u00ec c\u00e1c duy tr\u00ec c\u00e1c k\u1ef9 n\u0103ng c\u1ea7n thi\u1ebft \u0111\u1ec3 qu\u00fd v\u1ecb t\u1ef1 b\u1ec7nh v\u1ef1c, h\u00f2a nh\u1eadp v\u1edbi c\u1ed9ng \u0111\u1ed3ng v\u00e0 l\u00e0m vi\u1ec7c. <span class=\"footnote_referrer\"><a role=\"button\" tabindex=\"0\" onclick=\"footnote_moveToReference_1535_1('footnote_plugin_reference_1535_1_3');\" onkeypress=\"footnote_moveToReference_1535_1('footnote_plugin_reference_1535_1_3');\" ><sup id=\"footnote_plugin_tooltip_1535_1_3\" class=\"footnote_plugin_tooltip_text\">[3]<\/sup><\/a><span id=\"footnote_plugin_tooltip_text_1535_1_3\" class=\"footnote_tooltip\">Ti\u00eau \u0110\u1ec1 17, B\u1ed9 Lu\u1eadt C\u00e1c Quy \u0110\u1ecbnh California, m\u1ee5c 54302(a)(2).<\/span><\/span><script type=\"text\/javascript\"> jQuery('#footnote_plugin_tooltip_1535_1_3').tooltip({ tip: '#footnote_plugin_tooltip_text_1535_1_3', tipClass: 'footnote_tooltip', effect: 'fade', predelay: 0, fadeInSpeed: 200, delay: 400, fadeOutSpeed: 200, position: 'top center', relative: true, offset: [-7, 0], });<\/script><\/p>\n\n\n\n<p><strong><u>Ch\u01b0\u01a1ng Tr\u00ecnh Qu\u1ea3n L\u00fd H\u00e0nh Vi<\/u><\/strong>&nbsp;l\u00e0 ch\u01b0\u01a1ng tr\u00ecnh ban ng\u00e0y d\u00e0nh cho ng\u01b0\u1eddi tr\u01b0\u1edfng th\u00e0nh b\u1ecb r\u1ed1i lo\u1ea1n h\u00e0nh vi nghi\u00eam tr\u1ecdng ho\u1eb7c m\u1eafc c\u1ea3 khuy\u1ebft t\u1eadt v\u1ec1 ph\u00e1t tri\u1ec3n v\u00e0 t\u00e2m th\u1ea7n. C\u00e1c ch\u01b0\u01a1ng tr\u00ecnh n\u00e0y ph\u1ee5c v\u1ee5 ng\u01b0\u1eddi tr\u01b0\u1edfng th\u00e0nh kh\u00f4ng h\u1ed9i \u0111\u1ee7 \u0111i\u1ec1u ki\u1ec7n tham gia c\u00e1c ch\u01b0\u01a1ng tr\u00ecnh ban ng\u00e0y kh\u00e1c do c\u00e1c v\u1ea5n \u0111\u1ec1 v\u1ec1 h\u00e0nh vi. <span class=\"footnote_referrer\"><a role=\"button\" tabindex=\"0\" onclick=\"footnote_moveToReference_1535_1('footnote_plugin_reference_1535_1_4');\" onkeypress=\"footnote_moveToReference_1535_1('footnote_plugin_reference_1535_1_4');\" ><sup id=\"footnote_plugin_tooltip_1535_1_4\" class=\"footnote_plugin_tooltip_text\">[4]<\/sup><\/a><span id=\"footnote_plugin_tooltip_text_1535_1_4\" class=\"footnote_tooltip\">Ti\u00eau \u0110\u1ec1 17, B\u1ed9 Lu\u1eadt C\u00e1c Quy \u0110\u1ecbnh California, m\u1ee5c 54302(a)(12).<\/span><\/span><script type=\"text\/javascript\"> jQuery('#footnote_plugin_tooltip_1535_1_4').tooltip({ tip: '#footnote_plugin_tooltip_text_1535_1_4', tipClass: 'footnote_tooltip', effect: 'fade', predelay: 0, fadeInSpeed: 200, delay: 400, fadeOutSpeed: 200, position: 'top center', relative: true, offset: [-7, 0], });<\/script><\/p>\n\n\n\n<p><strong><u>Ch\u01b0\u01a1ng Tr\u00ecnh Gi\u1ea3i Tr\u00ed&nbsp;X\u00e3 H\u1ed9i<\/u><\/strong>&nbsp;l\u00e0 ch\u01b0\u01a1ng tr\u00ecnh ban ng\u00e0y gi\u00fap qu\u00fd v\u1ecb h\u00f2a nh\u1eadp v\u1edbi c\u1ed9ng \u0111\u1ed3ng v\u00e0 t\u1ef1 b\u00eanh v\u1ef1c cho gi\u1ea3i tr\u00ed v\u00e0 c\u00e1c ho\u1ea1t \u0111\u1ed9ng l\u00fac r\u1ea3nh r\u1ed7i. <span class=\"footnote_referrer\"><a role=\"button\" tabindex=\"0\" onclick=\"footnote_moveToReference_1535_1('footnote_plugin_reference_1535_1_5');\" onkeypress=\"footnote_moveToReference_1535_1('footnote_plugin_reference_1535_1_5');\" ><sup id=\"footnote_plugin_tooltip_1535_1_5\" class=\"footnote_plugin_tooltip_text\">[5]<\/sup><\/a><span id=\"footnote_plugin_tooltip_text_1535_1_5\" class=\"footnote_tooltip\">Ti\u00eau \u0110\u1ec1 17, B\u1ed9 Lu\u1eadt C\u00e1c Quy \u0110\u1ecbnh California, m\u1ee5c 54302(a)(64).<\/span><\/span><script type=\"text\/javascript\"> jQuery('#footnote_plugin_tooltip_1535_1_5').tooltip({ tip: '#footnote_plugin_tooltip_text_1535_1_5', tipClass: 'footnote_tooltip', effect: 'fade', predelay: 0, fadeInSpeed: 200, delay: 400, fadeOutSpeed: 200, position: 'top center', relative: true, offset: [-7, 0], });<\/script> Trung t\u00e2m khu v\u1ef1c m\u1ed9t l\u1ea7n n\u1eefa \u0111\u01b0\u1ee3c ph\u00e9p mua d\u1ecbch v\u1ee5 gi\u1ea3i tr\u00ed x\u00e3 h\u1ed9i, k\u1ec3 t\u1eeb th\u00e1ng 7 n\u0103m 2021. <span class=\"footnote_referrer\"><a role=\"button\" tabindex=\"0\" onclick=\"footnote_moveToReference_1535_1('footnote_plugin_reference_1535_1_6');\" onkeypress=\"footnote_moveToReference_1535_1('footnote_plugin_reference_1535_1_6');\" ><sup id=\"footnote_plugin_tooltip_1535_1_6\" class=\"footnote_plugin_tooltip_text\">[6]<\/sup><\/a><span id=\"footnote_plugin_tooltip_text_1535_1_6\" class=\"footnote_tooltip\">M\u1ee5c 4648.5(a) C\u00e1c d\u1ecbch v\u1ee5 c\u1ee7a trung t\u00e2m khu v\u1ef1c b\u1ecb t\u1ea1m ng\u1eebng v\u00e0o n\u0103m 2009, hi\u1ec7n \u0111\u01b0\u1ee3c kh\u00f4i ph\u1ee5c k\u1ec3 t\u1eeb ng\u00e0y 1 th\u00e1ng 7 n\u0103m 2021. C\u00e1c d\u1ecbch v\u1ee5 bao g\u1ed3m chi ph\u00ed&nbsp;&#x2026; <span class=\"footnote_tooltip_continue\"  onclick=\"footnote_moveToReference_1535_1('footnote_plugin_reference_1535_1_6');\">Continue reading<\/span><\/span><\/span><script type=\"text\/javascript\"> jQuery('#footnote_plugin_tooltip_1535_1_6').tooltip({ tip: '#footnote_plugin_tooltip_text_1535_1_6', tipClass: 'footnote_tooltip', effect: 'fade', predelay: 0, fadeInSpeed: 200, delay: 400, fadeOutSpeed: 200, position: 'top center', relative: true, offset: [-7, 0], });<\/script><\/p>\n\n\n\n<p>Tr\u01b0\u1eddng h\u1ee3p ngo\u1ea1i l\u1ec7 c\u00f3 th\u1ec3 \u0111\u01b0\u1ee3c \u00e1p d\u1ee5ng \u0111\u1ec3 c\u00e1c trung t\u00e2m khu v\u1ef1c mua c\u00e1c ho\u1ea1t \u0111\u1ed9ng gi\u1ea3i tr\u00ed x\u00e3 h\u1ed9i n\u1ebfu trung t\u00e2m khu v\u1ef1c x\u00e1c \u0111\u1ecbnh r\u1eb1ng d\u1ecbch v\u1ee5 \u0111\u00f3 l\u00e0: \u201cph\u01b0\u01a1ng ti\u1ec7n ch\u00ednh ho\u1eb7c quan tr\u1ecdng\u201d trong vi\u1ec7c c\u1ea3i thi\u1ec7n t\u00e1c \u0111\u1ed9ng th\u1ec3 ch\u1ea5t, nh\u1eadn th\u1ee9c ho\u1eb7c t\u00e2m l\u00fd c\u1ee7a t\u00ecnh tr\u1ea1ng khuy\u1ebft t\u1eadt v\u1ec1 ph\u00e1t tri\u1ec3n c\u1ee7a qu\u00fd v\u1ecb\u201d ho\u1eb7c d\u1ecbch v\u1ee5 \u0111\u00f3 l\u00e0 c\u1ea7n thi\u1ebft \u0111\u1ec3 gi\u00fap qu\u00fd v\u1ecb \u1edf l\u1ea1i nh\u00e0 c\u1ee7a qu\u00fd v\u1ecb v\u00e0 kh\u00f4ng c\u00f3 d\u1ecbch v\u1ee5 n\u00e0o kh\u00e1c c\u00f3 th\u1ec3 \u0111\u00e1p \u1ee9ng nhu c\u1ea7u c\u1ee7a qu\u00fd v\u1ecb. <span class=\"footnote_referrer\"><a role=\"button\" tabindex=\"0\" onclick=\"footnote_moveToReference_1535_1('footnote_plugin_reference_1535_1_7');\" onkeypress=\"footnote_moveToReference_1535_1('footnote_plugin_reference_1535_1_7');\" ><sup id=\"footnote_plugin_tooltip_1535_1_7\" class=\"footnote_plugin_tooltip_text\">[7]<\/sup><\/a><span id=\"footnote_plugin_tooltip_text_1535_1_7\" class=\"footnote_tooltip\">M\u1ee5c 4648.5(c).<\/span><\/span><script type=\"text\/javascript\"> jQuery('#footnote_plugin_tooltip_1535_1_7').tooltip({ tip: '#footnote_plugin_tooltip_text_1535_1_7', tipClass: 'footnote_tooltip', effect: 'fade', predelay: 0, fadeInSpeed: 200, delay: 400, fadeOutSpeed: 200, position: 'top center', relative: true, offset: [-7, 0], });<\/script><\/p>\n<div class=\"speaker-mute footnotes_reference_container\"> <div class=\"footnote_container_prepare\"><p><span role=\"button\" tabindex=\"0\" class=\"footnote_reference_container_label pointer\" onclick=\"footnote_expand_collapse_reference_container_1535_1();\">&#x202F;<\/span><span role=\"button\" tabindex=\"0\" class=\"footnote_reference_container_collapse_button\" style=\"display: none;\" onclick=\"footnote_expand_collapse_reference_container_1535_1();\">[<a id=\"footnote_reference_container_collapse_button_1535_1\">+<\/a>]<\/span><\/p><\/div> <div id=\"footnote_references_container_1535_1\" style=\"\"><table class=\"footnotes_table footnote-reference-container\"><caption class=\"accessibility\">References<\/caption> <tbody> \r\n\r\n<tr class=\"footnotes_plugin_reference_row\"> <th scope=\"row\" class=\"footnote_plugin_index_combi pointer\"  onclick=\"footnote_moveToAnchor_1535_1('footnote_plugin_tooltip_1535_1_1');\"><a id=\"footnote_plugin_reference_1535_1_1\" class=\"footnote_backlink\"><span class=\"footnote_index_arrow\">&#8593;<\/span>1<\/a><\/th> <td class=\"footnote_plugin_text\">Ti\u00eau \u0110\u1ec1 17, B\u1ed9 Lu\u1eadt C\u00e1c Quy \u0110\u1ecbnh California, m\u1ee5c 54302(a)(16).<\/td><\/tr>\r\n\r\n<tr class=\"footnotes_plugin_reference_row\"> <th scope=\"row\" class=\"footnote_plugin_index_combi pointer\"  onclick=\"footnote_moveToAnchor_1535_1('footnote_plugin_tooltip_1535_1_2');\"><a id=\"footnote_plugin_reference_1535_1_2\" class=\"footnote_backlink\"><span class=\"footnote_index_arrow\">&#8593;<\/span>2<\/a><\/th> <td class=\"footnote_plugin_text\">Ti\u00eau \u0110\u1ec1 17, B\u1ed9 Lu\u1eadt C\u00e1c Quy \u0110\u1ecbnh California, m\u1ee5c 54302(a)(7).<\/td><\/tr>\r\n\r\n<tr class=\"footnotes_plugin_reference_row\"> <th scope=\"row\" class=\"footnote_plugin_index_combi pointer\"  onclick=\"footnote_moveToAnchor_1535_1('footnote_plugin_tooltip_1535_1_3');\"><a id=\"footnote_plugin_reference_1535_1_3\" class=\"footnote_backlink\"><span class=\"footnote_index_arrow\">&#8593;<\/span>3<\/a><\/th> <td class=\"footnote_plugin_text\">Ti\u00eau \u0110\u1ec1 17, B\u1ed9 Lu\u1eadt C\u00e1c Quy \u0110\u1ecbnh California, m\u1ee5c 54302(a)(2).<\/td><\/tr>\r\n\r\n<tr class=\"footnotes_plugin_reference_row\"> <th scope=\"row\" class=\"footnote_plugin_index_combi pointer\"  onclick=\"footnote_moveToAnchor_1535_1('footnote_plugin_tooltip_1535_1_4');\"><a id=\"footnote_plugin_reference_1535_1_4\" class=\"footnote_backlink\"><span class=\"footnote_index_arrow\">&#8593;<\/span>4<\/a><\/th> <td class=\"footnote_plugin_text\">Ti\u00eau \u0110\u1ec1 17, B\u1ed9 Lu\u1eadt C\u00e1c Quy \u0110\u1ecbnh California, m\u1ee5c 54302(a)(12).<\/td><\/tr>\r\n\r\n<tr class=\"footnotes_plugin_reference_row\"> <th scope=\"row\" class=\"footnote_plugin_index_combi pointer\"  onclick=\"footnote_moveToAnchor_1535_1('footnote_plugin_tooltip_1535_1_5');\"><a id=\"footnote_plugin_reference_1535_1_5\" class=\"footnote_backlink\"><span class=\"footnote_index_arrow\">&#8593;<\/span>5<\/a><\/th> <td class=\"footnote_plugin_text\">Ti\u00eau \u0110\u1ec1 17, B\u1ed9 Lu\u1eadt C\u00e1c Quy \u0110\u1ecbnh California, m\u1ee5c 54302(a)(64).<\/td><\/tr>\r\n\r\n<tr class=\"footnotes_plugin_reference_row\"> <th scope=\"row\" class=\"footnote_plugin_index_combi pointer\"  onclick=\"footnote_moveToAnchor_1535_1('footnote_plugin_tooltip_1535_1_6');\"><a id=\"footnote_plugin_reference_1535_1_6\" class=\"footnote_backlink\"><span class=\"footnote_index_arrow\">&#8593;<\/span>6<\/a><\/th> <td class=\"footnote_plugin_text\">M\u1ee5c 4648.5(a) C\u00e1c d\u1ecbch v\u1ee5 c\u1ee7a trung t\u00e2m khu v\u1ef1c b\u1ecb t\u1ea1m ng\u1eebng v\u00e0o n\u0103m 2009, hi\u1ec7n \u0111\u01b0\u1ee3c kh\u00f4i ph\u1ee5c k\u1ec3 t\u1eeb ng\u00e0y 1 th\u00e1ng 7 n\u0103m 2021. C\u00e1c d\u1ecbch v\u1ee5 bao g\u1ed3m chi ph\u00ed c\u1eafm tr\u1ea1i v\u00e0 \u0111i l\u1ea1i li\u00ean quan, gi\u1ea3i tr\u00ed x\u00e3 h\u1ed9i, d\u1ecbch v\u1ee5 gi\u00e1o d\u1ee5c v\u00e0 li\u1ec7u ph\u00e1p phi y t\u1ebf, nh\u01b0 l\u00e0 li\u1ec7u ph\u00e1p \u00e2m nh\u1ea1c.<\/td><\/tr>\r\n\r\n<tr class=\"footnotes_plugin_reference_row\"> <th scope=\"row\" class=\"footnote_plugin_index_combi pointer\"  onclick=\"footnote_moveToAnchor_1535_1('footnote_plugin_tooltip_1535_1_7');\"><a id=\"footnote_plugin_reference_1535_1_7\" class=\"footnote_backlink\"><span class=\"footnote_index_arrow\">&#8593;<\/span>7<\/a><\/th> <td class=\"footnote_plugin_text\">M\u1ee5c 4648.5(c).<\/td><\/tr>\r\n\r\n <\/tbody> <\/table> <\/div><\/div><script type=\"text\/javascript\"> function footnote_expand_reference_container_1535_1() { jQuery('#footnote_references_container_1535_1').show(); jQuery('#footnote_reference_container_collapse_button_1535_1').text('\u2212'); } function footnote_collapse_reference_container_1535_1() { jQuery('#footnote_references_container_1535_1').hide(); jQuery('#footnote_reference_container_collapse_button_1535_1').text('+'); } function footnote_expand_collapse_reference_container_1535_1() { if (jQuery('#footnote_references_container_1535_1').is(':hidden')) { footnote_expand_reference_container_1535_1(); } else { footnote_collapse_reference_container_1535_1(); } } function footnote_moveToReference_1535_1(p_str_TargetID) { footnote_expand_reference_container_1535_1(); var l_obj_Target = jQuery('#' + p_str_TargetID); if (l_obj_Target.length) { jQuery( 'html, body' ).delay( 0 ); jQuery('html, body').animate({ scrollTop: l_obj_Target.offset().top - window.innerHeight * 0.2 }, 380); } } function footnote_moveToAnchor_1535_1(p_str_TargetID) { footnote_expand_reference_container_1535_1(); var l_obj_Target = jQuery('#' + p_str_TargetID); if (l_obj_Target.length) { jQuery( 'html, body' ).delay( 0 ); jQuery('html, body').animate({ scrollTop: l_obj_Target.offset().top - window.innerHeight * 0.2 }, 380); } }<\/script>","protected":false},"excerpt":{"rendered":"<p>Ch\u01b0\u01a1ng tr\u00ecnh ban ng\u00e0y l\u00e0 thu\u1eadt ng\u1eef chung \u0111\u01b0\u1ee3c d\u00f9ng \u0111\u1ec3 m\u00f4 t\u1ea3 nhi\u1ec1u ch\u01b0\u01a1ng tr\u00ecnh d\u00e0nh cho ng\u01b0\u1eddi tr\u01b0\u1edfng th\u00e0nh b\u1ecb khuy\u1ebft t\u1eadt v\u1ec1&hellip;<\/p>\n","protected":false},"author":1,"featured_media":0,"parent":1447,"menu_order":11,"comment_status":"closed","ping_status":"closed","template":"","meta":{"footnotes":""},"class_list":["post-1535","page","type-page","status-publish","hentry"],"_links":{"self":[{"href":"https:\/\/rula.disabilityrightsca.org\/vi\/wp-json\/wp\/v2\/pages\/1535","targetHints":{"allow":["GET"]}}],"collection":[{"href":"https:\/\/rula.disabilityrightsca.org\/vi\/wp-json\/wp\/v2\/pages"}],"about":[{"href":"https:\/\/rula.disabilityrightsca.org\/vi\/wp-json\/wp\/v2\/types\/page"}],"author":[{"embeddable":true,"href":"https:\/\/rula.disabilityrightsca.org\/vi\/wp-json\/wp\/v2\/users\/1"}],"replies":[{"embeddable":true,"href":"https:\/\/rula.disabilityrightsca.org\/vi\/wp-json\/wp\/v2\/comments?post=1535"}],"version-history":[{"count":5,"href":"https:\/\/rula.disabilityrightsca.org\/vi\/wp-json\/wp\/v2\/pages\/1535\/revisions"}],"predecessor-version":[{"id":3288,"href":"https:\/\/rula.disabilityrightsca.org\/vi\/wp-json\/wp\/v2\/pages\/1535\/revisions\/3288"}],"up":[{"embeddable":true,"href":"https:\/\/rula.disabilityrightsca.org\/vi\/wp-json\/wp\/v2\/pages\/1447"}],"wp:attachment":[{"href":"https:\/\/rula.disabilityrightsca.org\/vi\/wp-json\/wp\/v2\/media?parent=1535"}],"curies":[{"name":"wp","href":"https:\/\/api.w.org\/{rel}","templated":true}]}}