{"id":1533,"date":"2021-07-01T21:18:35","date_gmt":"2021-07-01T21:18:35","guid":{"rendered":"http:\/\/www.rula.disabilityrightsca.org\/vi\/?page_id=1533"},"modified":"2022-06-24T17:02:23","modified_gmt":"2022-06-24T17:02:23","slug":"what-are-work-activity-programs","status":"publish","type":"page","link":"https:\/\/rula.disabilityrightsca.org\/vi\/rula-book\/chapter-9-community-participation-work-day-and-leisure-activities\/what-are-work-activity-programs\/","title":{"rendered":"(9.10) Ch\u01b0\u01a1ng tri\u0300nh hoa\u0323t \u0111\u00f4\u0323ng c\u00f4ng vi\u00ea\u0323c l\u00e0 g\u00ec?"},"content":{"rendered":"\n<p>Ch\u01b0\u01a1ng tr\u00ecnh ho\u1ea1t \u0111\u1ed9ng c\u00f4ng vi\u1ec7c cung c\u1ea5p c\u00e1c d\u1ecbch v\u1ee5 cho ng\u01b0\u1eddi tr\u01b0\u1edfng th\u00e0nh b\u1ecb khuy\u1ebft t\u1eadt v\u1ec1 ph\u00e1t tri\u1ec3n \u0111\u1ec3 l\u00e0m vi\u1ec7c. C\u00e1c ch\u01b0\u01a1ng tr\u00ecnh n\u00e0y bao g\u1ed3m:<\/p>\n\n\n\n<ul class=\"wp-block-list\"><li>Ch\u01b0\u01a1ng tr\u00ecnh ho\u1ea1t \u0111\u1ed9ng c\u00f4ng vi\u1ec7c d\u1ef1a tr\u00ean c\u1ed9ng \u0111\u1ed3ng do DOR ch\u1ee9ng nh\u1eadn ho\u1eb7c CARF (\u1ee6y Ban v\u1ec1 C\u00f4ng Nh\u1eadn C\u01a1 S\u1edf Ph\u1ee5c H\u1ed3i Ch\u1ee9c N\u0103ng) c\u00f4ng nh\u1eadn. <span class=\"footnote_referrer\"><a role=\"button\" tabindex=\"0\" onclick=\"footnote_moveToReference_1533_1('footnote_plugin_reference_1533_1_1');\" onkeypress=\"footnote_moveToReference_1533_1('footnote_plugin_reference_1533_1_1');\" ><sup id=\"footnote_plugin_tooltip_1533_1_1\" class=\"footnote_plugin_tooltip_text\">[1]<\/sup><\/a><span id=\"footnote_plugin_tooltip_text_1533_1_1\" class=\"footnote_tooltip\">M\u1ee5c 4851(e)(g) v\u00e0 (l).<\/span><\/span><script type=\"text\/javascript\"> jQuery('#footnote_plugin_tooltip_1533_1_1').tooltip({ tip: '#footnote_plugin_tooltip_text_1533_1_1', tipClass: 'footnote_tooltip', effect: 'fade', predelay: 0, fadeInSpeed: 200, delay: 400, fadeOutSpeed: 200, position: 'top center', relative: true, offset: [-7, 0], });<\/script><\/li><li>C\u00e1c x\u01b0\u1edfng \u0111\u01b0\u1ee3c b\u1ea3o v\u1ec7 (nh\u1eefng n\u01a1i n\u00e0y s\u1ebd kh\u00f4ng ph\u1ea3i l\u00e0 t\u00f9y ch\u1ecdn \u0111\u1ebfn n\u0103m 2025)<\/li><li>C\u00e1c trung t\u00e2m ho\u1ea1t \u0111\u1ed9ng c\u00f4ng vi\u1ec7c<\/li><\/ul>\n\n\n\n<p>Th\u00f4ng th\u01b0\u1eddng, c\u00e1c x\u01b0\u1edfng \u0111\u01b0\u1ee3c b\u1ea3o v\u1ec7 v\u00e0 trung t\u00e2m ho\u1ea1t \u0111\u1ed9ng c\u00f4ng vi\u1ec7c tr\u1ea3 \u00edt h\u01a1n l\u01b0\u01a1ng t\u1ed1i thi\u1ec3u. Nh\u1eefng n\u01a1i n\u00e0y c\u00f3 th\u1ec3 kh\u00f4ng \u0111\u01b0\u1ee3c \u00e1p d\u1ee5ng v\u00ec c\u00e1c quy \u0111\u1ecbnh m\u1edbi v\u1ec1 vi\u1ec7c tr\u1ea3 \u00edt l\u01b0\u01a1ng h\u01a1n cho c\u00f4ng vi\u1ec7c m\u1ecdi ng\u01b0\u1eddi l\u00e0m. Nh\u1eefng n\u01a1i n\u00e0y s\u1ebd ho\u00e0n to\u00e0n kh\u00f4ng \u0111\u01b0\u1ee3c \u00e1p d\u1ee5ng k\u1ec3 t\u1eeb n\u0103m 2025. Trung t\u00e2m khu v\u1ef1c ho\u1eb7c DOR thanh to\u00e1n cho c\u00e1c ch\u01b0\u01a1ng tr\u00ecnh ho\u1ea1t \u0111\u1ed9ng c\u00f4ng vi\u1ec7c. <span class=\"footnote_referrer\"><a role=\"button\" tabindex=\"0\" onclick=\"footnote_moveToReference_1533_1('footnote_plugin_reference_1533_1_2');\" onkeypress=\"footnote_moveToReference_1533_1('footnote_plugin_reference_1533_1_2');\" ><sup id=\"footnote_plugin_tooltip_1533_1_2\" class=\"footnote_plugin_tooltip_text\">[2]<\/sup><\/a><span id=\"footnote_plugin_tooltip_text_1533_1_2\" class=\"footnote_tooltip\">M\u1ee5c 4867.<\/span><\/span><script type=\"text\/javascript\"> jQuery('#footnote_plugin_tooltip_1533_1_2').tooltip({ tip: '#footnote_plugin_tooltip_text_1533_1_2', tipClass: 'footnote_tooltip', effect: 'fade', predelay: 0, fadeInSpeed: 200, delay: 400, fadeOutSpeed: 200, position: 'top center', relative: true, offset: [-7, 0], });<\/script> Qu\u00fd v\u1ecb kh\u00f4ng ph\u1ea3i l\u00e0m vi\u1ec7c trong trung t\u00e2m ho\u1ea1t \u0111\u1ed9ng ho\u1eb7c x\u01b0\u1edfng \u0111\u01b0\u1ee3c b\u1ea3o v\u1ec7 tr\u01b0\u1edbc khi th\u1eed c\u00f4ng vi\u1ec7c v\u00ed d\u1ee5 nh\u01b0 vi\u1ec7c l\u00e0m \u0111\u01b0\u1ee3c h\u1ed7 tr\u1ee3, vi\u1ec7c l\u00e0m c\u1ea1nh tranh ho\u1eb7c t\u1ef1 kinh doanh. H\u00e3y cho \u0111i\u1ec1u ph\u1ed1i vi\u00ean d\u1ecbch v\u1ee5 t\u1ea1i trung t\u00e2m khu v\u1ef1c bi\u1ebft m\u1ee5c \u0111\u00edch vi\u1ec7c l\u00e0m c\u1ee7a qu\u00fd v\u1ecb v\u00e0 y\u00eau c\u1ea7u vi\u1ebft m\u1ee5c \u0111\u00edch \u0111\u00f3 v\u00e0o IPP. M\u1ee5c \u0111\u00edch c\u1ee7a qu\u00fd v\u1ecb s\u1ebd gi\u00fap x\u00e1c \u0111\u1ecbnh nh\u1eefng d\u1ecbch v\u1ee5 v\u00e0 s\u1ef1 h\u1ed7 tr\u1ee3 qu\u00fd v\u1ecb c\u1ea7n. \u0110i\u1ec1u \u0111\u00f3 c\u0169ng s\u1ebd gi\u00fap trung t\u00e2m khu v\u1ef1c k\u1ebft n\u1ed1i qu\u00fd v\u1ecb v\u1edbi nh\u00e0 cung c\u1ea5p ph\u00f9 h\u1ee3p c\u00f3 th\u1ec3 gi\u00fap qu\u00fd v\u1ecb.<\/p>\n<div class=\"speaker-mute footnotes_reference_container\"> <div class=\"footnote_container_prepare\"><p><span role=\"button\" tabindex=\"0\" class=\"footnote_reference_container_label pointer\" onclick=\"footnote_expand_collapse_reference_container_1533_1();\">&#x202F;<\/span><span role=\"button\" tabindex=\"0\" class=\"footnote_reference_container_collapse_button\" style=\"display: none;\" onclick=\"footnote_expand_collapse_reference_container_1533_1();\">[<a id=\"footnote_reference_container_collapse_button_1533_1\">+<\/a>]<\/span><\/p><\/div> <div id=\"footnote_references_container_1533_1\" style=\"\"><table class=\"footnotes_table footnote-reference-container\"><caption class=\"accessibility\">References<\/caption> <tbody> \r\n\r\n<tr class=\"footnotes_plugin_reference_row\"> <th scope=\"row\" class=\"footnote_plugin_index_combi pointer\"  onclick=\"footnote_moveToAnchor_1533_1('footnote_plugin_tooltip_1533_1_1');\"><a id=\"footnote_plugin_reference_1533_1_1\" class=\"footnote_backlink\"><span class=\"footnote_index_arrow\">&#8593;<\/span>1<\/a><\/th> <td class=\"footnote_plugin_text\">M\u1ee5c 4851(e)(g) v\u00e0 (l).<\/td><\/tr>\r\n\r\n<tr class=\"footnotes_plugin_reference_row\"> <th scope=\"row\" class=\"footnote_plugin_index_combi pointer\"  onclick=\"footnote_moveToAnchor_1533_1('footnote_plugin_tooltip_1533_1_2');\"><a id=\"footnote_plugin_reference_1533_1_2\" class=\"footnote_backlink\"><span class=\"footnote_index_arrow\">&#8593;<\/span>2<\/a><\/th> <td class=\"footnote_plugin_text\">M\u1ee5c 4867.<\/td><\/tr>\r\n\r\n <\/tbody> <\/table> <\/div><\/div><script type=\"text\/javascript\"> function footnote_expand_reference_container_1533_1() { jQuery('#footnote_references_container_1533_1').show(); jQuery('#footnote_reference_container_collapse_button_1533_1').text('\u2212'); } function footnote_collapse_reference_container_1533_1() { jQuery('#footnote_references_container_1533_1').hide(); jQuery('#footnote_reference_container_collapse_button_1533_1').text('+'); } function footnote_expand_collapse_reference_container_1533_1() { if (jQuery('#footnote_references_container_1533_1').is(':hidden')) { footnote_expand_reference_container_1533_1(); } else { footnote_collapse_reference_container_1533_1(); } } function footnote_moveToReference_1533_1(p_str_TargetID) { footnote_expand_reference_container_1533_1(); var l_obj_Target = jQuery('#' + p_str_TargetID); if (l_obj_Target.length) { jQuery( 'html, body' ).delay( 0 ); jQuery('html, body').animate({ scrollTop: l_obj_Target.offset().top - window.innerHeight * 0.2 }, 380); } } function footnote_moveToAnchor_1533_1(p_str_TargetID) { footnote_expand_reference_container_1533_1(); var l_obj_Target = jQuery('#' + p_str_TargetID); if (l_obj_Target.length) { jQuery( 'html, body' ).delay( 0 ); jQuery('html, body').animate({ scrollTop: l_obj_Target.offset().top - window.innerHeight * 0.2 }, 380); } }<\/script>","protected":false},"excerpt":{"rendered":"<p>Ch\u01b0\u01a1ng tr\u00ecnh ho\u1ea1t \u0111\u1ed9ng c\u00f4ng vi\u1ec7c cung c\u1ea5p c\u00e1c d\u1ecbch v\u1ee5 cho ng\u01b0\u1eddi tr\u01b0\u1edfng th\u00e0nh b\u1ecb khuy\u1ebft t\u1eadt v\u1ec1 ph\u00e1t tri\u1ec3n \u0111\u1ec3 l\u00e0m vi\u1ec7c. C\u00e1c&hellip;<\/p>\n","protected":false},"author":1,"featured_media":0,"parent":1447,"menu_order":10,"comment_status":"closed","ping_status":"closed","template":"","meta":{"footnotes":""},"class_list":["post-1533","page","type-page","status-publish","hentry"],"_links":{"self":[{"href":"https:\/\/rula.disabilityrightsca.org\/vi\/wp-json\/wp\/v2\/pages\/1533","targetHints":{"allow":["GET"]}}],"collection":[{"href":"https:\/\/rula.disabilityrightsca.org\/vi\/wp-json\/wp\/v2\/pages"}],"about":[{"href":"https:\/\/rula.disabilityrightsca.org\/vi\/wp-json\/wp\/v2\/types\/page"}],"author":[{"embeddable":true,"href":"https:\/\/rula.disabilityrightsca.org\/vi\/wp-json\/wp\/v2\/users\/1"}],"replies":[{"embeddable":true,"href":"https:\/\/rula.disabilityrightsca.org\/vi\/wp-json\/wp\/v2\/comments?post=1533"}],"version-history":[{"count":4,"href":"https:\/\/rula.disabilityrightsca.org\/vi\/wp-json\/wp\/v2\/pages\/1533\/revisions"}],"predecessor-version":[{"id":3492,"href":"https:\/\/rula.disabilityrightsca.org\/vi\/wp-json\/wp\/v2\/pages\/1533\/revisions\/3492"}],"up":[{"embeddable":true,"href":"https:\/\/rula.disabilityrightsca.org\/vi\/wp-json\/wp\/v2\/pages\/1447"}],"wp:attachment":[{"href":"https:\/\/rula.disabilityrightsca.org\/vi\/wp-json\/wp\/v2\/media?parent=1533"}],"curies":[{"name":"wp","href":"https:\/\/api.w.org\/{rel}","templated":true}]}}