{"id":1531,"date":"2021-07-01T21:16:42","date_gmt":"2021-07-01T21:16:42","guid":{"rendered":"http:\/\/www.rula.disabilityrightsca.org\/vi\/?page_id=1531"},"modified":"2022-04-27T16:49:02","modified_gmt":"2022-04-27T16:49:02","slug":"could-i-be-self-employed-in-my-own-business","status":"publish","type":"page","link":"https:\/\/rula.disabilityrightsca.org\/vi\/rula-book\/chapter-9-community-participation-work-day-and-leisure-activities\/could-i-be-self-employed-in-my-own-business\/","title":{"rendered":"(9.9)  T\u00f4i c\u00f3 th\u1ec3 t\u1ef1 m\u1edf c\u00f4ng ty kinh doanh kh\u00f4ng?"},"content":{"rendered":"\n<p><em>T\u1ef1 kinh doanh&nbsp;<\/em>(c\u00f2n \u0111\u01b0\u1ee3c g\u1ecdi l\u00e0&nbsp;<em>doanh nghi\u1ec7p si\u00eau nh\u1ecf<\/em>)<em>,<\/em>&nbsp;l\u00e0 nh\u1eefng ng\u01b0\u1eddi b\u1ecb khuy\u1ebft t\u1eadt v\u1ec1 ph\u00e1t tri\u1ec3n b\u1eaft \u0111\u1ea7u t\u1ef1 kinh doanh. Ng\u00e0y c\u00e0ng nhi\u1ec1u ng\u01b0\u1eddi b\u1ecb khuy\u1ebft t\u1eadt v\u1ec1 ph\u00e1t tri\u1ec3n b\u1eaft \u0111\u1ea7u t\u1ef1 kinh doanh. Trung t\u00e2m khu v\u1ef1c v\u00e0 nh\u1eefng ng\u01b0\u1eddi b\u00eanh v\u1ef1c qu\u00fd v\u1ecb c\u00f3 th\u1ec3 gi\u00fap qu\u00fd v\u1ecb kh\u1edfi nghi\u1ec7p.<\/p>\n\n\n\n<p>Tr\u01b0\u1edbc ti\u00ean, qu\u00fd v\u1ecb c\u1ea7n m\u1ed9t nh\u00f3m ng\u01b0\u1eddi c\u00f3 th\u1ec3 gi\u00fap qu\u00fd v\u1ecb v\u00e0 b\u00eanh v\u1ef1c qu\u00fd v\u1ecb. Nh\u00f3m n\u00e0y x\u00e1c \u0111\u1ecbnh nh\u1eefng ngu\u1ed3n l\u1ef1c v\u00e0 t\u00e0i ch\u00ednh qu\u00fd v\u1ecb c\u00f3 th\u1ec3 s\u1eed d\u1ee5ng \u0111\u1ec3 b\u1eaft \u0111\u1ea7u kinh doanh. Suy x\u00e9t th\u1ebf m\u1ea1nh c\u1ee7a qu\u00fd v\u1ecb v\u00e0 nh\u1eefng \u0111i\u1ec1u qu\u00fd v\u1ecb th\u00edch l\u00e0m v\u1edbi th\u1eddi gian c\u1ee7a m\u00ecnh. \u0110\u1eb7t ra c\u00e1c m\u1ee5c ti\u00eau cho doanh nghi\u1ec7p c\u1ee7a qu\u00fd v\u1ecb. Sau \u0111\u00f3, l\u1eadp k\u1ebf ho\u1ea1ch kinh doanh v\u00e0 tri\u1ec3n khai! V\u00ed d\u1ee5 v\u1ec1 c\u00e1c ch\u1ee7 doanh nghi\u1ec7p nh\u1ecf t\u1ef1 kinh doanh g\u1ed3m c\u00f3: l\u00e0m tr\u1ee3 l\u00fd c\u00e1 nh\u00e2n ho\u1eb7c c\u1ed1 v\u1ea5n vi\u00ean cho ng\u01b0\u1eddi kh\u00e1c, ti\u1ebfp \u0111\u00e3i m\u1ecdi ng\u01b0\u1eddi, thi\u1ebft k\u1ebf trang s\u1ee9c ho\u1eb7c \u0111\u1ed3 th\u1ee7 c\u00f4ng m\u1ef9 ngh\u1ec7. Qu\u00fd v\u1ecb c\u00f3 th\u1ec3 l\u00e0m c\u00f4ng vi\u1ec7c \u0111\u00e1nh m\u00e1y, ch\u0103m s\u00f3c s\u00e2n v\u01b0\u1eddn, ho\u1eb7c g\u00f3i qu\u00e0. Qu\u00fd v\u1ecb c\u00f3 th\u1ec3 l\u00e0m vi\u1ec7c h\u1ee7y gi\u1ea5y t\u1edd ho\u1eb7c tr\u00f4ng th\u00fa c\u01b0ng. Qu\u00fd v\u1ecb c\u00f3 th\u1ec3 l\u00e0m ch\u1ee7 m\u1ed9t doanh nghi\u1ec7p m\u00e1y b\u00e1n h\u00e0ng t\u1ef1 \u0111\u1ed9ng, m\u1ed9t c\u00f4ng ty t\u00e1i ch\u1ebf ho\u1eb7c c\u00f4ng ty b\u01b0u thi\u1ebfp v\u00e0 v\u0103n ph\u00f2ng ph\u1ea9m.<\/p>\n\n\n\n<p>\u0110\u1ec3 b\u1eaft \u0111\u1ea7u t\u1ef1 kinh doanh, tr\u01b0\u1edbc ti\u00ean qu\u00fd v\u1ecb s\u1ebd c\u1ea7n m\u1ed9t nh\u00f3m thi\u1ebft k\u1ebf doanh nghi\u1ec7p. Nh\u00f3m n\u00e0y kh\u00f4ng ph\u1ea3i gi\u1ed1ng nh\u01b0 v\u00f2ng h\u1ed7 tr\u1ee3 hay nh\u00f3m IPP c\u1ee7a qu\u00fd v\u1ecb. H\u00e3y m\u1eddi ng\u01b0\u1eddi c\u00f3 kinh nghi\u1ec7m kinh doanh tham gia nh\u00f3m c\u1ee7a qu\u00fd v\u1ecb. L\u00e0m theo nh\u1eefng b\u01b0\u1edbc sau v\u1edbi nh\u00f3m kinh doanh c\u1ee7a qu\u00fd v\u1ecb:<\/p>\n\n\n\n<ol class=\"wp-block-list\" type=\"1\"><li>X\u00e1c \u0111\u1ecbnh nh\u1eefng \u0111i\u1ec1u qu\u00fd v\u1ecb th\u00edch l\u00e0m v\u00e0 c\u00e1ch \u0111\u1ec3 qu\u00fd v\u1ecb c\u00f3 th\u1ec3 ki\u1ebfm ti\u1ec1n t\u1eeb vi\u1ec7c l\u00e0m \u0111\u00f3. \u0110\u00e2y \u0111\u01b0\u1ee3c g\u1ecdi l\u00e0 k\u1ebf ho\u1ea1ch kinh doanh \u201ct\u1eadp trung v\u00e0o con ng\u01b0\u1eddi\u201d. X\u00e1c \u0111\u1ecbnh s\u1ed1 ti\u1ec1n qu\u00fd v\u1ecb c\u1ea7n \u0111\u1ec3 kh\u1edfi nghi\u1ec7p.<\/li><li>Nghi\u00ean c\u1ee9u s\u1ea3n ph\u1ea9m ho\u1eb7c d\u1ecbch v\u1ee5 qu\u00fd v\u1ecb mu\u1ed1n cung c\u1ea5p \u0111\u1ec3 \u0111\u1ea3m b\u1ea3o c\u00f3 \u0111\u1ee7 ng\u01b0\u1eddi mu\u1ed1n s\u1ea3n ph\u1ea9m\/d\u1ecbch v\u1ee5 \u0111\u00f3, gi\u00fap qu\u00fd v\u1ecb duy tr\u00ec kinh doanh.<\/li><li>Y\u00eau c\u1ea7u m\u1ed9t chuy\u00ean gia ph\u00fac l\u1ee3i xem x\u00e9t c\u00e1c ph\u00fac l\u1ee3i c\u1ee7a qu\u00fd v\u1ecb \u0111\u1ec3 qu\u00fd v\u1ecb ti\u1ebfp t\u1ee5c nh\u1eadn c\u00e1c ph\u00fac l\u1ee3i c\u1ea7n thi\u1ebft khi qu\u00fd v\u1ecb c\u00f3 thu nh\u1eadp t\u1eeb kinh doanh.<\/li><li>L\u1eadp k\u1ebf ho\u1ea1ch kinh doanh tr\u00ecnh b\u00e0y di\u1ec7n m\u1ea1o doanh nghi\u1ec7p c\u1ee7a qu\u00fd v\u1ecb, c\u00e1ch qu\u00fd v\u1ecb ki\u1ebfm ti\u1ec1n v\u00e0 nh\u1eefng y\u1ebfu t\u1ed1 gi\u00fap qu\u00fd v\u1ecb \u0111i\u1ec1u h\u00e0nh doanh nghi\u1ec7p c\u1ee7a m\u00ecnh.<\/li><li>Sau khi qu\u00fd v\u1ecb s\u1eb5n s\u00e0ng, h\u00e3y b\u1eaft \u0111\u1ea7u kinh doanh.<\/li><li>Gi\u00e1m s\u00e1t doanh nghi\u1ec7p v\u00e0 nhu c\u1ea7u h\u1ed7 tr\u1ee3 c\u1ee7a qu\u00fd v\u1ecb \u0111\u1ec3 \u0111\u1ea3m b\u1ea3o doanh nghi\u1ec7p c\u1ee7a qu\u00fd v\u1ecb ti\u1ebfp t\u1ee5c ho\u1ea1t \u0111\u1ed9ng su\u00f4n s\u1ebb.<\/li><\/ol>\n\n\n\n<p>H\u1ecfi \u0111i\u1ec1u ph\u1ed1i vi\u00ean d\u1ecbch v\u1ee5 t\u1ea1i trung t\u00e2m khu v\u1ef1c c\u1ee7a qu\u00fd v\u1ecb xem c\u00e1c nh\u00e0 cung c\u1ea5p ho\u1eb7c ngu\u1ed3n l\u1ef1c \u0111\u1ecba ph\u01b0\u01a1ng c\u00f3 th\u1ec3 gi\u00fap qu\u00fd v\u1ecb b\u1eaft \u0111\u1ea7u kinh doanh kh\u00f4ng. T\u1ed5 ch\u1ee9c cu\u1ed9c h\u1ecdp IPP \u0111\u1ec3 th\u1ea3o lu\u1eadn v\u1ec1 c\u00e1c l\u1ef1a ch\u1ecdn. Qu\u00fd v\u1ecb c\u00f3 th\u1ec3 nh\u1eadn ti\u1ec1n \u0111\u1ec3 b\u1eaft \u0111\u1ea7u kinh doanh t\u1eeb qu\u1ef9 t\u01b0 nh\u00e2n, c\u00e1c d\u1ecbch v\u1ee5 chung, c\u00e1c kho\u1ea3n tr\u1ee3 c\u1ea5p \u0111\u1eb7c bi\u1ec7t ho\u1eb7c c\u00e1c d\u1ecbch v\u1ee5 \u0111\u01b0\u1ee3c trung t\u00e2m khu v\u1ef1c thanh to\u00e1n. N\u1ebfu trung t\u00e2m khu v\u1ef1c kh\u00f4ng th\u1ec3 gi\u00fap qu\u00fd v\u1ecb b\u1eaft \u0111\u1ea7u t\u1ef1 kinh doanh, h\u00e3y li\u00ean h\u1ec7 v\u1edbi Disability Rights California ho\u1eb7c OCRA \u0111\u1ec3 \u0111\u01b0\u1ee3c h\u1ed7 tr\u1ee3 b\u00eanh v\u1ef1c.<\/p>\n","protected":false},"excerpt":{"rendered":"<p>T\u1ef1 kinh doanh&nbsp;(c\u00f2n \u0111\u01b0\u1ee3c g\u1ecdi l\u00e0&nbsp;doanh nghi\u1ec7p si\u00eau nh\u1ecf),&nbsp;l\u00e0 nh\u1eefng ng\u01b0\u1eddi b\u1ecb khuy\u1ebft t\u1eadt v\u1ec1 ph\u00e1t tri\u1ec3n b\u1eaft \u0111\u1ea7u t\u1ef1 kinh doanh. Ng\u00e0y c\u00e0ng nhi\u1ec1u&hellip;<\/p>\n","protected":false},"author":1,"featured_media":0,"parent":1447,"menu_order":9,"comment_status":"closed","ping_status":"closed","template":"","meta":{"footnotes":""},"class_list":["post-1531","page","type-page","status-publish","hentry"],"_links":{"self":[{"href":"https:\/\/rula.disabilityrightsca.org\/vi\/wp-json\/wp\/v2\/pages\/1531","targetHints":{"allow":["GET"]}}],"collection":[{"href":"https:\/\/rula.disabilityrightsca.org\/vi\/wp-json\/wp\/v2\/pages"}],"about":[{"href":"https:\/\/rula.disabilityrightsca.org\/vi\/wp-json\/wp\/v2\/types\/page"}],"author":[{"embeddable":true,"href":"https:\/\/rula.disabilityrightsca.org\/vi\/wp-json\/wp\/v2\/users\/1"}],"replies":[{"embeddable":true,"href":"https:\/\/rula.disabilityrightsca.org\/vi\/wp-json\/wp\/v2\/comments?post=1531"}],"version-history":[{"count":3,"href":"https:\/\/rula.disabilityrightsca.org\/vi\/wp-json\/wp\/v2\/pages\/1531\/revisions"}],"predecessor-version":[{"id":3245,"href":"https:\/\/rula.disabilityrightsca.org\/vi\/wp-json\/wp\/v2\/pages\/1531\/revisions\/3245"}],"up":[{"embeddable":true,"href":"https:\/\/rula.disabilityrightsca.org\/vi\/wp-json\/wp\/v2\/pages\/1447"}],"wp:attachment":[{"href":"https:\/\/rula.disabilityrightsca.org\/vi\/wp-json\/wp\/v2\/media?parent=1531"}],"curies":[{"name":"wp","href":"https:\/\/api.w.org\/{rel}","templated":true}]}}