{"id":1528,"date":"2021-07-01T21:15:31","date_gmt":"2021-07-01T21:15:31","guid":{"rendered":"http:\/\/www.rula.disabilityrightsca.org\/vi\/?page_id=1528"},"modified":"2022-04-27T16:48:30","modified_gmt":"2022-04-27T16:48:30","slug":"what-is-supported-employment","status":"publish","type":"page","link":"https:\/\/rula.disabilityrightsca.org\/vi\/rula-book\/chapter-9-community-participation-work-day-and-leisure-activities\/what-is-supported-employment\/","title":{"rendered":"(9.8) Vi\u1ec7c l\u00e0m \u0111\u01b0\u1ee3c h\u1ed7 tr\u1ee3 l\u00e0 g\u00ec?"},"content":{"rendered":"\n<p><em>Vi\u1ec7c l\u00e0m \u0111\u01b0\u1ee3c h\u1ed7 tr\u1ee3<\/em>&nbsp;l\u00e0 c\u00f4ng vi\u1ec7c c\u00f3 tr\u1ea3 l\u01b0\u01a1ng trong c\u1ed9ng \u0111\u1ed3ng k\u00e8m c\u00e1c d\u1ecbch v\u1ee5 h\u1ed7 tr\u1ee3 li\u00ean t\u1ee5c m\u00e0 qu\u00fd v\u1ecb c\u1ea7n \u0111\u1ec3 duy tr\u00ec c\u00f4ng vi\u1ec7c. <span class=\"footnote_referrer\"><a role=\"button\" tabindex=\"0\" onclick=\"footnote_moveToReference_1528_1('footnote_plugin_reference_1528_1_1');\" onkeypress=\"footnote_moveToReference_1528_1('footnote_plugin_reference_1528_1_1');\" ><sup id=\"footnote_plugin_tooltip_1528_1_1\" class=\"footnote_plugin_tooltip_text\">[1]<\/sup><\/a><span id=\"footnote_plugin_tooltip_text_1528_1_1\" class=\"footnote_tooltip\">M\u1ee5c 4851(n) v\u00e0 (p).<\/span><\/span><script type=\"text\/javascript\"> jQuery('#footnote_plugin_tooltip_1528_1_1').tooltip({ tip: '#footnote_plugin_tooltip_text_1528_1_1', tipClass: 'footnote_tooltip', effect: 'fade', predelay: 0, fadeInSpeed: 200, delay: 400, fadeOutSpeed: 200, position: 'top center', relative: true, offset: [-7, 0], });<\/script> Qu\u00fd v\u1ecb c\u00f3 th\u1ec3 \u0111\u01b0\u1ee3c tuy\u1ec3n d\u1ee5ng tr\u1ef1c ti\u1ebfp b\u1edfi ch\u1ee7 lao \u0111\u1ed9ng ho\u1eb7c th\u00f4ng qua m\u1ed9t ch\u01b0\u01a1ng tr\u00ecnh vi\u1ec7c l\u00e0m \u0111\u01b0\u1ee3c h\u1ed7 tr\u1ee3. N\u1ebfu qu\u00fd v\u1ecb li\u00ean h\u1ec7 v\u1edbi trung t\u00e2m khu v\u1ef1c c\u1ee7a m\u00ecnh \u0111\u1ec3 nh\u1eadn vi\u1ec7c l\u00e0m \u0111\u01b0\u1ee3c h\u1ed7 tr\u1ee3, h\u1ecd c\u00f3 th\u1ec3 gi\u1edbi thi\u1ec7u qu\u00fd v\u1ecb \u0111\u1ebfn S\u1edf Ph\u1ee5c H\u1ed3i Ch\u1ee9c N\u0103ng (Department of Rehabilitation, DOR).<\/p>\n\n\n\n<p>D\u1ecbch V\u1ee5 Vi\u1ec7c L\u00e0m \u0110\u01b0\u1ee3c H\u1ed7 Tr\u1ee3 c\u00f3 th\u1ec3:<\/p>\n\n\n\n<ul class=\"wp-block-list\"><li>Ph\u00e1t tri\u1ec3n m\u1ed9t c\u00f4ng vi\u1ec7c cho qu\u00fd v\u1ecb.<\/li><li>X\u00e1c \u0111\u1ecbnh lo\u1ea1i c\u00f4ng vi\u1ec7c ph\u00f9 h\u1ee3p nh\u1ea5t v\u1edbi qu\u00fd v\u1ecb.<\/li><li>Gi\u00e1m s\u00e1t ho\u1eb7c \u0111\u00e0o t\u1ea1o cho qu\u00fd v\u1ecb khi qu\u00fd v\u1ecb \u0111ang l\u00e0m vi\u1ec7c ho\u1eb7c tr\u01b0\u1edbc khi qu\u00fd v\u1ecb nh\u1eadn vi\u1ec7c.<\/li><li>Cung c\u1ea5p cho qu\u00fd v\u1ecb th\u00eam \u0111\u00e0o t\u1ea1o v\u00e0 k\u1ef9 n\u0103ng \u0111\u1ec3 th\u00edch nghi v\u1edbi c\u00f4ng vi\u1ec7c v\u00e0 duy tr\u00ec c\u00f4ng vi\u1ec7c.<\/li><li>T\u01b0 v\u1ea5n cho gia \u0111\u00ecnh qu\u00fd v\u1ecb \u0111\u1ec3 \u0111\u1ea3m b\u1ea3o qu\u00fd v\u1ecb c\u00f3 s\u1ef1 h\u1ed7 tr\u1ee3 c\u1ea7n thi\u1ebft trong c\u00f4ng vi\u1ec7c.<\/li><li>B\u00eanh v\u1ef1c qu\u00fd v\u1ecb n\u1ebfu ph\u00e1t sinh v\u1ea5n \u0111\u1ec1 v\u1edbi ch\u1ee7 lao \u0111\u1ed9ng c\u1ee7a qu\u00fd v\u1ecb.<\/li><li>Cung c\u1ea5p s\u1ef1 h\u1ed7 tr\u1ee3 li\u00ean t\u1ee5c sau khi qu\u00fd v\u1ecb nh\u1eadn vi\u1ec7c. <span class=\"footnote_referrer\"><a role=\"button\" tabindex=\"0\" onclick=\"footnote_moveToReference_1528_1('footnote_plugin_reference_1528_1_2');\" onkeypress=\"footnote_moveToReference_1528_1('footnote_plugin_reference_1528_1_2');\" ><sup id=\"footnote_plugin_tooltip_1528_1_2\" class=\"footnote_plugin_tooltip_text\">[2]<\/sup><\/a><span id=\"footnote_plugin_tooltip_text_1528_1_2\" class=\"footnote_tooltip\">M\u1ee5c 4851(q)(1-7).<\/span><\/span><script type=\"text\/javascript\"> jQuery('#footnote_plugin_tooltip_1528_1_2').tooltip({ tip: '#footnote_plugin_tooltip_text_1528_1_2', tipClass: 'footnote_tooltip', effect: 'fade', predelay: 0, fadeInSpeed: 200, delay: 400, fadeOutSpeed: 200, position: 'top center', relative: true, offset: [-7, 0], });<\/script><\/li><\/ul>\n\n\n\n<p>D\u1ecbch V\u1ee5 Vi\u1ec7c L\u00e0m \u0110\u01b0\u1ee3c H\u1ed7 Tr\u1ee3 ph\u1ea3i c\u00f3 trong IPP ho\u1eb7c K\u1ebf Ho\u1ea1ch H\u1ed7 Tr\u1ee3 Ph\u00e1t Tri\u1ec3n C\u00e1 Nh\u00e2n (Individual Habilitation Support Plan, IHSP) c\u1ee7a qu\u00fd v\u1ecb. (Xem b\u00ean d\u01b0\u1edbi \u0111\u1ec3 bi\u1ebft th\u00f4ng tin v\u1ec1 IHSP).<\/p>\n\n\n\n<p>C\u00e1c d\u1ecbch v\u1ee5 \u0111\u01b0\u1ee3c S\u1edf D\u1ecbch V\u1ee5 Ph\u00e1t Tri\u1ec3n (Department of Developmental Services, DDS) (th\u00f4ng qua trung t\u00e2m khu v\u1ef1c) ho\u1eb7c S\u1edf Ph\u1ee5c H\u1ed3i Ch\u1ee9c N\u0103ng (Department of Rehabilitation, DOR) thanh to\u00e1n.<\/p>\n<div class=\"speaker-mute footnotes_reference_container\"> <div class=\"footnote_container_prepare\"><p><span role=\"button\" tabindex=\"0\" class=\"footnote_reference_container_label pointer\" onclick=\"footnote_expand_collapse_reference_container_1528_1();\">&#x202F;<\/span><span role=\"button\" tabindex=\"0\" class=\"footnote_reference_container_collapse_button\" style=\"display: none;\" onclick=\"footnote_expand_collapse_reference_container_1528_1();\">[<a id=\"footnote_reference_container_collapse_button_1528_1\">+<\/a>]<\/span><\/p><\/div> <div id=\"footnote_references_container_1528_1\" style=\"\"><table class=\"footnotes_table footnote-reference-container\"><caption class=\"accessibility\">References<\/caption> <tbody> \r\n\r\n<tr class=\"footnotes_plugin_reference_row\"> <th scope=\"row\" class=\"footnote_plugin_index_combi pointer\"  onclick=\"footnote_moveToAnchor_1528_1('footnote_plugin_tooltip_1528_1_1');\"><a id=\"footnote_plugin_reference_1528_1_1\" class=\"footnote_backlink\"><span class=\"footnote_index_arrow\">&#8593;<\/span>1<\/a><\/th> <td class=\"footnote_plugin_text\">M\u1ee5c 4851(n) v\u00e0 (p).<\/td><\/tr>\r\n\r\n<tr class=\"footnotes_plugin_reference_row\"> <th scope=\"row\" class=\"footnote_plugin_index_combi pointer\"  onclick=\"footnote_moveToAnchor_1528_1('footnote_plugin_tooltip_1528_1_2');\"><a id=\"footnote_plugin_reference_1528_1_2\" class=\"footnote_backlink\"><span class=\"footnote_index_arrow\">&#8593;<\/span>2<\/a><\/th> <td class=\"footnote_plugin_text\">M\u1ee5c 4851(q)(1-7).<\/td><\/tr>\r\n\r\n <\/tbody> <\/table> <\/div><\/div><script type=\"text\/javascript\"> function footnote_expand_reference_container_1528_1() { jQuery('#footnote_references_container_1528_1').show(); jQuery('#footnote_reference_container_collapse_button_1528_1').text('\u2212'); } function footnote_collapse_reference_container_1528_1() { jQuery('#footnote_references_container_1528_1').hide(); jQuery('#footnote_reference_container_collapse_button_1528_1').text('+'); } function footnote_expand_collapse_reference_container_1528_1() { if (jQuery('#footnote_references_container_1528_1').is(':hidden')) { footnote_expand_reference_container_1528_1(); } else { footnote_collapse_reference_container_1528_1(); } } function footnote_moveToReference_1528_1(p_str_TargetID) { footnote_expand_reference_container_1528_1(); var l_obj_Target = jQuery('#' + p_str_TargetID); if (l_obj_Target.length) { jQuery( 'html, body' ).delay( 0 ); jQuery('html, body').animate({ scrollTop: l_obj_Target.offset().top - window.innerHeight * 0.2 }, 380); } } function footnote_moveToAnchor_1528_1(p_str_TargetID) { footnote_expand_reference_container_1528_1(); var l_obj_Target = jQuery('#' + p_str_TargetID); if (l_obj_Target.length) { jQuery( 'html, body' ).delay( 0 ); jQuery('html, body').animate({ scrollTop: l_obj_Target.offset().top - window.innerHeight * 0.2 }, 380); } }<\/script>","protected":false},"excerpt":{"rendered":"<p>Vi\u1ec7c l\u00e0m \u0111\u01b0\u1ee3c h\u1ed7 tr\u1ee3&nbsp;l\u00e0 c\u00f4ng vi\u1ec7c c\u00f3 tr\u1ea3 l\u01b0\u01a1ng trong c\u1ed9ng \u0111\u1ed3ng k\u00e8m c\u00e1c d\u1ecbch v\u1ee5 h\u1ed7 tr\u1ee3 li\u00ean t\u1ee5c m\u00e0 qu\u00fd v\u1ecb c\u1ea7n&hellip;<\/p>\n","protected":false},"author":1,"featured_media":0,"parent":1447,"menu_order":8,"comment_status":"closed","ping_status":"closed","template":"","meta":{"footnotes":""},"class_list":["post-1528","page","type-page","status-publish","hentry"],"_links":{"self":[{"href":"https:\/\/rula.disabilityrightsca.org\/vi\/wp-json\/wp\/v2\/pages\/1528","targetHints":{"allow":["GET"]}}],"collection":[{"href":"https:\/\/rula.disabilityrightsca.org\/vi\/wp-json\/wp\/v2\/pages"}],"about":[{"href":"https:\/\/rula.disabilityrightsca.org\/vi\/wp-json\/wp\/v2\/types\/page"}],"author":[{"embeddable":true,"href":"https:\/\/rula.disabilityrightsca.org\/vi\/wp-json\/wp\/v2\/users\/1"}],"replies":[{"embeddable":true,"href":"https:\/\/rula.disabilityrightsca.org\/vi\/wp-json\/wp\/v2\/comments?post=1528"}],"version-history":[{"count":3,"href":"https:\/\/rula.disabilityrightsca.org\/vi\/wp-json\/wp\/v2\/pages\/1528\/revisions"}],"predecessor-version":[{"id":3242,"href":"https:\/\/rula.disabilityrightsca.org\/vi\/wp-json\/wp\/v2\/pages\/1528\/revisions\/3242"}],"up":[{"embeddable":true,"href":"https:\/\/rula.disabilityrightsca.org\/vi\/wp-json\/wp\/v2\/pages\/1447"}],"wp:attachment":[{"href":"https:\/\/rula.disabilityrightsca.org\/vi\/wp-json\/wp\/v2\/media?parent=1528"}],"curies":[{"name":"wp","href":"https:\/\/api.w.org\/{rel}","templated":true}]}}