{"id":1526,"date":"2021-07-01T21:13:18","date_gmt":"2021-07-01T21:13:18","guid":{"rendered":"http:\/\/www.rula.disabilityrightsca.org\/vi\/?page_id=1526"},"modified":"2022-04-27T16:48:16","modified_gmt":"2022-04-27T16:48:16","slug":"what-is-competitive-employment","status":"publish","type":"page","link":"https:\/\/rula.disabilityrightsca.org\/vi\/rula-book\/chapter-9-community-participation-work-day-and-leisure-activities\/what-is-competitive-employment\/","title":{"rendered":"(9.7) Vi\u1ec7c l\u00e0m c\u1ea1nh tranh l\u00e0 g\u00ec?"},"content":{"rendered":"\n<p><em>Vi\u1ec7c l\u00e0m c\u1ea1nh tranh<\/em>&nbsp;l\u00e0 c\u00f4ng vi\u1ec7c \u0111\u01b0\u1ee3c th\u1ef1c hi\u1ec7n trong th\u1ecb tr\u01b0\u1eddng vi\u1ec7c l\u00e0m m\u1edf m\u00e0 kh\u00f4ng c\u00f3 tr\u1ee3 gi\u00fap t\u1eeb nh\u1eefng ng\u01b0\u1eddi kh\u00e1c (ch\u1eb3ng h\u1ea1n nh\u01b0 ng\u01b0\u1eddi h\u01b0\u1edbng d\u1eabn c\u00f4ng vi\u1ec7c). S\u1ef1 h\u1ed7 tr\u1ee3 t\u1ef1 nhi\u00ean c\u1ee7a qu\u00fd v\u1ecb c\u00f3 th\u1ec3 \u0111\u00e3 \u0111\u1ee7 \u0111\u1ec3 qu\u00fd v\u1ecb th\u00e0nh c\u00f4ng trong vi\u1ec7c l\u00e0m c\u1ea1nh tranh. S\u1ef1 h\u1ed7 tr\u1ee3 t\u1ef1 nhi\u00ean l\u00e0 c\u00e1c m\u1ed1i quan h\u1ec7 c\u00e1 nh\u00e2n c\u1ee7a qu\u00fd v\u1ecb, nh\u1eefng ng\u01b0\u1eddi c\u00f3 th\u1ec3 v\u00e0 s\u1eb5n l\u00f2ng tr\u1ee3 gi\u00fap qu\u00fd v\u1ecb trong c\u00f4ng vi\u1ec7c. <span class=\"footnote_referrer\"><a role=\"button\" tabindex=\"0\" onclick=\"footnote_moveToReference_1526_1('footnote_plugin_reference_1526_1_1');\" onkeypress=\"footnote_moveToReference_1526_1('footnote_plugin_reference_1526_1_1');\" ><sup id=\"footnote_plugin_tooltip_1526_1_1\" class=\"footnote_plugin_tooltip_text\">[1]<\/sup><\/a><span id=\"footnote_plugin_tooltip_text_1526_1_1\" class=\"footnote_tooltip\">M\u1ee5c 4512(e).<\/span><\/span><script type=\"text\/javascript\"> jQuery('#footnote_plugin_tooltip_1526_1_1').tooltip({ tip: '#footnote_plugin_tooltip_text_1526_1_1', tipClass: 'footnote_tooltip', effect: 'fade', predelay: 0, fadeInSpeed: 200, delay: 400, fadeOutSpeed: 200, position: 'top center', relative: true, offset: [-7, 0], });<\/script><\/p>\n<div class=\"speaker-mute footnotes_reference_container\"> <div class=\"footnote_container_prepare\"><p><span role=\"button\" tabindex=\"0\" class=\"footnote_reference_container_label pointer\" onclick=\"footnote_expand_collapse_reference_container_1526_1();\">&#x202F;<\/span><span role=\"button\" tabindex=\"0\" class=\"footnote_reference_container_collapse_button\" style=\"display: none;\" onclick=\"footnote_expand_collapse_reference_container_1526_1();\">[<a id=\"footnote_reference_container_collapse_button_1526_1\">+<\/a>]<\/span><\/p><\/div> <div id=\"footnote_references_container_1526_1\" style=\"\"><table class=\"footnotes_table footnote-reference-container\"><caption class=\"accessibility\">References<\/caption> <tbody> \r\n\r\n<tr class=\"footnotes_plugin_reference_row\"> <th scope=\"row\" class=\"footnote_plugin_index_combi pointer\"  onclick=\"footnote_moveToAnchor_1526_1('footnote_plugin_tooltip_1526_1_1');\"><a id=\"footnote_plugin_reference_1526_1_1\" class=\"footnote_backlink\"><span class=\"footnote_index_arrow\">&#8593;<\/span>1<\/a><\/th> <td class=\"footnote_plugin_text\">M\u1ee5c 4512(e).<\/td><\/tr>\r\n\r\n <\/tbody> <\/table> <\/div><\/div><script type=\"text\/javascript\"> function footnote_expand_reference_container_1526_1() { jQuery('#footnote_references_container_1526_1').show(); jQuery('#footnote_reference_container_collapse_button_1526_1').text('\u2212'); } function footnote_collapse_reference_container_1526_1() { jQuery('#footnote_references_container_1526_1').hide(); jQuery('#footnote_reference_container_collapse_button_1526_1').text('+'); } function footnote_expand_collapse_reference_container_1526_1() { if (jQuery('#footnote_references_container_1526_1').is(':hidden')) { footnote_expand_reference_container_1526_1(); } else { footnote_collapse_reference_container_1526_1(); } } function footnote_moveToReference_1526_1(p_str_TargetID) { footnote_expand_reference_container_1526_1(); var l_obj_Target = jQuery('#' + p_str_TargetID); if (l_obj_Target.length) { jQuery( 'html, body' ).delay( 0 ); jQuery('html, body').animate({ scrollTop: l_obj_Target.offset().top - window.innerHeight * 0.2 }, 380); } } function footnote_moveToAnchor_1526_1(p_str_TargetID) { footnote_expand_reference_container_1526_1(); var l_obj_Target = jQuery('#' + p_str_TargetID); if (l_obj_Target.length) { jQuery( 'html, body' ).delay( 0 ); jQuery('html, body').animate({ scrollTop: l_obj_Target.offset().top - window.innerHeight * 0.2 }, 380); } }<\/script>","protected":false},"excerpt":{"rendered":"<p>Vi\u1ec7c l\u00e0m c\u1ea1nh tranh&nbsp;l\u00e0 c\u00f4ng vi\u1ec7c \u0111\u01b0\u1ee3c th\u1ef1c hi\u1ec7n trong th\u1ecb tr\u01b0\u1eddng vi\u1ec7c l\u00e0m m\u1edf m\u00e0 kh\u00f4ng c\u00f3 tr\u1ee3 gi\u00fap t\u1eeb nh\u1eefng ng\u01b0\u1eddi kh\u00e1c (ch\u1eb3ng&hellip;<\/p>\n","protected":false},"author":1,"featured_media":0,"parent":1447,"menu_order":7,"comment_status":"closed","ping_status":"closed","template":"","meta":{"footnotes":""},"class_list":["post-1526","page","type-page","status-publish","hentry"],"_links":{"self":[{"href":"https:\/\/rula.disabilityrightsca.org\/vi\/wp-json\/wp\/v2\/pages\/1526","targetHints":{"allow":["GET"]}}],"collection":[{"href":"https:\/\/rula.disabilityrightsca.org\/vi\/wp-json\/wp\/v2\/pages"}],"about":[{"href":"https:\/\/rula.disabilityrightsca.org\/vi\/wp-json\/wp\/v2\/types\/page"}],"author":[{"embeddable":true,"href":"https:\/\/rula.disabilityrightsca.org\/vi\/wp-json\/wp\/v2\/users\/1"}],"replies":[{"embeddable":true,"href":"https:\/\/rula.disabilityrightsca.org\/vi\/wp-json\/wp\/v2\/comments?post=1526"}],"version-history":[{"count":2,"href":"https:\/\/rula.disabilityrightsca.org\/vi\/wp-json\/wp\/v2\/pages\/1526\/revisions"}],"predecessor-version":[{"id":3241,"href":"https:\/\/rula.disabilityrightsca.org\/vi\/wp-json\/wp\/v2\/pages\/1526\/revisions\/3241"}],"up":[{"embeddable":true,"href":"https:\/\/rula.disabilityrightsca.org\/vi\/wp-json\/wp\/v2\/pages\/1447"}],"wp:attachment":[{"href":"https:\/\/rula.disabilityrightsca.org\/vi\/wp-json\/wp\/v2\/media?parent=1526"}],"curies":[{"name":"wp","href":"https:\/\/api.w.org\/{rel}","templated":true}]}}