{"id":1524,"date":"2021-07-01T21:11:46","date_gmt":"2021-07-01T21:11:46","guid":{"rendered":"http:\/\/www.rula.disabilityrightsca.org\/vi\/?page_id=1524"},"modified":"2022-04-27T16:48:00","modified_gmt":"2022-04-27T16:48:00","slug":"what-types-of-day-activities-are-there-to-choose-from","status":"publish","type":"page","link":"https:\/\/rula.disabilityrightsca.org\/vi\/rula-book\/chapter-9-community-participation-work-day-and-leisure-activities\/what-types-of-day-activities-are-there-to-choose-from\/","title":{"rendered":"(9.6)  T\u00f4i c\u00f3 th\u1ec3 ch\u1ecdn nh\u1eefng lo\u1ea1i ho\u1ea1t \u0111\u1ed9ng ban ng\u00e0y n\u00e0o?"},"content":{"rendered":"\n<p>V\u1ec1 c\u00f4ng vi\u1ec7c, qu\u00fd v\u1ecb c\u00f3 c\u00e1c l\u1ef1a ch\u1ecdn:<\/p>\n\n\n\n<ul class=\"wp-block-list\"><li>Vi\u1ec7c l\u00e0m c\u1ea1nh tranh<\/li><li>T\u1ef1 kinh doanh<\/li><li>Vi\u1ec7c l\u00e0m \u0111\u01b0\u1ee3c h\u1ed7 tr\u1ee3<\/li><li>Ch\u01b0\u01a1ng tr\u00ecnh ho\u1ea1t \u0111\u1ed9ng c\u00f4ng vi\u1ec7c<\/li><\/ul>\n\n\n\n<p>C\u00e1c l\u1ef1a ch\u1ecdn ho\u1ea1t \u0111\u1ed9ng ban ng\u00e0y kh\u00e1c g\u1ed3m c\u00f3:<\/p>\n\n\n\n<ul class=\"wp-block-list\"><li>Trung t\u00e2m ph\u00e1t tri\u1ec3n ng\u01b0\u1eddi th\u00e0nh ni\u00ean ho\u1eb7c ch\u01b0\u01a1ng tr\u00ecnh ban ng\u00e0y<\/li><li>Trung t\u00e2m ho\u1ea1t \u0111\u1ed9ng<\/li><li>Ch\u01b0\u01a1ng tr\u00ecnh qu\u1ea3n l\u00fd h\u00e0nh vi<\/li><li>Ch\u01b0\u01a1ng tr\u00ecnh gi\u1ea3i tr\u00ed x\u00e3 h\u1ed9i, n\u1ebfu qu\u00fd v\u1ecb \u0111\u00e1p \u1ee9ng m\u1ed9t s\u1ed1 ngo\u1ea1i l\u1ec7 (xem b\u00ean d\u01b0\u1edbi)<\/li><li>C\u00e1c ch\u01b0\u01a1ng tr\u00ecnh ban ng\u00e0y c\u00e1 nh\u00e2n h\u00f3a kh\u00e1c<\/li><\/ul>\n","protected":false},"excerpt":{"rendered":"<p>V\u1ec1 c\u00f4ng vi\u1ec7c, qu\u00fd v\u1ecb c\u00f3 c\u00e1c l\u1ef1a ch\u1ecdn: Vi\u1ec7c l\u00e0m c\u1ea1nh tranh T\u1ef1 kinh doanh Vi\u1ec7c l\u00e0m \u0111\u01b0\u1ee3c h\u1ed7 tr\u1ee3 Ch\u01b0\u01a1ng tr\u00ecnh ho\u1ea1t \u0111\u1ed9ng&hellip;<\/p>\n","protected":false},"author":1,"featured_media":0,"parent":1447,"menu_order":6,"comment_status":"closed","ping_status":"closed","template":"","meta":{"footnotes":""},"class_list":["post-1524","page","type-page","status-publish","hentry"],"_links":{"self":[{"href":"https:\/\/rula.disabilityrightsca.org\/vi\/wp-json\/wp\/v2\/pages\/1524","targetHints":{"allow":["GET"]}}],"collection":[{"href":"https:\/\/rula.disabilityrightsca.org\/vi\/wp-json\/wp\/v2\/pages"}],"about":[{"href":"https:\/\/rula.disabilityrightsca.org\/vi\/wp-json\/wp\/v2\/types\/page"}],"author":[{"embeddable":true,"href":"https:\/\/rula.disabilityrightsca.org\/vi\/wp-json\/wp\/v2\/users\/1"}],"replies":[{"embeddable":true,"href":"https:\/\/rula.disabilityrightsca.org\/vi\/wp-json\/wp\/v2\/comments?post=1524"}],"version-history":[{"count":3,"href":"https:\/\/rula.disabilityrightsca.org\/vi\/wp-json\/wp\/v2\/pages\/1524\/revisions"}],"predecessor-version":[{"id":3240,"href":"https:\/\/rula.disabilityrightsca.org\/vi\/wp-json\/wp\/v2\/pages\/1524\/revisions\/3240"}],"up":[{"embeddable":true,"href":"https:\/\/rula.disabilityrightsca.org\/vi\/wp-json\/wp\/v2\/pages\/1447"}],"wp:attachment":[{"href":"https:\/\/rula.disabilityrightsca.org\/vi\/wp-json\/wp\/v2\/media?parent=1524"}],"curies":[{"name":"wp","href":"https:\/\/api.w.org\/{rel}","templated":true}]}}