{"id":1476,"date":"2021-06-23T23:27:25","date_gmt":"2021-06-23T23:27:25","guid":{"rendered":"http:\/\/www.rula.disabilityrightsca.org\/vi\/?page_id=1476"},"modified":"2022-06-23T23:44:49","modified_gmt":"2022-06-23T23:44:49","slug":"must-i-use-generic-resources-to-get-help-with-work-or-leisure-activities-before-the-regional-center-will-help-me-get-these","status":"publish","type":"page","link":"https:\/\/rula.disabilityrightsca.org\/vi\/rula-book\/chapter-9-community-participation-work-day-and-leisure-activities\/must-i-use-generic-resources-to-get-help-with-work-or-leisure-activities-before-the-regional-center-will-help-me-get-these\/","title":{"rendered":"(9.5) T\u00f4i c\u00f3 ph\u1ea3i s\u1eed d\u1ee5ng c\u00e1c ngu\u1ed3n l\u1ef1c chung \u0111\u1ec3 nh\u1eadn tr\u1ee3 gi\u00fap v\u1ec1 c\u00f4ng vi\u1ec7c ho\u1eb7c c\u00e1c ho\u1ea1t \u0111\u1ed9ng l\u00fac r\u1ea3nh r\u1ed7i tr\u01b0\u1edbc khi trung t\u00e2m khu v\u1ef1c gi\u00fap t\u00f4i nh\u1eadn kh\u00f4ng?"},"content":{"rendered":"\n<p>D\u1ecbch v\u1ee5 chung l\u00e0 c\u00e1c d\u1ecbch v\u1ee5 t\u1eeb m\u1ed9t c\u01a1 quan kh\u00e1c ph\u1ee5c v\u1ee5 c\u00f4ng ch\u00fang. <span class=\"footnote_referrer\"><a role=\"button\" tabindex=\"0\" onclick=\"footnote_moveToReference_1476_1('footnote_plugin_reference_1476_1_1');\" onkeypress=\"footnote_moveToReference_1476_1('footnote_plugin_reference_1476_1_1');\" ><sup id=\"footnote_plugin_tooltip_1476_1_1\" class=\"footnote_plugin_tooltip_text\">[1]<\/sup><\/a><span id=\"footnote_plugin_tooltip_text_1476_1_1\" class=\"footnote_tooltip\">M\u1ee5c 4644(b).<\/span><\/span><script type=\"text\/javascript\"> jQuery('#footnote_plugin_tooltip_1476_1_1').tooltip({ tip: '#footnote_plugin_tooltip_text_1476_1_1', tipClass: 'footnote_tooltip', effect: 'fade', predelay: 0, fadeInSpeed: 200, delay: 400, fadeOutSpeed: 200, position: 'top center', relative: true, offset: [-7, 0], });<\/script> Lu\u1eadt quy \u0111\u1ecbnh kh\u00e1ch h\u00e0ng c\u1ee7a trung t\u00e2m khu v\u1ef1c ph\u1ea3i s\u1eed d\u1ee5ng c\u00e1c d\u1ecbch v\u1ee5 chung tr\u01b0\u1edbc khi trung t\u00e2m khu v\u1ef1c c\u00f3 th\u1ec3 thanh to\u00e1n cho c\u00e1c d\u1ecbch v\u1ee5 t\u01b0\u01a1ng t\u1ef1. <span class=\"footnote_referrer\"><a role=\"button\" tabindex=\"0\" onclick=\"footnote_moveToReference_1476_1('footnote_plugin_reference_1476_1_2');\" onkeypress=\"footnote_moveToReference_1476_1('footnote_plugin_reference_1476_1_2');\" ><sup id=\"footnote_plugin_tooltip_1476_1_2\" class=\"footnote_plugin_tooltip_text\">[2]<\/sup><\/a><span id=\"footnote_plugin_tooltip_text_1476_1_2\" class=\"footnote_tooltip\">C\u00e1c M\u1ee5c 4648(a)(8) v\u00e0 4659.<\/span><\/span><script type=\"text\/javascript\"> jQuery('#footnote_plugin_tooltip_1476_1_2').tooltip({ tip: '#footnote_plugin_tooltip_text_1476_1_2', tipClass: 'footnote_tooltip', effect: 'fade', predelay: 0, fadeInSpeed: 200, delay: 400, fadeOutSpeed: 200, position: 'top center', relative: true, offset: [-7, 0], });<\/script> Trung t\u00e2m khu v\u1ef1c l\u00e0 b\u00ean thanh to\u00e1n cu\u1ed1i c\u00f9ng v\u00ec kh\u00e1ch h\u00e0ng tr\u01b0\u1edbc ti\u00ean ph\u1ea3i s\u1eed d\u1ee5ng c\u00e1c ngu\u1ed3n l\u1ef1c chung. Tr\u01b0\u1edbc ti\u00ean qu\u00fd v\u1ecb ph\u1ea3i s\u1eed d\u1ee5ng c\u00e1c ngu\u1ed3n l\u1ef1c chung n\u1ebfu qu\u00fd v\u1ecb nh\u1eadn c\u00e1c d\u1ecbch v\u1ee5 c\u1ee7a trung t\u00e2m khu v\u1ef1c theo c\u00e1ch th\u00f4ng th\u01b0\u1eddng, ho\u1eb7c n\u1ebfu qu\u00fd v\u1ecb tham gia Ch\u01b0\u01a1ng Tr\u00ecnh T\u1ef1 X\u00e1c \u0110\u1ecbnh (Self-Determination Program, SDP). <span class=\"footnote_referrer\"><a role=\"button\" tabindex=\"0\" onclick=\"footnote_moveToReference_1476_1('footnote_plugin_reference_1476_1_3');\" onkeypress=\"footnote_moveToReference_1476_1('footnote_plugin_reference_1476_1_3');\" ><sup id=\"footnote_plugin_tooltip_1476_1_3\" class=\"footnote_plugin_tooltip_text\">[3]<\/sup><\/a><span id=\"footnote_plugin_tooltip_text_1476_1_3\" class=\"footnote_tooltip\">M\u1ee5c 4685.8(d)(3)(B).<\/span><\/span><script type=\"text\/javascript\"> jQuery('#footnote_plugin_tooltip_1476_1_3').tooltip({ tip: '#footnote_plugin_tooltip_text_1476_1_3', tipClass: 'footnote_tooltip', effect: 'fade', predelay: 0, fadeInSpeed: 200, delay: 400, fadeOutSpeed: 200, position: 'top center', relative: true, offset: [-7, 0], });<\/script><\/p>\n\n\n\n<p>M\u1ed9t v\u00ed d\u1ee5 l\u00e0 S\u1edf Ph\u1ee5c H\u1ed3i Ch\u1ee9c N\u0103ng (Department of Rehabilitation, DOR). DOR l\u00e0 m\u1ed9t c\u01a1 quan chung cung c\u1ea5p c\u00e1c d\u1ecbch v\u1ee5 ngh\u1ec1 nghi\u1ec7p v\u00e0 v\u1eadn chuy\u1ec3n. DOR tr\u1ee3 gi\u00fap nh\u1eefng ng\u01b0\u1eddi khuy\u1ebft t\u1eadt nh\u1eadn v\u00e0 duy tr\u00ec c\u00f4ng vi\u1ec7c c\u0169ng nh\u01b0 s\u1ed1ng \u0111\u1ed9c l\u1eadp trong c\u1ed9ng \u0111\u1ed3ng. \u0110i\u1ec1u n\u00e0y bao g\u1ed3m c\u00e1c d\u1ecbch v\u1ee5 ph\u1ee5c h\u1ed3i ch\u1ee9c n\u0103ng ngh\u1ec1 nghi\u1ec7p (\u0111\u01b0\u1ee3c th\u1ea3o lu\u1eadn b\u00ean d\u01b0\u1edbi). DOR c\u0169ng c\u00f3 th\u1ec3 cung c\u1ea5p \u0111\u00e0o t\u1ea1o gi\u00e1o d\u1ee5c v\u00e0 cao \u0111\u1eb3ng. N\u1ebfu qu\u00fd v\u1ecb h\u1ed9i \u0111\u1ee7 \u0111i\u1ec1u ki\u1ec7n nh\u1eadn c\u00e1c d\u1ecbch v\u1ee5 t\u1eeb DOR, trung t\u00e2m khu v\u1ef1c kh\u00f4ng th\u1ec3 mua c\u00e1c d\u1ecbch v\u1ee5 t\u01b0\u01a1ng t\u1ef1. \u0110\u1ea1o Lu\u1eadt Lanterman c\u0169ng quy \u0111\u1ecbnh trung t\u00e2m khu v\u1ef1c ph\u1ea3i \u0111\u1ea3m b\u1ea3o kh\u00f4ng c\u00f3 thi\u1ebfu s\u00f3t trong vi\u1ec7c cung c\u1ea5p c\u00e1c d\u1ecbch v\u1ee5 v\u00e0 s\u1ef1 h\u1ed7 tr\u1ee3 \u0111\u01b0\u1ee3c n\u00eau trong IPP c\u1ee7a qu\u00fd v\u1ecb. <span class=\"footnote_referrer\"><a role=\"button\" tabindex=\"0\" onclick=\"footnote_moveToReference_1476_1('footnote_plugin_reference_1476_1_4');\" onkeypress=\"footnote_moveToReference_1476_1('footnote_plugin_reference_1476_1_4');\" ><sup id=\"footnote_plugin_tooltip_1476_1_4\" class=\"footnote_plugin_tooltip_text\">[4]<\/sup><\/a><span id=\"footnote_plugin_tooltip_text_1476_1_4\" class=\"footnote_tooltip\">C\u00e1c M\u1ee5c 4501 v\u00e0 4648(h).<\/span><\/span><script type=\"text\/javascript\"> jQuery('#footnote_plugin_tooltip_1476_1_4').tooltip({ tip: '#footnote_plugin_tooltip_text_1476_1_4', tipClass: 'footnote_tooltip', effect: 'fade', predelay: 0, fadeInSpeed: 200, delay: 400, fadeOutSpeed: 200, position: 'top center', relative: true, offset: [-7, 0], });<\/script> V\u00ec v\u1eady, cho \u0111\u1ebfn khi c\u01a1 quan chung c\u00f3 tr\u00e1ch nhi\u1ec7m \u0111\u1ed3ng \u00fd bao tr\u1ea3 cho d\u1ecbch v\u1ee5, h\u00e3y y\u00eau c\u1ea7u trung t\u00e2m khu v\u1ef1c thanh to\u00e1n. H\u00e3y xem\u00a0<a href=\"https:\/\/rula.disabilityrightsca.org\/vi\/rula-book\/chapter-4-individual-program-plans\/\">Ch\u01b0\u01a1ng 4<\/a>\u00a0v\u1ec1 quy tr\u00ecnh ph\u00e1t tri\u1ec3n IPP.<\/p>\n\n\n\n<p><\/p>\n<div class=\"speaker-mute footnotes_reference_container\"> <div class=\"footnote_container_prepare\"><p><span role=\"button\" tabindex=\"0\" class=\"footnote_reference_container_label pointer\" onclick=\"footnote_expand_collapse_reference_container_1476_1();\">&#x202F;<\/span><span role=\"button\" tabindex=\"0\" class=\"footnote_reference_container_collapse_button\" style=\"display: none;\" onclick=\"footnote_expand_collapse_reference_container_1476_1();\">[<a id=\"footnote_reference_container_collapse_button_1476_1\">+<\/a>]<\/span><\/p><\/div> <div id=\"footnote_references_container_1476_1\" style=\"\"><table class=\"footnotes_table footnote-reference-container\"><caption class=\"accessibility\">References<\/caption> <tbody> \r\n\r\n<tr class=\"footnotes_plugin_reference_row\"> <th scope=\"row\" class=\"footnote_plugin_index_combi pointer\"  onclick=\"footnote_moveToAnchor_1476_1('footnote_plugin_tooltip_1476_1_1');\"><a id=\"footnote_plugin_reference_1476_1_1\" class=\"footnote_backlink\"><span class=\"footnote_index_arrow\">&#8593;<\/span>1<\/a><\/th> <td class=\"footnote_plugin_text\">M\u1ee5c 4644(b).<\/td><\/tr>\r\n\r\n<tr class=\"footnotes_plugin_reference_row\"> <th scope=\"row\" class=\"footnote_plugin_index_combi pointer\"  onclick=\"footnote_moveToAnchor_1476_1('footnote_plugin_tooltip_1476_1_2');\"><a id=\"footnote_plugin_reference_1476_1_2\" class=\"footnote_backlink\"><span class=\"footnote_index_arrow\">&#8593;<\/span>2<\/a><\/th> <td class=\"footnote_plugin_text\">C\u00e1c M\u1ee5c 4648(a)(8) v\u00e0 4659.<\/td><\/tr>\r\n\r\n<tr class=\"footnotes_plugin_reference_row\"> <th scope=\"row\" class=\"footnote_plugin_index_combi pointer\"  onclick=\"footnote_moveToAnchor_1476_1('footnote_plugin_tooltip_1476_1_3');\"><a id=\"footnote_plugin_reference_1476_1_3\" class=\"footnote_backlink\"><span class=\"footnote_index_arrow\">&#8593;<\/span>3<\/a><\/th> <td class=\"footnote_plugin_text\">M\u1ee5c 4685.8(d)(3)(B).<\/td><\/tr>\r\n\r\n<tr class=\"footnotes_plugin_reference_row\"> <th scope=\"row\" class=\"footnote_plugin_index_combi pointer\"  onclick=\"footnote_moveToAnchor_1476_1('footnote_plugin_tooltip_1476_1_4');\"><a id=\"footnote_plugin_reference_1476_1_4\" class=\"footnote_backlink\"><span class=\"footnote_index_arrow\">&#8593;<\/span>4<\/a><\/th> <td class=\"footnote_plugin_text\">C\u00e1c M\u1ee5c 4501 v\u00e0 4648(h).<\/td><\/tr>\r\n\r\n <\/tbody> <\/table> <\/div><\/div><script type=\"text\/javascript\"> function footnote_expand_reference_container_1476_1() { jQuery('#footnote_references_container_1476_1').show(); jQuery('#footnote_reference_container_collapse_button_1476_1').text('\u2212'); } function footnote_collapse_reference_container_1476_1() { jQuery('#footnote_references_container_1476_1').hide(); jQuery('#footnote_reference_container_collapse_button_1476_1').text('+'); } function footnote_expand_collapse_reference_container_1476_1() { if (jQuery('#footnote_references_container_1476_1').is(':hidden')) { footnote_expand_reference_container_1476_1(); } else { footnote_collapse_reference_container_1476_1(); } } function footnote_moveToReference_1476_1(p_str_TargetID) { footnote_expand_reference_container_1476_1(); var l_obj_Target = jQuery('#' + p_str_TargetID); if (l_obj_Target.length) { jQuery( 'html, body' ).delay( 0 ); jQuery('html, body').animate({ scrollTop: l_obj_Target.offset().top - window.innerHeight * 0.2 }, 380); } } function footnote_moveToAnchor_1476_1(p_str_TargetID) { footnote_expand_reference_container_1476_1(); var l_obj_Target = jQuery('#' + p_str_TargetID); if (l_obj_Target.length) { jQuery( 'html, body' ).delay( 0 ); jQuery('html, body').animate({ scrollTop: l_obj_Target.offset().top - window.innerHeight * 0.2 }, 380); } }<\/script>","protected":false},"excerpt":{"rendered":"<p>D\u1ecbch v\u1ee5 chung l\u00e0 c\u00e1c d\u1ecbch v\u1ee5 t\u1eeb m\u1ed9t c\u01a1 quan kh\u00e1c ph\u1ee5c v\u1ee5 c\u00f4ng ch\u00fang. [1]M\u1ee5c 4644(b). Lu\u1eadt quy \u0111\u1ecbnh kh\u00e1ch h\u00e0ng c\u1ee7a trung&hellip;<\/p>\n","protected":false},"author":1,"featured_media":0,"parent":1447,"menu_order":5,"comment_status":"closed","ping_status":"closed","template":"","meta":{"footnotes":""},"class_list":["post-1476","page","type-page","status-publish","hentry"],"_links":{"self":[{"href":"https:\/\/rula.disabilityrightsca.org\/vi\/wp-json\/wp\/v2\/pages\/1476","targetHints":{"allow":["GET"]}}],"collection":[{"href":"https:\/\/rula.disabilityrightsca.org\/vi\/wp-json\/wp\/v2\/pages"}],"about":[{"href":"https:\/\/rula.disabilityrightsca.org\/vi\/wp-json\/wp\/v2\/types\/page"}],"author":[{"embeddable":true,"href":"https:\/\/rula.disabilityrightsca.org\/vi\/wp-json\/wp\/v2\/users\/1"}],"replies":[{"embeddable":true,"href":"https:\/\/rula.disabilityrightsca.org\/vi\/wp-json\/wp\/v2\/comments?post=1476"}],"version-history":[{"count":8,"href":"https:\/\/rula.disabilityrightsca.org\/vi\/wp-json\/wp\/v2\/pages\/1476\/revisions"}],"predecessor-version":[{"id":3464,"href":"https:\/\/rula.disabilityrightsca.org\/vi\/wp-json\/wp\/v2\/pages\/1476\/revisions\/3464"}],"up":[{"embeddable":true,"href":"https:\/\/rula.disabilityrightsca.org\/vi\/wp-json\/wp\/v2\/pages\/1447"}],"wp:attachment":[{"href":"https:\/\/rula.disabilityrightsca.org\/vi\/wp-json\/wp\/v2\/media?parent=1476"}],"curies":[{"name":"wp","href":"https:\/\/api.w.org\/{rel}","templated":true}]}}