{"id":1470,"date":"2021-06-23T23:06:23","date_gmt":"2021-06-23T23:06:23","guid":{"rendered":"http:\/\/www.rula.disabilityrightsca.org\/vi\/?page_id=1470"},"modified":"2022-04-27T16:47:38","modified_gmt":"2022-04-27T16:47:38","slug":"if-i-know-what-kind-of-work-i-want-to-do-and-what-activities-i-enjoy-how-do-i-get-the-regional-center-to-help-me","status":"publish","type":"page","link":"https:\/\/rula.disabilityrightsca.org\/vi\/rula-book\/chapter-9-community-participation-work-day-and-leisure-activities\/if-i-know-what-kind-of-work-i-want-to-do-and-what-activities-i-enjoy-how-do-i-get-the-regional-center-to-help-me\/","title":{"rendered":"(9.4) N\u1ebfu t\u00f4i bi\u1ebft lo\u1ea1i c\u00f4ng vi\u1ec7c m\u00ecnh mu\u1ed1n l\u00e0m v\u00e0 c\u00e1c ho\u1ea1t \u0111\u1ed9ng khi\u1ebfn m\u00ecnh th\u00edch th\u00fa, l\u00e0m th\u1ebf n\u00e0o \u0111\u1ec3 y\u00eau c\u1ea7u trung t\u00e2m khu v\u1ef1c tr\u1ee3 gi\u00fap t\u00f4i?"},"content":{"rendered":"\n<p>Sau khi qu\u00fd v\u1ecb x\u00e1c \u0111\u1ecbnh \u0111\u01b0\u1ee3c nh\u1eefng lo\u1ea1i vi\u1ec7c qu\u00fd v\u1ecb mu\u1ed1n l\u00e0m trong c\u1ed9ng \u0111\u1ed3ng, h\u00e3y li\u00ean h\u1ec7 v\u1edbi trung t\u00e2m khu v\u1ef1c v\u00e0 y\u00eau c\u1ea7u m\u1ed9t cu\u1ed9c h\u1ecdp K\u1ebf Ho\u1ea1ch Ch\u01b0\u01a1ng Tr\u00ecnh C\u00e1 Nh\u00e2n (Individual Program Plan, IPP). Qu\u00fd v\u1ecb ph\u1ea3i s\u1eed d\u1ee5ng quy tr\u00ecnh IPP \u0111\u1ec3 th\u1ea3o lu\u1eadn c\u0169ng nh\u01b0 x\u00e1c \u0111\u1ecbnh c\u00e1c d\u1ecbch v\u1ee5 v\u00e0 s\u1ef1 h\u1ed7 tr\u1ee3 \u0111\u00e1p \u1ee9ng c\u00f4ng vi\u1ec7c, c\u1ed9ng \u0111\u1ed3ng v\u00e0 s\u1edf th\u00edch ho\u1ea1t \u0111\u1ed9ng l\u00fac r\u1ea3nh r\u1ed7i c\u1ee7a qu\u00fd v\u1ecb. Qu\u00fd v\u1ecb c\u00f3 th\u1ec3 \u0111\u1ee3i \u0111\u1ebfn IPP ti\u1ebfp theo \u0111\u00fang l\u1ecbch b\u00ecnh th\u01b0\u1eddng c\u1ee7a qu\u00fd v\u1ecb. Ho\u1eb7c, qu\u00fd v\u1ecb c\u00f3 th\u1ec3 y\u00eau c\u1ea7u m\u1ed9t cu\u1ed9c h\u1ecdp IPP, v\u00e0 trung t\u00e2m khu v\u1ef1c ph\u1ea3i t\u1ed5 ch\u1ee9c cu\u1ed9c h\u1ecdp IPP cho qu\u00fd v\u1ecb trong v\u00f2ng 30 ng\u00e0y sau khi qu\u00fd v\u1ecb y\u00eau c\u1ea7u. <span class=\"footnote_referrer\"><a role=\"button\" tabindex=\"0\" onclick=\"footnote_moveToReference_1470_1('footnote_plugin_reference_1470_1_1');\" onkeypress=\"footnote_moveToReference_1470_1('footnote_plugin_reference_1470_1_1');\" ><sup id=\"footnote_plugin_tooltip_1470_1_1\" class=\"footnote_plugin_tooltip_text\">[1]<\/sup><\/a><span id=\"footnote_plugin_tooltip_text_1470_1_1\" class=\"footnote_tooltip\">M\u1ee5c 4646.5(b).<\/span><\/span><script type=\"text\/javascript\"> jQuery('#footnote_plugin_tooltip_1470_1_1').tooltip({ tip: '#footnote_plugin_tooltip_text_1470_1_1', tipClass: 'footnote_tooltip', effect: 'fade', predelay: 0, fadeInSpeed: 200, delay: 400, fadeOutSpeed: 200, position: 'top center', relative: true, offset: [-7, 0], });<\/script><\/p>\n\n\n\n<p>Qu\u00fd v\u1ecb c\u00f3 th\u1ec3 \u0111\u01b0a b\u1ea5t k\u1ef3 ai \u0111\u1ebfn cu\u1ed9c h\u1ecdp IPP \u0111\u1ec3 gi\u00fap qu\u00fd v\u1ecb. N\u1ebfu qu\u00fd v\u1ecb c\u00f3 ng\u01b0\u1eddi h\u01b0\u1edbng d\u1eabn c\u00f4ng vi\u1ec7c, qu\u00fd v\u1ecb c\u00f3 th\u1ec3 m\u1eddi ng\u01b0\u1eddi \u0111\u00f3 \u0111\u1ebfn cu\u1ed9c h\u1ecdp IPP ho\u1eb7c y\u00eau c\u1ea7u trung t\u00e2m khu v\u1ef1c m\u1eddi h\u1ed9.&nbsp;<em>Qu\u00fd v\u1ecb kh\u00f4ng c\u1ea7n ph\u1ea3i gi\u1ea3i th\u00edch l\u00fd do qu\u00fd v\u1ecb mu\u1ed1n ai \u0111\u00f3 tham d\u1ef1 cu\u1ed9c h\u1ecdp IPP c\u1ee7a qu\u00fd v\u1ecb<\/em>. Nh\u1eefng ng\u01b0\u1eddi quan t\u00e2m \u0111\u1ebfn qu\u00fd v\u1ecb l\u00e0 s\u1ef1 tr\u1ee3 gi\u00fap to l\u1edbn cho qu\u00fd v\u1ecb t\u1ea1i cu\u1ed9c h\u1ecdp IPP. H\u1ecd hi\u1ec3u nh\u1eefng \u0111i\u1ec1u qu\u00fd v\u1ecb th\u00edch v\u00e0 kh\u00f4ng th\u00edch. H\u1ecd c\u00f3 th\u1ec3 cung c\u1ea5p th\u00f4ng tin v\u1ec1 c\u00e1c m\u1ee5c \u0111\u00edch trong cu\u1ed9c s\u1ed1ng c\u1ee7a qu\u00fd v\u1ecb c\u0169ng nh\u01b0 nh\u1eefng \u0111i\u1ec1u c\u00f3 th\u1ec3 c\u1ea3n tr\u1edf qu\u00fd v\u1ecb \u0111\u1ea1t \u0111\u01b0\u1ee3c m\u1ee5c \u0111\u00edch.<\/p>\n\n\n\n<p>T\u1ea1i cu\u1ed9c h\u1ecdp, h\u00e3y th\u1ea3o lu\u1eadn v\u1ec1 s\u1edf th\u00edch c\u1ee7a qu\u00fd v\u1ecb, nh\u1eefng \u0111i\u1ec1u qu\u00fd v\u1ecb mu\u1ed1n v\u00e0 s\u1ef1 h\u1ed7 tr\u1ee3 qu\u00fd v\u1ecb c\u1ea7n. Trao \u0111\u1ed5i v\u1ec1 t\u1ea5t c\u1ea3 nh\u1eefng \u0111i\u1ec1u qu\u00fd v\u1ecb c\u1ea7n v\u00e0 mu\u1ed1n trong IPP c\u1ee7a qu\u00fd v\u1ecb. N\u1ebfu qu\u00fd v\u1ecb mu\u1ed1n l\u00e0m vi\u1ec7c v\u00e0 tham gia c\u00e1c ho\u1ea1t \u0111\u1ed9ng v\u1edbi nh\u1eefng ng\u01b0\u1eddi kh\u00f4ng b\u1ecb khuy\u1ebft t\u1eadt, h\u00e3y th\u1ea3o lu\u1eadn v\u1ec1 \u0111i\u1ec1u n\u00e0y t\u1ea1i cu\u1ed9c h\u1ecdp IPP c\u1ee7a qu\u00fd v\u1ecb. N\u1ebfu qu\u00fd v\u1ecb mu\u1ed1n c\u00f3 c\u00e1c d\u1ecbch v\u1ee5 ban ng\u00e0y, c\u00f4ng vi\u1ec7c ho\u1eb7c c\u00e1c ho\u1ea1t \u0111\u1ed9ng kh\u00e1c h\u00f2a nh\u1eadp v\u1edbi c\u1ed9ng \u0111\u1ed3ng, h\u00e3y trao \u0111\u1ed5i v\u1ec1 nh\u1eefng \u0111i\u1ec1u ng\u0103n c\u1ea3n qu\u00fd v\u1ecb \u0111\u1ea1t \u0111\u01b0\u1ee3c c\u00e1c m\u1ee5c \u0111\u00edch n\u00e0y v\u00e0 nh\u1eefng \u0111i\u1ec1u qu\u00fd v\u1ecb c\u1ea7n \u0111\u1ec3 \u0111\u1ea1t \u0111\u01b0\u1ee3c c\u00e1c m\u1ee5c \u0111\u00edch \u0111\u00f3. \u0110\u00e1nh gi\u00e1 v\u00e0 quy tr\u00ecnh l\u1eadp k\u1ebf ho\u1ea1ch c\u1ee7a qu\u00fd v\u1ecb ph\u1ea3i t\u1eadp trung v\u00e0o c\u00e1ch \u0111\u1ec3 th\u1ef1c hi\u1ec7n \u0111i\u1ec1u \u0111\u00f3.<\/p>\n\n\n\n<p>\u0110\u00f4i khi v\u1ea5n \u0111\u1ec1 l\u00e0 kh\u00f4ng c\u00f3 ch\u01b0\u01a1ng tr\u00ecnh ho\u1eb7c s\u1ef1 h\u1ed7 tr\u1ee3 ho\u1ea1t \u0111\u1ed9ng trong khu v\u1ef1c c\u1ee7a qu\u00fd v\u1ecb. N\u1ebfu IPP c\u1ee7a qu\u00fd v\u1ecb bao g\u1ed3m c\u00e1c d\u1ecbch v\u1ee5 v\u00e0 s\u1ef1 h\u1ed7 tr\u1ee3 cho ph\u00e9p qu\u00fd v\u1ecb tham gia c\u00f4ng vi\u1ec7c ho\u1eb7c c\u00e1c ho\u1ea1t \u0111\u1ed9ng h\u00f2a nh\u1eadp, nh\u00f3m IPP c\u1ee7a qu\u00fd v\u1ecb ph\u1ea3i l\u1eadp k\u1ebf ho\u1ea1ch \u0111\u1ec3 t\u00ecm ho\u1eb7c ph\u00e1t tri\u1ec3n nh\u1eefng d\u1ecbch v\u1ee5 \u0111\u00f3. IPP c\u1ee7a qu\u00fd v\u1ecb c\u00f3 th\u1ec3 bao g\u1ed3m nh\u1eefng s\u1ef1 h\u1ed7 tr\u1ee3 qu\u00fd v\u1ecb c\u1ea7n \u0111\u1ec3 tham gia c\u1ed9ng \u0111\u1ed3ng v\u00e0 gi\u00fap qu\u00fd v\u1ecb ph\u00e1t tri\u1ec3n nh\u1eefng s\u1ef1 h\u1ed7 tr\u1ee3 t\u1ef1 nhi\u00ean, ch\u1eb3ng h\u1ea1n nh\u01b0 b\u1ea1n b\u00e8, c\u00e2u l\u1ea1c b\u1ed9 ho\u1eb7c ch\u01b0\u01a1ng tr\u00ecnh c\u1ed9ng \u0111\u1ed3ng.<\/p>\n\n\n\n<p>Trung t\u00e2m khu v\u1ef1c ph\u1ea3i cung c\u1ea5p c\u00e1c d\u1ecbch v\u1ee5 d\u1ef1a tr\u00ean mong mu\u1ed1n v\u00e0 nhu c\u1ea7u c\u1ee7a qu\u00fd v\u1ecb. <span class=\"footnote_referrer\"><a role=\"button\" tabindex=\"0\" onclick=\"footnote_moveToReference_1470_1('footnote_plugin_reference_1470_1_2');\" onkeypress=\"footnote_moveToReference_1470_1('footnote_plugin_reference_1470_1_2');\" ><sup id=\"footnote_plugin_tooltip_1470_1_2\" class=\"footnote_plugin_tooltip_text\">[2]<\/sup><\/a><span id=\"footnote_plugin_tooltip_text_1470_1_2\" class=\"footnote_tooltip\">C\u00e1c M\u1ee5c 4512(b), 4646 v\u00e0 4646.5.<\/span><\/span><script type=\"text\/javascript\"> jQuery('#footnote_plugin_tooltip_1470_1_2').tooltip({ tip: '#footnote_plugin_tooltip_text_1470_1_2', tipClass: 'footnote_tooltip', effect: 'fade', predelay: 0, fadeInSpeed: 200, delay: 400, fadeOutSpeed: 200, position: 'top center', relative: true, offset: [-7, 0], });<\/script> Tuy nhi\u00ean, c\u00e1c d\u1ecbch v\u1ee5 v\u00e0 s\u1ef1 h\u1ed7 tr\u1ee3 d\u00e0nh cho qu\u00fd v\u1ecb ph\u1ea3i hi\u1ec7u qu\u1ea3 v\u1ec1 chi ph\u00ed v\u00e0 trung t\u00e2m khu v\u1ef1c ph\u1ea3i mua c\u00e1c d\u1ecbch v\u1ee5 t\u1eeb nh\u00e0 cung c\u1ea5p c\u00f3 chi ph\u00ed \u00edt nh\u1ea5t \u0111\u1ed3ng th\u1eddi v\u1eabn \u0111\u00e1p \u1ee9ng nhu c\u1ea7u nh\u01b0 \u0111\u00e3 x\u00e1c \u0111\u1ecbnh trong IPP c\u1ee7a qu\u00fd v\u1ecb. <span class=\"footnote_referrer\"><a role=\"button\" tabindex=\"0\" onclick=\"footnote_moveToReference_1470_1('footnote_plugin_reference_1470_1_3');\" onkeypress=\"footnote_moveToReference_1470_1('footnote_plugin_reference_1470_1_3');\" ><sup id=\"footnote_plugin_tooltip_1470_1_3\" class=\"footnote_plugin_tooltip_text\">[3]<\/sup><\/a><span id=\"footnote_plugin_tooltip_text_1470_1_3\" class=\"footnote_tooltip\">M\u1ee5c 4648(a)(6)(D).<\/span><\/span><script type=\"text\/javascript\"> jQuery('#footnote_plugin_tooltip_1470_1_3').tooltip({ tip: '#footnote_plugin_tooltip_text_1470_1_3', tipClass: 'footnote_tooltip', effect: 'fade', predelay: 0, fadeInSpeed: 200, delay: 400, fadeOutSpeed: 200, position: 'top center', relative: true, offset: [-7, 0], });<\/script> N\u1ebfu trung t\u00e2m khu v\u1ef1c b\u00e1o v\u1edbi qu\u00fd v\u1ecb r\u1eb1ng c\u00e1c d\u1ecbch v\u1ee5, c\u00f4ng vi\u1ec7c ho\u1eb7c nh\u1eefng ho\u1ea1t \u0111\u1ed9ng ban ng\u00e0y kh\u00e1c m\u00e0 qu\u00fd v\u1ecb mu\u1ed1n kh\u00f4ng c\u00f3 s\u1eb5n, h\u00e3y y\u00eau c\u1ea7u h\u1ecd ph\u00e1t tri\u1ec3n th\u00eam c\u00e1c l\u1ef1a ch\u1ecdn.<\/p>\n<div class=\"speaker-mute footnotes_reference_container\"> <div class=\"footnote_container_prepare\"><p><span role=\"button\" tabindex=\"0\" class=\"footnote_reference_container_label pointer\" onclick=\"footnote_expand_collapse_reference_container_1470_1();\">&#x202F;<\/span><span role=\"button\" tabindex=\"0\" class=\"footnote_reference_container_collapse_button\" style=\"display: none;\" onclick=\"footnote_expand_collapse_reference_container_1470_1();\">[<a id=\"footnote_reference_container_collapse_button_1470_1\">+<\/a>]<\/span><\/p><\/div> <div id=\"footnote_references_container_1470_1\" style=\"\"><table class=\"footnotes_table footnote-reference-container\"><caption class=\"accessibility\">References<\/caption> <tbody> \r\n\r\n<tr class=\"footnotes_plugin_reference_row\"> <th scope=\"row\" class=\"footnote_plugin_index_combi pointer\"  onclick=\"footnote_moveToAnchor_1470_1('footnote_plugin_tooltip_1470_1_1');\"><a id=\"footnote_plugin_reference_1470_1_1\" class=\"footnote_backlink\"><span class=\"footnote_index_arrow\">&#8593;<\/span>1<\/a><\/th> <td class=\"footnote_plugin_text\">M\u1ee5c 4646.5(b).<\/td><\/tr>\r\n\r\n<tr class=\"footnotes_plugin_reference_row\"> <th scope=\"row\" class=\"footnote_plugin_index_combi pointer\"  onclick=\"footnote_moveToAnchor_1470_1('footnote_plugin_tooltip_1470_1_2');\"><a id=\"footnote_plugin_reference_1470_1_2\" class=\"footnote_backlink\"><span class=\"footnote_index_arrow\">&#8593;<\/span>2<\/a><\/th> <td class=\"footnote_plugin_text\">C\u00e1c M\u1ee5c 4512(b), 4646 v\u00e0 4646.5.<\/td><\/tr>\r\n\r\n<tr class=\"footnotes_plugin_reference_row\"> <th scope=\"row\" class=\"footnote_plugin_index_combi pointer\"  onclick=\"footnote_moveToAnchor_1470_1('footnote_plugin_tooltip_1470_1_3');\"><a id=\"footnote_plugin_reference_1470_1_3\" class=\"footnote_backlink\"><span class=\"footnote_index_arrow\">&#8593;<\/span>3<\/a><\/th> <td class=\"footnote_plugin_text\">M\u1ee5c 4648(a)(6)(D).<\/td><\/tr>\r\n\r\n <\/tbody> <\/table> <\/div><\/div><script type=\"text\/javascript\"> function footnote_expand_reference_container_1470_1() { jQuery('#footnote_references_container_1470_1').show(); jQuery('#footnote_reference_container_collapse_button_1470_1').text('\u2212'); } function footnote_collapse_reference_container_1470_1() { jQuery('#footnote_references_container_1470_1').hide(); jQuery('#footnote_reference_container_collapse_button_1470_1').text('+'); } function footnote_expand_collapse_reference_container_1470_1() { if (jQuery('#footnote_references_container_1470_1').is(':hidden')) { footnote_expand_reference_container_1470_1(); } else { footnote_collapse_reference_container_1470_1(); } } function footnote_moveToReference_1470_1(p_str_TargetID) { footnote_expand_reference_container_1470_1(); var l_obj_Target = jQuery('#' + p_str_TargetID); if (l_obj_Target.length) { jQuery( 'html, body' ).delay( 0 ); jQuery('html, body').animate({ scrollTop: l_obj_Target.offset().top - window.innerHeight * 0.2 }, 380); } } function footnote_moveToAnchor_1470_1(p_str_TargetID) { footnote_expand_reference_container_1470_1(); var l_obj_Target = jQuery('#' + p_str_TargetID); if (l_obj_Target.length) { jQuery( 'html, body' ).delay( 0 ); jQuery('html, body').animate({ scrollTop: l_obj_Target.offset().top - window.innerHeight * 0.2 }, 380); } }<\/script>","protected":false},"excerpt":{"rendered":"<p>Sau khi qu\u00fd v\u1ecb x\u00e1c \u0111\u1ecbnh \u0111\u01b0\u1ee3c nh\u1eefng lo\u1ea1i vi\u1ec7c qu\u00fd v\u1ecb mu\u1ed1n l\u00e0m trong c\u1ed9ng \u0111\u1ed3ng, h\u00e3y li\u00ean h\u1ec7 v\u1edbi trung t\u00e2m khu v\u1ef1c&hellip;<\/p>\n","protected":false},"author":1,"featured_media":0,"parent":1447,"menu_order":4,"comment_status":"closed","ping_status":"closed","template":"","meta":{"footnotes":""},"class_list":["post-1470","page","type-page","status-publish","hentry"],"_links":{"self":[{"href":"https:\/\/rula.disabilityrightsca.org\/vi\/wp-json\/wp\/v2\/pages\/1470","targetHints":{"allow":["GET"]}}],"collection":[{"href":"https:\/\/rula.disabilityrightsca.org\/vi\/wp-json\/wp\/v2\/pages"}],"about":[{"href":"https:\/\/rula.disabilityrightsca.org\/vi\/wp-json\/wp\/v2\/types\/page"}],"author":[{"embeddable":true,"href":"https:\/\/rula.disabilityrightsca.org\/vi\/wp-json\/wp\/v2\/users\/1"}],"replies":[{"embeddable":true,"href":"https:\/\/rula.disabilityrightsca.org\/vi\/wp-json\/wp\/v2\/comments?post=1470"}],"version-history":[{"count":3,"href":"https:\/\/rula.disabilityrightsca.org\/vi\/wp-json\/wp\/v2\/pages\/1470\/revisions"}],"predecessor-version":[{"id":3286,"href":"https:\/\/rula.disabilityrightsca.org\/vi\/wp-json\/wp\/v2\/pages\/1470\/revisions\/3286"}],"up":[{"embeddable":true,"href":"https:\/\/rula.disabilityrightsca.org\/vi\/wp-json\/wp\/v2\/pages\/1447"}],"wp:attachment":[{"href":"https:\/\/rula.disabilityrightsca.org\/vi\/wp-json\/wp\/v2\/media?parent=1470"}],"curies":[{"name":"wp","href":"https:\/\/api.w.org\/{rel}","templated":true}]}}