{"id":1458,"date":"2021-06-23T22:54:46","date_gmt":"2021-06-23T22:54:46","guid":{"rendered":"http:\/\/www.rula.disabilityrightsca.org\/vi\/?page_id=1458"},"modified":"2022-04-27T16:47:25","modified_gmt":"2022-04-27T16:47:25","slug":"what-is-the-regional-centers-role-in-helping-me-to-be-integrated-into-my-community","status":"publish","type":"page","link":"https:\/\/rula.disabilityrightsca.org\/vi\/rula-book\/chapter-9-community-participation-work-day-and-leisure-activities\/what-is-the-regional-centers-role-in-helping-me-to-be-integrated-into-my-community\/","title":{"rendered":"(9.3) Trung t\u00e2m khu v\u1ef1c c\u00f3 vai tr\u00f2 g\u00ec trong vi\u1ec7c tr\u1ee3 gi\u00fap t\u00f4i h\u00f2a nh\u1eadp v\u1edbi c\u1ed9ng \u0111\u1ed3ng?"},"content":{"rendered":"\n<p>Trung t\u00e2m khu v\u1ef1c ph\u1ea3i tr\u1ee3 gi\u00fap qu\u00fd v\u1ecb tham gia \u0111\u1eddi s\u1ed1ng c\u1ed9ng \u0111\u1ed3ng. \u0110i\u1ec1u n\u00e0y bao g\u1ed3m c\u00e1c ch\u01b0\u01a1ng tr\u00ecnh, d\u1ecbch v\u1ee5, vi\u1ec7c l\u00e0m, ho\u1ea1t \u0111\u1ed9ng kinh doanh v\u00e0 ho\u1ea1t \u0111\u1ed9ng s\u1eb5n c\u00f3 cho ng\u01b0\u1eddi kh\u00f4ng b\u1ecb khuy\u1ebft t\u1eadt. <span class=\"footnote_referrer\"><a role=\"button\" tabindex=\"0\" onclick=\"footnote_moveToReference_1458_1('footnote_plugin_reference_1458_1_1');\" onkeypress=\"footnote_moveToReference_1458_1('footnote_plugin_reference_1458_1_1');\" ><sup id=\"footnote_plugin_tooltip_1458_1_1\" class=\"footnote_plugin_tooltip_text\">[1]<\/sup><\/a><span id=\"footnote_plugin_tooltip_text_1458_1_1\" class=\"footnote_tooltip\">M\u1ee5c 4648(a)(13).<\/span><\/span><script type=\"text\/javascript\"> jQuery('#footnote_plugin_tooltip_1458_1_1').tooltip({ tip: '#footnote_plugin_tooltip_text_1458_1_1', tipClass: 'footnote_tooltip', effect: 'fade', predelay: 0, fadeInSpeed: 200, delay: 400, fadeOutSpeed: 200, position: 'top center', relative: true, offset: [-7, 0], });<\/script> C\u01a1 quan l\u1eadp ph\u00e1p \u0111\u1eb7t m\u1ee9c \u01b0u ti\u00ean cao cho vi\u1ec7c ng\u01b0\u1eddi b\u1ecb khuy\u1ebft t\u1eadt v\u1ec1 ph\u00e1t tri\u1ec3n \u0111\u01b0\u1ee3c \u201ch\u00f2a nh\u1eadp v\u1edbi cu\u1ed9c s\u1ed1ng b\u00ecnh th\u01b0\u1eddng trong c\u1ed9ng \u0111\u1ed3ng t\u1ef1 nhi\u00ean c\u1ee7a h\u1ecd\u201d. <span class=\"footnote_referrer\"><a role=\"button\" tabindex=\"0\" onclick=\"footnote_moveToReference_1458_1('footnote_plugin_reference_1458_1_2');\" onkeypress=\"footnote_moveToReference_1458_1('footnote_plugin_reference_1458_1_2');\" ><sup id=\"footnote_plugin_tooltip_1458_1_2\" class=\"footnote_plugin_tooltip_text\">[2]<\/sup><\/a><span id=\"footnote_plugin_tooltip_text_1458_1_2\" class=\"footnote_tooltip\">M\u1ee5c 4688(a).<\/span><\/span><script type=\"text\/javascript\"> jQuery('#footnote_plugin_tooltip_1458_1_2').tooltip({ tip: '#footnote_plugin_tooltip_text_1458_1_2', tipClass: 'footnote_tooltip', effect: 'fade', predelay: 0, fadeInSpeed: 200, delay: 400, fadeOutSpeed: 200, position: 'top center', relative: true, offset: [-7, 0], });<\/script> Trung t\u00e2m khu v\u1ef1c ph\u1ea3i th\u00fac \u0111\u1ea9y qu\u00fd v\u1ecb h\u00f2a nh\u1eadp v\u1edbi c\u1ed9ng \u0111\u1ed3ng b\u1eb1ng c\u00e1ch:<\/p>\n\n\n\n<ul class=\"wp-block-list\"><li>\u0110\u00e0o t\u1ea1o c\u00e1c c\u01a1 quan, doanh nghi\u1ec7p v\u00e0 ch\u01b0\u01a1ng tr\u00ecnh \u0111\u1ecba ph\u01b0\u01a1ng \u0111\u1ec3 bao g\u1ed3m ng\u01b0\u1eddi khuy\u1ebft t\u1eadt<\/li><li>Cung c\u1ea5p cho qu\u00fd v\u1ecb s\u1ef1 h\u1ed7 tr\u1ee3 tr\u1ef1c ti\u1ebfp \u0111\u1ec3 tham gia c\u1ed9ng \u0111\u1ed3ng m\u1ed9t c\u00e1ch tr\u1ecdn v\u1eb9n h\u01a1n<\/li><li>Ph\u00e1t tri\u1ec3n danh s\u00e1ch c\u00e1c ngu\u1ed3n l\u1ef1c c\u1ed9ng \u0111\u1ed3ng<\/li><li>L\u00e0m vi\u1ec7c v\u1edbi nh\u1eefng ng\u01b0\u1eddi \u0111i\u1ec1u gi\u1ea3i h\u1ed7 tr\u1ee3 c\u1ed9ng \u0111\u1ed3ng<\/li><li>Cung c\u1ea5p cho qu\u00fd v\u1ecb th\u00f4ng tin \u0111\u1ec3 \u0111\u01b0a ra l\u1ef1a ch\u1ecdn s\u00e1ng su\u1ed1t v\u1ec1 vi\u1ec7c l\u00e0m<\/li><li>Tr\u1ee3 gi\u00fap c\u00e1c \u0111i\u1ec1u ph\u1ed1i vi\u00ean d\u1ecbch v\u1ee5 v\u00e0 th\u00e0nh vi\u00ean gia \u0111\u00ecnh t\u00ecm nh\u1eefng c\u00e1ch m\u1edbi \u0111\u1ec3 gi\u00fap qu\u00fd v\u1ecb h\u00f2a nh\u1eadp v\u1edbi c\u1ed9ng \u0111\u1ed3ng<\/li><li>Ph\u00e1t tri\u1ec3n v\u00e0 \u1ee7ng h\u1ed9 h\u1ec7 th\u1ed1ng h\u1ed7 tr\u1ee3 t\u1ef1 nhi\u00ean c\u1ee7a qu\u00fd v\u1ecb. <span class=\"footnote_referrer\"><a role=\"button\" tabindex=\"0\" onclick=\"footnote_moveToReference_1458_1('footnote_plugin_reference_1458_1_3');\" onkeypress=\"footnote_moveToReference_1458_1('footnote_plugin_reference_1458_1_3');\" ><sup id=\"footnote_plugin_tooltip_1458_1_3\" class=\"footnote_plugin_tooltip_text\">[3]<\/sup><\/a><span id=\"footnote_plugin_tooltip_text_1458_1_3\" class=\"footnote_tooltip\">M\u1ee5c 4688(b).<\/span><\/span><script type=\"text\/javascript\"> jQuery('#footnote_plugin_tooltip_1458_1_3').tooltip({ tip: '#footnote_plugin_tooltip_text_1458_1_3', tipClass: 'footnote_tooltip', effect: 'fade', predelay: 0, fadeInSpeed: 200, delay: 400, fadeOutSpeed: 200, position: 'top center', relative: true, offset: [-7, 0], });<\/script><\/li><\/ul>\n\n\n\n<p><a href=\"file:\/\/\/U:\/LPI\/SHARED\/STAFF\/TonyR\/RULA\/dds.ca.gov\/services\/work-services\/work-activity-program-services\/\">Trang web<\/a>&nbsp;c\u1ee7a S\u1edf D\u1ecbch V\u1ee5 Ph\u00e1t Tri\u1ec3n (Department of Developmental Services, DDS) c\u0169ng c\u00f3 th\u1ec3 c\u00f3 th\u00f4ng tin h\u1eefu \u00edch v\u1ec1 c\u00e1c ch\u01b0\u01a1ng tr\u00ecnh khuy\u1ebfn kh\u00edch l\u00e0m vi\u1ec7c, \u1ea3nh h\u01b0\u1edfng c\u1ee7a vi\u1ec7c ki\u1ebfm ti\u1ec1n \u0111\u1ed1i v\u1edbi ph\u00fac l\u1ee3i c\u1ee7a qu\u00fd v\u1ecb, c\u00e1c ngu\u1ed3n l\u1ef1c v\u00e0 bi\u1ec7n ph\u00e1p b\u1ea3o v\u1ec7 vi\u1ec7c l\u00e0m, c\u00e1c c\u01a1 h\u1ed9i \u0111\u00e0o t\u1ea1o v\u00e0 c\u00e1c y\u00eau c\u1ea7u \u0111\u1ed1i v\u1edbi ng\u01b0\u1eddi \u0111\u00f3ng thu\u1ebf. DDS ph\u1ea3i trao \u0111\u1ed5i v\u1edbi c\u00e1c trung t\u00e2m khu v\u1ef1c \u0111\u1ec3 x\u00e1c \u0111\u1ecbnh lo\u1ea1i \u0111\u00e0o t\u1ea1o v\u1ec1 c\u00e1c v\u1ea5n \u0111\u1ec1 vi\u1ec7c l\u00e0m m\u00e0 nh\u00e2n vi\u00ean trung t\u00e2m khu v\u1ef1c c\u1ea7n v\u00e0 \u0111\u1ec3 ph\u00e1t tri\u1ec3n c\u00e1c k\u1ebf ho\u1ea1ch \u0111\u00e0o t\u1ea1o n\u1ebfu ngu\u1ed3n l\u1ef1c c\u1ee7a h\u1ecd cho ph\u00e9p. <span class=\"footnote_referrer\"><a role=\"button\" tabindex=\"0\" onclick=\"footnote_moveToReference_1458_1('footnote_plugin_reference_1458_1_4');\" onkeypress=\"footnote_moveToReference_1458_1('footnote_plugin_reference_1458_1_4');\" ><sup id=\"footnote_plugin_tooltip_1458_1_4\" class=\"footnote_plugin_tooltip_text\">[4]<\/sup><\/a><span id=\"footnote_plugin_tooltip_text_1458_1_4\" class=\"footnote_tooltip\">M\u1ee5c 4639.75.<\/span><\/span><script type=\"text\/javascript\"> jQuery('#footnote_plugin_tooltip_1458_1_4').tooltip({ tip: '#footnote_plugin_tooltip_text_1458_1_4', tipClass: 'footnote_tooltip', effect: 'fade', predelay: 0, fadeInSpeed: 200, delay: 400, fadeOutSpeed: 200, position: 'top center', relative: true, offset: [-7, 0], });<\/script><\/p>\n<div class=\"speaker-mute footnotes_reference_container\"> <div class=\"footnote_container_prepare\"><p><span role=\"button\" tabindex=\"0\" class=\"footnote_reference_container_label pointer\" onclick=\"footnote_expand_collapse_reference_container_1458_1();\">&#x202F;<\/span><span role=\"button\" tabindex=\"0\" class=\"footnote_reference_container_collapse_button\" style=\"display: none;\" onclick=\"footnote_expand_collapse_reference_container_1458_1();\">[<a id=\"footnote_reference_container_collapse_button_1458_1\">+<\/a>]<\/span><\/p><\/div> <div id=\"footnote_references_container_1458_1\" style=\"\"><table class=\"footnotes_table footnote-reference-container\"><caption class=\"accessibility\">References<\/caption> <tbody> \r\n\r\n<tr class=\"footnotes_plugin_reference_row\"> <th scope=\"row\" class=\"footnote_plugin_index_combi pointer\"  onclick=\"footnote_moveToAnchor_1458_1('footnote_plugin_tooltip_1458_1_1');\"><a id=\"footnote_plugin_reference_1458_1_1\" class=\"footnote_backlink\"><span class=\"footnote_index_arrow\">&#8593;<\/span>1<\/a><\/th> <td class=\"footnote_plugin_text\">M\u1ee5c 4648(a)(13).<\/td><\/tr>\r\n\r\n<tr class=\"footnotes_plugin_reference_row\"> <th scope=\"row\" class=\"footnote_plugin_index_combi pointer\"  onclick=\"footnote_moveToAnchor_1458_1('footnote_plugin_tooltip_1458_1_2');\"><a id=\"footnote_plugin_reference_1458_1_2\" class=\"footnote_backlink\"><span class=\"footnote_index_arrow\">&#8593;<\/span>2<\/a><\/th> <td class=\"footnote_plugin_text\">M\u1ee5c 4688(a).<\/td><\/tr>\r\n\r\n<tr class=\"footnotes_plugin_reference_row\"> <th scope=\"row\" class=\"footnote_plugin_index_combi pointer\"  onclick=\"footnote_moveToAnchor_1458_1('footnote_plugin_tooltip_1458_1_3');\"><a id=\"footnote_plugin_reference_1458_1_3\" class=\"footnote_backlink\"><span class=\"footnote_index_arrow\">&#8593;<\/span>3<\/a><\/th> <td class=\"footnote_plugin_text\">M\u1ee5c 4688(b).<\/td><\/tr>\r\n\r\n<tr class=\"footnotes_plugin_reference_row\"> <th scope=\"row\" class=\"footnote_plugin_index_combi pointer\"  onclick=\"footnote_moveToAnchor_1458_1('footnote_plugin_tooltip_1458_1_4');\"><a id=\"footnote_plugin_reference_1458_1_4\" class=\"footnote_backlink\"><span class=\"footnote_index_arrow\">&#8593;<\/span>4<\/a><\/th> <td class=\"footnote_plugin_text\">M\u1ee5c 4639.75.<\/td><\/tr>\r\n\r\n <\/tbody> <\/table> <\/div><\/div><script type=\"text\/javascript\"> function footnote_expand_reference_container_1458_1() { jQuery('#footnote_references_container_1458_1').show(); jQuery('#footnote_reference_container_collapse_button_1458_1').text('\u2212'); } function footnote_collapse_reference_container_1458_1() { jQuery('#footnote_references_container_1458_1').hide(); jQuery('#footnote_reference_container_collapse_button_1458_1').text('+'); } function footnote_expand_collapse_reference_container_1458_1() { if (jQuery('#footnote_references_container_1458_1').is(':hidden')) { footnote_expand_reference_container_1458_1(); } else { footnote_collapse_reference_container_1458_1(); } } function footnote_moveToReference_1458_1(p_str_TargetID) { footnote_expand_reference_container_1458_1(); var l_obj_Target = jQuery('#' + p_str_TargetID); if (l_obj_Target.length) { jQuery( 'html, body' ).delay( 0 ); jQuery('html, body').animate({ scrollTop: l_obj_Target.offset().top - window.innerHeight * 0.2 }, 380); } } function footnote_moveToAnchor_1458_1(p_str_TargetID) { footnote_expand_reference_container_1458_1(); var l_obj_Target = jQuery('#' + p_str_TargetID); if (l_obj_Target.length) { jQuery( 'html, body' ).delay( 0 ); jQuery('html, body').animate({ scrollTop: l_obj_Target.offset().top - window.innerHeight * 0.2 }, 380); } }<\/script>","protected":false},"excerpt":{"rendered":"<p>Trung t\u00e2m khu v\u1ef1c ph\u1ea3i tr\u1ee3 gi\u00fap qu\u00fd v\u1ecb tham gia \u0111\u1eddi s\u1ed1ng c\u1ed9ng \u0111\u1ed3ng. \u0110i\u1ec1u n\u00e0y bao g\u1ed3m c\u00e1c ch\u01b0\u01a1ng tr\u00ecnh, d\u1ecbch v\u1ee5, vi\u1ec7c&hellip;<\/p>\n","protected":false},"author":1,"featured_media":0,"parent":1447,"menu_order":3,"comment_status":"closed","ping_status":"closed","template":"","meta":{"footnotes":""},"class_list":["post-1458","page","type-page","status-publish","hentry"],"_links":{"self":[{"href":"https:\/\/rula.disabilityrightsca.org\/vi\/wp-json\/wp\/v2\/pages\/1458","targetHints":{"allow":["GET"]}}],"collection":[{"href":"https:\/\/rula.disabilityrightsca.org\/vi\/wp-json\/wp\/v2\/pages"}],"about":[{"href":"https:\/\/rula.disabilityrightsca.org\/vi\/wp-json\/wp\/v2\/types\/page"}],"author":[{"embeddable":true,"href":"https:\/\/rula.disabilityrightsca.org\/vi\/wp-json\/wp\/v2\/users\/1"}],"replies":[{"embeddable":true,"href":"https:\/\/rula.disabilityrightsca.org\/vi\/wp-json\/wp\/v2\/comments?post=1458"}],"version-history":[{"count":5,"href":"https:\/\/rula.disabilityrightsca.org\/vi\/wp-json\/wp\/v2\/pages\/1458\/revisions"}],"predecessor-version":[{"id":3285,"href":"https:\/\/rula.disabilityrightsca.org\/vi\/wp-json\/wp\/v2\/pages\/1458\/revisions\/3285"}],"up":[{"embeddable":true,"href":"https:\/\/rula.disabilityrightsca.org\/vi\/wp-json\/wp\/v2\/pages\/1447"}],"wp:attachment":[{"href":"https:\/\/rula.disabilityrightsca.org\/vi\/wp-json\/wp\/v2\/media?parent=1458"}],"curies":[{"name":"wp","href":"https:\/\/api.w.org\/{rel}","templated":true}]}}