{"id":1454,"date":"2021-06-22T21:39:30","date_gmt":"2021-06-22T21:39:30","guid":{"rendered":"http:\/\/www.rula.disabilityrightsca.org\/vi\/?page_id=1454"},"modified":"2022-04-27T16:46:58","modified_gmt":"2022-04-27T16:46:58","slug":"what-does-the-lanterman-act-say-about-things-like-community-participation-work-day-activities-and-leisure-time","status":"publish","type":"page","link":"https:\/\/rula.disabilityrightsca.org\/vi\/rula-book\/chapter-9-community-participation-work-day-and-leisure-activities\/what-does-the-lanterman-act-say-about-things-like-community-participation-work-day-activities-and-leisure-time\/","title":{"rendered":"(9.1) \u0110\u1ea1o Lu\u1eadt Lanterman quy \u0111\u1ecbnh g\u00ec v\u1ec1 nh\u1eefng \u0111i\u1ec1u nh\u01b0 tham gia c\u1ed9ng \u0111\u1ed3ng, c\u00f4ng vi\u1ec7c, c\u00e1c ho\u1ea1t \u0111\u1ed9ng ban ng\u00e0y v\u00e0 th\u1eddi gian r\u1ea3nh r\u1ed7i?"},"content":{"rendered":"\n<p>\u0110\u1ea1o Lu\u1eadt Lanterman:<\/p>\n\n\n\n<ul class=\"wp-block-list\"><li>h\u1ed7 tr\u1ee3 cho ho\u1ea1t \u0111\u1ed9ng h\u00f2a nh\u1eadp c\u1ee7a ng\u01b0\u1eddi b\u1ecb khuy\u1ebft t\u1eadt v\u1ec1 ph\u00e1t tri\u1ec3n,<\/li><li>b\u1ea5t k\u1ec3 tu\u1ed5i t\u00e1c hay m\u1ee9c \u0111\u1ed9 khuy\u1ebft t\u1eadt,<\/li><li>v\u1edbi cu\u1ed9c s\u1ed1ng b\u00ecnh th\u01b0\u1eddng trong c\u1ed9ng \u0111\u1ed3ng,<\/li><li>nh\u1eb1m tr\u00e1nh vi\u1ec7c chuy\u1ec3n ch\u1ed7 \u1edf c\u1ee7a h\u1ecd kh\u1ecfi nh\u1eefng c\u1ed9ng \u0111\u1ed3ng \u0111\u00f3,<\/li><li>v\u00e0 cho ph\u00e9p h\u1ecd s\u1ed1ng cu\u1ed9c s\u1ed1ng \u0111\u1ed9c l\u1eadp, c\u00f3 \u00edch v\u00e0 b\u00ecnh th\u01b0\u1eddng nh\u1ea5t c\u00f3 th\u1ec3. <span class=\"footnote_referrer\"><a role=\"button\" tabindex=\"0\" onclick=\"footnote_moveToReference_1454_1('footnote_plugin_reference_1454_1_1');\" onkeypress=\"footnote_moveToReference_1454_1('footnote_plugin_reference_1454_1_1');\" ><sup id=\"footnote_plugin_tooltip_1454_1_1\" class=\"footnote_plugin_tooltip_text\">[1]<\/sup><\/a><span id=\"footnote_plugin_tooltip_text_1454_1_1\" class=\"footnote_tooltip\">C\u00e1c M\u1ee5c 4501 v\u00e0 4502.<\/span><\/span><script type=\"text\/javascript\"> jQuery('#footnote_plugin_tooltip_1454_1_1').tooltip({ tip: '#footnote_plugin_tooltip_text_1454_1_1', tipClass: 'footnote_tooltip', effect: 'fade', predelay: 0, fadeInSpeed: 200, delay: 400, fadeOutSpeed: 200, position: 'top center', relative: true, offset: [-7, 0], });<\/script>&nbsp;<\/li><\/ul>\n\n\n\n<p>C\u00e1c d\u1ecbch v\u1ee5 ph\u1ea3i b\u1ea3o v\u1ec7 s\u1ef1 t\u1ef1 do c\u00e1 nh\u00e2n c\u1ee7a ng\u01b0\u1eddi b\u1ecb khuy\u1ebft t\u1eadt v\u1ec1 ph\u00e1t tri\u1ec3n.&nbsp;C\u00e1c d\u1ecbch v\u1ee5 ph\u1ea3i \u0111\u01b0\u1ee3c cung c\u1ea5p v\u1edbi nh\u1eefng \u0111i\u1ec1u ki\u1ec7n c\u1ea7n thi\u1ebft \u00edt h\u1ea1n ch\u1ebf nh\u1ea5t. <span class=\"footnote_referrer\"><a role=\"button\" tabindex=\"0\" onclick=\"footnote_moveToReference_1454_1('footnote_plugin_reference_1454_1_2');\" onkeypress=\"footnote_moveToReference_1454_1('footnote_plugin_reference_1454_1_2');\" ><sup id=\"footnote_plugin_tooltip_1454_1_2\" class=\"footnote_plugin_tooltip_text\">[2]<\/sup><\/a><span id=\"footnote_plugin_tooltip_text_1454_1_2\" class=\"footnote_tooltip\">M\u1ee5c 4502(b)(1).<\/span><\/span><script type=\"text\/javascript\"> jQuery('#footnote_plugin_tooltip_1454_1_2').tooltip({ tip: '#footnote_plugin_tooltip_text_1454_1_2', tipClass: 'footnote_tooltip', effect: 'fade', predelay: 0, fadeInSpeed: 200, delay: 400, fadeOutSpeed: 200, position: 'top center', relative: true, offset: [-7, 0], });<\/script>&nbsp;\u00cdt h\u1ea1n ch\u1ebf nh\u1ea5t ngh\u0129a l\u00e0 nh\u1eadn c\u00e1c d\u1ecbch v\u1ee5 v\u00e0 s\u1ef1 h\u1ed7 tr\u1ee3 g\u1ea7n v\u1edbi c\u1ed9ng \u0111\u1ed3ng c\u00f3 nh\u00e0 c\u1ee7a qu\u00fd v\u1ecb, trong c\u00e1c m\u00f4i tr\u01b0\u1eddng t\u1ef1 nhi\u00ean n\u01a1i ng\u01b0\u1eddi kh\u00f4ng b\u1ecb khuy\u1ebft t\u1eadt nh\u1eadn c\u00e1c d\u1ecbch v\u1ee5. <span class=\"footnote_referrer\"><a role=\"button\" tabindex=\"0\" onclick=\"footnote_moveToReference_1454_1('footnote_plugin_reference_1454_1_3');\" onkeypress=\"footnote_moveToReference_1454_1('footnote_plugin_reference_1454_1_3');\" ><sup id=\"footnote_plugin_tooltip_1454_1_3\" class=\"footnote_plugin_tooltip_text\">[3]<\/sup><\/a><span id=\"footnote_plugin_tooltip_text_1454_1_3\" class=\"footnote_tooltip\">M\u1ee5c 4502(b)(2).<\/span><\/span><script type=\"text\/javascript\"> jQuery('#footnote_plugin_tooltip_1454_1_3').tooltip({ tip: '#footnote_plugin_tooltip_text_1454_1_3', tipClass: 'footnote_tooltip', effect: 'fade', predelay: 0, fadeInSpeed: 200, delay: 400, fadeOutSpeed: 200, position: 'top center', relative: true, offset: [-7, 0], });<\/script>&nbsp;<\/p>\n\n\n\n<p>\u0110\u1ea1o Lu\u1eadt Ng\u01b0\u1eddi M\u1ef9 Khuy\u1ebft T\u1eadt (Americans with Disabilities Act, ADA) trao cho qu\u00fd v\u1ecb c\u00e1c quy\u1ec1n t\u01b0\u01a1ng t\u1ef1, \u0111\u00f4i khi \u0111\u01b0\u1ee3c g\u1ecdi l\u00e0 \u201cch\u1ec9 th\u1ecb h\u00f2a nh\u1eadp\u201d. C\u00e1c t\u1ed5 ch\u1ee9c c\u00f4ng ph\u1ea3i cung c\u1ea5p c\u00e1c d\u1ecbch v\u1ee5, ch\u01b0\u01a1ng tr\u00ecnh v\u00e0 ho\u1ea1t \u0111\u1ed9ng trong \u201cm\u00f4i tr\u01b0\u1eddng h\u00f2a nh\u1eadp nh\u1ea5t\u201d \u0111\u1ec3 \u0111\u00e1p \u1ee9ng nhu c\u1ea7u c\u1ee7a ng\u01b0\u1eddi khuy\u1ebft t\u1eadt. <span class=\"footnote_referrer\"><a role=\"button\" tabindex=\"0\" onclick=\"footnote_moveToReference_1454_1('footnote_plugin_reference_1454_1_4');\" onkeypress=\"footnote_moveToReference_1454_1('footnote_plugin_reference_1454_1_4');\" ><sup id=\"footnote_plugin_tooltip_1454_1_4\" class=\"footnote_plugin_tooltip_text\">[4]<\/sup><\/a><span id=\"footnote_plugin_tooltip_text_1454_1_4\" class=\"footnote_tooltip\">Ti\u00eau \u0110\u1ec1 28, B\u1ed9 Lu\u1eadt C\u00e1c Quy \u0110\u1ecbnh Li\u00ean Bang m\u1ee5c 35.130(d).<\/span><\/span><script type=\"text\/javascript\"> jQuery('#footnote_plugin_tooltip_1454_1_4').tooltip({ tip: '#footnote_plugin_tooltip_text_1454_1_4', tipClass: 'footnote_tooltip', effect: 'fade', predelay: 0, fadeInSpeed: 200, delay: 400, fadeOutSpeed: 200, position: 'top center', relative: true, offset: [-7, 0], });<\/script>&nbsp;M\u00f4i tr\u01b0\u1eddng h\u00f2a nh\u1eadp nh\u1ea5t cho ph\u00e9p ng\u01b0\u1eddi khuy\u1ebft t\u1eadt t\u01b0\u01a1ng t\u00e1c nhi\u1ec1u h\u1ebft m\u1ee9c c\u00f3 th\u1ec3 v\u1edbi nh\u1eefng ng\u01b0\u1eddi kh\u00f4ng b\u1ecb khuy\u1ebft t\u1eadt. <span class=\"footnote_referrer\"><a role=\"button\" tabindex=\"0\" onclick=\"footnote_moveToReference_1454_1('footnote_plugin_reference_1454_1_5');\" onkeypress=\"footnote_moveToReference_1454_1('footnote_plugin_reference_1454_1_5');\" ><sup id=\"footnote_plugin_tooltip_1454_1_5\" class=\"footnote_plugin_tooltip_text\">[5]<\/sup><\/a><span id=\"footnote_plugin_tooltip_text_1454_1_5\" class=\"footnote_tooltip\">Ti\u00eau \u0110\u1ec1 28, B\u1ed9 Lu\u1eadt C\u00e1c Quy \u0110\u1ecbnh Li\u00ean Bang Ph\u1ea7n 35, Ph\u1ee5 L\u1ee5c B.<\/span><\/span><script type=\"text\/javascript\"> jQuery('#footnote_plugin_tooltip_1454_1_5').tooltip({ tip: '#footnote_plugin_tooltip_text_1454_1_5', tipClass: 'footnote_tooltip', effect: 'fade', predelay: 0, fadeInSpeed: 200, delay: 400, fadeOutSpeed: 200, position: 'top center', relative: true, offset: [-7, 0], });<\/script>&nbsp;C\u00e1c d\u1ecbch v\u1ee5 b\u1ecb t\u00e1ch bi\u1ec7t v\u00e0 c\u00f4 l\u1eadp, tr\u1eeb tr\u01b0\u1eddng h\u1ee3p b\u1eaft bu\u1ed9c ph\u1ea3i nh\u01b0 v\u1eady, l\u00e0 vi ph\u1ea1m \u0110\u1ea1o Lu\u1eadt Lanterman v\u00e0 ADA.&nbsp;<\/p>\n\n\n\n<p>Lu\u1eadt quy \u0111\u1ecbnh c\u00e1c trung t\u00e2m khu v\u1ef1c ph\u1ea3i t\u1ea1o c\u01a1 h\u1ed9i cho ng\u01b0\u1eddi b\u1ecb khuy\u1ebft t\u1eadt v\u1ec1 ph\u00e1t tri\u1ec3n \u0111\u01b0\u1ee3c h\u00f2a nh\u1eadp v\u1edbi c\u1ed9ng \u0111\u1ed3ng c\u1ee7a h\u1ecd. <span class=\"footnote_referrer\"><a role=\"button\" tabindex=\"0\" onclick=\"footnote_moveToReference_1454_1('footnote_plugin_reference_1454_1_6');\" onkeypress=\"footnote_moveToReference_1454_1('footnote_plugin_reference_1454_1_6');\" ><sup id=\"footnote_plugin_tooltip_1454_1_6\" class=\"footnote_plugin_tooltip_text\">[6]<\/sup><\/a><span id=\"footnote_plugin_tooltip_text_1454_1_6\" class=\"footnote_tooltip\">M\u1ee5c 4688.<\/span><\/span><script type=\"text\/javascript\"> jQuery('#footnote_plugin_tooltip_1454_1_6').tooltip({ tip: '#footnote_plugin_tooltip_text_1454_1_6', tipClass: 'footnote_tooltip', effect: 'fade', predelay: 0, fadeInSpeed: 200, delay: 400, fadeOutSpeed: 200, position: 'top center', relative: true, offset: [-7, 0], });<\/script> H\u00f2a nh\u1eadp v\u1edbi c\u1ed9ng \u0111\u1ed3ng c\u1ee7a qu\u00fd v\u1ecb ngh\u0129a l\u00e0 qu\u00fd v\u1ecb s\u1ed1ng, l\u00e0m vi\u1ec7c v\u00e0 vui ch\u01a1i \u1edf c\u00f9ng nh\u1eefng \u0111\u1ecba \u0111i\u1ec3m v\u00e0 theo c\u00f9ng c\u00e1c c\u00e1ch nh\u01b0 nh\u1eefng ng\u01b0\u1eddi kh\u00f4ng b\u1ecb khuy\u1ebft t\u1eadt.&nbsp;\u0110i\u1ec1u n\u00e0y ngh\u0129a l\u00e0 qu\u00fd v\u1ecb mua s\u1eafm t\u1ea1i c\u00e1c c\u1eeda h\u00e0ng \u0111\u1ecba ph\u01b0\u01a1ng, tham gia c\u00e1c c\u00e2u l\u1ea1c b\u1ed9 ho\u1eb7c nh\u00f3m \u0111\u1ecba ph\u01b0\u01a1ng, l\u00e0m t\u00ecnh nguy\u1ec7n v\u00e0 \u0111\u1ebfn th\u0103m kh\u00e1m v\u1edbi b\u00e1c s\u0129 v\u00e0 nha s\u0129 \u0111\u1ecba ph\u01b0\u01a1ng.&nbsp;\u0110i\u1ec1u n\u00e0y ngh\u0129a l\u00e0 qu\u00fd v\u1ecb sinh ho\u1ea1t t\u1ef1 nhi\u00ean trong c\u1ed9ng \u0111\u1ed3ng, c\u00f3 c\u00e1c m\u1ed1i quan h\u1ec7 v\u1edbi b\u1ea1n b\u00e8, h\u00e0ng x\u00f3m v\u00e0 \u0111\u1ed3ng nghi\u1ec7p c\u0169ng nh\u01b0 tham gia c\u00e1c t\u1ed5 ch\u1ee9c c\u1ed9ng \u0111\u1ed3ng.&nbsp;<\/p>\n\n\n\n<p>Qu\u00fd v\u1ecb c\u00f3 th\u1ec3 c\u1ea7n h\u1ed7 tr\u1ee3 b\u1ed5 sung \u0111\u1ec3 tham gia \u0111\u1ea7y \u0111\u1ee7 v\u00e0o c\u1ed9ng \u0111\u1ed3ng c\u1ee7a qu\u00fd v\u1ecb, s\u1ed1ng trong m\u1ed9t ng\u00f4i nh\u00e0 ho\u1eb7c c\u0103n h\u1ed9, c\u00f3 vi\u1ec7c l\u00e0m v\u00e0 tham gia c\u00e1c nh\u00f3m, \u0111\u01b0a ra l\u1ef1a ch\u1ecdn v\u1ec1 cu\u1ed9c s\u1ed1ng c\u1ee7a qu\u00fd v\u1ecb v\u00e0 x\u00e2y d\u1ef1ng m\u1ed1i quan h\u1ec7 v\u1edbi nh\u1eefng ng\u01b0\u1eddi kh\u00f4ng \u0111\u01b0\u1ee3c tr\u1ea3 ti\u1ec1n \u0111\u1ec3 gi\u00fap \u0111\u1ee1 ho\u1eb7c h\u1ed7 tr\u1ee3 qu\u00fd v\u1ecb. \u0110\u00e2y l\u00e0 l\u00fac c\u00e1c d\u1ecbch v\u1ee5 c\u1ee7a trung t\u00e2m khu v\u1ef1c c\u00f3 th\u1ec3 tr\u1ee3 gi\u00fap qu\u00fd v\u1ecb.<\/p>\n<div class=\"speaker-mute footnotes_reference_container\"> <div class=\"footnote_container_prepare\"><p><span role=\"button\" tabindex=\"0\" class=\"footnote_reference_container_label pointer\" onclick=\"footnote_expand_collapse_reference_container_1454_1();\">&#x202F;<\/span><span role=\"button\" tabindex=\"0\" class=\"footnote_reference_container_collapse_button\" style=\"display: none;\" onclick=\"footnote_expand_collapse_reference_container_1454_1();\">[<a id=\"footnote_reference_container_collapse_button_1454_1\">+<\/a>]<\/span><\/p><\/div> <div id=\"footnote_references_container_1454_1\" style=\"\"><table class=\"footnotes_table footnote-reference-container\"><caption class=\"accessibility\">References<\/caption> <tbody> \r\n\r\n<tr class=\"footnotes_plugin_reference_row\"> <th scope=\"row\" class=\"footnote_plugin_index_combi pointer\"  onclick=\"footnote_moveToAnchor_1454_1('footnote_plugin_tooltip_1454_1_1');\"><a id=\"footnote_plugin_reference_1454_1_1\" class=\"footnote_backlink\"><span class=\"footnote_index_arrow\">&#8593;<\/span>1<\/a><\/th> <td class=\"footnote_plugin_text\">C\u00e1c M\u1ee5c 4501 v\u00e0 4502.<\/td><\/tr>\r\n\r\n<tr class=\"footnotes_plugin_reference_row\"> <th scope=\"row\" class=\"footnote_plugin_index_combi pointer\"  onclick=\"footnote_moveToAnchor_1454_1('footnote_plugin_tooltip_1454_1_2');\"><a id=\"footnote_plugin_reference_1454_1_2\" class=\"footnote_backlink\"><span class=\"footnote_index_arrow\">&#8593;<\/span>2<\/a><\/th> <td class=\"footnote_plugin_text\">M\u1ee5c 4502(b)(1).<\/td><\/tr>\r\n\r\n<tr class=\"footnotes_plugin_reference_row\"> <th scope=\"row\" class=\"footnote_plugin_index_combi pointer\"  onclick=\"footnote_moveToAnchor_1454_1('footnote_plugin_tooltip_1454_1_3');\"><a id=\"footnote_plugin_reference_1454_1_3\" class=\"footnote_backlink\"><span class=\"footnote_index_arrow\">&#8593;<\/span>3<\/a><\/th> <td class=\"footnote_plugin_text\">M\u1ee5c 4502(b)(2).<\/td><\/tr>\r\n\r\n<tr class=\"footnotes_plugin_reference_row\"> <th scope=\"row\" class=\"footnote_plugin_index_combi pointer\"  onclick=\"footnote_moveToAnchor_1454_1('footnote_plugin_tooltip_1454_1_4');\"><a id=\"footnote_plugin_reference_1454_1_4\" class=\"footnote_backlink\"><span class=\"footnote_index_arrow\">&#8593;<\/span>4<\/a><\/th> <td class=\"footnote_plugin_text\">Ti\u00eau \u0110\u1ec1 28, B\u1ed9 Lu\u1eadt C\u00e1c Quy \u0110\u1ecbnh Li\u00ean Bang m\u1ee5c 35.130(d).<\/td><\/tr>\r\n\r\n<tr class=\"footnotes_plugin_reference_row\"> <th scope=\"row\" class=\"footnote_plugin_index_combi pointer\"  onclick=\"footnote_moveToAnchor_1454_1('footnote_plugin_tooltip_1454_1_5');\"><a id=\"footnote_plugin_reference_1454_1_5\" class=\"footnote_backlink\"><span class=\"footnote_index_arrow\">&#8593;<\/span>5<\/a><\/th> <td class=\"footnote_plugin_text\">Ti\u00eau \u0110\u1ec1 28, B\u1ed9 Lu\u1eadt C\u00e1c Quy \u0110\u1ecbnh Li\u00ean Bang Ph\u1ea7n 35, Ph\u1ee5 L\u1ee5c B.<\/td><\/tr>\r\n\r\n<tr class=\"footnotes_plugin_reference_row\"> <th scope=\"row\" class=\"footnote_plugin_index_combi pointer\"  onclick=\"footnote_moveToAnchor_1454_1('footnote_plugin_tooltip_1454_1_6');\"><a id=\"footnote_plugin_reference_1454_1_6\" class=\"footnote_backlink\"><span class=\"footnote_index_arrow\">&#8593;<\/span>6<\/a><\/th> <td class=\"footnote_plugin_text\">M\u1ee5c 4688.<\/td><\/tr>\r\n\r\n <\/tbody> <\/table> <\/div><\/div><script type=\"text\/javascript\"> function footnote_expand_reference_container_1454_1() { jQuery('#footnote_references_container_1454_1').show(); jQuery('#footnote_reference_container_collapse_button_1454_1').text('\u2212'); } function footnote_collapse_reference_container_1454_1() { jQuery('#footnote_references_container_1454_1').hide(); jQuery('#footnote_reference_container_collapse_button_1454_1').text('+'); } function footnote_expand_collapse_reference_container_1454_1() { if (jQuery('#footnote_references_container_1454_1').is(':hidden')) { footnote_expand_reference_container_1454_1(); } else { footnote_collapse_reference_container_1454_1(); } } function footnote_moveToReference_1454_1(p_str_TargetID) { footnote_expand_reference_container_1454_1(); var l_obj_Target = jQuery('#' + p_str_TargetID); if (l_obj_Target.length) { jQuery( 'html, body' ).delay( 0 ); jQuery('html, body').animate({ scrollTop: l_obj_Target.offset().top - window.innerHeight * 0.2 }, 380); } } function footnote_moveToAnchor_1454_1(p_str_TargetID) { footnote_expand_reference_container_1454_1(); var l_obj_Target = jQuery('#' + p_str_TargetID); if (l_obj_Target.length) { jQuery( 'html, body' ).delay( 0 ); jQuery('html, body').animate({ scrollTop: l_obj_Target.offset().top - window.innerHeight * 0.2 }, 380); } }<\/script>","protected":false},"excerpt":{"rendered":"<p>\u0110\u1ea1o Lu\u1eadt Lanterman: h\u1ed7 tr\u1ee3 cho ho\u1ea1t \u0111\u1ed9ng h\u00f2a nh\u1eadp c\u1ee7a ng\u01b0\u1eddi b\u1ecb khuy\u1ebft t\u1eadt v\u1ec1 ph\u00e1t tri\u1ec3n, b\u1ea5t k\u1ec3 tu\u1ed5i t\u00e1c hay m\u1ee9c \u0111\u1ed9&hellip;<\/p>\n","protected":false},"author":1,"featured_media":0,"parent":1447,"menu_order":1,"comment_status":"closed","ping_status":"closed","template":"","meta":{"footnotes":""},"class_list":["post-1454","page","type-page","status-publish","hentry"],"_links":{"self":[{"href":"https:\/\/rula.disabilityrightsca.org\/vi\/wp-json\/wp\/v2\/pages\/1454","targetHints":{"allow":["GET"]}}],"collection":[{"href":"https:\/\/rula.disabilityrightsca.org\/vi\/wp-json\/wp\/v2\/pages"}],"about":[{"href":"https:\/\/rula.disabilityrightsca.org\/vi\/wp-json\/wp\/v2\/types\/page"}],"author":[{"embeddable":true,"href":"https:\/\/rula.disabilityrightsca.org\/vi\/wp-json\/wp\/v2\/users\/1"}],"replies":[{"embeddable":true,"href":"https:\/\/rula.disabilityrightsca.org\/vi\/wp-json\/wp\/v2\/comments?post=1454"}],"version-history":[{"count":5,"href":"https:\/\/rula.disabilityrightsca.org\/vi\/wp-json\/wp\/v2\/pages\/1454\/revisions"}],"predecessor-version":[{"id":3284,"href":"https:\/\/rula.disabilityrightsca.org\/vi\/wp-json\/wp\/v2\/pages\/1454\/revisions\/3284"}],"up":[{"embeddable":true,"href":"https:\/\/rula.disabilityrightsca.org\/vi\/wp-json\/wp\/v2\/pages\/1447"}],"wp:attachment":[{"href":"https:\/\/rula.disabilityrightsca.org\/vi\/wp-json\/wp\/v2\/media?parent=1454"}],"curies":[{"name":"wp","href":"https:\/\/api.w.org\/{rel}","templated":true}]}}