{"id":1447,"date":"2021-06-22T21:26:31","date_gmt":"2021-06-22T21:26:31","guid":{"rendered":"http:\/\/www.rula.disabilityrightsca.org\/vi\/?page_id=1447"},"modified":"2022-06-23T20:33:08","modified_gmt":"2022-06-23T20:33:08","slug":"chapter-9-community-participation-work-day-and-leisure-activities","status":"publish","type":"page","link":"https:\/\/rula.disabilityrightsca.org\/vi\/rula-book\/chapter-9-community-participation-work-day-and-leisure-activities\/","title":{"rendered":"Ch\u01b0\u01a1ng 9: Tham Gia C\u1ed9ng \u0110\u1ed3ng, C\u00f4ng Vi\u1ec7c, C\u00e1c Ho\u1ea1t \u0110\u1ed9ng Ban Ng\u00e0y v\u00e0 C\u00e1c Ho\u1ea1t \u0110\u1ed9ng L\u00fac R\u1ea3nh R\u1ed7i"},"content":{"rendered":"\n<p><div class=\"print-fullchapter-wrap\"><div class=\"print-fullchapter\"><a href=\"https:\/\/rula.disabilityrightsca.org\/vi\/chapter-9-print\/\">In to\u00e0n b\u1ed9 ch\u01b0\u01a1ng<\/a><\/div><\/div><\/p>\n\n\n\n<p>Ch\u01b0\u01a1ng n\u00e0y cung c\u1ea5p cho qu\u00fd v\u1ecb th\u00f4ng tin v\u1ec1:<\/p>\n\n\n\n<ul class=\"wp-block-list\"><li>S\u1ef1 h\u00f2a nh\u1eadp v\u00e0 tham gia c\u1ed9ng \u0111\u1ed3ng<\/li><li>C\u00f4ng vi\u1ec7c, ph\u1ee5c h\u1ed3i ph\u00e1t tri\u1ec3n, ph\u1ee5c h\u1ed3i ch\u1ee9c n\u0103ng ngh\u1ec1 nghi\u1ec7p v\u00e0 c\u00e1c ho\u1ea1t \u0111\u1ed9ng ban ng\u00e0y<\/li><li>C\u00e1c h\u1ed7 tr\u1ee3 cho th\u1eddi gian r\u1ea3nh r\u1ed7i<\/li><li>D\u1ecbch V\u1ee5 Chuy\u00ean Ch\u1edf<\/li><li>Qu\u00e1 tr\u00ecnh chuy\u1ec3n ti\u1ebfp t\u1eeb c\u00e1c d\u1ecbch v\u1ee5 tr\u01b0\u1eddng h\u1ecdc sang c\u00e1c d\u1ecbch v\u1ee5 d\u00e0nh cho ng\u01b0\u1eddi tr\u01b0\u1edfng th\u00e0nh, v\u00e0<\/li><li>Quy\u1ec1n c\u1ee7a kh\u00e1ch h\u00e0ng trong c\u00e1c ch\u01b0\u01a1ng tr\u00ecnh ban ng\u00e0y<\/li><\/ul>\n\n\n\n<p>Th\u00f4ng tin n\u00e0y ch\u1ee7 y\u1ebfu \u0111\u01b0\u1ee3c d\u1eabn t\u1eeb m\u1ed9t lu\u1eadt ti\u1ec3u bang c\u00f3 t\u00ean l\u00e0 \u0110\u1ea1o Lu\u1eadt Lanterman, b\u1eaft \u0111\u1ea7u t\u1ea1i m\u1ee5c 4500, B\u1ed9 Lu\u1eadt Ph\u00fac L\u1ee3i v\u00e0 \u0110\u1ecbnh Ch\u1ebf California. Ch\u00fang t\u00f4i cung c\u1ea5p cho qu\u00fd v\u1ecb m\u1ee5c trong lu\u1eadt ti\u1ec3u bang n\u00e0y \u0111\u1ec3 qu\u00fd v\u1ecb c\u00f3 th\u1ec3 t\u00ecm th\u00f4ng tin ch\u00fang t\u00f4i \u0111\u1ec1 c\u1eadp trong \u0111\u00e2y. Qu\u00fd v\u1ecb c\u00f3 th\u1ec3 ph\u1ea3i xem x\u00e9t lu\u1eadt n\u00e0y \u0111\u1ec3 nh\u1eadn c\u00e1c d\u1ecbch v\u1ee5 qu\u00fd v\u1ecb c\u1ea7n. Khi qu\u00fd v\u1ecb th\u1ea5y t\u1eeb \u201cSection(s)\u201d (\u201c(C\u00e1c) M\u1ee5c\u201d), theo sau l\u00e0 m\u1ed9t con s\u1ed1 v\u00e0 kh\u00f4ng c\u00f3 th\u00f4ng tin kh\u00e1c, th\u00ec ch\u00ednh l\u00e0 (c\u00e1c) m\u1ee5c c\u1ee7a \u0110\u1ea1o Lu\u1eadt Lanterman. \u0110\u1ec3 \u0111\u1ecdc \u0110\u1ea1o Lu\u1eadt Lanterman,&nbsp;<a href=\"https:\/\/www.dds.ca.gov\/transparency\/laws-regulations\/lanterman-act-and-related-laws\/\">nh\u1ea5p v\u00e0o \u0111\u00e2y<\/a>.<\/p>\n\n\n<div class=\"menu-chapter-9-container\"><ul id=\"menu-chapter-9\" class=\"menu\"><li id=\"menu-item-1463\" class=\"menu-item menu-item-type-post_type menu-item-object-page menu-item-1463\"><a href=\"https:\/\/rula.disabilityrightsca.org\/vi\/rula-book\/chapter-9-community-participation-work-day-and-leisure-activities\/what-does-the-lanterman-act-say-about-things-like-community-participation-work-day-activities-and-leisure-time\/\">(9.1) \u0110\u1ea1o Lu\u1eadt Lanterman quy \u0111\u1ecbnh g\u00ec v\u1ec1 nh\u1eefng \u0111i\u1ec1u nh\u01b0 tham gia c\u1ed9ng \u0111\u1ed3ng, c\u00f4ng vi\u1ec7c, c\u00e1c ho\u1ea1t \u0111\u1ed9ng ban ng\u00e0y v\u00e0 th\u1eddi gian r\u1ea3nh r\u1ed7i?<\/a><\/li>\n<li id=\"menu-item-1464\" class=\"menu-item menu-item-type-post_type menu-item-object-page menu-item-1464\"><a href=\"https:\/\/rula.disabilityrightsca.org\/vi\/rula-book\/chapter-9-community-participation-work-day-and-leisure-activities\/what-do-i-have-a-right-to-make-choices-and-decisions-about\/\">(9.2) T\u00f4i c\u00f3 quy\u1ec1n l\u1ef1a ch\u1ecdn v\u00e0 quy\u1ebft \u0111\u1ecbnh v\u1ec1 nh\u1eefng \u0111i\u1ec1u g\u00ec?<\/a><\/li>\n<li id=\"menu-item-1465\" class=\"menu-item menu-item-type-post_type menu-item-object-page menu-item-1465\"><a href=\"https:\/\/rula.disabilityrightsca.org\/vi\/rula-book\/chapter-9-community-participation-work-day-and-leisure-activities\/what-is-the-regional-centers-role-in-helping-me-to-be-integrated-into-my-community\/\">(9.3) Trung t\u00e2m khu v\u1ef1c c\u00f3 vai tr\u00f2 g\u00ec trong vi\u1ec7c tr\u1ee3 gi\u00fap t\u00f4i h\u00f2a nh\u1eadp v\u1edbi c\u1ed9ng \u0111\u1ed3ng?<\/a><\/li>\n<li id=\"menu-item-1475\" class=\"menu-item menu-item-type-post_type menu-item-object-page menu-item-1475\"><a href=\"https:\/\/rula.disabilityrightsca.org\/vi\/rula-book\/chapter-9-community-participation-work-day-and-leisure-activities\/if-i-know-what-kind-of-work-i-want-to-do-and-what-activities-i-enjoy-how-do-i-get-the-regional-center-to-help-me\/\">(9.4) N\u1ebfu t\u00f4i bi\u1ebft lo\u1ea1i c\u00f4ng vi\u1ec7c m\u00ecnh mu\u1ed1n l\u00e0m v\u00e0 c\u00e1c ho\u1ea1t \u0111\u1ed9ng khi\u1ebfn m\u00ecnh th\u00edch th\u00fa, l\u00e0m th\u1ebf n\u00e0o \u0111\u1ec3 y\u00eau c\u1ea7u trung t\u00e2m khu v\u1ef1c tr\u1ee3 gi\u00fap t\u00f4i?<\/a><\/li>\n<li id=\"menu-item-1591\" class=\"menu-item menu-item-type-post_type menu-item-object-page menu-item-1591\"><a href=\"https:\/\/rula.disabilityrightsca.org\/vi\/rula-book\/chapter-9-community-participation-work-day-and-leisure-activities\/must-i-use-generic-resources-to-get-help-with-work-or-leisure-activities-before-the-regional-center-will-help-me-get-these\/\">(9.5) T\u00f4i c\u00f3 ph\u1ea3i s\u1eed d\u1ee5ng c\u00e1c ngu\u1ed3n l\u1ef1c chung \u0111\u1ec3 nh\u1eadn tr\u1ee3 gi\u00fap v\u1ec1 c\u00f4ng vi\u1ec7c ho\u1eb7c c\u00e1c ho\u1ea1t \u0111\u1ed9ng l\u00fac r\u1ea3nh r\u1ed7i tr\u01b0\u1edbc khi trung t\u00e2m khu v\u1ef1c gi\u00fap t\u00f4i nh\u1eadn kh\u00f4ng?<\/a><\/li>\n<li id=\"menu-item-1592\" class=\"menu-item menu-item-type-post_type menu-item-object-page menu-item-1592\"><a href=\"https:\/\/rula.disabilityrightsca.org\/vi\/rula-book\/chapter-9-community-participation-work-day-and-leisure-activities\/what-types-of-day-activities-are-there-to-choose-from\/\">(9.6)  T\u00f4i c\u00f3 th\u1ec3 ch\u1ecdn nh\u1eefng lo\u1ea1i ho\u1ea1t \u0111\u1ed9ng ban ng\u00e0y n\u00e0o?<\/a><\/li>\n<li id=\"menu-item-1593\" class=\"menu-item menu-item-type-post_type menu-item-object-page menu-item-1593\"><a href=\"https:\/\/rula.disabilityrightsca.org\/vi\/rula-book\/chapter-9-community-participation-work-day-and-leisure-activities\/what-is-competitive-employment\/\">(9.7) Vi\u1ec7c l\u00e0m c\u1ea1nh tranh l\u00e0 g\u00ec?<\/a><\/li>\n<li id=\"menu-item-1594\" class=\"menu-item menu-item-type-post_type menu-item-object-page menu-item-1594\"><a href=\"https:\/\/rula.disabilityrightsca.org\/vi\/rula-book\/chapter-9-community-participation-work-day-and-leisure-activities\/what-is-supported-employment\/\">(9.8) Vi\u1ec7c l\u00e0m \u0111\u01b0\u1ee3c h\u1ed7 tr\u1ee3 l\u00e0 g\u00ec?<\/a><\/li>\n<li id=\"menu-item-1595\" class=\"menu-item menu-item-type-post_type menu-item-object-page menu-item-1595\"><a href=\"https:\/\/rula.disabilityrightsca.org\/vi\/rula-book\/chapter-9-community-participation-work-day-and-leisure-activities\/could-i-be-self-employed-in-my-own-business\/\">(9.9)  T\u00f4i c\u00f3 th\u1ec3 t\u1ef1 m\u1edf c\u00f4ng ty kinh doanh kh\u00f4ng?<\/a><\/li>\n<li id=\"menu-item-1596\" class=\"menu-item menu-item-type-post_type menu-item-object-page menu-item-1596\"><a href=\"https:\/\/rula.disabilityrightsca.org\/vi\/rula-book\/chapter-9-community-participation-work-day-and-leisure-activities\/what-are-work-activity-programs\/\">(9.10) Ch\u01b0\u01a1ng tri\u0300nh hoa\u0323t \u0111\u00f4\u0323ng c\u00f4ng vi\u00ea\u0323c l\u00e0 g\u00ec?<\/a><\/li>\n<li id=\"menu-item-1597\" class=\"menu-item menu-item-type-post_type menu-item-object-page menu-item-1597\"><a href=\"https:\/\/rula.disabilityrightsca.org\/vi\/rula-book\/chapter-9-community-participation-work-day-and-leisure-activities\/what-are-day-programs\/\">(9.11) Ch\u01b0\u01a1ng tr\u00ecnh ban ng\u00e0y l\u00e0 g\u00ec?<\/a><\/li>\n<li id=\"menu-item-1598\" class=\"menu-item menu-item-type-post_type menu-item-object-page menu-item-1598\"><a href=\"https:\/\/rula.disabilityrightsca.org\/vi\/rula-book\/chapter-9-community-participation-work-day-and-leisure-activities\/what-other-kinds-of-day-and-leisure-activities-are-there-for-people-with-developmental-disabilities\/\">(9.12) C\u00f3 c\u00e1c lo\u1ea1i ho\u1ea1t \u0111\u1ed9ng ban ng\u00e0y v\u00e0 ho\u1ea1t \u0111\u1ed9ng l\u00fac r\u1ea3nh r\u1ed7i n\u00e0o kh\u00e1c d\u00e0nh cho nh\u1eefng ng\u01b0\u1eddi b\u1ecb khuy\u1ebft t\u1eadt v\u1ec1 ph\u00e1t tri\u1ec3n?<\/a><\/li>\n<li id=\"menu-item-1599\" class=\"menu-item menu-item-type-post_type menu-item-object-page menu-item-1599\"><a href=\"https:\/\/rula.disabilityrightsca.org\/vi\/rula-book\/chapter-9-community-participation-work-day-and-leisure-activities\/what-if-the-regional-center-no-longer-agrees-with-the-day-program-or-activities-i-am-receiving-under-my-ipp\/\">(9.13)  N\u1ebfu trung t\u00e2m khu v\u1ef1c kh\u00f4ng c\u00f2n \u0111\u1ed3ng \u00fd v\u1edbi ch\u01b0\u01a1ng tr\u00ecnh ho\u1eb7c c\u00e1c ho\u1ea1t \u0111\u1ed9ng ban ng\u00e0y m\u00e0 t\u00f4i \u0111ang nh\u1eadn theo IPP th\u00ec sao?<\/a><\/li>\n<li id=\"menu-item-1600\" class=\"menu-item menu-item-type-post_type menu-item-object-page menu-item-1600\"><a href=\"https:\/\/rula.disabilityrightsca.org\/vi\/rula-book\/chapter-9-community-participation-work-day-and-leisure-activities\/what-can-i-do-if-my-day-program-is-not-meeting-my-ipp-goals\/\">(9.14)  T\u00f4i c\u00f3 th\u1ec3 l\u00e0m g\u00ec n\u1ebfu ch\u01b0\u01a1ng tr\u00ecnh ban ng\u00e0y kh\u00f4ng \u0111\u00e1p \u1ee9ng c\u00e1c m\u1ee5c \u0111\u00edch trong IPP c\u1ee7a t\u00f4i?<\/a><\/li>\n<li id=\"menu-item-1601\" class=\"menu-item menu-item-type-post_type menu-item-object-page menu-item-1601\"><a href=\"https:\/\/rula.disabilityrightsca.org\/vi\/rula-book\/chapter-9-community-participation-work-day-and-leisure-activities\/how-do-i-discuss-my-goals-of-getting-a-job-with-my-regional-center\/\">(9.15) Ch\u01b0\u01a1ng Tr\u00ecnh T\u1ef1 X\u00e1c \u0110\u1ecbnh l\u00e0 g\u00ec?<\/a><\/li>\n<li id=\"menu-item-1609\" class=\"menu-item menu-item-type-post_type menu-item-object-page menu-item-1609\"><a href=\"https:\/\/rula.disabilityrightsca.org\/vi\/rula-book\/chapter-9-community-participation-work-day-and-leisure-activities\/how-do-i-discuss-my-goals-of-getting-a-job-with-my-regional-center-2\/\">(9.16) T\u00f4i th\u1ea3o lu\u1eadn m\u1ee5c \u0111\u00edch c\u00f3 \u0111\u01b0\u1ee3c vi\u1ec7c l\u00e0m c\u1ee7a m\u00ecnh v\u1edbi trung t\u00e2m khu v\u1ef1c b\u1eb1ng c\u00e1ch n\u00e0o?<\/a><\/li>\n<li id=\"menu-item-1610\" class=\"menu-item menu-item-type-post_type menu-item-object-page menu-item-1610\"><a href=\"https:\/\/rula.disabilityrightsca.org\/vi\/rula-book\/chapter-9-community-participation-work-day-and-leisure-activities\/can-i-get-a-job-in-an-integrated-workplace\/\">(9.17) T\u00f4i c\u00f3 th\u1ec3 c\u00f3 \u0111\u01b0\u1ee3c c\u00f4ng vi\u1ec7c \u1edf n\u01a1i l\u00e0m vi\u1ec7c h\u00f2a nh\u1eadp kh\u00f4ng?<\/a><\/li>\n<li id=\"menu-item-1611\" class=\"menu-item menu-item-type-post_type menu-item-object-page menu-item-1611\"><a href=\"https:\/\/rula.disabilityrightsca.org\/vi\/rula-book\/chapter-9-community-participation-work-day-and-leisure-activities\/what-are-habilitation-services\/\">(9.18)  D\u1ecbch v\u1ee5 h\u1ed7 tr\u1ee3 ph\u00e1t tri\u1ec3n l\u00e0 g\u00ec?<\/a><\/li>\n<li id=\"menu-item-1612\" class=\"menu-item menu-item-type-post_type menu-item-object-page menu-item-1612\"><a href=\"https:\/\/rula.disabilityrightsca.org\/vi\/rula-book\/chapter-9-community-participation-work-day-and-leisure-activities\/who-is-eligible-for-a-habilitation-services-program\/\">(9.19) Ai h\u1ed9i \u0111\u1ee7 \u0111i\u1ec1u ki\u1ec7n tham gia ch\u01b0\u01a1ng tr\u00ecnh d\u1ecbch v\u1ee5 h\u1ed7 tr\u1ee3 ph\u00e1t tri\u1ec3n?<\/a><\/li>\n<li id=\"menu-item-1613\" class=\"menu-item menu-item-type-post_type menu-item-object-page menu-item-1613\"><a href=\"https:\/\/rula.disabilityrightsca.org\/vi\/rula-book\/chapter-9-community-participation-work-day-and-leisure-activities\/what-is-an-individual-habilitation-service-plan-ihsp\/\">(9.20) K\u1ebf Ho\u1ea1ch D\u1ecbch V\u1ee5 H\u1ed7 Tr\u1ee3 Ph\u00e1t Tri\u1ec3n C\u00e1 Nh\u00e2n (Individual Habilitation Service Plan, IHSP) l\u00e0 g\u00ec?<\/a><\/li>\n<li id=\"menu-item-1614\" class=\"menu-item menu-item-type-post_type menu-item-object-page menu-item-1614\"><a href=\"https:\/\/rula.disabilityrightsca.org\/vi\/rula-book\/chapter-9-community-participation-work-day-and-leisure-activities\/what-are-vocational-rehabilitation-services\/\">(9.21) D\u1ecbch V\u1ee5 Ph\u1ee5c H\u1ed3i Ch\u1ee9c N\u0103ng Ngh\u1ec1 Nghi\u1ec7p l\u00e0 g\u00ec?<\/a><\/li>\n<li id=\"menu-item-1615\" class=\"menu-item menu-item-type-post_type menu-item-object-page menu-item-1615\"><a href=\"https:\/\/rula.disabilityrightsca.org\/vi\/rula-book\/chapter-9-community-participation-work-day-and-leisure-activities\/who-is-eligible-for-vocational-rehabilitation-services\/\">(9.22) Ai h\u1ed9i \u0111\u1ee7 \u0111i\u1ec1u ki\u1ec7n nh\u1eadn D\u1ecbch V\u1ee5 Ph\u1ee5c H\u1ed3i Ch\u1ee9c N\u0103ng Ngh\u1ec1 Nghi\u1ec7p?<\/a><\/li>\n<li id=\"menu-item-1616\" class=\"menu-item menu-item-type-post_type menu-item-object-page menu-item-1616\"><a href=\"https:\/\/rula.disabilityrightsca.org\/vi\/rula-book\/chapter-9-community-participation-work-day-and-leisure-activities\/what-is-the-difference-between-habilitation-services-and-vocational-rehabilitation-services\/\">(9.23) D\u1ecbch V\u1ee5 H\u1ed7 Tr\u1ee3 Ph\u00e1t Tri\u1ec3n v\u00e0 D\u1ecbch V\u1ee5 Ph\u1ee5c H\u1ed3i Ch\u1ee9c N\u0103ng Ngh\u1ec1 Nghi\u1ec7p kh\u00e1c nhau nh\u01b0 th\u1ebf n\u00e0o?<\/a><\/li>\n<li id=\"menu-item-1617\" class=\"menu-item menu-item-type-post_type menu-item-object-page menu-item-1617\"><a href=\"https:\/\/rula.disabilityrightsca.org\/vi\/rula-book\/chapter-9-community-participation-work-day-and-leisure-activities\/do-dor-and-dds-regional-center-ever-work-together-to-help-people-with-developmental-disabilities\/\">(9.24) C\u00f3 bao gi\u1edd DOR v\u00e0 DDS (Trung T\u00e2m Khu V\u1ef1c) h\u1ee3p t\u00e1c \u0111\u1ec3 gi\u00fap nh\u1eefng ng\u01b0\u1eddi b\u1ecb khuy\u1ebft t\u1eadt v\u1ec1 ph\u00e1t tri\u1ec3n kh\u00f4ng?<\/a><\/li>\n<li id=\"menu-item-1618\" class=\"menu-item menu-item-type-post_type menu-item-object-page menu-item-1618\"><a href=\"https:\/\/rula.disabilityrightsca.org\/vi\/rula-book\/chapter-9-community-participation-work-day-and-leisure-activities\/what-are-reverse-integration-programs\/\">(9.25) Ch\u01b0\u01a1ng tr\u00ecnh h\u00f2a nh\u1eadp \u0111\u1ea3o ng\u01b0\u1ee3c l\u00e0 g\u00ec?<\/a><\/li>\n<li id=\"menu-item-1619\" class=\"menu-item menu-item-type-post_type menu-item-object-page menu-item-1619\"><a href=\"https:\/\/rula.disabilityrightsca.org\/vi\/rula-book\/chapter-9-community-participation-work-day-and-leisure-activities\/can-i-get-a-job-coach-or-job-developer\/\">(9.26) T\u00f4i c\u00f3 th\u1ec3 y\u00eau c\u1ea7u c\u00f3 ng\u01b0\u1eddi h\u01b0\u1edbng d\u1eabn ho\u1eb7c ng\u01b0\u1eddi ph\u00e1t tri\u1ec3n c\u00f4ng vi\u1ec7c kh\u00f4ng?<\/a><\/li>\n<li id=\"menu-item-1620\" class=\"menu-item menu-item-type-post_type menu-item-object-page menu-item-1620\"><a href=\"https:\/\/rula.disabilityrightsca.org\/vi\/rula-book\/chapter-9-community-participation-work-day-and-leisure-activities\/can-i-get-reasonable-accommodations-at-my-job\/\">(9.27) T\u00f4i c\u00f3 th\u1ec3 nh\u1eadn \u0111\u01b0\u1ee3c c\u00e1c \u0111i\u1ec1u ch\u1ec9nh h\u1ee3p l\u00fd trong c\u00f4ng vi\u1ec7c kh\u00f4ng?<\/a><\/li>\n<li id=\"menu-item-1621\" class=\"menu-item menu-item-type-post_type menu-item-object-page menu-item-1621\"><a href=\"https:\/\/rula.disabilityrightsca.org\/vi\/rula-book\/chapter-9-community-participation-work-day-and-leisure-activities\/will-my-job-income-affect-my-disability-benefits\/\">(9.28) Thu nh\u1eadp t\u1eeb c\u00f4ng vi\u1ec7c c\u00f3 \u1ea3nh h\u01b0\u1edfng \u0111\u1ebfn ph\u00fac l\u1ee3i khuy\u1ebft t\u1eadt c\u1ee7a t\u00f4i kh\u00f4ng?<\/a><\/li>\n<li id=\"menu-item-1622\" class=\"menu-item menu-item-type-post_type menu-item-object-page menu-item-1622\"><a href=\"https:\/\/rula.disabilityrightsca.org\/vi\/rula-book\/chapter-9-community-participation-work-day-and-leisure-activities\/what-kinds-of-leisure-activities-does-a-regional-center-help-people-with-developmental-disabilities-enjoy\/\">(9.29) Trung t\u00e2m khu v\u1ef1c gi\u00fap ng\u01b0\u1eddi b\u1ecb khuy\u1ebft t\u1eadt v\u1ec1 ph\u00e1t tri\u1ec3n tham gia nh\u1eefng lo\u1ea1i ho\u1ea1t \u0111\u1ed9ng l\u00fac r\u1ea3nh r\u1ed7i n\u00e0o?<\/a><\/li>\n<li id=\"menu-item-1623\" class=\"menu-item menu-item-type-post_type menu-item-object-page menu-item-1623\"><a href=\"https:\/\/rula.disabilityrightsca.org\/vi\/rula-book\/chapter-9-community-participation-work-day-and-leisure-activities\/are-reasonable-accommodations-required-to-help-me-enjoy-leisure-and-recreational-activities\/\">(9.30) C\u00e1c \u0111i\u1ec1u ch\u1ec9nh h\u1ee3p l\u00fd \u0111\u1ec3 gi\u00fap t\u00f4i t\u1eadn h\u01b0\u1edfng c\u00e1c ho\u1ea1t \u0111\u1ed9ng l\u00fac r\u1ea3nh r\u1ed7i v\u00e0 gi\u1ea3i tr\u00ed c\u00f3 ph\u1ea3i l\u00e0 y\u00eau c\u1ea7u b\u1eaft bu\u1ed9c kh\u00f4ng?<\/a><\/li>\n<li id=\"menu-item-1624\" class=\"menu-item menu-item-type-post_type menu-item-object-page menu-item-1624\"><a href=\"https:\/\/rula.disabilityrightsca.org\/vi\/rula-book\/chapter-9-community-participation-work-day-and-leisure-activities\/can-programs-or-activities-refuse-to-include-me-because-of-how-my-disability-affects-me\/\">(9.31) C\u00e1c ch\u01b0\u01a1ng tr\u00ecnh ho\u1eb7c ho\u1ea1t \u0111\u1ed9ng c\u00f3 th\u1ec3 t\u1eeb ch\u1ed1i ch\u1ea5p nh\u1eadn t\u00f4i v\u00ec m\u1ee9c \u0111\u1ed9 \u1ea3nh h\u01b0\u1edfng c\u1ee7a t\u00ecnh tr\u1ea1ng khuy\u1ebft t\u1eadt \u0111\u1ed1i v\u1edbi b\u1ea3n th\u00e2n t\u00f4i kh\u00f4ng?<\/a><\/li>\n<li id=\"menu-item-1625\" class=\"menu-item menu-item-type-post_type menu-item-object-page menu-item-1625\"><a href=\"https:\/\/rula.disabilityrightsca.org\/vi\/rula-book\/chapter-9-community-participation-work-day-and-leisure-activities\/can-i-get-help-in-learning-how-to-form-and-keep-healthy-relationships-and-even-how-to-be-a-better-parent\/\">(9.32)  T\u00f4i c\u00f3 th\u1ec3 nh\u1eadn s\u1ef1 tr\u1ee3 gi\u00fap trong vi\u1ec7c h\u1ecdc c\u00e1ch h\u00ecnh th\u00e0nh v\u00e0 duy tr\u00ec c\u00e1c m\u1ed1i quan h\u1ec7 l\u00e0nh m\u1ea1nh v\u00e0 th\u1eadm ch\u00ed l\u00e0 c\u00e1ch tr\u1edf th\u00e0nh m\u1ed9t ng\u01b0\u1eddi cha\/m\u1eb9 t\u1ed1t h\u01a1n kh\u00f4ng?<\/a><\/li>\n<li id=\"menu-item-1626\" class=\"menu-item menu-item-type-post_type menu-item-object-page menu-item-1626\"><a href=\"https:\/\/rula.disabilityrightsca.org\/vi\/rula-book\/chapter-9-community-participation-work-day-and-leisure-activities\/can-i-get-help-with-transportation\/\">(9.33) T\u00f4i c\u00f3 th\u1ec3 nh\u1eadn tr\u1ee3 gi\u00fap v\u1ec1 v\u1eadn chuy\u1ec3n kh\u00f4ng?<\/a><\/li>\n<li id=\"menu-item-1627\" class=\"menu-item menu-item-type-post_type menu-item-object-page menu-item-1627\"><a href=\"https:\/\/rula.disabilityrightsca.org\/vi\/rula-book\/chapter-9-community-participation-work-day-and-leisure-activities\/what-restrictions-are-there-on-transportation-services-from-regional-centers\/\">(9.34) C\u00f3 nh\u1eefng h\u1ea1n ch\u1ebf g\u00ec \u0111\u1ed1i v\u1edbi c\u00e1c d\u1ecbch v\u1ee5 v\u1eadn chuy\u1ec3n c\u1ee7a trung t\u00e2m khu v\u1ef1c?<\/a><\/li>\n<li id=\"menu-item-1628\" class=\"menu-item menu-item-type-post_type menu-item-object-page menu-item-1628\"><a href=\"https:\/\/rula.disabilityrightsca.org\/vi\/rula-book\/chapter-9-community-participation-work-day-and-leisure-activities\/how-does-the-transition-from-school-to-adult-services-work\/\">(9.35) Qu\u00e1 tr\u00ecnh chuy\u1ec3n ti\u1ebfp t\u1eeb c\u00e1c d\u1ecbch v\u1ee5 tr\u01b0\u1eddng h\u1ecdc sang c\u00e1c d\u1ecbch v\u1ee5 d\u00e0nh cho ng\u01b0\u1eddi tr\u01b0\u1edfng th\u00e0nh ho\u1ea1t \u0111\u1ed9ng nh\u01b0 th\u1ebf n\u00e0o?<\/a><\/li>\n<li id=\"menu-item-1629\" class=\"menu-item menu-item-type-post_type menu-item-object-page menu-item-1629\"><a href=\"https:\/\/rula.disabilityrightsca.org\/vi\/rula-book\/chapter-9-community-participation-work-day-and-leisure-activities\/can-regional-centers-provide-adult-services-before-i-have-transitioned-out-of-school\/\">(9.36) Trung t\u00e2m khu v\u1ef1c c\u00f3 th\u1ec3 cung c\u1ea5p c\u00e1c d\u1ecbch v\u1ee5 d\u00e0nh cho ng\u01b0\u1eddi tr\u01b0\u1edfng th\u00e0nh tr\u01b0\u1edbc khi t\u00f4i chuy\u1ec3n ra kh\u1ecfi tr\u01b0\u1eddng h\u1ecdc kh\u00f4ng?<\/a><\/li>\n<li id=\"menu-item-1630\" class=\"menu-item menu-item-type-post_type menu-item-object-page menu-item-1630\"><a href=\"https:\/\/rula.disabilityrightsca.org\/vi\/rula-book\/chapter-9-community-participation-work-day-and-leisure-activities\/what-if-i-am-18-to-22-years-old-but-i-am-not-attending-school-anymore\/\">(9.37) N\u1ebfu t\u00f4i trong \u0111\u1ed9 tu\u1ed5i t\u1eeb 18 \u0111\u1ebfn 22 nh\u01b0ng kh\u00f4ng \u0111i h\u1ecdc n\u1eefa th\u00ec sao?<\/a><\/li>\n<\/ul><\/div>\n","protected":false},"excerpt":{"rendered":"<p>In to\u00e0n b\u1ed9 ch\u01b0\u01a1ng Ch\u01b0\u01a1ng n\u00e0y cung c\u1ea5p cho qu\u00fd v\u1ecb th\u00f4ng tin v\u1ec1: S\u1ef1 h\u00f2a nh\u1eadp v\u00e0 tham gia c\u1ed9ng \u0111\u1ed3ng C\u00f4ng vi\u1ec7c, ph\u1ee5c&hellip;<\/p>\n","protected":false},"author":1,"featured_media":0,"parent":33,"menu_order":9,"comment_status":"closed","ping_status":"closed","template":"","meta":{"footnotes":""},"class_list":["post-1447","page","type-page","status-publish","hentry"],"_links":{"self":[{"href":"https:\/\/rula.disabilityrightsca.org\/vi\/wp-json\/wp\/v2\/pages\/1447","targetHints":{"allow":["GET"]}}],"collection":[{"href":"https:\/\/rula.disabilityrightsca.org\/vi\/wp-json\/wp\/v2\/pages"}],"about":[{"href":"https:\/\/rula.disabilityrightsca.org\/vi\/wp-json\/wp\/v2\/types\/page"}],"author":[{"embeddable":true,"href":"https:\/\/rula.disabilityrightsca.org\/vi\/wp-json\/wp\/v2\/users\/1"}],"replies":[{"embeddable":true,"href":"https:\/\/rula.disabilityrightsca.org\/vi\/wp-json\/wp\/v2\/comments?post=1447"}],"version-history":[{"count":9,"href":"https:\/\/rula.disabilityrightsca.org\/vi\/wp-json\/wp\/v2\/pages\/1447\/revisions"}],"predecessor-version":[{"id":3421,"href":"https:\/\/rula.disabilityrightsca.org\/vi\/wp-json\/wp\/v2\/pages\/1447\/revisions\/3421"}],"up":[{"embeddable":true,"href":"https:\/\/rula.disabilityrightsca.org\/vi\/wp-json\/wp\/v2\/pages\/33"}],"wp:attachment":[{"href":"https:\/\/rula.disabilityrightsca.org\/vi\/wp-json\/wp\/v2\/media?parent=1447"}],"curies":[{"name":"wp","href":"https:\/\/api.w.org\/{rel}","templated":true}]}}