{"id":1305,"date":"2021-06-21T23:30:14","date_gmt":"2021-06-21T23:30:14","guid":{"rendered":"http:\/\/www.rula.disabilityrightsca.org\/vi\/?page_id=1305"},"modified":"2024-10-09T18:03:26","modified_gmt":"2024-10-09T18:03:26","slug":"how-can-the-regional-center-advocate-for-me-to-get-services-from-other-agencies","status":"publish","type":"page","link":"https:\/\/rula.disabilityrightsca.org\/vi\/rula-book\/chapter-4-individual-program-plans\/how-can-the-regional-center-advocate-for-me-to-get-services-from-other-agencies\/","title":{"rendered":"(4.51)  L\u00e0m th\u1ebf n\u00e0o \u0111\u1ec3 trung t\u00e2m khu v\u1ef1c bi\u1ebft t\u1ed5ng thu nh\u1eadp h\u1eb1ng n\u0103m c\u1ee7a t\u00f4i?"},"content":{"rendered":"\n<p>Qu\u00fd v\u1ecb ph\u1ea3i n\u1ed9p cho trung t\u00e2m khu v\u1ef1c m\u1ed9t b\u1ea3n sao B\u1ea3n K\u00ea Khai c\u1ee7a Ng\u01b0\u1eddi \u0102n L\u01b0\u01a1ng W-2 (W-2 Wage Earner Statement), cu\u1ed1ng phi\u1ebfu l\u01b0\u01a1ng, t\u1edd khai thu\u1ebf thu nh\u1eadp ti\u1ec3u bang ho\u1eb7c c\u00e1c b\u1eb1ng ch\u1ee9ng thu nh\u1eadp kh\u00e1c. <span class=\"footnote_referrer\"><a role=\"button\" tabindex=\"0\" onclick=\"footnote_moveToReference_1305_1('footnote_plugin_reference_1305_1_1');\" onkeypress=\"footnote_moveToReference_1305_1('footnote_plugin_reference_1305_1_1');\" ><sup id=\"footnote_plugin_tooltip_1305_1_1\" class=\"footnote_plugin_tooltip_text\">[1]<\/sup><\/a><span id=\"footnote_plugin_tooltip_text_1305_1_1\" class=\"footnote_tooltip\">M\u1ee5c 4659.1(e)<\/span><\/span><script type=\"text\/javascript\"> jQuery('#footnote_plugin_tooltip_1305_1_1').tooltip({ tip: '#footnote_plugin_tooltip_text_1305_1_1', tipClass: 'footnote_tooltip', effect: 'fade', predelay: 0, fadeInSpeed: 200, delay: 400, fadeOutSpeed: 200, position: 'top center', relative: true, offset: [-7, 0], });<\/script>. Qu\u00fd v\u1ecb ph\u1ea3i th\u00f4ng b\u00e1o cho trung t\u00e2m khu v\u1ef1c n\u1ebfu qu\u00fd v\u1ecb c\u00f3 thay \u0111\u1ed5i v\u1ec1 thu nh\u1eadp c\u00f3 kh\u1ea3 n\u0103ng d\u1eabn \u0111\u1ebfn thay \u0111\u1ed5i v\u1ec1 kh\u1ea3 n\u0103ng h\u1ed9i \u0111\u1ee7 \u0111i\u1ec1u ki\u1ec7n.&nbsp; <span class=\"footnote_referrer\"><a role=\"button\" tabindex=\"0\" onclick=\"footnote_moveToReference_1305_1('footnote_plugin_reference_1305_1_2');\" onkeypress=\"footnote_moveToReference_1305_1('footnote_plugin_reference_1305_1_2');\" ><sup id=\"footnote_plugin_tooltip_1305_1_2\" class=\"footnote_plugin_tooltip_text\">[2]<\/sup><\/a><span id=\"footnote_plugin_tooltip_text_1305_1_2\" class=\"footnote_tooltip\">M\u1ee5c 4659.1(f).<\/span><\/span><script type=\"text\/javascript\"> jQuery('#footnote_plugin_tooltip_1305_1_2').tooltip({ tip: '#footnote_plugin_tooltip_text_1305_1_2', tipClass: 'footnote_tooltip', effect: 'fade', predelay: 0, fadeInSpeed: 200, delay: 400, fadeOutSpeed: 200, position: 'top center', relative: true, offset: [-7, 0], });<\/script><\/p>\n\n\n\n<p>S\u1edf D\u1ecbch V\u1ee5 Ph\u00e1t Tri\u1ec3n v\u00e0 trung t\u00e2m khu v\u1ef1c ph\u1ea3i thu th\u1eadp th\u00f4ng tin v\u1ec1 kho\u1ea3n thanh to\u00e1n \u0111\u1ed3ng thanh to\u00e1n, \u0111\u1ed3ng b\u1ea3o hi\u1ec3m v\u00e0 kho\u1ea3n kh\u1ea5u tr\u1eeb theo t\u1eebng trung t\u00e2m khu v\u1ef1c. <span class=\"footnote_referrer\"><a role=\"button\" tabindex=\"0\" onclick=\"footnote_moveToReference_1305_1('footnote_plugin_reference_1305_1_3');\" onkeypress=\"footnote_moveToReference_1305_1('footnote_plugin_reference_1305_1_3');\" ><sup id=\"footnote_plugin_tooltip_1305_1_3\" class=\"footnote_plugin_tooltip_text\">[3]<\/sup><\/a><span id=\"footnote_plugin_tooltip_text_1305_1_3\" class=\"footnote_tooltip\">M\u1ee5c 4519,6.<\/span><\/span><script type=\"text\/javascript\"> jQuery('#footnote_plugin_tooltip_1305_1_3').tooltip({ tip: '#footnote_plugin_tooltip_text_1305_1_3', tipClass: 'footnote_tooltip', effect: 'fade', predelay: 0, fadeInSpeed: 200, delay: 400, fadeOutSpeed: 200, position: 'top center', relative: true, offset: [-7, 0], });<\/script><\/p>\n<div class=\"speaker-mute footnotes_reference_container\"> <div class=\"footnote_container_prepare\"><p><span role=\"button\" tabindex=\"0\" class=\"footnote_reference_container_label pointer\" onclick=\"footnote_expand_collapse_reference_container_1305_1();\">&#x202F;<\/span><span role=\"button\" tabindex=\"0\" class=\"footnote_reference_container_collapse_button\" style=\"display: none;\" onclick=\"footnote_expand_collapse_reference_container_1305_1();\">[<a id=\"footnote_reference_container_collapse_button_1305_1\">+<\/a>]<\/span><\/p><\/div> <div id=\"footnote_references_container_1305_1\" style=\"\"><table class=\"footnotes_table footnote-reference-container\"><caption class=\"accessibility\">References<\/caption> <tbody> \r\n\r\n<tr class=\"footnotes_plugin_reference_row\"> <th scope=\"row\" class=\"footnote_plugin_index_combi pointer\"  onclick=\"footnote_moveToAnchor_1305_1('footnote_plugin_tooltip_1305_1_1');\"><a id=\"footnote_plugin_reference_1305_1_1\" class=\"footnote_backlink\"><span class=\"footnote_index_arrow\">&#8593;<\/span>1<\/a><\/th> <td class=\"footnote_plugin_text\">M\u1ee5c 4659.1(e)<\/td><\/tr>\r\n\r\n<tr class=\"footnotes_plugin_reference_row\"> <th scope=\"row\" class=\"footnote_plugin_index_combi pointer\"  onclick=\"footnote_moveToAnchor_1305_1('footnote_plugin_tooltip_1305_1_2');\"><a id=\"footnote_plugin_reference_1305_1_2\" class=\"footnote_backlink\"><span class=\"footnote_index_arrow\">&#8593;<\/span>2<\/a><\/th> <td class=\"footnote_plugin_text\">M\u1ee5c 4659.1(f).<\/td><\/tr>\r\n\r\n<tr class=\"footnotes_plugin_reference_row\"> <th scope=\"row\" class=\"footnote_plugin_index_combi pointer\"  onclick=\"footnote_moveToAnchor_1305_1('footnote_plugin_tooltip_1305_1_3');\"><a id=\"footnote_plugin_reference_1305_1_3\" class=\"footnote_backlink\"><span class=\"footnote_index_arrow\">&#8593;<\/span>3<\/a><\/th> <td class=\"footnote_plugin_text\">M\u1ee5c 4519,6.<\/td><\/tr>\r\n\r\n <\/tbody> <\/table> <\/div><\/div><script type=\"text\/javascript\"> function footnote_expand_reference_container_1305_1() { jQuery('#footnote_references_container_1305_1').show(); jQuery('#footnote_reference_container_collapse_button_1305_1').text('\u2212'); } function footnote_collapse_reference_container_1305_1() { jQuery('#footnote_references_container_1305_1').hide(); jQuery('#footnote_reference_container_collapse_button_1305_1').text('+'); } function footnote_expand_collapse_reference_container_1305_1() { if (jQuery('#footnote_references_container_1305_1').is(':hidden')) { footnote_expand_reference_container_1305_1(); } else { footnote_collapse_reference_container_1305_1(); } } function footnote_moveToReference_1305_1(p_str_TargetID) { footnote_expand_reference_container_1305_1(); var l_obj_Target = jQuery('#' + p_str_TargetID); if (l_obj_Target.length) { jQuery( 'html, body' ).delay( 0 ); jQuery('html, body').animate({ scrollTop: l_obj_Target.offset().top - window.innerHeight * 0.2 }, 380); } } function footnote_moveToAnchor_1305_1(p_str_TargetID) { footnote_expand_reference_container_1305_1(); var l_obj_Target = jQuery('#' + p_str_TargetID); if (l_obj_Target.length) { jQuery( 'html, body' ).delay( 0 ); jQuery('html, body').animate({ scrollTop: l_obj_Target.offset().top - window.innerHeight * 0.2 }, 380); } }<\/script>","protected":false},"excerpt":{"rendered":"<p>Qu\u00fd v\u1ecb ph\u1ea3i n\u1ed9p cho trung t\u00e2m khu v\u1ef1c m\u1ed9t b\u1ea3n sao B\u1ea3n K\u00ea Khai c\u1ee7a Ng\u01b0\u1eddi \u0102n L\u01b0\u01a1ng W-2 (W-2 Wage Earner Statement), cu\u1ed1ng&hellip;<\/p>\n","protected":false},"author":1,"featured_media":0,"parent":1193,"menu_order":50,"comment_status":"closed","ping_status":"closed","template":"","meta":{"footnotes":""},"class_list":["post-1305","page","type-page","status-publish","hentry"],"_links":{"self":[{"href":"https:\/\/rula.disabilityrightsca.org\/vi\/wp-json\/wp\/v2\/pages\/1305","targetHints":{"allow":["GET"]}}],"collection":[{"href":"https:\/\/rula.disabilityrightsca.org\/vi\/wp-json\/wp\/v2\/pages"}],"about":[{"href":"https:\/\/rula.disabilityrightsca.org\/vi\/wp-json\/wp\/v2\/types\/page"}],"author":[{"embeddable":true,"href":"https:\/\/rula.disabilityrightsca.org\/vi\/wp-json\/wp\/v2\/users\/1"}],"replies":[{"embeddable":true,"href":"https:\/\/rula.disabilityrightsca.org\/vi\/wp-json\/wp\/v2\/comments?post=1305"}],"version-history":[{"count":8,"href":"https:\/\/rula.disabilityrightsca.org\/vi\/wp-json\/wp\/v2\/pages\/1305\/revisions"}],"predecessor-version":[{"id":3865,"href":"https:\/\/rula.disabilityrightsca.org\/vi\/wp-json\/wp\/v2\/pages\/1305\/revisions\/3865"}],"up":[{"embeddable":true,"href":"https:\/\/rula.disabilityrightsca.org\/vi\/wp-json\/wp\/v2\/pages\/1193"}],"wp:attachment":[{"href":"https:\/\/rula.disabilityrightsca.org\/vi\/wp-json\/wp\/v2\/media?parent=1305"}],"curies":[{"name":"wp","href":"https:\/\/api.w.org\/{rel}","templated":true}]}}