{"id":1303,"date":"2021-06-21T23:28:33","date_gmt":"2021-06-21T23:28:33","guid":{"rendered":"http:\/\/www.rula.disabilityrightsca.org\/vi\/?page_id=1303"},"modified":"2024-10-09T17:59:22","modified_gmt":"2024-10-09T17:59:22","slug":"what-if-the-regional-center-agrees-to-a-service-but-there-is-no-provider-available","status":"publish","type":"page","link":"https:\/\/rula.disabilityrightsca.org\/vi\/rula-book\/chapter-4-individual-program-plans\/what-if-the-regional-center-agrees-to-a-service-but-there-is-no-provider-available\/","title":{"rendered":"(4.52) L\u00e0m th\u1ebf n\u00e0o \u0111\u1ec3 t\u00f4i bi\u1ebft t\u1ed5ng thu nh\u1eadp h\u1eb1ng n\u0103m c\u1ee7a m\u00ecnh th\u1ea5p h\u01a1n ho\u1eb7c b\u1eb1ng 400% m\u1ee9c chu\u1ea9n ngh\u00e8o c\u1ee7a li\u00ean bang?"},"content":{"rendered":"\n<p>M\u1ee9c chu\u1ea9n theo c\u1ee7a li\u00ean bang d\u1ef1a tr\u00ean s\u1ed1 ng\u01b0\u1eddi trong m\u1ed9t h\u1ed9 gia \u0111\u00ecnh.&nbsp; V\u00ed d\u1ee5: m\u1ee9c chu\u1ea9n ngh\u00e8o c\u1ee7a li\u00ean bang trong n\u0103m 2023 \u0111\u1ed1i v\u1edbi gia \u0111\u00ecnh g\u1ed3m 2 ng\u01b0\u1eddi l\u00e0 $19.720.&nbsp; Tuy nhi\u00ean, \u0111\u1ed1i v\u1edbi gia \u0111\u00ecnh g\u1ed3m 3 ng\u01b0\u1eddi, m\u1ee9c n\u00e0y l\u00e0 $24.860.&nbsp; \u0110\u1ed1i v\u1edbi h\u1ed9 gia \u0111\u00ecnh g\u1ed3m 2 ng\u01b0\u1eddi, 400% m\u1ee9c chu\u1ea9n ngh\u00e8o c\u1ee7a li\u00ean bang l\u00e0 $78.880 (4 x $19.720).&nbsp; \u0110\u1ed1i v\u1edbi h\u1ed9 gia \u0111\u00ecnh g\u1ed3m 3 ng\u01b0\u1eddi, 400% m\u1ee9c chu\u1ea9n ngh\u00e8o c\u1ee7a li\u00ean bang l\u00e0 $99.440 (4 x $24.860).&nbsp;<\/p>\n","protected":false},"excerpt":{"rendered":"<p>M\u1ee9c chu\u1ea9n theo c\u1ee7a li\u00ean bang d\u1ef1a tr\u00ean s\u1ed1 ng\u01b0\u1eddi trong m\u1ed9t h\u1ed9 gia \u0111\u00ecnh.&nbsp; V\u00ed d\u1ee5: m\u1ee9c chu\u1ea9n ngh\u00e8o c\u1ee7a li\u00ean bang trong n\u0103m&hellip;<\/p>\n","protected":false},"author":1,"featured_media":0,"parent":1193,"menu_order":51,"comment_status":"closed","ping_status":"closed","template":"","meta":{"footnotes":""},"class_list":["post-1303","page","type-page","status-publish","hentry"],"_links":{"self":[{"href":"https:\/\/rula.disabilityrightsca.org\/vi\/wp-json\/wp\/v2\/pages\/1303","targetHints":{"allow":["GET"]}}],"collection":[{"href":"https:\/\/rula.disabilityrightsca.org\/vi\/wp-json\/wp\/v2\/pages"}],"about":[{"href":"https:\/\/rula.disabilityrightsca.org\/vi\/wp-json\/wp\/v2\/types\/page"}],"author":[{"embeddable":true,"href":"https:\/\/rula.disabilityrightsca.org\/vi\/wp-json\/wp\/v2\/users\/1"}],"replies":[{"embeddable":true,"href":"https:\/\/rula.disabilityrightsca.org\/vi\/wp-json\/wp\/v2\/comments?post=1303"}],"version-history":[{"count":10,"href":"https:\/\/rula.disabilityrightsca.org\/vi\/wp-json\/wp\/v2\/pages\/1303\/revisions"}],"predecessor-version":[{"id":3864,"href":"https:\/\/rula.disabilityrightsca.org\/vi\/wp-json\/wp\/v2\/pages\/1303\/revisions\/3864"}],"up":[{"embeddable":true,"href":"https:\/\/rula.disabilityrightsca.org\/vi\/wp-json\/wp\/v2\/pages\/1193"}],"wp:attachment":[{"href":"https:\/\/rula.disabilityrightsca.org\/vi\/wp-json\/wp\/v2\/media?parent=1303"}],"curies":[{"name":"wp","href":"https:\/\/api.w.org\/{rel}","templated":true}]}}