{"id":1301,"date":"2021-06-21T23:26:28","date_gmt":"2021-06-21T23:26:28","guid":{"rendered":"http:\/\/www.rula.disabilityrightsca.org\/vi\/?page_id=1301"},"modified":"2024-10-09T18:03:44","modified_gmt":"2024-10-09T18:03:44","slug":"can-i-choose-who-will-provide-my-services-and-supports","status":"publish","type":"page","link":"https:\/\/rula.disabilityrightsca.org\/vi\/rula-book\/chapter-4-individual-program-plans\/can-i-choose-who-will-provide-my-services-and-supports\/","title":{"rendered":"(4.50) N\u1ebfu thu nh\u1eadp gia \u0111\u00ecnh ch\u00fang t\u00f4i tr\u00ean 400% m\u1ee9c chu\u1ea9n ngh\u00e8o c\u1ee7a li\u00ean bang th\u00ec sao?"},"content":{"rendered":"\n<p>\u0110\u1ed1i v\u1edbi nh\u1eefng gia \u0111\u00ecnh c\u00f3 thu nh\u1eadp h\u1eb1ng n\u0103m tr\u00ean 400% m\u1ee9c chu\u1ea9n ngh\u00e8o c\u1ee7a li\u00ean bang, trung t\u00e2m khu v\u1ef1c v\u1eabn c\u00f3 th\u1ec3 thanh to\u00e1n \u0111\u1ed3ng thanh to\u00e1n ho\u1eb7c \u0111\u1ed3ng b\u1ea3o hi\u1ec3m li\u00ean quan \u0111\u1ebfn d\u1ecbch v\u1ee5 ho\u1eb7c h\u1ed7 tr\u1ee3. Nh\u01b0ng qu\u00fd v\u1ecb ph\u1ea3i \u0111\u00e1p \u1ee9ng c\u00e1c \u0111i\u1ec1u ki\u1ec7n kh\u00e1c nhau.<\/p>\n\n\n\n<p>N\u1ebfu d\u1ecbch v\u1ee5 d\u00e0nh cho con v\u1ecb th\u00e0nh vi\u00ean c\u1ee7a qu\u00fd v\u1ecb, d\u1ecbch v\u1ee5 ph\u1ea3i \u0111\u01b0\u1ee3c bao g\u1ed3m trong IPP ho\u1eb7c IFSP c\u1ee7a con qu\u00fd v\u1ecb.&nbsp; B\u00ean c\u1ea1nh \u0111\u00f3, d\u1ecbch v\u1ee5 l\u00e0 c\u1ea7n thi\u1ebft \u0111\u1ec3 nu\u00f4i d\u01b0\u1ee1ng con qu\u00fd v\u1ecb \u1edf nh\u00e0. <span class=\"footnote_referrer\"><a role=\"button\" tabindex=\"0\" onclick=\"footnote_moveToReference_1301_1('footnote_plugin_reference_1301_1_1');\" onkeypress=\"footnote_moveToReference_1301_1('footnote_plugin_reference_1301_1_1');\" ><sup id=\"footnote_plugin_tooltip_1301_1_1\" class=\"footnote_plugin_tooltip_text\">[1]<\/sup><\/a><span id=\"footnote_plugin_tooltip_text_1301_1_1\" class=\"footnote_tooltip\">M\u1ee5c 4659.1(d).<\/span><\/span><script type=\"text\/javascript\"> jQuery('#footnote_plugin_tooltip_1301_1_1').tooltip({ tip: '#footnote_plugin_tooltip_text_1301_1_1', tipClass: 'footnote_tooltip', effect: 'fade', predelay: 0, fadeInSpeed: 200, delay: 400, fadeOutSpeed: 200, position: 'top center', relative: true, offset: [-7, 0], });<\/script><\/p>\n\n\n\n<p>Cu\u1ed1i c\u00f9ng, (cho d\u00f9 con qu\u00fd v\u1ecb l\u00e0 tr\u1ebb v\u1ecb th\u00e0nh ni\u00ean hay ng\u01b0\u1eddi tr\u01b0\u1edfng th\u00e0nh), qu\u00fd v\u1ecb ph\u1ea3i ch\u1ee9ng minh qu\u00fd v\u1ecb thu\u1ed9c m\u1ed9t ho\u1eb7c nhi\u1ec1u tr\u01b0\u1eddng h\u1ee3p sau:<\/p>\n\n\n\n<ol class=\"wp-block-list\" type=\"1\"><li>S\u1ef1 vi\u1ec7c \u0111\u1eb7c bi\u1ec7t x\u1ea3y ra \u1ea3nh h\u01b0\u1edfng \u0111\u1ebfn kh\u1ea3 n\u0103ng thanh to\u00e1n \u0111\u1ed3ng thanh to\u00e1n ho\u1eb7c \u0111\u1ed3ng b\u1ea3o hi\u1ec3m c\u1ee7a qu\u00fd v\u1ecb ho\u1eb7c \u0111\u00e1p \u1ee9ng c\u00e1c nhu c\u1ea7u ch\u0103m s\u00f3c v\u00e0 gi\u00e1m s\u00e1t con qu\u00fd v\u1ecb.<\/li><li>Thi\u1ec7t h\u1ea1i th\u1ea3m kh\u1ed1c (nh\u01b0 thi\u00ean tai ho\u1eb7c tai n\u1ea1n) t\u1ea1m th\u1eddi \u1ea3nh h\u01b0\u1edfng kh\u1ea3 n\u0103ng thanh to\u00e1n \u0111\u1ed3ng b\u1ea3o hi\u1ec3m ho\u1eb7c \u0111\u1ed3ng thanh to\u00e1n c\u1ee7a qu\u00fd v\u1ecb.<\/li><li>M\u1ed9t ho\u1eb7c nhi\u1ec1u con c\u1ee7a qu\u00fd v\u1ecb c\u00f3 c\u00e1c kho\u1ea3n chi ph\u00ed y t\u1ebf \u0111\u00e1ng k\u1ec3 kh\u00f4ng \u0111\u01b0\u1ee3c ho\u00e0n tr\u1ea3. <span class=\"footnote_referrer\"><a role=\"button\" tabindex=\"0\" onclick=\"footnote_moveToReference_1301_1('footnote_plugin_reference_1301_1_2');\" onkeypress=\"footnote_moveToReference_1301_1('footnote_plugin_reference_1301_1_2');\" ><sup id=\"footnote_plugin_tooltip_1301_1_2\" class=\"footnote_plugin_tooltip_text\">[2]<\/sup><\/a><span id=\"footnote_plugin_tooltip_text_1301_1_2\" class=\"footnote_tooltip\">M\u1ee5c 4659.1(d)(1-3).<\/span><\/span><script type=\"text\/javascript\"> jQuery('#footnote_plugin_tooltip_1301_1_2').tooltip({ tip: '#footnote_plugin_tooltip_text_1301_1_2', tipClass: 'footnote_tooltip', effect: 'fade', predelay: 0, fadeInSpeed: 200, delay: 400, fadeOutSpeed: 200, position: 'top center', relative: true, offset: [-7, 0], });<\/script><\/li><\/ol>\n<div class=\"speaker-mute footnotes_reference_container\"> <div class=\"footnote_container_prepare\"><p><span role=\"button\" tabindex=\"0\" class=\"footnote_reference_container_label pointer\" onclick=\"footnote_expand_collapse_reference_container_1301_1();\">&#x202F;<\/span><span role=\"button\" tabindex=\"0\" class=\"footnote_reference_container_collapse_button\" style=\"display: none;\" onclick=\"footnote_expand_collapse_reference_container_1301_1();\">[<a id=\"footnote_reference_container_collapse_button_1301_1\">+<\/a>]<\/span><\/p><\/div> <div id=\"footnote_references_container_1301_1\" style=\"\"><table class=\"footnotes_table footnote-reference-container\"><caption class=\"accessibility\">References<\/caption> <tbody> \r\n\r\n<tr class=\"footnotes_plugin_reference_row\"> <th scope=\"row\" class=\"footnote_plugin_index_combi pointer\"  onclick=\"footnote_moveToAnchor_1301_1('footnote_plugin_tooltip_1301_1_1');\"><a id=\"footnote_plugin_reference_1301_1_1\" class=\"footnote_backlink\"><span class=\"footnote_index_arrow\">&#8593;<\/span>1<\/a><\/th> <td class=\"footnote_plugin_text\">M\u1ee5c 4659.1(d).<\/td><\/tr>\r\n\r\n<tr class=\"footnotes_plugin_reference_row\"> <th scope=\"row\" class=\"footnote_plugin_index_combi pointer\"  onclick=\"footnote_moveToAnchor_1301_1('footnote_plugin_tooltip_1301_1_2');\"><a id=\"footnote_plugin_reference_1301_1_2\" class=\"footnote_backlink\"><span class=\"footnote_index_arrow\">&#8593;<\/span>2<\/a><\/th> <td class=\"footnote_plugin_text\">M\u1ee5c 4659.1(d)(1-3).<\/td><\/tr>\r\n\r\n <\/tbody> <\/table> <\/div><\/div><script type=\"text\/javascript\"> function footnote_expand_reference_container_1301_1() { jQuery('#footnote_references_container_1301_1').show(); jQuery('#footnote_reference_container_collapse_button_1301_1').text('\u2212'); } function footnote_collapse_reference_container_1301_1() { jQuery('#footnote_references_container_1301_1').hide(); jQuery('#footnote_reference_container_collapse_button_1301_1').text('+'); } function footnote_expand_collapse_reference_container_1301_1() { if (jQuery('#footnote_references_container_1301_1').is(':hidden')) { footnote_expand_reference_container_1301_1(); } else { footnote_collapse_reference_container_1301_1(); } } function footnote_moveToReference_1301_1(p_str_TargetID) { footnote_expand_reference_container_1301_1(); var l_obj_Target = jQuery('#' + p_str_TargetID); if (l_obj_Target.length) { jQuery( 'html, body' ).delay( 0 ); jQuery('html, body').animate({ scrollTop: l_obj_Target.offset().top - window.innerHeight * 0.2 }, 380); } } function footnote_moveToAnchor_1301_1(p_str_TargetID) { footnote_expand_reference_container_1301_1(); var l_obj_Target = jQuery('#' + p_str_TargetID); if (l_obj_Target.length) { jQuery( 'html, body' ).delay( 0 ); jQuery('html, body').animate({ scrollTop: l_obj_Target.offset().top - window.innerHeight * 0.2 }, 380); } }<\/script>","protected":false},"excerpt":{"rendered":"<p>\u0110\u1ed1i v\u1edbi nh\u1eefng gia \u0111\u00ecnh c\u00f3 thu nh\u1eadp h\u1eb1ng n\u0103m tr\u00ean 400% m\u1ee9c chu\u1ea9n ngh\u00e8o c\u1ee7a li\u00ean bang, trung t\u00e2m khu v\u1ef1c v\u1eabn c\u00f3 th\u1ec3&hellip;<\/p>\n","protected":false},"author":1,"featured_media":0,"parent":1193,"menu_order":49,"comment_status":"closed","ping_status":"closed","template":"","meta":{"footnotes":""},"class_list":["post-1301","page","type-page","status-publish","hentry"],"_links":{"self":[{"href":"https:\/\/rula.disabilityrightsca.org\/vi\/wp-json\/wp\/v2\/pages\/1301","targetHints":{"allow":["GET"]}}],"collection":[{"href":"https:\/\/rula.disabilityrightsca.org\/vi\/wp-json\/wp\/v2\/pages"}],"about":[{"href":"https:\/\/rula.disabilityrightsca.org\/vi\/wp-json\/wp\/v2\/types\/page"}],"author":[{"embeddable":true,"href":"https:\/\/rula.disabilityrightsca.org\/vi\/wp-json\/wp\/v2\/users\/1"}],"replies":[{"embeddable":true,"href":"https:\/\/rula.disabilityrightsca.org\/vi\/wp-json\/wp\/v2\/comments?post=1301"}],"version-history":[{"count":5,"href":"https:\/\/rula.disabilityrightsca.org\/vi\/wp-json\/wp\/v2\/pages\/1301\/revisions"}],"predecessor-version":[{"id":3866,"href":"https:\/\/rula.disabilityrightsca.org\/vi\/wp-json\/wp\/v2\/pages\/1301\/revisions\/3866"}],"up":[{"embeddable":true,"href":"https:\/\/rula.disabilityrightsca.org\/vi\/wp-json\/wp\/v2\/pages\/1193"}],"wp:attachment":[{"href":"https:\/\/rula.disabilityrightsca.org\/vi\/wp-json\/wp\/v2\/media?parent=1301"}],"curies":[{"name":"wp","href":"https:\/\/api.w.org\/{rel}","templated":true}]}}