{"id":1299,"date":"2021-06-21T23:23:46","date_gmt":"2021-06-21T23:23:46","guid":{"rendered":"http:\/\/www.rula.disabilityrightsca.org\/vi\/?page_id=1299"},"modified":"2024-10-09T18:05:32","modified_gmt":"2024-10-09T18:05:32","slug":"what-do-i-need-to-know-about-vouchers","status":"publish","type":"page","link":"https:\/\/rula.disabilityrightsca.org\/vi\/rula-book\/chapter-4-individual-program-plans\/what-do-i-need-to-know-about-vouchers\/","title":{"rendered":"(4.49) T\u00f4i l\u00e0 ng\u01b0\u1eddi tr\u01b0\u1edfng th\u00e0nh v\u00e0 c\u1ea7n m\u1ed9t d\u1ecbch v\u1ee5 y\u00eau c\u1ea7u thanh to\u00e1n \u0111\u1ed3ng thanh to\u00e1n, \u0111\u1ed3ng b\u1ea3o hi\u1ec3m ho\u1eb7c kho\u1ea3n kh\u1ea5u tr\u1eeb.\u00a0 Trung t\u00e2m khu v\u1ef1c c\u00f3 th\u1ec3 thanh to\u00e1n c\u00e1c kho\u1ea3n n\u00e0y kh\u00f4ng?"},"content":{"rendered":"\n<p>C\u00f3, n\u1ebfu qu\u00fd v\u1ecb \u0111\u00e1p \u1ee9ng c\u00e1c y\u00eau c\u1ea7u b\u00ean d\u01b0\u1edbi.<\/p>\n\n\n\n<p>\u0110\u1ed1i v\u1edbi ng\u01b0\u1eddi tr\u01b0\u1edfng th\u00e0nh, trung t\u00e2m khu v\u1ef1c c\u00f3 th\u1ec3 thanh to\u00e1n \u0111\u1ed3ng thanh to\u00e1n, \u0111\u1ed3ng b\u1ea3o hi\u1ec3m v\u00e0 kho\u1ea3n kh\u1ea5u tr\u1eeb li\u00ean quan \u0111\u1ebfn d\u1ecbch v\u1ee5 ho\u1eb7c h\u1ed7 tr\u1ee3.&nbsp; D\u1ecbch v\u1ee5 ph\u1ea3i \u0111\u01b0\u1ee3c bao g\u1ed3m trong IPP c\u1ee7a qu\u00fd v\u1ecb v\u00e0 vi\u1ec7c thanh to\u00e1n l\u00e0 c\u1ea7n thi\u1ebft \u0111\u1ec3 \u0111\u1ea3m b\u1ea3o r\u1eb1ng qu\u00fd v\u1ecb nh\u1eadn \u0111\u01b0\u1ee3c d\u1ecbch v\u1ee5.<\/p>\n\n\n\n<p>Qu\u00fd v\u1ecb c\u0169ng ph\u1ea3i \u0111\u00e1p \u1ee9ng t\u1ea5t c\u1ea3 c\u00e1c ti\u00eau ch\u00ed sau:<\/p>\n\n\n\n<ol class=\"wp-block-list\" type=\"1\"><li>T\u1ed5ng thu nh\u1eadp h\u1eb1ng n\u0103m c\u1ee7a qu\u00fd v\u1ecb th\u1ea5p h\u01a1n ho\u1eb7c b\u1eb1ng 400% m\u1ee9c chu\u1ea9n ngh\u00e8o c\u1ee7a li\u00ean bang.<\/li><li>Kh\u00f4ng c\u00f3 b\u00ean th\u1ee9 ba n\u00e0o kh\u00e1c ch\u1ecbu tr\u00e1ch nhi\u1ec7m v\u1ec1 chi ph\u00ed d\u1ecbch v\u1ee5 n\u00e0y. <span class=\"footnote_referrer\"><a role=\"button\" tabindex=\"0\" onclick=\"footnote_moveToReference_1299_1('footnote_plugin_reference_1299_1_1');\" onkeypress=\"footnote_moveToReference_1299_1('footnote_plugin_reference_1299_1_1');\" ><sup id=\"footnote_plugin_tooltip_1299_1_1\" class=\"footnote_plugin_tooltip_text\">[1]<\/sup><\/a><span id=\"footnote_plugin_tooltip_text_1299_1_1\" class=\"footnote_tooltip\">B\u1ed9 Lu\u1eadt Ph\u00fac L\u1ee3i v\u00e0 \u0110\u1ecbnh Ch\u1ebf, M\u1ee5c 4659.1(b).<\/span><\/span><script type=\"text\/javascript\"> jQuery('#footnote_plugin_tooltip_1299_1_1').tooltip({ tip: '#footnote_plugin_tooltip_text_1299_1_1', tipClass: 'footnote_tooltip', effect: 'fade', predelay: 0, fadeInSpeed: 200, delay: 400, fadeOutSpeed: 200, position: 'top center', relative: true, offset: [-7, 0], });<\/script><\/li><\/ol>\n<div class=\"speaker-mute footnotes_reference_container\"> <div class=\"footnote_container_prepare\"><p><span role=\"button\" tabindex=\"0\" class=\"footnote_reference_container_label pointer\" onclick=\"footnote_expand_collapse_reference_container_1299_1();\">&#x202F;<\/span><span role=\"button\" tabindex=\"0\" class=\"footnote_reference_container_collapse_button\" style=\"display: none;\" onclick=\"footnote_expand_collapse_reference_container_1299_1();\">[<a id=\"footnote_reference_container_collapse_button_1299_1\">+<\/a>]<\/span><\/p><\/div> <div id=\"footnote_references_container_1299_1\" style=\"\"><table class=\"footnotes_table footnote-reference-container\"><caption class=\"accessibility\">References<\/caption> <tbody> \r\n\r\n<tr class=\"footnotes_plugin_reference_row\"> <th scope=\"row\" class=\"footnote_plugin_index_combi pointer\"  onclick=\"footnote_moveToAnchor_1299_1('footnote_plugin_tooltip_1299_1_1');\"><a id=\"footnote_plugin_reference_1299_1_1\" class=\"footnote_backlink\"><span class=\"footnote_index_arrow\">&#8593;<\/span>1<\/a><\/th> <td class=\"footnote_plugin_text\">B\u1ed9 Lu\u1eadt Ph\u00fac L\u1ee3i v\u00e0 \u0110\u1ecbnh Ch\u1ebf, M\u1ee5c 4659.1(b).<\/td><\/tr>\r\n\r\n <\/tbody> <\/table> <\/div><\/div><script type=\"text\/javascript\"> function footnote_expand_reference_container_1299_1() { jQuery('#footnote_references_container_1299_1').show(); jQuery('#footnote_reference_container_collapse_button_1299_1').text('\u2212'); } function footnote_collapse_reference_container_1299_1() { jQuery('#footnote_references_container_1299_1').hide(); jQuery('#footnote_reference_container_collapse_button_1299_1').text('+'); } function footnote_expand_collapse_reference_container_1299_1() { if (jQuery('#footnote_references_container_1299_1').is(':hidden')) { footnote_expand_reference_container_1299_1(); } else { footnote_collapse_reference_container_1299_1(); } } function footnote_moveToReference_1299_1(p_str_TargetID) { footnote_expand_reference_container_1299_1(); var l_obj_Target = jQuery('#' + p_str_TargetID); if (l_obj_Target.length) { jQuery( 'html, body' ).delay( 0 ); jQuery('html, body').animate({ scrollTop: l_obj_Target.offset().top - window.innerHeight * 0.2 }, 380); } } function footnote_moveToAnchor_1299_1(p_str_TargetID) { footnote_expand_reference_container_1299_1(); var l_obj_Target = jQuery('#' + p_str_TargetID); if (l_obj_Target.length) { jQuery( 'html, body' ).delay( 0 ); jQuery('html, body').animate({ scrollTop: l_obj_Target.offset().top - window.innerHeight * 0.2 }, 380); } }<\/script>","protected":false},"excerpt":{"rendered":"<p>C\u00f3, n\u1ebfu qu\u00fd v\u1ecb \u0111\u00e1p \u1ee9ng c\u00e1c y\u00eau c\u1ea7u b\u00ean d\u01b0\u1edbi. \u0110\u1ed1i v\u1edbi ng\u01b0\u1eddi tr\u01b0\u1edfng th\u00e0nh, trung t\u00e2m khu v\u1ef1c c\u00f3 th\u1ec3 thanh to\u00e1n \u0111\u1ed3ng&hellip;<\/p>\n","protected":false},"author":1,"featured_media":0,"parent":1193,"menu_order":48,"comment_status":"closed","ping_status":"closed","template":"","meta":{"footnotes":""},"class_list":["post-1299","page","type-page","status-publish","hentry"],"_links":{"self":[{"href":"https:\/\/rula.disabilityrightsca.org\/vi\/wp-json\/wp\/v2\/pages\/1299","targetHints":{"allow":["GET"]}}],"collection":[{"href":"https:\/\/rula.disabilityrightsca.org\/vi\/wp-json\/wp\/v2\/pages"}],"about":[{"href":"https:\/\/rula.disabilityrightsca.org\/vi\/wp-json\/wp\/v2\/types\/page"}],"author":[{"embeddable":true,"href":"https:\/\/rula.disabilityrightsca.org\/vi\/wp-json\/wp\/v2\/users\/1"}],"replies":[{"embeddable":true,"href":"https:\/\/rula.disabilityrightsca.org\/vi\/wp-json\/wp\/v2\/comments?post=1299"}],"version-history":[{"count":6,"href":"https:\/\/rula.disabilityrightsca.org\/vi\/wp-json\/wp\/v2\/pages\/1299\/revisions"}],"predecessor-version":[{"id":3867,"href":"https:\/\/rula.disabilityrightsca.org\/vi\/wp-json\/wp\/v2\/pages\/1299\/revisions\/3867"}],"up":[{"embeddable":true,"href":"https:\/\/rula.disabilityrightsca.org\/vi\/wp-json\/wp\/v2\/pages\/1193"}],"wp:attachment":[{"href":"https:\/\/rula.disabilityrightsca.org\/vi\/wp-json\/wp\/v2\/media?parent=1299"}],"curies":[{"name":"wp","href":"https:\/\/api.w.org\/{rel}","templated":true}]}}